{"id":5302,"date":"2021-03-23T11:33:21","date_gmt":"2021-03-23T09:33:21","guid":{"rendered":"https:\/\/quintett.ro\/?product=sennheiser-xsw-2-835-b-band-vocal-set"},"modified":"2025-11-18T10:36:08","modified_gmt":"2025-11-18T08:36:08","slug":"sennheiser-xsw-2-835-b-band-vocal-set","status":"publish","type":"product","link":"https:\/\/quintett.ro\/?product=sennheiser-xsw-2-835-b-band-vocal-set","title":{"rendered":"Sennheiser XSW 2-835 B-Band Vocal Set"},"content":{"rendered":"<p>Sistem wireless Sennheiser XSW 2-835 B-Band<\/p>\n<p>plaja de frecvente UHF B-band: 614 &#8211; 638 MHz<br \/>\nSistemul contine:<br \/>\n1 x receptor (reciever) EM-XSW 2 cu carcasa metalica<br \/>\n1 x transmitator SKM 835-XSW<br \/>\n1 x nuca de microfon MZQ 1<br \/>\n1 x alimentator NT 12-5 CW<br \/>\n2 x baterii AA<br \/>\n1 x kit pentru montare in rack (rackmount kitt)<br \/>\n1 x hus\u0103 de transport<br \/>\n1 x manual de utilizare<br \/>\nCaracteristici sistem:<br \/>\nSunte live impecabil datorita reinnoitelor capsule de microfon Sennheiser<br \/>\nReceptor cu carcasa din metal dispunand de tehnologia True Diversity<br \/>\nAntene externe detasabile cu conexiune BNC<br \/>\nManagement si sincronizare de frecvente automata<br \/>\nSetup usor pentru reglarea la distanta<br \/>\nReglabil complet in raza frecventelor UHF<br \/>\nkit pentru montare in rack inclus<br \/>\n8 b\u0103nci de frecven\u021be cu 12 preseturi fiecare<br \/>\nCaracteristici transmitator:<br \/>\nCarcasa metalica solida, rezistenta<br \/>\nLatime de banda de 42 MHz<br \/>\n1680 frecvente UHF reglabile pentru receptie fara interferente<br \/>\nCompatibil cu pana la 12 frecvente<br \/>\nPilot tone squelch pentru eliminarea interferentei RF atunci cand transmitatorul este oprit<br \/>\nInterval de frecventa AF imbunatatit<br \/>\nInterval crescut pentru sensibilitatea audio<br \/>\nSincronizare wireless prin infrarosu<br \/>\nMeniu usor de utilizat cu mai multe optiuni de control<br \/>\nAfisaj grafic iluminat<br \/>\nFunctia Auto-Lock evita schimbarea accidentala a setarilor<br \/>\nCompresor HDX pentru sunet mai clar<br \/>\nIndicarea bateriei in 4 pasi<br \/>\nAlegerea capsulei din seria evolution<br \/>\nContacte pentru reincarcare BA 2015 acupack direct in transmitator<br \/>\nO gama larga de accesorii adapteaza sistemul la orice cerinta<br \/>\nCapsul\u0103 de microfon dinamic\u0103, cardiod\u0103<br \/>\nCaracteristici receptor:<br \/>\nSistem diversity cu antene BNC externe<br \/>\nPort XLR balansat \u0219i jack nebalansat<br \/>\nAlimentare: 12 V DC nom. \/ 300 mA<br \/>\nR\u0103spuns \u00een frecven\u021be: 50 &#8211; 16,000 Hz<br \/>\nCarcasa metalic\u0103<br \/>\nComplet reglabil pe o gam\u0103 larg\u0103 de frecven\u021be UHF<br \/>\nP\u00e2n\u0103 la 12 canale compatibile<br \/>\nDisplay LCD<br \/>\nDimensiuni: aproximativ 200 x 42 x 127 mm<br \/>\nGreutate: 680g<\/p>\n","protected":false},"excerpt":{"rendered":"<p>Setul Sennheiser XSW 2-835 este un sistem de microfon wireless all-in-one, conceput pentru solisti si prezentatori. Receptorul true diversity, cu carcasa metalica si antene externe, asigura o receptie stabila, iar transmitatorul handheld cu capsula e835 cardioid ofera un sunet de calitate superioara. Gestionarea automata a frecventelor si sincronizarea rapida prin 2.4 GHz QPSK faciliteaza conectarea pe canalele compatibile. Transmitatorul include alimentator si kit rackmount.<\/p>\n<p>Banda de frecvente: B (614 &#8211; 638 MHz)<\/p>\n","protected":false},"featured_media":9523,"comment_status":"open","ping_status":"closed","template":"","meta":[],"product_brand":[],"product_cat":[129],"product_tag":[302,863,855,115,853,857,77,142,856,1529,860,858,864,862,141,859,854],"class_list":{"0":"post-5302","1":"product","2":"type-product","3":"status-publish","4":"has-post-thumbnail","6":"product_cat-casti-in-ear","7":"product_tag-302","8":"product_tag-headset-earmic500","9":"product_tag-lavaliera","10":"product_tag-microfon","11":"product_tag-microfon-lavaliera","12":"product_tag-microfon-prezentator","13":"product_tag-rumberger","14":"product_tag-sennheiser","15":"product_tag-sennheiser-xsw-2","16":"product_tag-sennheiser-xsw-2-835","17":"product_tag-set-chitara","18":"product_tag-set-instrument","19":"product_tag-the-t-bone","20":"product_tag-the-t-bone-earmic-500-sennheiser","21":"product_tag-wireless","22":"product_tag-xsw-2-ci1-b","23":"product_tag-xsw-2-me-b","25":"first","26":"instock","27":"sale","28":"purchasable","29":"product-type-simple"},"jetpack_sharing_enabled":true,"_links":{"self":[{"href":"https:\/\/quintett.ro\/index.php?rest_route=\/wp\/v2\/product\/5302","targetHints":{"allow":["GET"]}}],"collection":[{"href":"https:\/\/quintett.ro\/index.php?rest_route=\/wp\/v2\/product"}],"about":[{"href":"https:\/\/quintett.ro\/index.php?rest_route=\/wp\/v2\/types\/product"}],"replies":[{"embeddable":true,"href":"https:\/\/quintett.ro\/index.php?rest_route=%2Fwp%2Fv2%2Fcomments&post=5302"}],"wp:featuredmedia":[{"embeddable":true,"href":"https:\/\/quintett.ro\/index.php?rest_route=\/wp\/v2\/media\/9523"}],"wp:attachment":[{"href":"https:\/\/quintett.ro\/index.php?rest_route=%2Fwp%2Fv2%2Fmedia&parent=5302"}],"wp:term":[{"taxonomy":"product_brand","embeddable":true,"href":"https:\/\/quintett.ro\/index.php?rest_route=%2Fwp%2Fv2%2Fproduct_brand&post=5302"},{"taxonomy":"product_cat","embeddable":true,"href":"https:\/\/quintett.ro\/index.php?rest_route=%2Fwp%2Fv2%2Fproduct_cat&post=5302"},{"taxonomy":"product_tag","embeddable":true,"href":"https:\/\/quintett.ro\/index.php?rest_route=%2Fwp%2Fv2%2Fproduct_tag&post=5302"}],"curies":[{"name":"wp","href":"https:\/\/api.w.org\/{rel}","templated":true}]}}