{"id":14141,"date":"2026-05-12T14:43:54","date_gmt":"2026-05-12T12:43:54","guid":{"rendered":"https:\/\/quintett.ro\/?post_type=product&#038;p=14141"},"modified":"2026-05-12T15:12:42","modified_gmt":"2026-05-12T13:12:42","slug":"showtec-razor-blaze-12","status":"publish","type":"product","link":"https:\/\/quintett.ro\/?product=showtec-razor-blaze-12","title":{"rendered":"Showtec Razor Blaze 12"},"content":{"rendered":"<p>Caracteristici:<\/p>\n<p><span class=\"HwtZe\" lang=\"ro\"><span class=\"jCAhz ChMk0b\"><span class=\"ryNqvb\">Showtec Razor Blaze 12 este o bar\u0103 matricial\u0103 LED 2 \u00een 1 echipat\u0103 cu 12 LED-uri de \u00eenalt\u0103 putere alb cald de 5 W (unghi de fascicul de 4\u00b0) \u0219i 96 de LED-uri RGB.<\/span><\/span><span class=\"jCAhz ChMk0b\"><span class=\"ryNqvb\"> Razor Blaze 12 are o configura\u021bie cu 4, 9, 48 \u0219i 300 de canale pentru a servi at\u00e2t utilizatorilor de baz\u0103, c\u00e2t \u0219i celor avansa\u021bi.<\/span><\/span> <span class=\"jCAhz ChMk0b\"><span class=\"ryNqvb\">Modul cu 4 \u0219i 9 canale permite utilizatorilor s\u0103 controleze toate func\u021biile de baz\u0103 \u0219i programele \u00eencorporate, iar modul cu 48 \u0219i 300 de canale permite utilizatorilor s\u0103 ob\u021bin\u0103 control deplin asupra tuturor pixelilor pentru a crea efecte uimitoare.<\/span><\/span><span class=\"jCAhz ChMk0b\"><span class=\"ryNqvb\"> Razor Blaze 12 poate fi controlat prin DMX, Art-Net \u0219i Kling-Net, dar poate fi utilizat \u0219i ca corp de iluminat independent cu programe \u00eencorporate.<\/span><\/span> <span class=\"jCAhz ChMk0b\"><span class=\"ryNqvb\">Atunci c\u00e2nd se utilizeaz\u0103 mai multe unit\u0103\u021bi, programele \u00eencorporate pot fi sincronizate datorit\u0103 func\u021biei master\/slave.<\/span><\/span> <span class=\"jCAhz ChMk0b\"><span class=\"ryNqvb\">Razor Blaze 12 este instrumentul perfect pentru orice spectacol!<\/span><\/span><\/span><\/p>\n<p>12 LED-uri de mare putere, alb cald, de 5 W<br \/>\nUnghi de fascicul de 4\u00b0<br \/>\n96 LED-uri RGB SMD5050<br \/>\nControlabil prin DMX, Art-Net \u0219i Kling-Net<br \/>\nControl individual al pixelilor<\/p>\n","protected":false},"excerpt":{"rendered":"<div class=\"my-8\">\n<div class=\"filter-options-content block\">\n<div class=\"odd:bg-container-darker bg-white grid grid-cols-2 text-sm\">\n<div class=\"p-2 font-medium\">Light Source Type LED<\/div>\n<\/div>\n<div class=\"odd:bg-container-darker bg-white grid grid-cols-2 text-sm\">\n<div class=\"p-2 font-medium\">Light Source Quantity 12<\/div>\n<\/div>\n<div class=\"odd:bg-container-darker bg-white grid grid-cols-2 text-sm\">\n<div class=\"p-2 font-medium\">Light Source Power 5 W<\/div>\n<\/div>\n<div class=\"odd:bg-container-darker bg-white grid grid-cols-2 text-sm\">\n<div class=\"p-2 font-medium\">LED Colour Type WW, RGB<\/div>\n<\/div>\n<div class=\"odd:bg-container-darker bg-white grid grid-cols-2 text-sm\">\n<div class=\"p-2 font-medium\">Refresh Rate 1000 Hz<\/div>\n<\/div>\n<div class=\"odd:bg-container-darker bg-white grid grid-cols-2 text-sm\">\n<div class=\"p-2 font-medium\">Luminous Flux (Total) 1800 lm<\/div>\n<\/div>\n<\/div>\n<\/div>\n<div class=\"my-8\">\n<div class=\"flex items-center cursor-pointer hover:text-secondary-darker border-container border-b pb-2\"><\/div>\n<\/div>\n<div class=\"my-8\">\n<div class=\"flex items-center cursor-pointer hover:text-secondary-darker border-container border-b pb-2\"><span class=\"title text-md font-semibold\"> Optical <\/span><\/div>\n<div class=\"filter-options-content block\">\n<div class=\"odd:bg-container-darker bg-white grid grid-cols-2 text-sm\">\n<div class=\"p-2 font-medium\">Beam Angle (Horizontal) 4 \u00b0<\/div>\n<\/div>\n<div class=\"odd:bg-container-darker bg-white grid grid-cols-2 text-sm\">\n<div class=\"p-2 font-medium\">Beam Angle (Vertical)4 \u00b0<\/div>\n<\/div>\n<\/div>\n<\/div>\n<div class=\"my-8\">\n<div class=\"filter-options-content block\">\n<div class=\"odd:bg-container-darker bg-white grid grid-cols-2 text-sm\">\n<div class=\"p-2 font-medium\">Control Mode Art-Net, Auto, DMX, Kling-Net, Master Slave, Sound<\/div>\n<\/div>\n<div class=\"odd:bg-container-darker bg-white grid grid-cols-2 text-sm\">\n<div class=\"p-2 font-medium\">DMX Channels 4, 9, 48, 300<\/div>\n<\/div>\n<div class=\"odd:bg-container-darker bg-white grid grid-cols-2 text-sm\">\n<div class=\"p-2 font-medium\">Protocols Art-Net, DMX, Kling-Net<\/div>\n<\/div>\n<div class=\"odd:bg-container-darker bg-white grid grid-cols-2 text-sm\">\n<div class=\"p-2 font-medium\">Display OLED<\/div>\n<\/div>\n<\/div>\n<\/div>\n<div class=\"my-8\">\n<div class=\"flex items-center cursor-pointer hover:text-secondary-darker border-container border-b pb-2\"><\/div>\n<\/div>\n<div class=\"my-8\">\n<div class=\"flex items-center cursor-pointer hover:text-secondary-darker border-container border-b pb-2\"><span class=\"title text-md font-semibold\"> Dynamic Effects <\/span><\/div>\n<div class=\"filter-options-content block\">\n<div class=\"odd:bg-container-darker bg-white grid grid-cols-2 text-sm\">\n<div class=\"p-2 font-medium\">Dimmer 0-100 %<\/div>\n<\/div>\n<div class=\"odd:bg-container-darker bg-white grid grid-cols-2 text-sm\">\n<div class=\"p-2 font-medium\">Strobe 0-20 Hz<\/div>\n<\/div>\n<\/div>\n<\/div>\n<div class=\"my-8\">\n<div class=\"flex items-center cursor-pointer hover:text-secondary-darker border-container border-b pb-2\"><\/div>\n<\/div>\n<div class=\"my-8\">\n<div class=\"flex items-center cursor-pointer hover:text-secondary-darker border-container border-b pb-2\"><span class=\"title text-md font-semibold\"> Electrical Specifications and Connections <\/span><\/div>\n<div class=\"filter-options-content block\">\n<div class=\"odd:bg-container-darker bg-white grid grid-cols-2 text-sm\">\n<div class=\"p-2 font-medium\">Power Supply 100-240 V AC 50\/60 Hz<\/div>\n<\/div>\n<div class=\"odd:bg-container-darker bg-white grid grid-cols-2 text-sm\">\n<div class=\"p-2 font-medium\">Power Consumption 64 W<\/div>\n<\/div>\n<div class=\"odd:bg-container-darker bg-white grid grid-cols-2 text-sm\">\n<div class=\"p-2 font-medium\">Power Connector In powerCON Blue<\/div>\n<\/div>\n<div class=\"odd:bg-container-darker bg-white grid grid-cols-2 text-sm\">\n<div class=\"p-2 font-medium\">Power Connector Out powerCON Grey<\/div>\n<\/div>\n<div class=\"odd:bg-container-darker bg-white grid grid-cols-2 text-sm\">\n<div class=\"p-2 font-medium\">DMX Connector XLR 3P In\/Out, XLR 5P In\/Out<\/div>\n<\/div>\n<div class=\"odd:bg-container-darker bg-white grid grid-cols-2 text-sm\">\n<div class=\"p-2 font-medium\">DMX Connector In XLR 3P, XLR 5P<\/div>\n<\/div>\n<div class=\"odd:bg-container-darker bg-white grid grid-cols-2 text-sm\">\n<div class=\"p-2 font-medium\">DMX Connector Out XLR 3P, XLR 5P<\/div>\n<\/div>\n<div class=\"odd:bg-container-darker bg-white grid grid-cols-2 text-sm\">\n<div class=\"p-2 font-medium\">Data Connector In ProCat<\/div>\n<\/div>\n<div class=\"odd:bg-container-darker bg-white grid grid-cols-2 text-sm\">\n<div class=\"p-2 font-medium\">Data Connector Out ProCat<\/div>\n<\/div>\n<div class=\"odd:bg-container-darker bg-white grid grid-cols-2 text-sm\">\n<div class=\"p-2 font-medium\">Cable Length 1.5 m<\/div>\n<\/div>\n<\/div>\n<\/div>\n<div class=\"my-8\">\n<div class=\"flex items-center cursor-pointer hover:text-secondary-darker border-container border-b pb-2\"><\/div>\n<\/div>\n<div class=\"my-8\">\n<div class=\"flex items-center cursor-pointer hover:text-secondary-darker border-container border-b pb-2\"><span class=\"title text-md font-semibold\"> Mechanical Specifications <\/span><\/div>\n<div class=\"filter-options-content block\">\n<div class=\"odd:bg-container-darker bg-white grid grid-cols-2 text-sm\">\n<div class=\"p-2 font-medium\">Length (mm) 1000 mm (39.37\u2033)<\/div>\n<\/div>\n<div class=\"odd:bg-container-darker bg-white grid grid-cols-2 text-sm\">\n<div class=\"p-2 font-medium\">Width (mm) 74 mm (2.913\u2033)<\/div>\n<\/div>\n<div class=\"odd:bg-container-darker bg-white grid grid-cols-2 text-sm\">\n<div class=\"p-2 font-medium\">Height (mm) 158 mm (6.221\u2033)<\/div>\n<\/div>\n<div class=\"odd:bg-container-darker bg-white grid grid-cols-2 text-sm\">\n<div class=\"p-2 font-medium\">Weight 2.95 kg (6.504 lb)<\/div>\n<\/div>\n<div class=\"odd:bg-container-darker bg-white grid grid-cols-2 text-sm\">\n<div class=\"p-2 font-medium\">IP Rating IP20 (indoor use only)<\/div>\n<\/div>\n<div class=\"odd:bg-container-darker bg-white grid grid-cols-2 text-sm\">\n<div class=\"p-2 font-medium\">Material Metal<\/div>\n<\/div>\n<div class=\"odd:bg-container-darker bg-white grid grid-cols-2 text-sm\">\n<div class=\"p-2 font-medium\">Housing Plastic<\/div>\n<\/div>\n<div class=\"odd:bg-container-darker bg-white grid grid-cols-2 text-sm\">\n<div class=\"p-2 font-medium\">Colour Black<\/div>\n<\/div>\n<\/div>\n<\/div>\n<div class=\"my-8\">\n<div class=\"flex items-center cursor-pointer hover:text-secondary-darker border-container border-b pb-2\"><\/div>\n<\/div>\n<div class=\"my-8\">\n<div class=\"flex items-center cursor-pointer hover:text-secondary-darker border-container border-b pb-2\"><span class=\"title text-md font-semibold\"> Rigging <\/span>Mounting Options Clamp, Surface<\/div>\n<div class=\"filter-options-content block\">\n<div class=\"odd:bg-container-darker bg-white grid grid-cols-2 text-sm\">\n<div class=\"p-2 font-medium\">Safety Attachment Yes<\/div>\n<\/div>\n<div class=\"odd:bg-container-darker bg-white grid grid-cols-2 text-sm\">\n<div class=\"p-2 font-medium\">Safety Eyes<\/div>\n<div class=\"pt-2 pb-2 pr-2 pl-10\"><\/div>\n<\/div>\n<\/div>\n<\/div>\n<div class=\"my-8\"><\/div>\n<div class=\"filter-options-content block\">\n<div class=\"odd:bg-container-darker bg-white grid grid-cols-2 text-sm\">\n<div class=\"pt-2 pb-2 pr-2 pl-10\"><\/div>\n<\/div>\n<\/div>\n","protected":false},"featured_media":14144,"comment_status":"open","ping_status":"closed","template":"","meta":[],"product_brand":[],"product_cat":[1503,391],"product_tag":[1415,1460,829,501,1417,513,1427,665,1610,190,1459,505,1426,1609,832,1697,1700,1699,196,1416,515,516],"class_list":{"0":"post-14141","1":"product","2":"type-product","3":"status-publish","4":"has-post-thumbnail","6":"product_cat-black-friday","7":"product_cat-thomann","8":"product_tag-1915-aura","9":"product_tag-beam-spot-wash","10":"product_tag-led-bar","11":"product_tag-lumini-inteligente","12":"product_tag-lumini-led","13":"product_tag-mac-mah","14":"product_tag-martin","15":"product_tag-masina-fum","16":"product_tag-masina-fum-co2","17":"product_tag-moving-head","18":"product_tag-moving-head-150w","19":"product_tag-moving-head-7r","20":"product_tag-moving-head-led","21":"product_tag-pistol-feum","22":"product_tag-robe","23":"product_tag-showtec","24":"product_tag-showtec-razor-blaze-12","25":"product_tag-varytec-colors-starbar-12","26":"product_tag-wash","27":"product_tag-wash-1915","28":"product_tag-wash-19x15","29":"product_tag-wash1915","31":"first","32":"instock","33":"sale","34":"purchasable","35":"product-type-simple"},"jetpack_sharing_enabled":true,"_links":{"self":[{"href":"https:\/\/quintett.ro\/index.php?rest_route=\/wp\/v2\/product\/14141","targetHints":{"allow":["GET"]}}],"collection":[{"href":"https:\/\/quintett.ro\/index.php?rest_route=\/wp\/v2\/product"}],"about":[{"href":"https:\/\/quintett.ro\/index.php?rest_route=\/wp\/v2\/types\/product"}],"replies":[{"embeddable":true,"href":"https:\/\/quintett.ro\/index.php?rest_route=%2Fwp%2Fv2%2Fcomments&post=14141"}],"wp:featuredmedia":[{"embeddable":true,"href":"https:\/\/quintett.ro\/index.php?rest_route=\/wp\/v2\/media\/14144"}],"wp:attachment":[{"href":"https:\/\/quintett.ro\/index.php?rest_route=%2Fwp%2Fv2%2Fmedia&parent=14141"}],"wp:term":[{"taxonomy":"product_brand","embeddable":true,"href":"https:\/\/quintett.ro\/index.php?rest_route=%2Fwp%2Fv2%2Fproduct_brand&post=14141"},{"taxonomy":"product_cat","embeddable":true,"href":"https:\/\/quintett.ro\/index.php?rest_route=%2Fwp%2Fv2%2Fproduct_cat&post=14141"},{"taxonomy":"product_tag","embeddable":true,"href":"https:\/\/quintett.ro\/index.php?rest_route=%2Fwp%2Fv2%2Fproduct_tag&post=14141"}],"curies":[{"name":"wp","href":"https:\/\/api.w.org\/{rel}","templated":true}]}}