{"id":14132,"date":"2026-05-12T10:08:32","date_gmt":"2026-05-12T08:08:32","guid":{"rendered":"https:\/\/quintett.ro\/?post_type=product&#038;p=14132"},"modified":"2026-05-12T12:08:18","modified_gmt":"2026-05-12T10:08:18","slug":"showtec-airdrive-2-4-stick-3p","status":"publish","type":"product","link":"https:\/\/quintett.ro\/?product=showtec-airdrive-2-4-stick-3p","title":{"rendered":"Showtec Airdrive 2.4 Stick 3P"},"content":{"rendered":"<div class=\"text-original js-prod-text-original\">\n<p>Specificatii:<\/p>\n<ul>\n<li><strong>Receptor DMX wireless &#8211; XLR 3P <\/strong>\n<ul>\n<li>Control DMX fiabil, f\u0103r\u0103 cabluri<\/li>\n<li>Compatibil cu protocoalele Wireless DMX \u0219i LumenRadio<\/li>\n<li>Alimentat cu baterii<\/li>\n<li>XLR 3P<\/li>\n<\/ul>\n<\/li>\n<li>\n<div class=\"text-translated js-prod-text-translation\" data-translated=\"true\">\n<h2 class=\"fx-headline fx-headline--3 fx-space-bottom--m\">Receptor wireless DMX512 cu baterie re\u00eenc\u0103rcabil\u0103<\/h2>\n<ul class=\"fx-list product-text__list\">\n<li class=\"fx-list__item list-item fx-list__item--circle\"><span class=\"fx-text fx-text--plus list-item__text\">Specifica\u021bii wireless: Moduri wireless: G3, G4, CRMX, CRMX\u00b2<\/span><\/li>\n<li class=\"fx-list__item list-item fx-list__item--circle\"><span class=\"fx-text fx-text--plus list-item__text\">Timp de r\u0103spuns: 5 ms<\/span><\/li>\n<li class=\"fx-list__item list-item fx-list__item--circle\"><span class=\"fx-text fx-text--plus list-item__text\">Tip anten\u0103: Omni, diagram\u0103 de radia\u021bie 360 \u00d7 180\u00b0<\/span><\/li>\n<li class=\"fx-list__item list-item fx-list__item--circle\"><span class=\"fx-text fx-text--plus list-item__text\">C\u00e2\u0219tig anten\u0103: 3 dBi<\/span><\/li>\n<li class=\"fx-list__item list-item fx-list__item--circle\"><span class=\"fx-text fx-text--plus list-item__text\">Tip baterie: Litiu-ion polimer<\/span><\/li>\n<li class=\"fx-list__item list-item fx-list__item--circle\"><span class=\"fx-text fx-text--plus list-item__text\">Tensiune: 3,7 V<\/span><\/li>\n<li class=\"fx-list__item list-item fx-list__item--circle\"><span class=\"fx-text fx-text--plus list-item__text\">Capacitate: 0,45 Ah (1,66 Wh)<\/span><\/li>\n<li class=\"fx-list__item list-item fx-list__item--circle\"><span class=\"fx-text fx-text--plus list-item__text\">Durata de via\u021b\u0103 a bateriei de p\u00e2n\u0103 la 20 de ore<\/span><\/li>\n<li class=\"fx-list__item list-item fx-list__item--circle\"><span class=\"fx-text fx-text--plus list-item__text\">Port de \u00eenc\u0103rcare: 5 V CC prin USB (\u00eenc\u0103rc\u0103torul nu este inclus)<\/span><\/li>\n<li class=\"fx-list__item list-item fx-list__item--circle\"><span class=\"fx-text fx-text--plus list-item__text\">Control \u0219i programare: Canale DMX: 512<\/span><\/li>\n<li class=\"fx-list__item list-item fx-list__item--circle\"><span class=\"fx-text fx-text--plus list-item__text\">Protocol: DMX512<\/span><\/li>\n<li class=\"fx-list__item list-item fx-list__item--circle\"><span class=\"fx-text fx-text--plus list-item__text\">Mod de func\u021bionare: Receptor (moduri wireless: G3, G4, CRMX, CRMX\u00b2)<\/span><\/li>\n<li class=\"fx-list__item list-item fx-list__item--circle\"><span class=\"fx-text fx-text--plus list-item__text\">Tensiune de alimentare: 5 V CC<\/span><\/li>\n<li class=\"fx-list__item list-item fx-list__item--circle\"><span class=\"fx-text fx-text--plus list-item__text\">Consum de energie: 1 W<\/span><\/li>\n<li class=\"fx-list__item list-item fx-list__item--circle\"><span class=\"fx-text fx-text--plus list-item__text\">Conexiune de alimentare: \u0218techer CC de joas\u0103 tensiune<\/span><\/li>\n<li class=\"fx-list__item list-item fx-list__item--circle\"><span class=\"fx-text fx-text--plus list-item__text\">Ie\u0219ire DMX: XLR 3P<\/span><\/li>\n<li class=\"fx-list__item list-item fx-list__item--circle\"><span class=\"fx-text fx-text--plus list-item__text\">Carcas\u0103: Metal<\/span><\/li>\n<li class=\"fx-list__item list-item fx-list__item--circle\"><span class=\"fx-text fx-text--plus list-item__text\">Grad de protec\u021bie IP: IP20 (doar pentru utilizare \u00een interior)<\/span><\/li>\n<li class=\"fx-list__item list-item fx-list__item--circle\"><span class=\"fx-text fx-text--plus list-item__text\">Dimensiuni (L x l x \u00ce): 98 \u00d7 19 \u00d7 22 mm<\/span><\/li>\n<li class=\"fx-list__item list-item fx-list__item--circle\"><span class=\"fx-text fx-text--plus list-item__text\">Greutate: 0,07 kg<\/span><\/li>\n<li class=\"fx-list__item list-item fx-list__item--circle\"><span class=\"fx-text fx-text--plus list-item__text\">Culoare: Negru<\/span><\/li>\n<\/ul>\n<\/div>\n<\/li>\n<\/ul>\n<\/div>\n","protected":false},"excerpt":{"rendered":"<p><strong>Receptor DMX wireless &#8211; XLR 3P <\/strong><\/p>\n<ul>\n<li>Control DMX fiabil, f\u0103r\u0103 cabluri<\/li>\n<li>Compatibil cu protocoalele Wireless DMX \u0219i LumenRadio<\/li>\n<li>Alimentat cu baterii<\/li>\n<li>XLR 3P<\/li>\n<\/ul>\n<p>Showtec Airdrive 2.4 Stick este un receptor wireless DMX512 cu baterie integrat\u0103. Este compatibil cu protocoalele Wireless DMX \u0219i LumenRadio \u0219i accept\u0103 p\u00e2n\u0103 la 79 de canale pentru func\u021bionare f\u0103r\u0103 interferen\u021be \u00een banda ISM de 2,4 GHz. Un buton ofer\u0103 control facil \u0219i ajust\u0103ri ale set\u0103rilor, iar LED-urile indicatoare de stare \u0219i nivel de baterie ofer\u0103 informa\u021biile necesare sub form\u0103 de culori \u0219i coduri intermitente.<br \/>\nBateria poate fi \u00eenc\u0103rcat\u0103 prin intermediul unui \u00eenc\u0103rc\u0103tor USB standard \u0219i ofer\u0103 p\u00e2n\u0103 la 20 de ore de func\u021bionare. \u00cenc\u0103rc\u0103torul nu este inclus.<\/p>\n","protected":false},"featured_media":14133,"comment_status":"open","ping_status":"closed","template":"","meta":[],"product_brand":[],"product_cat":[42,391],"product_tag":[1648,1644,970,1645,544,1647,1646,972,967,968,969,1698,1697,1695,1696],"class_list":{"0":"post-14132","1":"product","2":"type-product","3":"status-publish","4":"has-post-thumbnail","6":"product_cat-promotii","7":"product_cat-thomann","8":"product_tag-cameo","9":"product_tag-cameo-dvc-pro","10":"product_tag-consola-dmx","11":"product_tag-das-light","12":"product_tag-dmx","13":"product_tag-dmx1024","14":"product_tag-dmx512","15":"product_tag-interfata-dmx","16":"product_tag-lightshark","17":"product_tag-lightshark-ls1","18":"product_tag-ls1","19":"product_tag-receptor-dmx","20":"product_tag-showtec","21":"product_tag-showtec-airdrive-2-4-stick-3p","22":"product_tag-wireless-dmx","24":"first","25":"instock","26":"sale","27":"purchasable","28":"product-type-simple"},"jetpack_sharing_enabled":true,"_links":{"self":[{"href":"https:\/\/quintett.ro\/index.php?rest_route=\/wp\/v2\/product\/14132","targetHints":{"allow":["GET"]}}],"collection":[{"href":"https:\/\/quintett.ro\/index.php?rest_route=\/wp\/v2\/product"}],"about":[{"href":"https:\/\/quintett.ro\/index.php?rest_route=\/wp\/v2\/types\/product"}],"replies":[{"embeddable":true,"href":"https:\/\/quintett.ro\/index.php?rest_route=%2Fwp%2Fv2%2Fcomments&post=14132"}],"wp:featuredmedia":[{"embeddable":true,"href":"https:\/\/quintett.ro\/index.php?rest_route=\/wp\/v2\/media\/14133"}],"wp:attachment":[{"href":"https:\/\/quintett.ro\/index.php?rest_route=%2Fwp%2Fv2%2Fmedia&parent=14132"}],"wp:term":[{"taxonomy":"product_brand","embeddable":true,"href":"https:\/\/quintett.ro\/index.php?rest_route=%2Fwp%2Fv2%2Fproduct_brand&post=14132"},{"taxonomy":"product_cat","embeddable":true,"href":"https:\/\/quintett.ro\/index.php?rest_route=%2Fwp%2Fv2%2Fproduct_cat&post=14132"},{"taxonomy":"product_tag","embeddable":true,"href":"https:\/\/quintett.ro\/index.php?rest_route=%2Fwp%2Fv2%2Fproduct_tag&post=14132"}],"curies":[{"name":"wp","href":"https:\/\/api.w.org\/{rel}","templated":true}]}}