{"id":14108,"date":"2026-05-10T19:14:24","date_gmt":"2026-05-10T17:14:24","guid":{"rendered":"https:\/\/quintett.ro\/?post_type=product&#038;p=14108"},"modified":"2026-05-10T19:18:35","modified_gmt":"2026-05-10T17:18:35","slug":"millenium-blue-wheel-bundle-100-mm","status":"publish","type":"product","link":"https:\/\/quintett.ro\/?product=millenium-blue-wheel-bundle-100-mm","title":{"rendered":"Millenium Blue Wheel Bundle 100 mm"},"content":{"rendered":"<h2 class=\"fx-headline fx-headline--3 fx-space-bottom--m\">Set de ro\u021bi Millenium 100mm<\/h2>\n<ul class=\"fx-list product-text__list\">\n<li class=\"fx-list__item list-item fx-list__item--circle\"><span class=\"fx-text fx-text--plus list-item__text\">Include: 2 ro\u021bi Millenium Blue cu fr\u00e2ne\u00a0Millenium (Art.<a class=\"fx-link\" title=\"Millenium Blue Wheel MkII Braked\" href=\"https:\/\/www.thomann.ro\/millenium_blue_wheel_gebremst_mkii.htm\">243576<\/a>) \u0219i 2x ro\u021bi Millenium Blue f\u0103r\u0103 fr\u00e2ne (Art.<a class=\"fx-link\" title=\"Millenium Blue Wheel MkII Without Brake\" href=\"https:\/\/www.thomann.ro\/millenium_blue_wheel_ungebremst_mkii.htm\">243578<\/a>)<\/span><\/li>\n<li class=\"fx-list__item list-item fx-list__item--circle\"><span class=\"fx-text fx-text--plus list-item__text\">Ro\u021bi pivotante de 100 mm<\/span><\/li>\n<li class=\"fx-list__item list-item fx-list__item--circle\"><span class=\"fx-text fx-text--plus list-item__text\">Rulment pivotant: rulment pivotant cu cale dubl\u0103 cu bile<\/span><\/li>\n<li class=\"fx-list__item list-item fx-list__item--circle\"><span class=\"fx-text fx-text--plus list-item__text\">Dimensiunea pl\u0103cii: 102 x 84 mm<\/span><\/li>\n<li class=\"fx-list__item list-item fx-list__item--circle\"><span class=\"fx-text fx-text--plus list-item__text\">Capacitate de \u00eenc\u0103rcare: 200 kg<\/span><\/li>\n<li class=\"fx-list__item list-item fx-list__item--circle\"><span class=\"fx-text fx-text--plus list-item__text\">\u00cen\u0103l\u021bime total\u0103: 128 mm<\/span><\/li>\n<li class=\"fx-list__item list-item fx-list__item--circle\"><span class=\"fx-text fx-text--plus list-item__text\">Distan\u021ba dintre g\u0103uri: 80 x 60 mm<\/span><\/li>\n<li class=\"fx-list__item list-item fx-list__item--circle\"><span class=\"fx-text fx-text--plus list-item__text\">L\u0103\u021bimea ro\u021bii: 36 mm<\/span><\/li>\n<\/ul>\n","protected":false},"excerpt":{"rendered":"<h2 class=\"fx-headline fx-headline--3 fx-space-bottom--m\">Set de ro\u021bi Millenium 100mm<\/h2>\n<ul class=\"fx-list product-text__list\">\n<li class=\"fx-list__item list-item fx-list__item--circle\"><span class=\"fx-text fx-text--plus list-item__text\">Include: 2 ro\u021bi Millenium Blue cu fr\u00e2ne\u00a0Millenium (Art.<a class=\"fx-link\" title=\"Millenium Blue Wheel MkII Braked\" href=\"https:\/\/www.thomann.ro\/millenium_blue_wheel_gebremst_mkii.htm\">243576<\/a>) \u0219i 2x ro\u021bi Millenium Blue f\u0103r\u0103 fr\u00e2ne (Art.<a class=\"fx-link\" title=\"Millenium Blue Wheel MkII Without Brake\" href=\"https:\/\/www.thomann.ro\/millenium_blue_wheel_ungebremst_mkii.htm\">243578<\/a>)<\/span><\/li>\n<li class=\"fx-list__item list-item fx-list__item--circle\"><span class=\"fx-text fx-text--plus list-item__text\">Ro\u021bi pivotante de 100 mm<\/span><\/li>\n<li class=\"fx-list__item list-item fx-list__item--circle\"><span class=\"fx-text fx-text--plus list-item__text\">Rulment pivotant: rulment pivotant cu cale dubl\u0103 cu bile<\/span><\/li>\n<li class=\"fx-list__item list-item fx-list__item--circle\"><span class=\"fx-text fx-text--plus list-item__text\">Dimensiunea pl\u0103cii: 102 x 84 mm<\/span><\/li>\n<li class=\"fx-list__item list-item fx-list__item--circle\"><span class=\"fx-text fx-text--plus list-item__text\">Capacitate de \u00eenc\u0103rcare: 200 kg<\/span><\/li>\n<li class=\"fx-list__item list-item fx-list__item--circle\"><span class=\"fx-text fx-text--plus list-item__text\">\u00cen\u0103l\u021bime total\u0103: 128 mm<\/span><\/li>\n<li class=\"fx-list__item list-item fx-list__item--circle\"><span class=\"fx-text fx-text--plus list-item__text\">Distan\u021ba dintre g\u0103uri: 80 x 60 mm<\/span><\/li>\n<li class=\"fx-list__item list-item fx-list__item--circle\"><span class=\"fx-text fx-text--plus list-item__text\">L\u0103\u021bimea ro\u021bii: 36 mm<\/span><\/li>\n<\/ul>\n","protected":false},"featured_media":14117,"comment_status":"open","ping_status":"closed","template":"","meta":[],"product_brand":[],"product_cat":[391],"product_tag":[426,1208,1209,575,873,1687,1688,1689,1206,400,1690,1691,1207],"class_list":{"0":"post-14108","1":"product","2":"type-product","3":"status-publish","4":"has-post-thumbnail","6":"product_cat-thomann","7":"product_tag-chitara","8":"product_tag-claviaturi","9":"product_tag-dj","10":"product_tag-keyboard","11":"product_tag-millenium","12":"product_tag-millenium-blue-cu-frane","13":"product_tag-millenium-blue-fara-frane","14":"product_tag-millenium-blue-wheel-bundle-100-mm","15":"product_tag-millenium-st-95","16":"product_tag-orga","17":"product_tag-roti-boxe","18":"product_tag-roti-carucioare","19":"product_tag-scaun","21":"first","22":"instock","23":"purchasable","24":"product-type-simple"},"jetpack_sharing_enabled":true,"_links":{"self":[{"href":"https:\/\/quintett.ro\/index.php?rest_route=\/wp\/v2\/product\/14108","targetHints":{"allow":["GET"]}}],"collection":[{"href":"https:\/\/quintett.ro\/index.php?rest_route=\/wp\/v2\/product"}],"about":[{"href":"https:\/\/quintett.ro\/index.php?rest_route=\/wp\/v2\/types\/product"}],"replies":[{"embeddable":true,"href":"https:\/\/quintett.ro\/index.php?rest_route=%2Fwp%2Fv2%2Fcomments&post=14108"}],"wp:featuredmedia":[{"embeddable":true,"href":"https:\/\/quintett.ro\/index.php?rest_route=\/wp\/v2\/media\/14117"}],"wp:attachment":[{"href":"https:\/\/quintett.ro\/index.php?rest_route=%2Fwp%2Fv2%2Fmedia&parent=14108"}],"wp:term":[{"taxonomy":"product_brand","embeddable":true,"href":"https:\/\/quintett.ro\/index.php?rest_route=%2Fwp%2Fv2%2Fproduct_brand&post=14108"},{"taxonomy":"product_cat","embeddable":true,"href":"https:\/\/quintett.ro\/index.php?rest_route=%2Fwp%2Fv2%2Fproduct_cat&post=14108"},{"taxonomy":"product_tag","embeddable":true,"href":"https:\/\/quintett.ro\/index.php?rest_route=%2Fwp%2Fv2%2Fproduct_tag&post=14108"}],"curies":[{"name":"wp","href":"https:\/\/api.w.org\/{rel}","templated":true}]}}