{"id":14004,"date":"2026-05-08T16:26:13","date_gmt":"2026-05-08T14:26:13","guid":{"rendered":"https:\/\/quintett.ro\/?post_type=product&#038;p=14004"},"modified":"2026-05-08T16:27:44","modified_gmt":"2026-05-08T14:27:44","slug":"global-truss-8231-90-swivel-coupler-50mm","status":"publish","type":"product","link":"https:\/\/quintett.ro\/?product=global-truss-8231-90-swivel-coupler-50mm","title":{"rendered":"Global Truss 8231-90 Swivel Coupler 50mm"},"content":{"rendered":"<div class=\"st_read_more_box\">\n<div class=\"text-translated js-prod-text-translation\" data-translated=\"true\">\n<p>Clema de prindere dubla Global Truss 8231-90 Swivel Coupler 50mm<\/p>\n<ul>\n<li>Clema de prindere dubla pentru traverse cu grosimea de 50 mm<\/li>\n<li>Suport pentru 48-51 mm<\/li>\n<li>Rotativ<\/li>\n<li>Cuplat prin \u0219uruburi<\/li>\n<li>Blocabil la 90\u00b0<\/li>\n<li>Latime: 50 mm<\/li>\n<\/ul>\n<\/div>\n<\/div>\n","protected":false},"excerpt":{"rendered":"<p>Global Truss este un produc\u0103tor de frunte din Germania \u0219i este cunoscut \u00een special \u00een industria evenimentelor pentru produse de \u00eenalt\u0103 calitate. Etapele complete sunt indispensabile la evenimentele mari \u0219i sunt potrivite pentru utilizare \u00een interior \u0219i exterior. Datorit\u0103 diferitelor elemente accesorii, etapele pot fi completate cu module suplimentare \u00een orice moment \u0219i adaptate \u00een mod ideal nevoilor individuale.<\/p>\n<p>Designul dublu al cuplajului de 500 kg permite conectarea sigur\u0103 a dou\u0103 tuburi de coard\u0103. Cupla poate fi blocat\u0103 la 90\u00b0 folosind un \u0219tift de tensionare gol, prevenind astfel orice modificare a unghiului.<\/p>\n<p>&nbsp;<\/p>\n","protected":false},"featured_media":0,"comment_status":"open","ping_status":"closed","template":"","meta":[],"product_brand":[],"product_cat":[183],"product_tag":[569,1683,1558,1681,1549,1548,546,1680,1682,1677,570,568,1052,1034,1032,1033,429,1035,1054,1551,1552,1555,1554,1553,1676,1550],"class_list":{"0":"post-14004","1":"product","2":"type-product","3":"status-publish","5":"product_cat-traverse-truss","6":"product_tag-2x1","7":"product_tag-5034-half-cone","8":"product_tag-5073-3-selflock-light","9":"product_tag-base-plate","10":"product_tag-clamp","11":"product_tag-clema-picioare","12":"product_tag-global-truss","13":"product_tag-global-truss-cc50403-base-plate-steel-600mm","14":"product_tag-global-truss-f34baseml-base-plate","15":"product_tag-global-truss-speaker-mount","16":"product_tag-platforma-scena","17":"product_tag-podeste","18":"product_tag-podina-scena","19":"product_tag-podium-4x3","20":"product_tag-podium-6x4","21":"product_tag-podium-8x6","22":"product_tag-podium-scena","23":"product_tag-podium-scena-5x4","24":"product_tag-scena-mobila","25":"product_tag-set-picioare","26":"product_tag-set-picioare-60-100","27":"product_tag-set-picioare-scena-100-180","28":"product_tag-set-picioare-scena-40-60","29":"product_tag-set-picioare-scena-80-140","30":"product_tag-suport-boxe","31":"product_tag-suport-prindere","33":"first","34":"instock","35":"sale","36":"purchasable","37":"product-type-simple"},"jetpack_sharing_enabled":true,"_links":{"self":[{"href":"https:\/\/quintett.ro\/index.php?rest_route=\/wp\/v2\/product\/14004","targetHints":{"allow":["GET"]}}],"collection":[{"href":"https:\/\/quintett.ro\/index.php?rest_route=\/wp\/v2\/product"}],"about":[{"href":"https:\/\/quintett.ro\/index.php?rest_route=\/wp\/v2\/types\/product"}],"replies":[{"embeddable":true,"href":"https:\/\/quintett.ro\/index.php?rest_route=%2Fwp%2Fv2%2Fcomments&post=14004"}],"wp:attachment":[{"href":"https:\/\/quintett.ro\/index.php?rest_route=%2Fwp%2Fv2%2Fmedia&parent=14004"}],"wp:term":[{"taxonomy":"product_brand","embeddable":true,"href":"https:\/\/quintett.ro\/index.php?rest_route=%2Fwp%2Fv2%2Fproduct_brand&post=14004"},{"taxonomy":"product_cat","embeddable":true,"href":"https:\/\/quintett.ro\/index.php?rest_route=%2Fwp%2Fv2%2Fproduct_cat&post=14004"},{"taxonomy":"product_tag","embeddable":true,"href":"https:\/\/quintett.ro\/index.php?rest_route=%2Fwp%2Fv2%2Fproduct_tag&post=14004"}],"curies":[{"name":"wp","href":"https:\/\/api.w.org\/{rel}","templated":true}]}}