{"id":13997,"date":"2026-05-08T15:46:27","date_gmt":"2026-05-08T13:46:27","guid":{"rendered":"https:\/\/quintett.ro\/?post_type=product&#038;p=13997"},"modified":"2026-05-08T15:50:09","modified_gmt":"2026-05-08T13:50:09","slug":"global-truss-cc50403-base-plate-steel-600mm","status":"publish","type":"product","link":"https:\/\/quintett.ro\/?product=global-truss-cc50403-base-plate-steel-600mm","title":{"rendered":"Global Truss CC50403 Base Plate Steel 600mm"},"content":{"rendered":"<div class=\"st_read_more_box\">\n<p>Global Truss CC50403 Base Plate Steel 600mm<\/p>\n<ul>\n<li>placa din otel folosita ca baza (talpa) pentru diferite sisteme de lumini<\/li>\n<li>dimensiuni:\u00a0600 x 600 x 5 mm<\/li>\n<li>potrivit pentru trussurile\u00a0F22 &#8211; F34<\/li>\n<li>culoare neagra<\/li>\n<li>se livreaza fara suporti sau conectori<\/li>\n<li>ATENTIE: conectorii se comercializeaza separat<\/li>\n<\/ul>\n<\/div>\n","protected":false},"excerpt":{"rendered":"<p>Global Truss este un produc\u0103tor de frunte din Germania \u0219i este cunoscut \u00een special \u00een industria evenimentelor pentru produse de \u00eenalt\u0103 calitate. Etapele complete sunt indispensabile la evenimentele mari \u0219i sunt potrivite pentru utilizare \u00een interior \u0219i exterior. Datorit\u0103 diferitelor elemente accesorii, etapele pot fi completate cu module suplimentare \u00een orice moment \u0219i adaptate \u00een mod ideal nevoilor individuale.<\/p>\n<p>Global Truss CC50403 Base Plate Steel 600mm<\/p>\n<ul>\n<li>placa din otel folosita ca baza (talpa) pentru diferite sisteme de lumini<\/li>\n<li>dimensiuni:\u00a0600 x 600 x 5 mm<\/li>\n<li>potrivit pentru trussurile\u00a0F22 &#8211; F34<\/li>\n<li>culoare neagra<\/li>\n<li>se livreaza fara suporti sau conectori<\/li>\n<li>ATENTIE: conectorii se comercializeaza separat<\/li>\n<\/ul>\n<p>&nbsp;<\/p>\n","protected":false},"featured_media":0,"comment_status":"open","ping_status":"closed","template":"","meta":[],"product_brand":[],"product_cat":[183],"product_tag":[569,1681,1549,1548,546,1680,1677,570,568,1052,1034,1032,1033,429,1035,1054,1551,1552,1555,1554,1553,1676,1550],"class_list":{"0":"post-13997","1":"product","2":"type-product","3":"status-publish","5":"product_cat-traverse-truss","6":"product_tag-2x1","7":"product_tag-base-plate","8":"product_tag-clamp","9":"product_tag-clema-picioare","10":"product_tag-global-truss","11":"product_tag-global-truss-cc50403-base-plate-steel-600mm","12":"product_tag-global-truss-speaker-mount","13":"product_tag-platforma-scena","14":"product_tag-podeste","15":"product_tag-podina-scena","16":"product_tag-podium-4x3","17":"product_tag-podium-6x4","18":"product_tag-podium-8x6","19":"product_tag-podium-scena","20":"product_tag-podium-scena-5x4","21":"product_tag-scena-mobila","22":"product_tag-set-picioare","23":"product_tag-set-picioare-60-100","24":"product_tag-set-picioare-scena-100-180","25":"product_tag-set-picioare-scena-40-60","26":"product_tag-set-picioare-scena-80-140","27":"product_tag-suport-boxe","28":"product_tag-suport-prindere","30":"first","31":"instock","32":"sale","33":"purchasable","34":"product-type-simple"},"jetpack_sharing_enabled":true,"_links":{"self":[{"href":"https:\/\/quintett.ro\/index.php?rest_route=\/wp\/v2\/product\/13997","targetHints":{"allow":["GET"]}}],"collection":[{"href":"https:\/\/quintett.ro\/index.php?rest_route=\/wp\/v2\/product"}],"about":[{"href":"https:\/\/quintett.ro\/index.php?rest_route=\/wp\/v2\/types\/product"}],"replies":[{"embeddable":true,"href":"https:\/\/quintett.ro\/index.php?rest_route=%2Fwp%2Fv2%2Fcomments&post=13997"}],"wp:attachment":[{"href":"https:\/\/quintett.ro\/index.php?rest_route=%2Fwp%2Fv2%2Fmedia&parent=13997"}],"wp:term":[{"taxonomy":"product_brand","embeddable":true,"href":"https:\/\/quintett.ro\/index.php?rest_route=%2Fwp%2Fv2%2Fproduct_brand&post=13997"},{"taxonomy":"product_cat","embeddable":true,"href":"https:\/\/quintett.ro\/index.php?rest_route=%2Fwp%2Fv2%2Fproduct_cat&post=13997"},{"taxonomy":"product_tag","embeddable":true,"href":"https:\/\/quintett.ro\/index.php?rest_route=%2Fwp%2Fv2%2Fproduct_tag&post=13997"}],"curies":[{"name":"wp","href":"https:\/\/api.w.org\/{rel}","templated":true}]}}