{"id":13943,"date":"2026-04-20T11:35:35","date_gmt":"2026-04-20T09:35:35","guid":{"rendered":"https:\/\/quintett.ro\/?post_type=product&#038;p=13943"},"modified":"2026-04-20T11:44:30","modified_gmt":"2026-04-20T09:44:30","slug":"titanex-h07rn-f-3x15mm","status":"publish","type":"product","link":"https:\/\/quintett.ro\/?product=titanex-h07rn-f-3x15mm","title":{"rendered":"TITANEX H07RN-F 3X1,5mm"},"content":{"rendered":"<p>Cablu H07RN-F TITANEX\u00ae, rotund, litat, 3&#215;1,5mm, negru.<\/p>\n<ul>\n<li>Tip cablu: de alimentare<\/li>\n<li>Subtip cablu: H07RN-F, TITANEX\u00ae<\/li>\n<li>Forma sec\u0163iuni transversale a firului: rotund<\/li>\n<li>Structur\u0103 conductor: litat<\/li>\n<li>Subtip fire: Cu<\/li>\n<li>Numar fire: 3<\/li>\n<li>Sec\u0163iune fir: 1.5mm<\/li>\n<li>Marcare miez: colorate f\u0103r\u0103 repet\u0103ri de culori<\/li>\n<li>Structur\u0103 ecran: neecranat<\/li>\n<li>Culoare izola\u0163ie: negru<\/li>\n<li>Tensiune nominal\u0103: 450\/750V<\/li>\n<li>Temperatura de lucru: -25&#8230;90\u00b0C<\/li>\n<li>Diametru max. cablu: 11mm<\/li>\n<li>Rezisten\u0163\u0103 la: ap\u0103, majoritatea uleiurilor, raze UV, umiditate<\/li>\n<li>Clas\u0103 flexibilitate: 5<\/li>\n<li>Utilizare cabluri: aplica\u0163ii industriale, aplica\u0163ii maritime, automatiz\u0103ri, dispozitive de cablare<\/li>\n<li>Norma CPR: Eca<\/li>\n<li>Conductor de protec\u0163ie: f\u0103r\u0103<\/li>\n<li>Standard: H07RN-F<\/li>\n<\/ul>\n","protected":false},"excerpt":{"rendered":"<p data-end=\"173\" data-start=\"0\"><b>ablul flexibil H07RN-F\u00a0 este destinat instalatiilor mobile for, a echipamentelor in miscare, cat si pentru organizari de santier.<\/b><\/p>\n<p>Poate fi instalat si in interiorul camerelor frogorifice si in mediu de uleiuri<\/p>\n<p>Utilizare:<br \/>\nPoate fi instalat atat in interior cat si in exterior. Este foarte rezistent la intemperii.<\/p>\n<p>Domenii:<br \/>\n&#8211; lampi de control<br \/>\n&#8211; prelungitoare de curent<br \/>\n&#8211; scule electrice (bormasini, vibratoare beton, generatoare curent, etc)<br \/>\n&#8211; instalatii de incalzire<br \/>\n&#8211; echipamente de ridicat<br \/>\n&#8211; echipamente audio\/lumini<br \/>\n<b>Nota<\/b><br \/>\nTemperatura maxima in lucru in conductor in utiliare normala :<br \/>\n+60\u00b0C\u00a0\u00a0 ( in toate instalatiile mobile)<br \/>\n+85\u00b0C\u00a0\u00a0 ( in instalatiile fixe)<br \/>\n+200\u00b0C ( in scurt circuit )<\/p>\n","protected":false},"featured_media":13944,"comment_status":"open","ping_status":"closed","template":"","meta":[],"product_brand":[],"product_cat":[391],"product_tag":[1174,1665,1666,1171,1169,929,943,941,942,1667,1668,1172,939,940,1461,1170,1173,890],"class_list":{"0":"post-13943","1":"product","2":"type-product","3":"status-publish","4":"has-post-thumbnail","6":"product_cat-thomann","7":"product_tag-3-x-2-5mm","8":"product_tag-3x1","9":"product_tag-5mm","10":"product_tag-cablu-curent-10m","11":"product_tag-cablu-curent-2-5","12":"product_tag-cablu-klotz","13":"product_tag-cablu-microfon-10m","14":"product_tag-cablu-microfon-3m","15":"product_tag-cablu-microfon-5m","16":"product_tag-cablu-nexans","17":"product_tag-cablu-titanex","18":"product_tag-cablu-titanex-curent","19":"product_tag-klotz-cablu-microfon","20":"product_tag-my206-cablu-microfon","21":"product_tag-nexans","22":"product_tag-prelungitor-curent","23":"product_tag-prelungitor-titanex","24":"product_tag-titanex","26":"first","27":"instock","28":"purchasable","29":"product-type-simple"},"jetpack_sharing_enabled":true,"_links":{"self":[{"href":"https:\/\/quintett.ro\/index.php?rest_route=\/wp\/v2\/product\/13943","targetHints":{"allow":["GET"]}}],"collection":[{"href":"https:\/\/quintett.ro\/index.php?rest_route=\/wp\/v2\/product"}],"about":[{"href":"https:\/\/quintett.ro\/index.php?rest_route=\/wp\/v2\/types\/product"}],"replies":[{"embeddable":true,"href":"https:\/\/quintett.ro\/index.php?rest_route=%2Fwp%2Fv2%2Fcomments&post=13943"}],"wp:featuredmedia":[{"embeddable":true,"href":"https:\/\/quintett.ro\/index.php?rest_route=\/wp\/v2\/media\/13944"}],"wp:attachment":[{"href":"https:\/\/quintett.ro\/index.php?rest_route=%2Fwp%2Fv2%2Fmedia&parent=13943"}],"wp:term":[{"taxonomy":"product_brand","embeddable":true,"href":"https:\/\/quintett.ro\/index.php?rest_route=%2Fwp%2Fv2%2Fproduct_brand&post=13943"},{"taxonomy":"product_cat","embeddable":true,"href":"https:\/\/quintett.ro\/index.php?rest_route=%2Fwp%2Fv2%2Fproduct_cat&post=13943"},{"taxonomy":"product_tag","embeddable":true,"href":"https:\/\/quintett.ro\/index.php?rest_route=%2Fwp%2Fv2%2Fproduct_tag&post=13943"}],"curies":[{"name":"wp","href":"https:\/\/api.w.org\/{rel}","templated":true}]}}