{"id":13934,"date":"2026-04-20T11:27:35","date_gmt":"2026-04-20T09:27:35","guid":{"rendered":"https:\/\/quintett.ro\/?post_type=product&#038;p=13934"},"modified":"2026-04-20T11:33:21","modified_gmt":"2026-04-20T09:33:21","slug":"titanex-h07rn-f-3x25mm-negru","status":"publish","type":"product","link":"https:\/\/quintett.ro\/?product=titanex-h07rn-f-3x25mm-negru","title":{"rendered":"TITANEX H07RN-F 3X2,5mm negru"},"content":{"rendered":"<p>Cablu H07RN-F TITANEX\u00ae, rotund, litat, 3&#215;2,5mm, negru.<\/p>\n<ul>\n<li>Tip cablu: de alimentare<\/li>\n<li>Subtip cablu: H07RN-F, TITANEX\u00ae<\/li>\n<li>Forma sec\u0163iuni transversale a firului: rotund<\/li>\n<li>Structur\u0103 conductor: litat<\/li>\n<li>Subtip fire: Cupru<\/li>\n<li>Numar fire: 3<\/li>\n<li>Sec\u0163iune fir: 3.5mm<\/li>\n<li>Marcare miez: colorate f\u0103r\u0103 repet\u0103ri de culori<\/li>\n<li>Structur\u0103 ecran: neecranat<\/li>\n<li>Materiale izolante pentru cabluri: gum\u0103<\/li>\n<li>Culoare izola\u0163ie: negru<\/li>\n<li>Tensiune nominal\u0103: 450\/750V<\/li>\n<li>Temperatura de lucru: -25&#8230;90\u00b0C<\/li>\n<li>Diametru max. cablu: 13.1mm<\/li>\n<li>Rezisten\u0163\u0103 la: ap\u0103, majoritatea uleiurilor, raze UV, umiditate<\/li>\n<li>Utilizare cabluri: aplica\u0163ii industriale, aplica\u0163ii maritime, automatiz\u0103ri, dispozitive de cablare<\/li>\n<li>Norma CPR: Eca<\/li>\n<li>Conductor de protec\u0163ie: f\u0103r\u0103<\/li>\n<li>Standard: H07RN-F<\/li>\n<\/ul>\n","protected":false},"excerpt":{"rendered":"<p data-end=\"173\" data-start=\"0\">Cablul H07RN-F este un cablu electric flexibil, rezistent la ap\u0103, uleiuri \u0219i condi\u021bii dificile de mediu, utilizat frecvent \u00een aplica\u021bii industriale \u0219i de exterior.<\/p>\n<h3 data-end=\"211\" data-start=\"175\">Caracteristici principale:<\/h3>\n<ul data-end=\"653\" data-start=\"212\">\n<li data-end=\"273\" data-start=\"212\">Conductor: Cupru flexibil (clasa 5 conform IEC 60228)<\/li>\n<li data-end=\"331\" data-start=\"274\">Izola\u021bie: Cauciuc EPR (Ethylene Propylene Rubber)<\/li>\n<li data-end=\"439\" data-start=\"332\">Manta exterioar\u0103: Cauciuc neopren (Policloropren &#8211; PCP), rezistent la abraziune, uleiuri \u0219i raze UV<\/li>\n<li data-end=\"475\" data-start=\"440\">Tensiune nominal\u0103: 450\/750V<\/li>\n<li data-end=\"561\" data-start=\"476\">Temperaturi de operare: -25\u00b0C p\u00e2n\u0103 la +60\u00b0C (sau chiar +85\u00b0C pe termen scurt)<\/li>\n<li data-end=\"653\" data-start=\"562\">Rezisten\u021b\u0103 la ap\u0103: Poate fi utilizat \u00een medii umede \u0219i chiar \u00een imersiune temporar\u0103<\/li>\n<\/ul>\n","protected":false},"featured_media":13937,"comment_status":"open","ping_status":"closed","template":"","meta":[],"product_brand":[],"product_cat":[391],"product_tag":[1174,1171,1169,929,943,941,942,1172,939,940,1461,1170,1173,890],"class_list":{"0":"post-13934","1":"product","2":"type-product","3":"status-publish","4":"has-post-thumbnail","6":"product_cat-thomann","7":"product_tag-3-x-2-5mm","8":"product_tag-cablu-curent-10m","9":"product_tag-cablu-curent-2-5","10":"product_tag-cablu-klotz","11":"product_tag-cablu-microfon-10m","12":"product_tag-cablu-microfon-3m","13":"product_tag-cablu-microfon-5m","14":"product_tag-cablu-titanex-curent","15":"product_tag-klotz-cablu-microfon","16":"product_tag-my206-cablu-microfon","17":"product_tag-nexans","18":"product_tag-prelungitor-curent","19":"product_tag-prelungitor-titanex","20":"product_tag-titanex","22":"first","23":"instock","24":"purchasable","25":"product-type-simple"},"jetpack_sharing_enabled":true,"_links":{"self":[{"href":"https:\/\/quintett.ro\/index.php?rest_route=\/wp\/v2\/product\/13934","targetHints":{"allow":["GET"]}}],"collection":[{"href":"https:\/\/quintett.ro\/index.php?rest_route=\/wp\/v2\/product"}],"about":[{"href":"https:\/\/quintett.ro\/index.php?rest_route=\/wp\/v2\/types\/product"}],"replies":[{"embeddable":true,"href":"https:\/\/quintett.ro\/index.php?rest_route=%2Fwp%2Fv2%2Fcomments&post=13934"}],"wp:featuredmedia":[{"embeddable":true,"href":"https:\/\/quintett.ro\/index.php?rest_route=\/wp\/v2\/media\/13937"}],"wp:attachment":[{"href":"https:\/\/quintett.ro\/index.php?rest_route=%2Fwp%2Fv2%2Fmedia&parent=13934"}],"wp:term":[{"taxonomy":"product_brand","embeddable":true,"href":"https:\/\/quintett.ro\/index.php?rest_route=%2Fwp%2Fv2%2Fproduct_brand&post=13934"},{"taxonomy":"product_cat","embeddable":true,"href":"https:\/\/quintett.ro\/index.php?rest_route=%2Fwp%2Fv2%2Fproduct_cat&post=13934"},{"taxonomy":"product_tag","embeddable":true,"href":"https:\/\/quintett.ro\/index.php?rest_route=%2Fwp%2Fv2%2Fproduct_tag&post=13934"}],"curies":[{"name":"wp","href":"https:\/\/api.w.org\/{rel}","templated":true}]}}