{"id":13852,"date":"2026-04-08T17:15:07","date_gmt":"2026-04-08T15:15:07","guid":{"rendered":"https:\/\/quintett.ro\/?post_type=product&#038;p=13852"},"modified":"2026-04-08T17:16:18","modified_gmt":"2026-04-08T15:16:18","slug":"botex-hulk-4s","status":"publish","type":"product","link":"https:\/\/quintett.ro\/?product=botex-hulk-4s","title":{"rendered":"Botex HULK 4S"},"content":{"rendered":"<p>Specificatii:<\/p>\n<h2 class=\"fx-headline fx-headline--3 fx-space-bottom--m\">Distribuitor de curent pentru utilizare pe scen\u0103 sau pe o schela<\/h2>\n<ul class=\"fx-list product-text__list\">\n<li class=\"fx-list__item list-item fx-list__item--circle\"><span class=\"fx-text fx-text--plus list-item__text\">Indicator luminos \u00een sec\u021biunea superioar\u0103 a distribuitorului de alimentare pentru controlul u\u0219or al tensiunii<\/span><\/li>\n<li class=\"fx-list__item list-item fx-list__item--circle\"><span class=\"fx-text fx-text--plus list-item__text\">Carcas\u0103 metalic\u0103 compact\u0103 \u0219i robust\u0103<\/span><\/li>\n<li class=\"fx-list__item list-item fx-list__item--circle\"><span class=\"fx-text fx-text--plus list-item__text\">Conectori Seetronic de \u00eenalt\u0103 calitate pentru o func\u021bionare sigur\u0103 \u0219i fiabil\u0103<\/span><\/li>\n<li class=\"fx-list__item list-item fx-list__item--circle\"><span class=\"fx-text fx-text--plus list-item__text\">2x filete interioare M10<\/span><\/li>\n<li class=\"fx-list__item list-item fx-list__item--circle\"><span class=\"fx-text fx-text--plus list-item__text\">Intrare: PowerTwist<\/span><\/li>\n<li class=\"fx-list__item list-item fx-list__item--circle\"><span class=\"fx-text fx-text--plus list-item__text\">Ie\u0219ire: PowerTwist<\/span><\/li>\n<li class=\"fx-list__item list-item fx-list__item--circle\"><span class=\"fx-text fx-text--plus list-item__text\">Ie\u0219iri \u00een sec\u021biunea superioar\u0103 a prelungitorului: 4x \u0218techere de siguran\u021b\u0103 cu capace rabatabile<\/span><\/li>\n<li class=\"fx-list__item list-item fx-list__item--circle\"><span class=\"fx-text fx-text--plus list-item__text\">Diametru cablu: 1,5 mm\u00b2<\/span><\/li>\n<li class=\"fx-list__item list-item fx-list__item--circle\"><span class=\"fx-text fx-text--plus list-item__text\">Clasificare de protec\u021bie: IP20<\/span><\/li>\n<li class=\"fx-list__item list-item fx-list__item--circle\"><span class=\"fx-text fx-text--plus list-item__text\">Dimensiuni (L x \u00ce x A): 330 x 73 x 77 mm<\/span><\/li>\n<li class=\"fx-list__item list-item fx-list__item--circle\"><span class=\"fx-text fx-text--plus list-item__text\">Greutate: 1,2 kg<\/span><\/li>\n<\/ul>\n<p>&nbsp;<\/p>\n<p>&nbsp;<\/p>\n","protected":false},"excerpt":{"rendered":"<h4>Botex HULK 4S<\/h4>\n<h4 class=\"fx-headline fx-headline--3 fx-space-bottom--m\">Distribuitor de curent pentru utilizare pe scen\u0103 sau pe o platform\u0103<\/h4>\n","protected":false},"featured_media":0,"comment_status":"open","ping_status":"closed","template":"","meta":[],"product_brand":[],"product_cat":[391],"product_tag":[976,979,978,1643,1642,977,980,1640,1641],"class_list":{"0":"post-13852","1":"product","2":"type-product","3":"status-publish","5":"product_cat-thomann","6":"product_tag-botex","7":"product_tag-botex-chc-4","8":"product_tag-botex-chc-4-chainhoist-controller","9":"product_tag-botex-hulk-4s","10":"product_tag-botex-hulk-8s","11":"product_tag-controler-motoare","12":"product_tag-controler-palane","13":"product_tag-distribuitor-de-curent","14":"product_tag-priza-curent","16":"first","17":"instock","18":"purchasable","19":"product-type-simple"},"jetpack_sharing_enabled":true,"_links":{"self":[{"href":"https:\/\/quintett.ro\/index.php?rest_route=\/wp\/v2\/product\/13852","targetHints":{"allow":["GET"]}}],"collection":[{"href":"https:\/\/quintett.ro\/index.php?rest_route=\/wp\/v2\/product"}],"about":[{"href":"https:\/\/quintett.ro\/index.php?rest_route=\/wp\/v2\/types\/product"}],"replies":[{"embeddable":true,"href":"https:\/\/quintett.ro\/index.php?rest_route=%2Fwp%2Fv2%2Fcomments&post=13852"}],"wp:attachment":[{"href":"https:\/\/quintett.ro\/index.php?rest_route=%2Fwp%2Fv2%2Fmedia&parent=13852"}],"wp:term":[{"taxonomy":"product_brand","embeddable":true,"href":"https:\/\/quintett.ro\/index.php?rest_route=%2Fwp%2Fv2%2Fproduct_brand&post=13852"},{"taxonomy":"product_cat","embeddable":true,"href":"https:\/\/quintett.ro\/index.php?rest_route=%2Fwp%2Fv2%2Fproduct_cat&post=13852"},{"taxonomy":"product_tag","embeddable":true,"href":"https:\/\/quintett.ro\/index.php?rest_route=%2Fwp%2Fv2%2Fproduct_tag&post=13852"}],"curies":[{"name":"wp","href":"https:\/\/api.w.org\/{rel}","templated":true}]}}