{"id":13851,"date":"2026-04-08T17:14:50","date_gmt":"2026-04-08T15:14:50","guid":{"rendered":"https:\/\/quintett.ro\/?post_type=product&#038;p=13851"},"modified":"2026-04-08T17:19:04","modified_gmt":"2026-04-08T15:19:04","slug":"botex-pts-4-power-twist-splitter","status":"publish","type":"product","link":"https:\/\/quintett.ro\/?product=botex-pts-4-power-twist-splitter","title":{"rendered":"Botex PTS-4 Power Twist Splitter"},"content":{"rendered":"<p>Specificatii:<\/p>\n<h2 class=\"fx-headline fx-headline--3 fx-space-bottom--m\">Distribuitor curent\u00a0 Power Twist<\/h2>\n<ul class=\"fx-list product-text__list\">\n<li class=\"fx-list__item list-item fx-list__item--circle\"><span class=\"fx-text fx-text--plus list-item__text\">Pentru instalare \u00een platform\u0103 sau pe sol<\/span><\/li>\n<li class=\"fx-list__item list-item fx-list__item--circle\"><span class=\"fx-text fx-text--plus list-item__text\">1x intrare PowerTwist<\/span><\/li>\n<li class=\"fx-list__item list-item fx-list__item--circle\"><span class=\"fx-text fx-text--plus list-item__text\">1x ie\u0219ire Power Twist Link<\/span><\/li>\n<li class=\"fx-list__item list-item fx-list__item--circle\"><span class=\"fx-text fx-text--plus list-item__text\">4 ie\u0219iri Power-twist<\/span><\/li>\n<li class=\"fx-list__item list-item fx-list__item--circle\"><span class=\"fx-text fx-text--plus list-item__text\">Carcas\u0103 metalic\u0103 neagr\u0103<\/span><\/li>\n<li class=\"fx-list__item list-item fx-list__item--circle\"><span class=\"fx-text fx-text--plus list-item__text\">Conexiuni Seetronic de \u00eenalt\u0103 calitate<\/span><\/li>\n<li class=\"fx-list__item list-item fx-list__item--circle\"><span class=\"fx-text fx-text--plus list-item__text\">2x filete M10<\/span><\/li>\n<li class=\"fx-list__item list-item fx-list__item--circle\"><span class=\"fx-text fx-text--plus list-item__text\">Sec\u021biune transversal\u0103 a firului: 2,5 mm\u00b2<\/span><\/li>\n<li class=\"fx-list__item list-item fx-list__item--circle\"><span class=\"fx-text fx-text--plus list-item__text\">Curent maxim de ie\u0219ire: 20 A<\/span><\/li>\n<li class=\"fx-list__item list-item fx-list__item--circle\"><span class=\"fx-text fx-text--plus list-item__text\">Dimensiuni (L x \u00ce x A): 270 x 60 x 60 mm<\/span><\/li>\n<li class=\"fx-list__item list-item fx-list__item--circle\"><span class=\"fx-text fx-text--plus list-item__text\">Greutate: 1 kg<\/span><\/li>\n<\/ul>\n<p>&nbsp;<\/p>\n","protected":false},"excerpt":{"rendered":"<h4 class=\"font-sans font-bold text-3xl tracking-tight md:text-5xl lg:text-7xl mb-0.5 lg:mb-1\">Botex PTS-4 Power Twist Splitter<\/h4>\n","protected":false},"featured_media":0,"comment_status":"open","ping_status":"closed","template":"","meta":[],"product_brand":[],"product_cat":[391],"product_tag":[976,979,978,1642,977,980,1640,1641],"class_list":{"0":"post-13851","1":"product","2":"type-product","3":"status-publish","5":"product_cat-thomann","6":"product_tag-botex","7":"product_tag-botex-chc-4","8":"product_tag-botex-chc-4-chainhoist-controller","9":"product_tag-botex-hulk-8s","10":"product_tag-controler-motoare","11":"product_tag-controler-palane","12":"product_tag-distribuitor-de-curent","13":"product_tag-priza-curent","15":"first","16":"instock","17":"purchasable","18":"product-type-simple"},"jetpack_sharing_enabled":true,"_links":{"self":[{"href":"https:\/\/quintett.ro\/index.php?rest_route=\/wp\/v2\/product\/13851","targetHints":{"allow":["GET"]}}],"collection":[{"href":"https:\/\/quintett.ro\/index.php?rest_route=\/wp\/v2\/product"}],"about":[{"href":"https:\/\/quintett.ro\/index.php?rest_route=\/wp\/v2\/types\/product"}],"replies":[{"embeddable":true,"href":"https:\/\/quintett.ro\/index.php?rest_route=%2Fwp%2Fv2%2Fcomments&post=13851"}],"wp:attachment":[{"href":"https:\/\/quintett.ro\/index.php?rest_route=%2Fwp%2Fv2%2Fmedia&parent=13851"}],"wp:term":[{"taxonomy":"product_brand","embeddable":true,"href":"https:\/\/quintett.ro\/index.php?rest_route=%2Fwp%2Fv2%2Fproduct_brand&post=13851"},{"taxonomy":"product_cat","embeddable":true,"href":"https:\/\/quintett.ro\/index.php?rest_route=%2Fwp%2Fv2%2Fproduct_cat&post=13851"},{"taxonomy":"product_tag","embeddable":true,"href":"https:\/\/quintett.ro\/index.php?rest_route=%2Fwp%2Fv2%2Fproduct_tag&post=13851"}],"curies":[{"name":"wp","href":"https:\/\/api.w.org\/{rel}","templated":true}]}}