{"id":13764,"date":"2026-03-23T18:42:06","date_gmt":"2026-03-23T16:42:06","guid":{"rendered":"https:\/\/quintett.ro\/?post_type=product&#038;p=13764"},"modified":"2026-03-26T09:12:26","modified_gmt":"2026-03-26T07:12:26","slug":"glp-scan-operator-fx-ii","status":"publish","type":"product","link":"https:\/\/quintett.ro\/?product=glp-scan-operator-fx-ii","title":{"rendered":"GLP Scan Operator FX II"},"content":{"rendered":"<div class=\"text-translated js-prod-text-translation\" data-translated=\"true\">\n<h2 class=\"fx-headline fx-headline--3 fx-space-bottom--m\">CONSOLA DMX<\/h2>\n<p>Prezentare general\u0103 a caracteristicilor<\/p>\n<p>Controleaz\u0103 p\u00e2n\u0103 la 12 lumini mobile, fiecare cu p\u00e2n\u0103 la 16 canale<br \/>\nMotor puternic de efecte de mi\u0219care<br \/>\n240 de memorii de scene<br \/>\n6 master-uri chase, fiecare cu p\u00e2n\u0103 la 250 de pa\u0219i<br \/>\nControl complet al temporiz\u0103rii tuturor parametrilor Pagini suplimentare suprapuse ofer\u0103 acces instantaneu la st\u0103rile de suprascriere pre\u00eenregistrate<br \/>\nRo\u021bile de codare ofer\u0103 acces direct la mi\u0219care<br \/>\nControl complet audio \u0219i MIDI din surse externe Aspect intuitiv u\u0219or cu afi\u0219aj LCD Memorie cu siguran\u021b\u0103 la defec\u021biune<\/p>\n<p>Conexiuni hardware<\/p>\n<p>Ie\u0219ire XLR cu 3 pini pentru protocolul DMX<br \/>\nConector MIDI pentru intrare MIDI<br \/>\nIntrare alimentare DC 9V, 500mA<\/p>\n<p>Programare<\/p>\n<p>Control direct asupra fiec\u0103rui parametru al dispozitivului de iluminat<br \/>\nReac\u021bia la timpul de fade poate fi activat\u0103\/dezactivat\u0103 individual pentru fiecare parametru<br \/>\nFiecare canal DMX poate fi inversat individual<br \/>\n6 master-uri chase pot fi programate cu p\u00e2n\u0103 la 250 de scene<br \/>\nMotor puternic de efecte cu:<br \/>\n12 modele diferite de mi\u0219care (cerc, und\u0103 sinusoidal\u0103, din\u021bi de fier\u0103str\u0103u, triunghi, &#8230;)<\/p>\n<p>Efectele sunt configurabile ca tip, dimensiune, vitez\u0103 \u0219i faz\u0103 (butonul \u201eCreare und\u0103\u201d creeaz\u0103 cu u\u0219urin\u021b\u0103 diferite tipuri de modele de und\u0103)<\/p>\n<p>Func\u021bia \u201eRandomizare\u201d creeaz\u0103 cu u\u0219urin\u021b\u0103 modele de mi\u0219care asimetrice<\/p>\n<p>6 scene suprapuse programabile pentru a suprascrie instantaneu ie\u0219irea controlerului pentru efecte speciale<\/p>\n<p>Func\u021bie de \u00eenghe\u021bare DMX<\/p>\n<p>Mod u\u0219or care simuleaz\u0103 o unitate simpl\u0103 de fader cu 120 de canale pentru testarea \u0219i declan\u0219area altor controlere<\/p>\n<p>Redare<\/p>\n<p>Protocol DMX 512<br \/>\nControlerul poate fi declan\u0219at manual, prin temporizare, surs\u0103 muzical\u0103 extern\u0103 (microfon intern) sau MIDI<\/p>\n<p>Func\u021bie de blocare a biroului<\/p>\n<p>Mod de pornire automat\u0103 care reia \u0219i continu\u0103 starea ie\u0219irii controlerului la pornire<\/p>\n<p>Func\u021bie de \u00eentrerupere configurabil\u0103 de utilizator<\/p>\n<p>Transfer de date \u00eentre alte controlere Scan Operator FX II<\/p>\n<p>Instalare<\/p>\n<p>Blat de mas\u0103<br \/>\nPoate fi montat \u0219i \u00eentr-un rack de 19\u201d<\/p>\n<p>Aprob\u0103ri<\/p>\n<p>Conceput conform standardelor de siguran\u021b\u0103 americane UL 1573 \u0219i UL 8750<\/p>\n<p>Conceput conform standardului canadian de siguran\u021b\u0103 CAN\/CSA C22.2 nr. 166<\/p>\n<p>Dimensiuni<\/p>\n<p>(L x l x \u00ce)<br \/>\n17,6 cm x 48,2 cm x 73 cm (6,9 in. x 18,8 in. x 2,9 in.)<br \/>\nUtilizeaz\u0103 o \u00een\u0103l\u021bime de 4U atunci c\u00e2nd este montat \u00eentr-un rack de 19 in.<\/p>\n<p>Greutate<\/p>\n<p>2,5 kg (5,5 lbs.)<\/p>\n<\/div>\n","protected":false},"excerpt":{"rendered":"<ul class=\"fx-list product-text__list\">\n<li class=\"fx-list__item list-item fx-list__item--circle\">\u00cen cadrul acestui software, Scan Operator FX II include un motor de efecte de mi\u0219care extrem de puternic, capabil s\u0103 creeze efecte dinamice rapid \u0219i simplu.\u00cen total, sunt disponibile 12 modele de mi\u0219care diferite, cum ar fi cercuri, unde sinusoidale \u0219i triunghiuri, toate put\u00e2nd fi programate \u00een p\u00e2n\u0103 la 240 de scene. Fiecare model poate fi personalizat individual \u00een func\u021bie de dispozitivele \u0219i efectul pe care dori\u021bi s\u0103 le ob\u021bine\u021bi, cu controlul parametrilor asupra dimensiunii efectului, vitezei, fazei \u0219i multe altele. Controlul fazei fiec\u0103rui model permite, de asemenea, crearea de efecte de und\u0103 \u0219i offset.\n<p>Scan Operator FX II con\u021bine o interfa\u021b\u0103 de utilizator simpl\u0103, dar intuitiv\u0103. Ro\u021bile de codare \u0219i faderele de sincronizare direct\u0103 contribuie la aspectul simplu al butoanelor utilizatorului pentru o func\u021bionalitate maxim\u0103.<\/p>\n<p>Scan Operator FX II dispune de 6 scene suprapuse, fiecare cu propria tast\u0103 rapid\u0103. Fiecare scen\u0103 suprapus\u0103 poate fi programat\u0103 s\u0103 suprascrie fie toate, fie o parte din canalele de ie\u0219ire DMX \u0219i este ideal\u0103 pentru utilizare ca efect special. Indiferent dac\u0103 dori\u021bi ca luminile de orbire s\u0103 preia controlul, ca stroboscoapele s\u0103 se activeze, s\u0103 apar\u0103 un fascicul solo sau orice alt tip de efect, scenele suprapuse v\u0103 permit s\u0103 face\u021bi acest lucru prin ap\u0103sarea unui singur buton.<\/p>\n<p>Alte func\u021bii convenabile includ un mod de pornire automat\u0103 care face ca controlerul s\u0103 porneasc\u0103 \u00eentr-o secven\u021b\u0103 de redare specificat\u0103 imediat dup\u0103 pornire, ideal pentru instala\u021bii permanente sau medii fixe. \u00cen plus, exist\u0103 o func\u021bie de blocare a biroului pentru a preveni accesul neautorizat la programarea dvs.<\/p>\n<p>Pe l\u00e2ng\u0103 operarea live, Scan Operator FX II poate fi, de asemenea, declan\u0219at complet de o intrare audio sau de un semnal MIDI pentru a sprijini direct muzicienii sau DJ-ii \u0219i a le oferi posibilit\u0103\u021bi excelente de prezentare f\u0103r\u0103 a pierde controlul.<\/li>\n<\/ul>\n","protected":false},"featured_media":13765,"comment_status":"open","ping_status":"closed","template":"","meta":[],"product_brand":[],"product_cat":[391],"product_tag":[1502,970,1501,1499,1497,1498,1500,1633,1632,1634,1635],"class_list":{"0":"post-13764","1":"product","2":"type-product","3":"status-publish","4":"has-post-thumbnail","6":"product_cat-thomann","7":"product_tag-1024-canale","8":"product_tag-consola-dmx","9":"product_tag-dmx-cameo","10":"product_tag-dmx-consola","11":"product_tag-dmx-controler","12":"product_tag-dmx-daslight","13":"product_tag-dmx-grandma","14":"product_tag-german-light-product","15":"product_tag-glp","16":"product_tag-glp-scan-operator-fxii","17":"product_tag-scan-operator","19":"first","20":"instock","21":"sale","22":"purchasable","23":"product-type-simple"},"jetpack_sharing_enabled":true,"_links":{"self":[{"href":"https:\/\/quintett.ro\/index.php?rest_route=\/wp\/v2\/product\/13764","targetHints":{"allow":["GET"]}}],"collection":[{"href":"https:\/\/quintett.ro\/index.php?rest_route=\/wp\/v2\/product"}],"about":[{"href":"https:\/\/quintett.ro\/index.php?rest_route=\/wp\/v2\/types\/product"}],"replies":[{"embeddable":true,"href":"https:\/\/quintett.ro\/index.php?rest_route=%2Fwp%2Fv2%2Fcomments&post=13764"}],"wp:featuredmedia":[{"embeddable":true,"href":"https:\/\/quintett.ro\/index.php?rest_route=\/wp\/v2\/media\/13765"}],"wp:attachment":[{"href":"https:\/\/quintett.ro\/index.php?rest_route=%2Fwp%2Fv2%2Fmedia&parent=13764"}],"wp:term":[{"taxonomy":"product_brand","embeddable":true,"href":"https:\/\/quintett.ro\/index.php?rest_route=%2Fwp%2Fv2%2Fproduct_brand&post=13764"},{"taxonomy":"product_cat","embeddable":true,"href":"https:\/\/quintett.ro\/index.php?rest_route=%2Fwp%2Fv2%2Fproduct_cat&post=13764"},{"taxonomy":"product_tag","embeddable":true,"href":"https:\/\/quintett.ro\/index.php?rest_route=%2Fwp%2Fv2%2Fproduct_tag&post=13764"}],"curies":[{"name":"wp","href":"https:\/\/api.w.org\/{rel}","templated":true}]}}