{"id":13698,"date":"2026-03-12T09:09:47","date_gmt":"2026-03-12T07:09:47","guid":{"rendered":"https:\/\/quintett.ro\/?post_type=product&#038;p=13698"},"modified":"2026-03-25T10:45:38","modified_gmt":"2026-03-25T08:45:38","slug":"mac-mah-kolor-move-bar-10x30w-led-bar","status":"publish","type":"product","link":"https:\/\/quintett.ro\/?product=mac-mah-kolor-move-bar-10x30w-led-bar","title":{"rendered":"Mac Mah &#8211; Kolor Move Bar 10x30W LED BAR"},"content":{"rendered":"<p>Caracteristici:<\/p>\n<p>LED BAR Mac Mah Kolor Move 10X30W<br \/>\n10 LED-uri RGBW 4 \u00een 1 de 30W pentru efectul BEAM<br \/>\nUnghi BEAM: 3,5\u00b0<br \/>\n120 LED-uri alb cald\/alb rece 2 \u00een 1 pentru stroboscop \u0219i efecte<br \/>\nModuri AUTO multiple<br \/>\nMi\u0219care de \u00eenclinare la 180\u00b0<br \/>\nDimmer: 0-100% liniar<br \/>\nStroboscop: 25 de clipiri\/secund\u0103<br \/>\nModuri de control: DMX512, auto, master-slave, sunet<br \/>\nCanale DMX: 19 \/ 57<br \/>\nAfi\u0219aj LED<br \/>\nAlimentare: 100-240 VAC \/ 50-60 Hz<br \/>\nIntrare\/ie\u0219ire alimentare prin Powercon<br \/>\nConsum de energie: max. 320W. Dimensiuni: 865 x 85 x 80 mm<br \/>\nGreutate net\u0103: 4,98 kg<\/p>\n","protected":false},"excerpt":{"rendered":"<p>Mac Mah Kolor Move Bar 10x30W este un LED BAR de anima\u021bie LED motorizat, care ofer\u0103 o gam\u0103 larg\u0103 de efecte de iluminare dinamic\u0103 pentru a crea o varietate de atmosfere de petrecere. Bara combin\u0103 fascicule precise, stroboscoape energice \u0219i mi\u0219c\u0103ri line pentru a ad\u0103uga ritm evenimentului. Interfa\u021ba intuitiv\u0103 o face u\u0219or de utilizat, indiferent dac\u0103 dori\u021bi s\u0103 o ac\u021biona\u021bi \u00een modul automat sau \u00een modul activat prin sunet.<\/p>\n","protected":false},"featured_media":13710,"comment_status":"open","ping_status":"closed","template":"","meta":[],"product_brand":[],"product_cat":[1503,496],"product_tag":[1415,1612,1460,829,1616,501,1417,513,1427,665,1610,190,1459,505,1426,1611,832,196,1416,515,516],"class_list":{"0":"post-13698","1":"product","2":"type-product","3":"status-publish","4":"has-post-thumbnail","6":"product_cat-black-friday","7":"product_cat-msc-lumini-si-scene","8":"product_tag-1915-aura","9":"product_tag-6x60w","10":"product_tag-beam-spot-wash","11":"product_tag-led-bar","12":"product_tag-led-bar-10x30w","13":"product_tag-lumini-inteligente","14":"product_tag-lumini-led","15":"product_tag-mac-mah","16":"product_tag-martin","17":"product_tag-masina-fum","18":"product_tag-masina-fum-co2","19":"product_tag-moving-head","20":"product_tag-moving-head-150w","21":"product_tag-moving-head-7r","22":"product_tag-moving-head-led","23":"product_tag-pistol-fum","24":"product_tag-robe","25":"product_tag-wash","26":"product_tag-wash-1915","27":"product_tag-wash-19x15","28":"product_tag-wash1915","30":"first","31":"instock","32":"sale","33":"purchasable","34":"product-type-simple"},"jetpack_sharing_enabled":true,"_links":{"self":[{"href":"https:\/\/quintett.ro\/index.php?rest_route=\/wp\/v2\/product\/13698","targetHints":{"allow":["GET"]}}],"collection":[{"href":"https:\/\/quintett.ro\/index.php?rest_route=\/wp\/v2\/product"}],"about":[{"href":"https:\/\/quintett.ro\/index.php?rest_route=\/wp\/v2\/types\/product"}],"replies":[{"embeddable":true,"href":"https:\/\/quintett.ro\/index.php?rest_route=%2Fwp%2Fv2%2Fcomments&post=13698"}],"wp:featuredmedia":[{"embeddable":true,"href":"https:\/\/quintett.ro\/index.php?rest_route=\/wp\/v2\/media\/13710"}],"wp:attachment":[{"href":"https:\/\/quintett.ro\/index.php?rest_route=%2Fwp%2Fv2%2Fmedia&parent=13698"}],"wp:term":[{"taxonomy":"product_brand","embeddable":true,"href":"https:\/\/quintett.ro\/index.php?rest_route=%2Fwp%2Fv2%2Fproduct_brand&post=13698"},{"taxonomy":"product_cat","embeddable":true,"href":"https:\/\/quintett.ro\/index.php?rest_route=%2Fwp%2Fv2%2Fproduct_cat&post=13698"},{"taxonomy":"product_tag","embeddable":true,"href":"https:\/\/quintett.ro\/index.php?rest_route=%2Fwp%2Fv2%2Fproduct_tag&post=13698"}],"curies":[{"name":"wp","href":"https:\/\/api.w.org\/{rel}","templated":true}]}}