{"id":13643,"date":"2026-02-17T11:02:52","date_gmt":"2026-02-17T09:02:52","guid":{"rendered":"https:\/\/quintett.ro\/?post_type=product&#038;p=13643"},"modified":"2026-02-17T11:28:25","modified_gmt":"2026-02-17T09:28:25","slug":"full-fat-audio-ffa-f48x-procesor","status":"publish","type":"product","link":"https:\/\/quintett.ro\/?product=full-fat-audio-ffa-f48x-procesor","title":{"rendered":"Full Fat Audio FFA-F48X Procesor"},"content":{"rendered":"<div id=\"product_wrapper\">\n<div class=\"container\">\n<div class=\"col80\">\n<div class=\"col50 small_bullets\">\n<p>16 bands of parametric EQ and up to 1.3 seconds of delay<\/p>\n<p>Remote control software with USB and Ethernet access.<\/p>\n<p>Full control of all DSP, routing and configuration of multiple F48X units<\/p>\n<p>Ability to design systems offline and store\/Load presets and structure preset Libraries.<\/p>\n<p>PC, Mac and iPad compatible<\/p>\n<p>enhanced audio performance<\/p>\n<p>latest ESS AD\/DA converter chipsets<\/p>\n<p>impressive dynamic range and reducing THD+N figures<\/p>\n<\/div>\n<div class=\"col50\">\n<h2 class=\"magenta\">Suitable Applications<\/h2>\n<p>Ideally suited to installation applications<\/p>\n<\/div>\n<\/div>\n<\/div>\n<\/div>\n<div class=\"container\">\n<div class=\"col80 tech_spec\">\n<div><strong>DSP Software Functions<\/strong><\/div>\n<div><\/div>\n<div>\u2022 Input Delay (per channel): 0 to 1.3s in 10.4uS steps<\/div>\n<div>\u2022 Input Compressor (per channel): Threshold (-30 to +22 dBu), Attack, Release, Ratio, Soft-Knee<\/div>\n<div>\u2022 Input Parametric EQ (per channel): 8 bands \u2013 parametric, low shelf, high shelf, notch, band-pass<\/div>\n<div>\u2022 Input Dynamic EQ (per channel): 2 bands \u2013 parametric\/low shelf\/high shelf, boost\/cut above \/below,<\/div>\n<div>threshold, ratio, attack, release<\/div>\n<div>\u2022 Input High-Pass Filter (per channel): Up to 24dB\/octave ( Butterworth \/ Bessel \/ Linkwitz-Riley)<\/div>\n<div>\u2022 Routing Inputs to Outputs: Full matrix mixer<\/div>\n<div>\u2022 Output Parametric EQ (per channel): 16 bands \u2013 parametric, low shelf, high shelf, notch, band-pass<\/div>\n<div>\u2022 Output High-Pass and Low-Pass Filter (per channel): Up to 48dB\/octave ( Butterworth \/ Bessel \/ Linkwitz-Riley)<\/div>\n<div>\u2022 Output Gain (per channel): -30 to +15dB in 0.1dB steps, mute, phase<\/div>\n<div>\u2022 Output Delay (per channel): 0 to 1.3s in 10.4uS steps High performance, two-stage PXL limiters<\/div>\n<div>ensure systems can be safely and reliably played at high level without compromising sound quality<\/div>\n<div>\u2022 Output Limiter power amplifier (per channel): Threshold (-50 to +14dBu), attack, release, auto attack\/release option<\/div>\n<div>\u2022 Output Limiter AUX XLR output: Threshold (-50 to +22dBu), attack, release, auto attack\/release option<\/div>\n<div>\u2022 Output Delay (per channel): 0 to 1.3s in 10.4uS steps<\/div>\n<div><\/div>\n<div><\/div>\n<div><strong>Technical specifications<\/strong><\/div>\n<div><\/div>\n<div>Analogue Inputs:\u00a0 \u00a0 \u00a04 x XLRF<\/div>\n<div>Balanced CMRR:\u00a0 \u00a0 \u00a060dB@ 1kHz<\/div>\n<div>Maximum Level:\u00a0 \u00a0 +20dBu<\/div>\n<div>Input Impedance:\u00a0 \u00a0 10k electronically balanced<\/div>\n<div>AES Inputs &#8211; 2 x 2:\u00a0 \u00a0 \u00a0Transformer balanced<\/div>\n<div>AES Input Sample Rates:\u00a0 8kHz &#8211; 192kHz<\/div>\n<div>AES Input s\/n Ratio:\u00a0 \u00a0 \u00a0139dB<\/div>\n<div>Input Impedance:\u00a0 \u00a0 \u00a0110 R<\/div>\n<div>Analogue Outputs:\u00a0 \u00a0 \u00a08 XLRM electronically balanced<\/div>\n<div>Source Impedance:\u00a0 \u00a0 \u00a060R<\/div>\n<div><\/div>\n<div><\/div>\n<div>AES Outputs:\u00a0\u00a0 4 x 2 Transformer Balanced<\/div>\n<div>Sample Rate:\u00a0 96kHz<\/div>\n<div>Source Impedance:\u00a0 110 R<\/div>\n<div>Performance &amp; Mechanical<\/div>\n<div>Frequency Response:\u00a0 12Hz &#8211; 32kHz \u00b10.2dB<\/div>\n<div>Dynamic Range:\u00a0 119dB &#8216;A&#8217;wtd (in-out analogue)<\/div>\n<div>THD+N (+19dB @lkHz):\u00a0 0.00029%<\/div>\n<div>Latency: 0.427mS\u00a0 (in-out analogue, 96kHz)<\/div>\n<div>Power:\u00a0 90-250VAC, 50-60Hz, 20W<\/div>\n<div>Dims:\u00a0 44 x 213 x 482mm (1.75 x 8.4 x 19in)<\/div>\n<div>Weight:\u00a0 2.5kg Net; 3.5kg Shipping<\/div>\n<div><\/div>\n<div><\/div>\n<div>Audio I\/O:<\/div>\n<div>4 Analogue Inputs, 8 Analogue Outputs<\/div>\n<div>AES Digital I\/O with SRC from 24 to 192kHz<\/div>\n<div><\/div>\n<div>Input Processing Features:<\/div>\n<div>Soft Knee Compressor 8 Parametric EQ\u2019s &amp; 3 DEQ\u2019s<\/div>\n<div>24dB\/Oct HPF &amp; 28 Band Graphic EQ<\/div>\n<div>Gain, Polarity, Delay (up to 1.3s)<\/div>\n<div><\/div>\n<div>Routing Matrix Modes:<\/div>\n<div>Full Mix Matrix, Routing Matrix, Preset<\/div>\n<div>Configurations (2&#215;4, 4&#215;2, 1&#215;8, 2&#215;3 +2)<\/div>\n<div><\/div>\n<div>Output Processing Features:<\/div>\n<div>16 Parametric EQs<\/div>\n<div>Crossover Filters up to 48dB\/Oct<\/div>\n<div>FIR Filter capable &#8211;<\/div>\n<div>1024 Taps\/2ch, 512 Taps\/4ch,<\/div>\n<div>256 Taps\/8ch at 96kHz<\/div>\n<div>Gain, Polarity, Delay (up to 1.3s)<\/div>\n<div>PXL Limiters<\/div>\n<div><\/div>\n<div>Remote control 1Gbps\/100Mbps Ethernet,<\/div>\n<div>USB Type C Up to 30 presets may be stored<\/div>\n<div>for offline recall<\/div>\n<\/div>\n<\/div>\n","protected":false},"excerpt":{"rendered":"<p>Urm\u0103torul pas \u00een tehnologie<\/p>\n<p>Ajuns la a treia genera\u021bie, F48X \u00eembun\u0103t\u0103\u021be\u0219te at\u00e2t performan\u021ba audio, c\u00e2t \u0219i flexibilitatea telecomenzii, ceea ce \u00eenseamn\u0103 c\u0103 sistemul dvs. sun\u0103 mai bine \u0219i este mai u\u0219or de controlat.<\/p>\n<p>Cu intr\u0103ri \u0219i ie\u0219iri comutabile \u00een perechi de canale \u00eentre analogic sau AES\/EBU, F48X v\u0103 ofer\u0103 flexibilitatea de care ave\u021bi nevoie pentru a v\u0103 integra \u00een sistemul dvs. Compresoarele sunt disponibile pe fiecare intrare, precum \u0219i un filtru trece-sus, 8 benzi de egalizator parametric, un egalizator grafic pe 28 de benzi, 3 benzi de egalizator dinamic \u0219i p\u00e2n\u0103 la 1,3 secunde de \u00eent\u00e2rziere. Rutarea c\u0103tre ie\u0219iri poate fi configurat\u0103 fie \u00een modul mix-matrix, rutare liber\u0103, fie \u00een mai multe op\u021biuni de rutare preconfigurate.<\/p>\n<p>Leg\u0103tura flexibil\u0103 a canalelor permite configurarea rapid\u0103 \u0219i u\u0219oar\u0103 a set\u0103rilor crossover comune sau a configura\u021biilor personalizate, dup\u0103 cum este necesar. Fiecare canal de ie\u0219ire are filtre has high si Low pass, 16 benzi de egalizator parametric \u0219i p\u00e2n\u0103 la 1,3 secunde de \u00eent\u00e2rziere. De asemenea, este acceptat\u0103 filtrarea FIR. Algoritmul nostru Predictive Excursion Limiter (PXL), pe fiecare ie\u0219ire, este conceput pentru a oferi cea mai bun\u0103 protec\u021bie a driverului cu cea mai mic\u0103 distorsiune.<\/p>\n<p>Software-ul nostru de control bazat pe Fatware Ethernet pentru PC, Mac \u0219i iPad v\u0103 ofer\u0103 posibilitatea nu numai de a controla toate dispozitivele dintr-o re\u021bea, ci \u0219i de a stoca memorii presetate \u0219i de a configura sistemele offline. O nou\u0103 conexiune USB-C pe panoul frontal cu bridging Ethernet \u00eenseamn\u0103 c\u0103 v\u0103 pute\u021bi conecta la orice dispozitiv \u0219i pute\u021bi controla \u00eentreaga re\u021bea. \u00cen plus, un nou switch Ethernet cu dou\u0103 porturi \u00een fiecare unitate \u00eenseamn\u0103 op\u021biuni flexibile de conectare &#8211; fie conectarea rapid\u0103 \u00een lan\u021b a dispozitivelor, fie rutarea tradi\u021bional\u0103 \u00een stea \u00eenapoi la un router\/switch extern dedicat.<\/p>\n<p>&nbsp;<\/p>\n<p>Download software :<\/p>\n<p><a href=\"http:\/\/www.nstaudio.com\/software\/fatwaremac\/FATWARE_Installer.dmg\">http:\/\/www.nstaudio.com\/software\/fatwaremac\/FATWARE_Installer.dmg<\/a><\/p>\n<p><a href=\"http:\/\/www.nstaudio.com\/software\/fatware\/FATWARE_Setup.exe\">http:\/\/www.nstaudio.com\/software\/fatware\/FATWARE_Setup.exe<\/a><\/p>\n","protected":false},"featured_media":13677,"comment_status":"open","ping_status":"closed","template":"","meta":[],"product_brand":[],"product_cat":[1577,42],"product_tag":[74,1579,919,1581,1578,1194,1571,1596,1587,1582,1588,1591,1583,1589,1592,1585,1584,1586,1590,1593,1580,1595,1594],"class_list":{"0":"post-13643","1":"product","2":"type-product","3":"status-publish","4":"has-post-thumbnail","6":"product_cat-www-fullfataudio-com","7":"product_cat-promotii","8":"product_tag-amplificatoare","9":"product_tag-amplificatoare-ffa","10":"product_tag-amplificator-4-canale","11":"product_tag-amplificator-clasa-d","12":"product_tag-amplificator-cu-dante","13":"product_tag-amplificator-lab-gruppen","14":"product_tag-amplificator-powersoft-x4-dante","15":"product_tag-f48x","16":"product_tag-ffa-10000","17":"product_tag-ffa-2004","18":"product_tag-ffa-2004-hd","19":"product_tag-ffa-2004-hd-g3-dsp","20":"product_tag-ffa-4004","21":"product_tag-ffa-5004-hd","22":"product_tag-ffa-5004-hd-g3-dsp","23":"product_tag-ffa-6000","24":"product_tag-ffa-6004","25":"product_tag-ffa-8000","26":"product_tag-ffa-8004-hd","27":"product_tag-ffa-8004-hd-g3-dsp","28":"product_tag-full-fat-audio","29":"product_tag-if48x","30":"product_tag-procesoare","32":"first","33":"instock","34":"product-type-simple"},"jetpack_sharing_enabled":true,"_links":{"self":[{"href":"https:\/\/quintett.ro\/index.php?rest_route=\/wp\/v2\/product\/13643","targetHints":{"allow":["GET"]}}],"collection":[{"href":"https:\/\/quintett.ro\/index.php?rest_route=\/wp\/v2\/product"}],"about":[{"href":"https:\/\/quintett.ro\/index.php?rest_route=\/wp\/v2\/types\/product"}],"replies":[{"embeddable":true,"href":"https:\/\/quintett.ro\/index.php?rest_route=%2Fwp%2Fv2%2Fcomments&post=13643"}],"wp:featuredmedia":[{"embeddable":true,"href":"https:\/\/quintett.ro\/index.php?rest_route=\/wp\/v2\/media\/13677"}],"wp:attachment":[{"href":"https:\/\/quintett.ro\/index.php?rest_route=%2Fwp%2Fv2%2Fmedia&parent=13643"}],"wp:term":[{"taxonomy":"product_brand","embeddable":true,"href":"https:\/\/quintett.ro\/index.php?rest_route=%2Fwp%2Fv2%2Fproduct_brand&post=13643"},{"taxonomy":"product_cat","embeddable":true,"href":"https:\/\/quintett.ro\/index.php?rest_route=%2Fwp%2Fv2%2Fproduct_cat&post=13643"},{"taxonomy":"product_tag","embeddable":true,"href":"https:\/\/quintett.ro\/index.php?rest_route=%2Fwp%2Fv2%2Fproduct_tag&post=13643"}],"curies":[{"name":"wp","href":"https:\/\/api.w.org\/{rel}","templated":true}]}}