{"id":13641,"date":"2026-02-17T11:00:45","date_gmt":"2026-02-17T09:00:45","guid":{"rendered":"https:\/\/quintett.ro\/?post_type=product&#038;p=13641"},"modified":"2026-02-17T11:16:13","modified_gmt":"2026-02-17T09:16:13","slug":"full-fat-audio-ffa-2004-hd-g3-dsp-amplificator","status":"publish","type":"product","link":"https:\/\/quintett.ro\/?product=full-fat-audio-ffa-2004-hd-g3-dsp-amplificator","title":{"rendered":"Full Fat Audio FFA-2004 HD G3 DSP Amplificator"},"content":{"rendered":"<table border=\"1\" cellspacing=\"1\" cellpadding=\"1\">\n<tbody>\n<tr>\n<td>Power<\/p>\n<p>Ratings<\/td>\n<td>FFA-2004 HD G3 DSP \u2013 4 x 500W ref 4 Ohms,\u00a0 \u00a0 \u00a04 x 250W 8 Ohm\u00a0 \u00a0 \u00a0 \u00a0 \u00a04 x 1000W ref 2 Ohms<\/p>\n<p>Note: Channel pairs can be bridged to drive very high power 8 Ohm subwoofers<\/td>\n<\/tr>\n<tr>\n<td>Gain<\/td>\n<td>32 dB &#8211;\u00a0For all HD G3 DSP models<\/td>\n<\/tr>\n<tr>\n<td>THD<\/td>\n<td>THD Typical 0.03 4 Ohm 1kHz THD+N<\/td>\n<\/tr>\n<tr>\n<td>Frequency<\/p>\n<p>Response<\/td>\n<td>20Hz &#8211; 20kHz +- 0.5dB<\/td>\n<\/tr>\n<tr>\n<td>Controls<\/td>\n<td>40 Point Potentiometer per channel, power on switch<\/td>\n<\/tr>\n<tr>\n<td>Indicators<\/td>\n<td>signal green = -20dB, signal yellow = -3dB, red signal = clip, signal red protect = over current, low AC mains or 3 sec. mute on power up<\/td>\n<\/tr>\n<tr>\n<td>Load<\/p>\n<p>Protection<\/td>\n<td>DC on output, precision clip limiter circuit<\/td>\n<\/tr>\n<tr>\n<td>Amplifier<\/p>\n<p>Protection<\/td>\n<td>Short circuit, current overload, thermal shutdown, high frequency stability circuit<\/td>\n<\/tr>\n<tr>\n<td>Audio Signal<\/p>\n<p>Inputs<\/td>\n<td>Analogue Balanced Neutrik\u00ae Female XLR input each channel Pin 1 &#8211; GND, Pin 2 &#8211; Hot +, Pin 3 &#8211; Cold\u00a0 Digital Dante AES67<\/td>\n<\/tr>\n<tr>\n<td>Audio Signal<\/p>\n<p>Outputs<\/td>\n<td>Neutrik\u00ae speakON each channel. Channels 1 and 3 output speakON utilises 2+ and 2- connection to allow use of 4 core loudspeaker cable for bi amp loudspeaker systems. Bridged output possible<\/td>\n<\/tr>\n<tr>\n<td>Power<\/p>\n<p>Requirement<\/td>\n<td>1 x Neutrik\u00ae 20A powerCON connector 1 x 16A 230 VAC Circuit. Power range 185V-230VAC 120V (configured at factory)<\/td>\n<\/tr>\n<tr>\n<td>System<\/p>\n<p>Cooling<\/td>\n<td>High CFM 80mm fan with proportional signal speed control. Rear to front airflow<\/td>\n<\/tr>\n<tr>\n<td>Dimensions<\/td>\n<td>88mm Height x 483mm Width x 510mm Depth. Includes rear rack support. 19&#8243; rack mount enclosure<\/td>\n<\/tr>\n<tr>\n<td>Weight<\/td>\n<td>10.5 kg<\/td>\n<\/tr>\n<\/tbody>\n<\/table>\n<p>&nbsp;<\/p>\n<p>DSP Software Functions<\/p>\n<p>\u2022 Input Delay (per channel): 0 to 1.3s in 10.4uS steps<br \/>\n\u2022 Input Compressor (per channel): Threshold (-30 to +22 dBu), Attack, Release, Ratio, Soft-Knee<br \/>\n\u2022 Input Parametric EQ (per channel): 8 bands \u2013 parametric, low shelf, high shelf, notch, band-pass<br \/>\n\u2022 Input Dynamic EQ (per channel): 2 bands \u2013 parametric\/low shelf\/high shelf, boost\/cut above \/below,<br \/>\nthreshold, ratio, attack, release<br \/>\n\u2022 Input High-Pass Filter (per channel): Up to 24dB\/octave ( Butterworth \/ Bessel \/ Linkwitz-Riley)<br \/>\n\u2022 Routing Inputs to Outputs: Full matrix mixer<br \/>\n\u2022 Output Parametric EQ (per channel): 16 bands \u2013 parametric, low shelf, high shelf, notch, band-pass<br \/>\n\u2022 Output High-Pass and Low-Pass Filter (per channel): Up to 48dB\/octave ( Butterworth \/ Bessel \/ Linkwitz-Riley)<br \/>\n\u2022 Output Gain (per channel): -30 to +15dB in 0.1dB steps, mute, phase<br \/>\n\u2022 Output Delay (per channel): 0 to 1.3s in 10.4uS steps High performance, two-stage PXL limiters<br \/>\nensure systems can be safely and reliably played at high level without compromising sound quality<br \/>\n\u2022 Output Limiter power amplifier (per channel): Threshold (-50 to +14dBu), attack, release, auto attack\/release option<br \/>\n\u2022 Output Limiter AUX XLR output: Threshold (-50 to +22dBu), attack, release, auto attack\/release option<br \/>\n\u2022 Output Delay (per channel): 0 to 1.3s in 10.4uS steps<\/p>\n<p>Technical specifications<\/p>\n<p>Analogue Inputs:\u00a0 \u00a0 \u00a04 x XLRF<br \/>\nBalanced CMRR:\u00a0 \u00a0 \u00a060dB@ 1kHz<br \/>\nMaximum Level:\u00a0 \u00a0 +20dBu<br \/>\nInput Impedance:\u00a0 \u00a0 10k electronically balanced<br \/>\nAES Inputs &#8211; 2 x 2:\u00a0 \u00a0 \u00a0Transformer balanced<br \/>\nAES Input Sample Rates:\u00a0 8kHz &#8211; 192kHz<br \/>\nAES Input s\/n Ratio:\u00a0 \u00a0 \u00a0139dB<br \/>\nInput Impedance:\u00a0 \u00a0 \u00a0110 R<br \/>\nAnalogue Outputs:\u00a0 \u00a0 \u00a08 XLRM electronically balanced<br \/>\nSource Impedance:\u00a0 \u00a0 \u00a060R<\/p>\n<p>AES Outputs:\u00a0 \u00a04 x 2 Transformer Balanced<br \/>\nSample Rate:\u00a0 96kHz<br \/>\nSource Impedance:\u00a0 110 R<br \/>\nPerformance &amp; Mechanical<br \/>\nFrequency Response:\u00a0 12Hz &#8211; 32kHz \u00b10.2dB<br \/>\nDynamic Range:\u00a0 119dB &#8216;A&#8217;wtd (in-out analogue)<br \/>\nTHD+N (+19dB @lkHz):\u00a0 0.00029%<br \/>\nLatency: 0.427mS\u00a0 (in-out analogue, 96kHz)<br \/>\nPower:\u00a0 90-250VAC, 50-60Hz, 20W<br \/>\nDims:\u00a0 44 x 213 x 482mm (1.75 x 8.4 x 19in)<br \/>\nWeight:\u00a0 2.5kg Net; 3.5kg Shipping<\/p>\n<p>Audio I\/O:<br \/>\n4 Analogue Inputs, 8 Analogue Outputs<br \/>\nAES Digital I\/O with SRC from 24 to 192kHz<\/p>\n<p>Input Processing Features:<br \/>\nSoft Knee Compressor 8 Parametric EQ\u2019s &amp; 3 DEQ\u2019s<br \/>\n24dB\/Oct HPF &amp; 28 Band Graphic EQ<br \/>\nGain, Polarity, Delay (up to 1.3s)<\/p>\n<p>Routing Matrix Modes:<br \/>\nFull Mix Matrix, Routing Matrix, Preset<br \/>\nConfigurations (2&#215;4, 4&#215;2, 1&#215;8, 2&#215;3 +2)<\/p>\n<p>Output Processing Features:<br \/>\n16 Parametric EQs<br \/>\nCrossover Filters up to 48dB\/Oct<br \/>\nFIR Filter capable &#8211;<br \/>\n1024 Taps\/2ch, 512 Taps\/4ch,<br \/>\n256 Taps\/8ch at 96kHz<br \/>\nGain, Polarity, Delay (up to 1.3s)<br \/>\nPXL Limiters<\/p>\n<p>Remote control 1Gbps\/100Mbps Ethernet,<br \/>\nUSB Type C Up to 30 presets may be stored<\/p>\n","protected":false},"excerpt":{"rendered":"<p>Dispune de un nou DSP de \u00eenalt\u0103 calitate, cu un sunet clar \u0219i natural. DSP-ul este conceput pe baza celor mai recente seturi de chipuri \u0219i hardware ESS. Semnalele audio pot fi transmise amplificatoarelor fie \u00een domeniul analogic prin XLR echilibrat, fie digital prin ethernet prin conexiune RJ45.<\/p>\n<p>DSP-ul complet echipat de 96kHz asigur\u0103 cel mai bun sunet. Software-ul FATWARE actualizat continu\u0103 s\u0103 ofere o interac\u021biune rapid\u0103 \u0219i receptiv\u0103 cu utilizatorul, iar semnalele pot fi rutate rapid \u0219i eficient.<\/p>\n<p>Amplificatoarele FFA HD sunt proiectate folosind componente electronice de \u00eenalt\u0103 performan\u021b\u0103, de mare vitez\u0103 \u0219i zgomot redus. Circuitele amplificatoarelor PWM de clas\u0103 D de \u00eenalt\u0103 eficien\u021b\u0103 sunt complet discrete, iar SMPS-ul nostru de curent ridicat va sus\u021bine continuu energia de joas\u0103 frecven\u021b\u0103.<\/p>\n<p>Proiectat \u0219i fabricat \u00een Anglia, cu o garan\u021bie de 6 ani.<\/p>\n<p>Download software :<\/p>\n<p><a href=\"http:\/\/www.nstaudio.com\/software\/fatwaremac\/FATWARE_Installer.dmg\">http:\/\/www.nstaudio.com\/software\/fatwaremac\/FATWARE_Installer.dmg<\/a><\/p>\n<p><a href=\"http:\/\/www.nstaudio.com\/software\/fatware\/FATWARE_Setup.exe\">http:\/\/www.nstaudio.com\/software\/fatware\/FATWARE_Setup.exe<\/a><\/p>\n","protected":false},"featured_media":13664,"comment_status":"open","ping_status":"closed","template":"","meta":[],"product_brand":[],"product_cat":[1577,42],"product_tag":[74,1579,919,1581,1578,1194,1571,1596,1587,1582,1588,1591,1583,1589,1592,1585,1584,1586,1590,1593,1580,1595,1594],"class_list":{"0":"post-13641","1":"product","2":"type-product","3":"status-publish","4":"has-post-thumbnail","6":"product_cat-www-fullfataudio-com","7":"product_cat-promotii","8":"product_tag-amplificatoare","9":"product_tag-amplificatoare-ffa","10":"product_tag-amplificator-4-canale","11":"product_tag-amplificator-clasa-d","12":"product_tag-amplificator-cu-dante","13":"product_tag-amplificator-lab-gruppen","14":"product_tag-amplificator-powersoft-x4-dante","15":"product_tag-f48x","16":"product_tag-ffa-10000","17":"product_tag-ffa-2004","18":"product_tag-ffa-2004-hd","19":"product_tag-ffa-2004-hd-g3-dsp","20":"product_tag-ffa-4004","21":"product_tag-ffa-5004-hd","22":"product_tag-ffa-5004-hd-g3-dsp","23":"product_tag-ffa-6000","24":"product_tag-ffa-6004","25":"product_tag-ffa-8000","26":"product_tag-ffa-8004-hd","27":"product_tag-ffa-8004-hd-g3-dsp","28":"product_tag-full-fat-audio","29":"product_tag-if48x","30":"product_tag-procesoare","32":"first","33":"instock","34":"product-type-simple"},"jetpack_sharing_enabled":true,"_links":{"self":[{"href":"https:\/\/quintett.ro\/index.php?rest_route=\/wp\/v2\/product\/13641","targetHints":{"allow":["GET"]}}],"collection":[{"href":"https:\/\/quintett.ro\/index.php?rest_route=\/wp\/v2\/product"}],"about":[{"href":"https:\/\/quintett.ro\/index.php?rest_route=\/wp\/v2\/types\/product"}],"replies":[{"embeddable":true,"href":"https:\/\/quintett.ro\/index.php?rest_route=%2Fwp%2Fv2%2Fcomments&post=13641"}],"wp:featuredmedia":[{"embeddable":true,"href":"https:\/\/quintett.ro\/index.php?rest_route=\/wp\/v2\/media\/13664"}],"wp:attachment":[{"href":"https:\/\/quintett.ro\/index.php?rest_route=%2Fwp%2Fv2%2Fmedia&parent=13641"}],"wp:term":[{"taxonomy":"product_brand","embeddable":true,"href":"https:\/\/quintett.ro\/index.php?rest_route=%2Fwp%2Fv2%2Fproduct_brand&post=13641"},{"taxonomy":"product_cat","embeddable":true,"href":"https:\/\/quintett.ro\/index.php?rest_route=%2Fwp%2Fv2%2Fproduct_cat&post=13641"},{"taxonomy":"product_tag","embeddable":true,"href":"https:\/\/quintett.ro\/index.php?rest_route=%2Fwp%2Fv2%2Fproduct_tag&post=13641"}],"curies":[{"name":"wp","href":"https:\/\/api.w.org\/{rel}","templated":true}]}}