{"id":13576,"date":"2026-02-13T09:57:57","date_gmt":"2026-02-13T07:57:57","guid":{"rendered":"https:\/\/quintett.ro\/?post_type=product&#038;p=13576"},"modified":"2026-03-18T09:59:27","modified_gmt":"2026-03-18T07:59:27","slug":"mac-mah-fog-blaster-1500-rgb","status":"publish","type":"product","link":"https:\/\/quintett.ro\/?product=mac-mah-fog-blaster-1500-rgb","title":{"rendered":"Mac Mah &#8211; Fog Blaster 1500 RGB + 5L Co2 GRATIS !"},"content":{"rendered":"<p>Caracteristici:<\/p>\n<p>Ma\u0219in\u0103 de fum portabil\u0103 &#8211; pistol portabil<br \/>\nFolose\u0219te lichid de fum pe baz\u0103 de ap\u0103, cum ar fi lichidul cu efect CO2, pentru rezultate optime (marca BoomTone DJ sau Evolite).<br \/>\nTimp de \u00eenc\u0103lzire: aproximativ 3-4 minute.<br \/>\nUmple rezervorul cu lichid de fum, apoi folose\u0219te declan\u0219atorul pentru a activa fumul.<br \/>\nEfect surprinz\u0103tor. Interac\u021bioneaz\u0103 cu publicul t\u0103u.<br \/>\nAparat de fum portabil echipat cu LED-uri RGB<br \/>\nCuloare band\u0103 luminoas\u0103 pe ambele p\u0103r\u021bi: RGB<br \/>\nPutere total\u0103: 1500 W<br \/>\nDistan\u021b\u0103 maxim\u0103 de pulverizare: aprox. 8-10 metri<br \/>\nSuport de mas\u0103 inclus<br \/>\nTimp de \u00eenc\u0103lzire: aprox. 5 min<br \/>\nCuloare LED duz\u0103: RGB<br \/>\nPutere total\u0103 LED duz\u0103: 18 W (culori)<br \/>\nPutere band\u0103 luminoas\u0103 pe ambele p\u0103r\u021bi: 10<br \/>\nCapacitate rezervor: 300 mL<br \/>\nElement de \u00eenc\u0103lzire: 1500 W<br \/>\nDebit: 700 m\u00b3\/minut<br \/>\nTensiune: 120-230 VAC \/ 50-60 Hz<br \/>\nCablu de alimentare TRUEONE Seetronic de 5 m<br \/>\nCarcas\u0103 din o\u021bel cu finisaj vopsit \u00een alb<br \/>\nGreutate net\u0103: 5 kg<br \/>\nGreutate brut\u0103: 5,7 kg<br \/>\nDimensiuni produs: 680 x 275 x 110 mm<br \/>\nDimensiuni ambalaj: 730 x 300 x 170 mm<br \/>\nRespect\u0103 standardele CE<br \/>\nClas\u0103 de protec\u021bie IP20<\/p>\n","protected":false},"excerpt":{"rendered":"<p>Ma\u0219ina de fum Mac Mah Fog Blaster 1500 RGB proiecteaz\u0103 nori de fum p\u00e2n\u0103 la 10 metri, \u00eembun\u0103t\u0103\u021bi\u021bi cu efecte de culoare sincronizate. Timpul rapid de \u00eenc\u0103lzire de 5 minute \u0219i rezervorul de 0,3 l asigur\u0103 o utilizare lin\u0103 \u0219i repetabil\u0103. Furnizat\u0103 cu un suport de mas\u0103 \u0219i un cablu de 5 m, se integreaz\u0103 cu u\u0219urin\u021b\u0103 \u00een orice configura\u021bie de DJ sau consol\u0103 de iluminat. Ideal\u0103 pentru a energiza nop\u021bile de club sau festivalurile!<\/p>\n<p><a href=\"https:\/\/quintett.ro\/?product=boomtone-dj-fog-fluid-co2-effect-5l&amp;v=cc5985ab3406\">Gratis : 5L Co2\u00a0<\/a><\/p>\n","protected":false},"featured_media":13681,"comment_status":"open","ping_status":"closed","template":"","meta":[],"product_brand":[],"product_cat":[1503,496],"product_tag":[1415,1460,501,1417,513,1427,665,1610,190,1459,505,1426,1609,832,196,1416,515,516],"class_list":{"0":"post-13576","1":"product","2":"type-product","3":"status-publish","4":"has-post-thumbnail","6":"product_cat-black-friday","7":"product_cat-msc-lumini-si-scene","8":"product_tag-1915-aura","9":"product_tag-beam-spot-wash","10":"product_tag-lumini-inteligente","11":"product_tag-lumini-led","12":"product_tag-mac-mah","13":"product_tag-martin","14":"product_tag-masina-fum","15":"product_tag-masina-fum-co2","16":"product_tag-moving-head","17":"product_tag-moving-head-150w","18":"product_tag-moving-head-7r","19":"product_tag-moving-head-led","20":"product_tag-pistol-feum","21":"product_tag-robe","22":"product_tag-wash","23":"product_tag-wash-1915","24":"product_tag-wash-19x15","25":"product_tag-wash1915","27":"first","28":"instock","29":"sale","30":"purchasable","31":"product-type-simple"},"jetpack_sharing_enabled":true,"_links":{"self":[{"href":"https:\/\/quintett.ro\/index.php?rest_route=\/wp\/v2\/product\/13576","targetHints":{"allow":["GET"]}}],"collection":[{"href":"https:\/\/quintett.ro\/index.php?rest_route=\/wp\/v2\/product"}],"about":[{"href":"https:\/\/quintett.ro\/index.php?rest_route=\/wp\/v2\/types\/product"}],"replies":[{"embeddable":true,"href":"https:\/\/quintett.ro\/index.php?rest_route=%2Fwp%2Fv2%2Fcomments&post=13576"}],"wp:featuredmedia":[{"embeddable":true,"href":"https:\/\/quintett.ro\/index.php?rest_route=\/wp\/v2\/media\/13681"}],"wp:attachment":[{"href":"https:\/\/quintett.ro\/index.php?rest_route=%2Fwp%2Fv2%2Fmedia&parent=13576"}],"wp:term":[{"taxonomy":"product_brand","embeddable":true,"href":"https:\/\/quintett.ro\/index.php?rest_route=%2Fwp%2Fv2%2Fproduct_brand&post=13576"},{"taxonomy":"product_cat","embeddable":true,"href":"https:\/\/quintett.ro\/index.php?rest_route=%2Fwp%2Fv2%2Fproduct_cat&post=13576"},{"taxonomy":"product_tag","embeddable":true,"href":"https:\/\/quintett.ro\/index.php?rest_route=%2Fwp%2Fv2%2Fproduct_tag&post=13576"}],"curies":[{"name":"wp","href":"https:\/\/api.w.org\/{rel}","templated":true}]}}