{"id":13534,"date":"2026-02-12T17:57:17","date_gmt":"2026-02-12T15:57:17","guid":{"rendered":"https:\/\/quintett.ro\/?post_type=product&#038;p=13534"},"modified":"2026-02-17T10:32:04","modified_gmt":"2026-02-17T08:32:04","slug":"tcmfx-confettigun","status":"publish","type":"product","link":"https:\/\/quintett.ro\/?product=tcmfx-confettigun","title":{"rendered":"TCMFX Confettigun"},"content":{"rendered":"<p>Detalii<\/p>\n<p>Indicator de \u00eenc\u0103rcare a bateriei.<br \/>\n\u00cenc\u0103rcare prin conexiunea PowerCon.<br \/>\nBateria \u00eencorporat\u0103 dureaz\u0103 p\u00e2n\u0103 la 12 ore.<br \/>\nIndicator pentru o singur\u0103 aruncare sau aruncare complet\u0103.<\/p>\n<p>Consum\/Capacitate<\/p>\n<p>Tunuri electrice de confetti 40 cm: raz\u0103 de ac\u021biune 5 metri<br \/>\nTunuri electrice de confetti 80 cm: raz\u0103 de ac\u021biune 12 metri<br \/>\nTunuri electrice de confetti 40 cm: raz\u0103 de ac\u021biune 10 metri<br \/>\nTunuri electrice de confetti 80 cm: raz\u0103 de ac\u021biune 20 metri<\/p>\n<p>Specifica\u021bii tehnice<\/p>\n<p>Dimensiuni: 13 x 12 x 41 cm<br \/>\nGreutate: 2,70 kg<br \/>\nAlimentare: 230V AC, 50 Hz<br \/>\nConsum de energie: 100 W<br \/>\nConexiune alimentare:<br \/>\nIntrare re\u021bea PowerCon (albastru), versiune de montare<br \/>\nIe\u0219ire putere:<br \/>\n2x conector special pentru montare \u00eencastrat\u0103<br \/>\nControl: Comutator pornit\/oprit pe dispozitiv<br \/>\nCuloarea carcasei: negru<\/p>\n<p>Specifica\u021bii<br \/>\nVALORI IDEALE DE MEDIU<br \/>\nIntrare tun electric de confetti\/serpentine de 50 cm sau 80 cm<br \/>\nIe\u0219ire Confetti\/Serpentine<br \/>\nGreutate 2,65 KG<br \/>\nDimensiuni 41 x 14 x 19 cm (L x l x \u00ce)<br \/>\nTemperatur\u0103 0 \u2013 45 \u00b0C<br \/>\nUmiditate max. 90%<br \/>\nPistol de confetti | MANUAL DE UTILIZARE 4<br \/>\nA se p\u0103stra departe de:<br \/>\n. Praf<br \/>\n. Gaze corozive<br \/>\n. Concentra\u021bii mari de gaze organice<br \/>\n. Nu amplasat la sursa de vibra\u021bii<\/p>\n","protected":false},"excerpt":{"rendered":"<p>Introducere<br \/>\nINFORMA\u021aII GENERALE<br \/>\n\u2022 Pistolul de confetti permite tragerea cu tunuri electrice de confetti de<br \/>\n50 cm sau 80 cm.<br \/>\n\u2022 Func\u021bioneaz\u0103 cu baterii.<br \/>\n\u2022 Nu este permis\u0103 tragerea cu altceva dec\u00e2t confetti.<br \/>\n\u2022 Furnizorul nu este responsabil pentru utilizarea necorespunz\u0103toare a acestui dispozitiv.<br \/>\nCONFETTI<br \/>\nPute\u021bi trage cu tuburi electrice de 50 cm sau 80 cm cu<br \/>\npistolul de confetti.<br \/>\nSunt posibile urm\u0103toarele tipuri de umpluturi:<br \/>\n\u2022 Tun electric de confetti de 50 cm<br \/>\n\u2022 Tun electric de confetti de 80 cm<\/p>\n","protected":false},"featured_media":13560,"comment_status":"open","ping_status":"closed","template":"","meta":[],"product_brand":[],"product_cat":[1602],"product_tag":[1603,1608,1606,1607,1604,1605],"class_list":{"0":"post-13534","1":"product","2":"type-product","3":"status-publish","4":"has-post-thumbnail","6":"product_cat-the-confetti-maker","7":"product_tag-confetti-gun","8":"product_tag-confetti-hartie","9":"product_tag-efecte-speciale","10":"product_tag-magic-fx","11":"product_tag-pistol-confetti","12":"product_tag-tcm-fx","14":"first","15":"instock","16":"sale","17":"purchasable","18":"product-type-simple"},"jetpack_sharing_enabled":true,"_links":{"self":[{"href":"https:\/\/quintett.ro\/index.php?rest_route=\/wp\/v2\/product\/13534","targetHints":{"allow":["GET"]}}],"collection":[{"href":"https:\/\/quintett.ro\/index.php?rest_route=\/wp\/v2\/product"}],"about":[{"href":"https:\/\/quintett.ro\/index.php?rest_route=\/wp\/v2\/types\/product"}],"replies":[{"embeddable":true,"href":"https:\/\/quintett.ro\/index.php?rest_route=%2Fwp%2Fv2%2Fcomments&post=13534"}],"wp:featuredmedia":[{"embeddable":true,"href":"https:\/\/quintett.ro\/index.php?rest_route=\/wp\/v2\/media\/13560"}],"wp:attachment":[{"href":"https:\/\/quintett.ro\/index.php?rest_route=%2Fwp%2Fv2%2Fmedia&parent=13534"}],"wp:term":[{"taxonomy":"product_brand","embeddable":true,"href":"https:\/\/quintett.ro\/index.php?rest_route=%2Fwp%2Fv2%2Fproduct_brand&post=13534"},{"taxonomy":"product_cat","embeddable":true,"href":"https:\/\/quintett.ro\/index.php?rest_route=%2Fwp%2Fv2%2Fproduct_cat&post=13534"},{"taxonomy":"product_tag","embeddable":true,"href":"https:\/\/quintett.ro\/index.php?rest_route=%2Fwp%2Fv2%2Fproduct_tag&post=13534"}],"curies":[{"name":"wp","href":"https:\/\/api.w.org\/{rel}","templated":true}]}}