{"id":13522,"date":"2026-02-12T17:01:26","date_gmt":"2026-02-12T15:01:26","guid":{"rendered":"https:\/\/quintett.ro\/?post_type=product&#038;p=13522"},"modified":"2026-02-12T17:21:10","modified_gmt":"2026-02-12T15:21:10","slug":"nst-audio-dm88-system-processor","status":"publish","type":"product","link":"https:\/\/quintett.ro\/?product=nst-audio-dm88-system-processor","title":{"rendered":"NST AUDIO DM88 System Processor"},"content":{"rendered":"<p>&nbsp;<\/p>\n<p>Specifica\u021bii tehnice DM88<\/p>\n<p>Intr\u0103ri analogice &#8211; 8 XLR echilibrate electronic<br \/>\nCMRR: &gt;60dB la 1kHz<br \/>\nSNR: 119dB \u201eA\u201d ponderat<br \/>\nNivel maxim &gt;20dBu<br \/>\nImpedan\u021b\u0103 intrare: 10k echilibrat<\/p>\n<p>Ie\u0219iri analogice &#8211; 8 XLR echilibrate electronic<br \/>\nSNR: 122dB \u201eA\u201d ponderat<br \/>\nNivel maxim: &gt;20dBu<br \/>\nImpedan\u021b\u0103 surs\u0103: &lt;60R<\/p>\n<p>Intr\u0103ri AES3 &#8211; 4 x 2 XLR echilibrate cu transformator<br \/>\nRate de e\u0219antionare intrare AES: 8kHz &#8211; 192kHz<br \/>\nRaport semnal\/zgomot intrare AES: 139dB<br \/>\nImpedan\u021b\u0103 intrare: 110R<br \/>\nIe\u0219iri AES3 &#8211; 4 x 2 XLR echilibrate cu transformator<br \/>\nRat\u0103 de e\u0219antionare: 96kHz<br \/>\nImpedan\u021b\u0103 surs\u0103: 110R<\/p>\n<p>Audio de re\u021bea<br \/>\n16 intr\u0103ri, 16 ie\u0219iri (96kHz)<br \/>\nCompatibil cu Dante \u0219i AES67<br \/>\nIntrare BNC Word Clock (selectat\u0103 automat dac\u0103 este valid\u0103)<\/p>\n<p>Performan\u021b\u0103 \u0219i mecanic\u0103<br \/>\nR\u0103spuns \u00een frecven\u021b\u0103: 12Hz &#8211; 32kHz +0.2dB<br \/>\nInterval dinamic: &gt;119dB \u201eA\u201d wtd (analogic intrare-ie\u0219ire)<br \/>\nTHD+N (+19dB la 1kHz): 0.00029%<br \/>\nLaten\u021b\u0103: 0.615mS (analogic intrare-ie\u0219ire, 96kHz)<\/p>\n<p>Alimentare: 90-250VAC, 50-60Hz, 20W<br \/>\nDimensiuni: 88 x 170 x 482mm (3.47 x 6.75 x 19in)<br \/>\nGreutate: 3.2kg Net; 4.4kg Transport<\/p>\n<p>Caracteristici de procesare a intr\u0103rii<br \/>\nFiltru variabil trece-sus;<br \/>\nCompresor;<br \/>\nEgalizator parametric multistrat cu bibliotec\u0103 de comportament;<br \/>\nEgalizator dinamic pe 3 benzi;<br \/>\n\u00cent\u00e2rziere\/C\u00e2\u0219tig\/Polaritate\/Mute<\/p>\n<p>Func\u021bii de procesare a ie\u0219irii<br \/>\nEgalizator parametric multistrat cu bibliotec\u0103 de comportament;<br \/>\nFiltre crossover de p\u00e2n\u0103 la 48dB\/Oct;<br \/>\nCapabil FIR &#8211; p\u00e2n\u0103 la 1024 tap-uri\/canal;<br \/>\nC\u00e2\u0219tig de band\u0103, C\u00e2\u0219tig de ie\u0219ire, Polaritate;<br \/>\n\u00cent\u00e2rziere (p\u00e2n\u0103 la 1,3s per canal);<br \/>\n2 moduri de limitare RMS (standard \u0219i pasiv pe 2 c\u0103i);<br \/>\nLimitator Look Ahead Clip<\/p>\n<p>Func\u021bii de rutare a semnalului<br \/>\nSistem Failover &#8211; intr\u0103ri \u201evirtuale\u201d automate pe trei niveluri<br \/>\ncare selecteaz\u0103 surse alternative dac\u0103 un semnal e\u0219ueaz\u0103;<br \/>\nConversie direct\u0103 a sursei &#8211; orice surs\u0103 de intrare poate fi<br \/>\nrutat\u0103 direct c\u0103tre orice ie\u0219ire, ocolind DSP-ul;<br \/>\nMatrici de mixare &#8211; fiecare canal de procesare a intr\u0103rii \u0219i ie\u0219irii<br \/>\nare o matrice de selec\u021bie \u0219i mixare cu 4 surse.<\/p>\n<p>Comunica\u021bii \u0219i caracteristici generale<br \/>\nEcran tactil color de 5&#8243; pentru monitorizare, control al nivelului cheii \u0219i al \u00eent\u00e2rzierii\/fezei\/mute \u0219i reapelare a preset\u0103rilor;<br \/>\n4 porturi GPI pentru control extern configurabil;<br \/>\nSe pot stoca p\u00e2n\u0103 la 64 de preset\u0103ri pentru reapelare offline;<br \/>\nTelecomand\u0103 prin Ethernet 100Mbps cu<br \/>\ncommutator cu 4 porturi integrat.<\/p>\n<p>Compatibil cu panourile de control de la distan\u021b\u0103 VR1, VR2 PoE<br \/>\n\u0219i aplica\u021bia de control V-Remote pentru iPhone.<\/p>\n<p>Datorit\u0103 \u00eembun\u0103t\u0103\u021birii continue a produsului, specifica\u021biile de mai sus pot fi modificate.<\/p>\n","protected":false},"excerpt":{"rendered":"<p>Puternic, flexibil \u0219i u\u0219or de utilizat este posibil. Potrivit at\u00e2t pentru sarcini FOH, c\u00e2t \u0219i ca manager de sistem \u0219i comutator de consol\u0103 extrem de capabil, sau ca hub al unui sistem de instalare complex, DM88 poate controla \u0219i procesa totul, simplu \u0219i eficient.<\/p>\n<p>DM88 \u00eencorporeaz\u0103 nu doar cea mai bun\u0103 calitate a conversiei audio \u0219i a DSP-ului, ci \u0219i noi niveluri de flexibilitate pentru rutare \u0219i procesare. Av\u00e2nd 16 intr\u0103ri Dante, 8 analogice \u0219i 4&#215;2 AES3, toate acestea sunt disponibile* pentru a fi matri\u021bate pe unul dintre cele 16 canale de procesare, optimizate fie pentru procesarea general\u0103 a intr\u0103rilor, fie pentru procesarea mai specializat\u0103 a difuzoarelor de ie\u0219ire.<\/p>\n<p>Procesarea general\u0103 a intr\u0103rilor prezint\u0103 mai multe straturi de egalizator parametric cu o bibliotec\u0103 de comportamente selectabile, 3 benzi de egalizator dinamic, compresie, filtru trece-sus plus delay \u0219i inversare de faz\u0103.<\/p>\n<p>Procesarea specializat\u0103 a ie\u0219irilor include filtre trece-sus \u0219i trece-jos de 48dB\/Oct, mai multe straturi de egalizator, filtrare FIR \u0219i un nou limitator de mod pe 2 c\u0103i, conceput pentru utilizarea cu boxe pasive pe 2 c\u0103i.<\/p>\n<p>Permi\u021b\u00e2nd selectarea direct\u0103 a oric\u0103rei surse la orice ie\u0219ire \u0219i \u00eencorpor\u00e2nd un sistem de failover pe trei niveluri, DM88 poate efectua conversie de format \u0219i sarcini de break-in\/break-out. Aceasta se adaug\u0103 la cele 16 canale de procesare individual\u0103 a semnalului \u0219i rutare.<\/p>\n<p>Software-ul nostru de control D-Net pentru PC, Mac \u0219i iPad v\u0103 ofer\u0103 control complet prin Ethernet \u0219i Wi-Fi. Cea mai recent\u0103 versiune a D-Net \u00eencorporeaz\u0103 func\u021bii avansate care deblocheaz\u0103 capacit\u0103\u021bile dispozitivului DM88. Acestea includ biblioteci de module de difuzoare pentru configurare rapid\u0103 \u0219i un control puternic al grup\u0103rii \u0219i leg\u0103turilor pentru a lucra cu straturi de egalizare, niveluri \u0219i \u00eent\u00e2rzieri pe mai multe dispozitive din re\u021bea**.<\/p>\n<p>DM88 este, de asemenea, compatibil cu telecomenzile VR1 \u0219i VR2 pentru loca\u021bii \u0219i cu V-Remote, aplica\u021bia noastr\u0103 pentru telecomenzi pentru loca\u021bii de iPhone.<\/p>\n<p>Download software :<\/p>\n<p><a href=\"https:\/\/nstaudio.com\/software\/dnetmac\/D-Net_Installer.dmg\">https:\/\/nstaudio.com\/software\/dnetmac\/D-Net_Installer.dmg<\/a><\/p>\n<p><a href=\"https:\/\/nstaudio.com\/software\/dnet\/D-Net_Setup.exe\">https:\/\/nstaudio.com\/software\/dnet\/D-Net_Setup.exe<\/a><\/p>\n<p><a href=\"https:\/\/itunes.apple.com\/gb\/app\/d-net\/id1193248052?mt=8\">https:\/\/itunes.apple.com\/gb\/app\/d-net\/id1193248052?mt=8<\/a><\/p>\n<p>&nbsp;<\/p>\n","protected":false},"featured_media":13531,"comment_status":"open","ping_status":"closed","template":"","meta":[],"product_brand":[],"product_cat":[1598,42],"product_tag":[74,1579,919,1581,1578,1194,1571,1596,1587,1582,1588,1591,1583,1589,1592,1585,1584,1586,1590,1593,1580,1595,1599,1601,1594,1600],"class_list":{"0":"post-13522","1":"product","2":"type-product","3":"status-publish","4":"has-post-thumbnail","6":"product_cat-nst-audio","7":"product_cat-promotii","8":"product_tag-amplificatoare","9":"product_tag-amplificatoare-ffa","10":"product_tag-amplificator-4-canale","11":"product_tag-amplificator-clasa-d","12":"product_tag-amplificator-cu-dante","13":"product_tag-amplificator-lab-gruppen","14":"product_tag-amplificator-powersoft-x4-dante","15":"product_tag-f48x","16":"product_tag-ffa-10000","17":"product_tag-ffa-2004","18":"product_tag-ffa-2004-hd","19":"product_tag-ffa-2004-hd-g3-dsp","20":"product_tag-ffa-4004","21":"product_tag-ffa-5004-hd","22":"product_tag-ffa-5004-hd-g3-dsp","23":"product_tag-ffa-6000","24":"product_tag-ffa-6004","25":"product_tag-ffa-8000","26":"product_tag-ffa-8004-hd","27":"product_tag-ffa-8004-hd-g3-dsp","28":"product_tag-full-fat-audio","29":"product_tag-if48x","30":"product_tag-nst-audio","31":"product_tag-nst-audio-dm88-system-processor","32":"product_tag-procesoare","33":"product_tag-procesor-de-sistem","35":"first","36":"instock","37":"product-type-simple"},"jetpack_sharing_enabled":true,"_links":{"self":[{"href":"https:\/\/quintett.ro\/index.php?rest_route=\/wp\/v2\/product\/13522","targetHints":{"allow":["GET"]}}],"collection":[{"href":"https:\/\/quintett.ro\/index.php?rest_route=\/wp\/v2\/product"}],"about":[{"href":"https:\/\/quintett.ro\/index.php?rest_route=\/wp\/v2\/types\/product"}],"replies":[{"embeddable":true,"href":"https:\/\/quintett.ro\/index.php?rest_route=%2Fwp%2Fv2%2Fcomments&post=13522"}],"wp:featuredmedia":[{"embeddable":true,"href":"https:\/\/quintett.ro\/index.php?rest_route=\/wp\/v2\/media\/13531"}],"wp:attachment":[{"href":"https:\/\/quintett.ro\/index.php?rest_route=%2Fwp%2Fv2%2Fmedia&parent=13522"}],"wp:term":[{"taxonomy":"product_brand","embeddable":true,"href":"https:\/\/quintett.ro\/index.php?rest_route=%2Fwp%2Fv2%2Fproduct_brand&post=13522"},{"taxonomy":"product_cat","embeddable":true,"href":"https:\/\/quintett.ro\/index.php?rest_route=%2Fwp%2Fv2%2Fproduct_cat&post=13522"},{"taxonomy":"product_tag","embeddable":true,"href":"https:\/\/quintett.ro\/index.php?rest_route=%2Fwp%2Fv2%2Fproduct_tag&post=13522"}],"curies":[{"name":"wp","href":"https:\/\/api.w.org\/{rel}","templated":true}]}}