{"id":13509,"date":"2026-02-12T16:42:58","date_gmt":"2026-02-12T14:42:58","guid":{"rendered":"https:\/\/quintett.ro\/?post_type=product&#038;p=13509"},"modified":"2026-02-12T17:30:20","modified_gmt":"2026-02-12T15:30:20","slug":"full-fat-audio-ffa-8000-amplificator","status":"publish","type":"product","link":"https:\/\/quintett.ro\/?product=full-fat-audio-ffa-8000-amplificator","title":{"rendered":"Full Fat Audio FFA-8000 Amplificator"},"content":{"rendered":"<p>Caracteristici :<\/p>\n<p>\u2022 2 x 4000 wa\u021bi la 2 ohmi<br \/>\n\u2022 Amplificatoare FFA clasa D PWM<br \/>\n\u2022 Pornire lin\u0103 a sursei de alimentare<br \/>\n\u2022 Marj\u0103 termic\u0103 ridicat\u0103<br \/>\n\u2022 Greutate &#8211; 12 kg<br \/>\n\u2022 Amplificatoare de putere duale mono<br \/>\n\u2022 Limitator de clip<br \/>\n\u2022 Garan\u021bie de 5 ani din fabric\u0103<br \/>\n\u2022 Construit \u0219i proiectat manual \u00een Anglia<br \/>\n\u2022 Surs\u0103 de alimentare \u00een comuta\u021bie<br \/>\n\u2022 Eficient energetic<br \/>\n\u2022 Driver de 2 ohmi<br \/>\n\u2022 Construc\u021bie complet\u0103 din aluminiu<br \/>\n\u2022 Surs\u0103 de alimentare dual\u0103<\/p>\n<table border=\"1\" cellspacing=\"1\" cellpadding=\"1\">\n<tbody>\n<tr>\n<td>Power<\/p>\n<p>Ratings<\/td>\n<td>&nbsp;<\/p>\n<p>FFA &#8211; 8000 \u00a0&#8211; \u00a08 Ohms 1250W, 4 Ohms 2400W, 2 Ohms 4000W<\/td>\n<\/tr>\n<tr>\n<td>Gain<\/td>\n<td>32 dB<\/td>\n<\/tr>\n<tr>\n<td>THD<\/td>\n<td>Typical 0.05 4 Ohm 1kHz THD+N<\/td>\n<\/tr>\n<tr>\n<td>Frequency<\/p>\n<p>Response<\/td>\n<td>20Hz &#8211; 20kHz<\/td>\n<\/tr>\n<tr>\n<td>Controls<\/td>\n<td>Power on rocker switch each channel. 40 point Potentiometer each channel<\/td>\n<\/tr>\n<tr>\n<td>Indicators<\/td>\n<td>Power \u2018on\u2019 green LED each channel, Signal present green LED, -3dB drive yellow LED, amplifier clip &#8211; red signal LED,\u00a0 amplifier protect due to over temp\/clip limiter activated and 3 second mute at power up = red LED<\/td>\n<\/tr>\n<tr>\n<td>Cooling<\/td>\n<td>Rear to front airflow, high CFM fan<\/td>\n<\/tr>\n<tr>\n<td>Load<\/p>\n<p>Protection<\/td>\n<td>DC on output, side chain TCA clip limiter circuit<\/td>\n<\/tr>\n<tr>\n<td>Amplifier<\/p>\n<p>Protection<\/td>\n<td>Short circuit, current overload, thermal, reactive load stability<\/td>\n<\/tr>\n<tr>\n<td>Audio<\/p>\n<p>Inputs<\/td>\n<td>Neutrik\u00ae female XLR with male XLR signal link through per channel<\/td>\n<\/tr>\n<tr>\n<td>Audio<\/p>\n<p>Outputs<\/td>\n<td>Pair of Neutrik\u00ae NL4MP-UC speakON\u00ae connectors per channel. Each connector has all output poles live 1+, 1-, 2+, 2-. This allows the use of 4 core loudspeaker cable to minimise conductor losses between amplifier and loudspeaker<\/td>\n<\/tr>\n<tr>\n<td>Power<\/p>\n<p>Supply<\/td>\n<td>2 x 20A Neutrik\u00ae powerCON\u00ae required \u2013 one each channel<\/td>\n<\/tr>\n<tr>\n<td>Power<\/p>\n<p>Requirement<\/td>\n<td>185-230 VAC 50-60Hz, 2x16A max per amplifier<\/p>\n<p>120V (configured at factory)<\/td>\n<\/tr>\n<tr>\n<td>Power<\/p>\n<p>Operational<\/p>\n<p>Range<\/td>\n<td>Rear to front airflow, high CFM fan<\/td>\n<\/tr>\n<tr>\n<td>Dimensions<\/td>\n<td>2RU 19\u201d rack mount enclosure, H88mm x W483mm x D510mm. Depth includes integral rear rack support ears<\/td>\n<\/tr>\n<tr>\n<td>Weight<\/td>\n<td>12 kg<\/td>\n<\/tr>\n<\/tbody>\n<\/table>\n","protected":false},"excerpt":{"rendered":"<p>Amplificatoare audio profesionale FFA dual power dual mono<\/p>\n<p>Ideale pentru alimentarea difuzoarelor de bas \u0219i subbas de foarte mare putere sau a sistemelor full range de mare putere. Concepute pentru a alimenta sunet de foarte mare putere, sus\u021binut, \u00een sarcini de 2 Ohm.<\/p>\n<p>Dispun de amplificatoare PWM clasa D proprietare FFA. Acestea sunt asociate cu tehnologia PSU cu comutare de curent ridicat FFA. Capacitatea masiv\u0103 de stocare pe canal asigur\u0103 o alimentare continu\u0103 de mare putere c\u0103tre sarcin\u0103. FFA-8000 este dual mono &#8211; fiecare canal este total independent. Amplificatoarele de putere FFA dual mono sunt eficiente din punct de vedere energetic la re\u021bea \u0219i func\u021bioneaz\u0103 la rece chiar \u0219i \u00een cele mai solicitante medii. Construc\u021bia mecanic\u0103 este de calitate superioar\u0103, cu aluminiu utilizat \u00een \u00eentregul design al \u0219asiului. Aceasta ofer\u0103 o carcas\u0103 robust\u0103 \u0219i rigid\u0103, dar u\u0219oar\u0103, pentru sistemele electronice.<\/p>\n<p>Download software :<\/p>\n<p><a href=\"http:\/\/www.nstaudio.com\/software\/fatwaremac\/FATWARE_Installer.dmg\">http:\/\/www.nstaudio.com\/software\/fatwaremac\/FATWARE_Installer.dmg<\/a><\/p>\n<p><a href=\"http:\/\/www.nstaudio.com\/software\/fatware\/FATWARE_Setup.exe\">http:\/\/www.nstaudio.com\/software\/fatware\/FATWARE_Setup.exe<\/a><\/p>\n","protected":false},"featured_media":13510,"comment_status":"open","ping_status":"closed","template":"","meta":[],"product_brand":[],"product_cat":[1577,42],"product_tag":[74,1579,919,1581,1578,1194,1571,1596,1587,1582,1588,1591,1583,1589,1592,1585,1584,1586,1590,1593,1580,1595,1594],"class_list":{"0":"post-13509","1":"product","2":"type-product","3":"status-publish","4":"has-post-thumbnail","6":"product_cat-www-fullfataudio-com","7":"product_cat-promotii","8":"product_tag-amplificatoare","9":"product_tag-amplificatoare-ffa","10":"product_tag-amplificator-4-canale","11":"product_tag-amplificator-clasa-d","12":"product_tag-amplificator-cu-dante","13":"product_tag-amplificator-lab-gruppen","14":"product_tag-amplificator-powersoft-x4-dante","15":"product_tag-f48x","16":"product_tag-ffa-10000","17":"product_tag-ffa-2004","18":"product_tag-ffa-2004-hd","19":"product_tag-ffa-2004-hd-g3-dsp","20":"product_tag-ffa-4004","21":"product_tag-ffa-5004-hd","22":"product_tag-ffa-5004-hd-g3-dsp","23":"product_tag-ffa-6000","24":"product_tag-ffa-6004","25":"product_tag-ffa-8000","26":"product_tag-ffa-8004-hd","27":"product_tag-ffa-8004-hd-g3-dsp","28":"product_tag-full-fat-audio","29":"product_tag-if48x","30":"product_tag-procesoare","32":"first","33":"instock","34":"product-type-simple"},"jetpack_sharing_enabled":true,"_links":{"self":[{"href":"https:\/\/quintett.ro\/index.php?rest_route=\/wp\/v2\/product\/13509","targetHints":{"allow":["GET"]}}],"collection":[{"href":"https:\/\/quintett.ro\/index.php?rest_route=\/wp\/v2\/product"}],"about":[{"href":"https:\/\/quintett.ro\/index.php?rest_route=\/wp\/v2\/types\/product"}],"replies":[{"embeddable":true,"href":"https:\/\/quintett.ro\/index.php?rest_route=%2Fwp%2Fv2%2Fcomments&post=13509"}],"wp:featuredmedia":[{"embeddable":true,"href":"https:\/\/quintett.ro\/index.php?rest_route=\/wp\/v2\/media\/13510"}],"wp:attachment":[{"href":"https:\/\/quintett.ro\/index.php?rest_route=%2Fwp%2Fv2%2Fmedia&parent=13509"}],"wp:term":[{"taxonomy":"product_brand","embeddable":true,"href":"https:\/\/quintett.ro\/index.php?rest_route=%2Fwp%2Fv2%2Fproduct_brand&post=13509"},{"taxonomy":"product_cat","embeddable":true,"href":"https:\/\/quintett.ro\/index.php?rest_route=%2Fwp%2Fv2%2Fproduct_cat&post=13509"},{"taxonomy":"product_tag","embeddable":true,"href":"https:\/\/quintett.ro\/index.php?rest_route=%2Fwp%2Fv2%2Fproduct_tag&post=13509"}],"curies":[{"name":"wp","href":"https:\/\/api.w.org\/{rel}","templated":true}]}}