{"id":13493,"date":"2026-02-12T16:20:02","date_gmt":"2026-02-12T14:20:02","guid":{"rendered":"https:\/\/quintett.ro\/?post_type=product&#038;p=13493"},"modified":"2026-02-12T16:36:06","modified_gmt":"2026-02-12T14:36:06","slug":"full-fat-audio-ffa-4004-amplificator-2","status":"publish","type":"product","link":"https:\/\/quintett.ro\/?product=full-fat-audio-ffa-4004-amplificator-2","title":{"rendered":"Full Fat Audio FFA-4004 Amplificator"},"content":{"rendered":"<p>Caracteristici :<\/p>\n<p>&#8211; 4 x 1000 wa\u021bi la 4 ohmi<br \/>\n&#8211; Eficient energetic \u0219i func\u021bionare rece<br \/>\n&#8211; Construc\u021bie robust\u0103 din aluminiu, clasa Tour<br \/>\n&#8211; Greutate redus\u0103 &#8211; 10 kg<br \/>\n&#8211; Tehnologie FFA clasa D<br \/>\n&#8211; Surs\u0103 de alimentare cu comutare de curent ridicat<br \/>\n&#8211; Limitator clip TCA cu lan\u021b lateral<br \/>\n&#8211; Construit \u0219i proiectat manual \u00een Anglia<br \/>\n&#8211; Ie\u0219iri Neutrik\u00ae speakON bi-amplificatoare<br \/>\n&#8211; Leg\u0103tur\u0103 de semnal prin<br \/>\n&#8211; Intrare de alimentare Neutrik\u00ae powerCON<br \/>\n&#8211; Pornire u\u0219oar\u0103 a sursei de alimentare<br \/>\n&#8211; Garan\u021bie din fabric\u0103 de 5 ani<\/p>\n<table border=\"1\" cellspacing=\"1\" cellpadding=\"1\">\n<tbody>\n<tr>\n<td>Power<\/p>\n<p>Ratings<\/td>\n<td>FFA &#8211; 4004 &#8211; 4 x 600W 8 Ohm load, 4 x 1000W 4 Ohm load<\/td>\n<\/tr>\n<tr>\n<td>Gain<\/td>\n<td>32 dB<\/td>\n<\/tr>\n<tr>\n<td>THD<\/td>\n<td>THD Typical 0.05 4 Ohm 1kHz THD+N<\/td>\n<\/tr>\n<tr>\n<td>Frequency<\/p>\n<p>Response<\/td>\n<td>20Hz &#8211; 20kHz +- 0.5dB<\/td>\n<\/tr>\n<tr>\n<td>Controls<\/td>\n<td>40 Point Potentiometer per channel, power on switch<\/td>\n<\/tr>\n<tr>\n<td>Indicators<\/td>\n<td>signal green = -20dB, signal yellow = -3dB, red signal = clip, signal red protect = over current, low AC mains or 3 sec. mute on power up<\/td>\n<\/tr>\n<tr>\n<td>Load<\/p>\n<p>Protection<\/td>\n<td>DC on output, side chain TCA clip limiter circuit<\/td>\n<\/tr>\n<tr>\n<td>Amplifier<\/p>\n<p>Protection<\/td>\n<td>Short circuit, current overload, thermal shutdown, high frequency stability circuit<\/td>\n<\/tr>\n<tr>\n<td>Audio Signal<\/p>\n<p>Inputs<\/td>\n<td>Balanced Neutrik\u00ae Female XLR input connected Pin 1 &#8211; GND, Pin 2 &#8211; Hot +, Pin 3 &#8211; Cold &#8211; . XLR Male signal throughput each channel<\/td>\n<\/tr>\n<tr>\n<td>Audio Signal<\/p>\n<p>Outputs<\/td>\n<td>Neutrik\u00ae speakON each channel. Channels 1 and 3 output speakON utilises 2+ and 2- connection to allow use of 4 core loudspeaker cable for bi amp loudspeaker system for example stage monitor system<\/td>\n<\/tr>\n<tr>\n<td>Power<\/p>\n<p>Requirement<\/td>\n<td>1 x Neutrik\u00ae 20A powerCON connector 1 x 16A 240 VAC Circuit. Power range 185V-230VAC<\/td>\n<\/tr>\n<tr>\n<td>System<\/p>\n<p>Cooling<\/td>\n<td>High CFM 80mm fan with proportional signal speed control. Rear to front airflow<\/td>\n<\/tr>\n<tr>\n<td>Dimensions<\/td>\n<td>88mm Height x 483mm Width x 510mm Depth. Includes rear rack support. 19&#8243; rack mount enclosure<\/td>\n<\/tr>\n<tr>\n<td>Weight<\/td>\n<td>9 kg<\/td>\n<\/tr>\n<\/tbody>\n<\/table>\n","protected":false},"excerpt":{"rendered":"<p>Furnizare complet\u0103 de putere pe toate canalele, alimentate simultan, \u00eenc\u0103rcate cu 4 ohmi. Amplificatoare multimode foarte utile \u0219i versatile, potrivite pentru sisteme point source sau line array de turnee la scar\u0103 larg\u0103. La fel de potrivite pentru aplica\u021bii de bas mai pu\u021bin solicitante. Foarte u\u0219or de instalat \u0219i ideale pentru sisteme de monitorizare a scenei bi-amplificate sau instala\u021bii teatrale multi-punct. Etajul de ie\u0219ire FFA clasa D de \u00eenalt\u0103 eficien\u021b\u0103, proprietar, cuplat cu o surs\u0103 de alimentare \u00een comuta\u021bie de curent ridicat, permite o livrare de putere ridicat\u0103 chiar \u0219i \u00een cele mai dure condi\u021bii de mediu.<\/p>\n","protected":false},"featured_media":13497,"comment_status":"open","ping_status":"closed","template":"","meta":[],"product_brand":[],"product_cat":[1577,42],"product_tag":[74,1579,919,1581,1578,1194,1571,1596,1587,1582,1588,1591,1583,1589,1592,1585,1584,1586,1590,1593,1580,1595,1594],"class_list":{"0":"post-13493","1":"product","2":"type-product","3":"status-publish","4":"has-post-thumbnail","6":"product_cat-www-fullfataudio-com","7":"product_cat-promotii","8":"product_tag-amplificatoare","9":"product_tag-amplificatoare-ffa","10":"product_tag-amplificator-4-canale","11":"product_tag-amplificator-clasa-d","12":"product_tag-amplificator-cu-dante","13":"product_tag-amplificator-lab-gruppen","14":"product_tag-amplificator-powersoft-x4-dante","15":"product_tag-f48x","16":"product_tag-ffa-10000","17":"product_tag-ffa-2004","18":"product_tag-ffa-2004-hd","19":"product_tag-ffa-2004-hd-g3-dsp","20":"product_tag-ffa-4004","21":"product_tag-ffa-5004-hd","22":"product_tag-ffa-5004-hd-g3-dsp","23":"product_tag-ffa-6000","24":"product_tag-ffa-6004","25":"product_tag-ffa-8000","26":"product_tag-ffa-8004-hd","27":"product_tag-ffa-8004-hd-g3-dsp","28":"product_tag-full-fat-audio","29":"product_tag-if48x","30":"product_tag-procesoare","32":"first","33":"instock","34":"product-type-simple"},"jetpack_sharing_enabled":true,"_links":{"self":[{"href":"https:\/\/quintett.ro\/index.php?rest_route=\/wp\/v2\/product\/13493","targetHints":{"allow":["GET"]}}],"collection":[{"href":"https:\/\/quintett.ro\/index.php?rest_route=\/wp\/v2\/product"}],"about":[{"href":"https:\/\/quintett.ro\/index.php?rest_route=\/wp\/v2\/types\/product"}],"replies":[{"embeddable":true,"href":"https:\/\/quintett.ro\/index.php?rest_route=%2Fwp%2Fv2%2Fcomments&post=13493"}],"wp:featuredmedia":[{"embeddable":true,"href":"https:\/\/quintett.ro\/index.php?rest_route=\/wp\/v2\/media\/13497"}],"wp:attachment":[{"href":"https:\/\/quintett.ro\/index.php?rest_route=%2Fwp%2Fv2%2Fmedia&parent=13493"}],"wp:term":[{"taxonomy":"product_brand","embeddable":true,"href":"https:\/\/quintett.ro\/index.php?rest_route=%2Fwp%2Fv2%2Fproduct_brand&post=13493"},{"taxonomy":"product_cat","embeddable":true,"href":"https:\/\/quintett.ro\/index.php?rest_route=%2Fwp%2Fv2%2Fproduct_cat&post=13493"},{"taxonomy":"product_tag","embeddable":true,"href":"https:\/\/quintett.ro\/index.php?rest_route=%2Fwp%2Fv2%2Fproduct_tag&post=13493"}],"curies":[{"name":"wp","href":"https:\/\/api.w.org\/{rel}","templated":true}]}}