{"id":13479,"date":"2026-02-11T11:50:12","date_gmt":"2026-02-11T09:50:12","guid":{"rendered":"https:\/\/quintett.ro\/?post_type=product&#038;p=13479"},"modified":"2026-02-11T11:51:53","modified_gmt":"2026-02-11T09:51:53","slug":"tw-audio-b30-b-stock","status":"publish","type":"product","link":"https:\/\/quintett.ro\/?product=tw-audio-b30-b-stock","title":{"rendered":"TW Audio B30 B-Stock"},"content":{"rendered":"<div class=\"av-special-heading av-special-heading-h3 el_before_av_one_full avia-builder-el-first \">\n<h3 class=\"av-special-heading-tag\"><span style=\"font-size: 16px;\">Construc\u021bia hibrid\u0103 a <\/span><strong style=\"font-size: 16px;\">modelului<\/strong><span style=\"font-size: 16px;\">\u00a0nostru\u00a0<strong>B30<\/strong> cu ansamblu dublu de 15&#8243; combin\u0103 avantajele sistemelor de reflexe bass \u0219i claxon.<\/span><\/h3>\n<\/div>\n<div class=\"flex_column av_one_half flex_column_div av-zero-column-padding first el_before_av_one_half avia-builder-el-first\">\n<section class=\"av_textblock_section\">\n<div class=\"avia_textblock\">\n<p>Eficien\u021b\u0103 ridicat\u0103, raz\u0103 lung\u0103 \u0219i o frecven\u021b\u0103 de \u00eentrerupere mai mic\u0103.\u00a0C\u00e2mpul sonor este cuplat pe \u00eentreaga suprafa\u021b\u0103 frontal\u0103, reduc\u00e2nd frecarea aerului \u0219i pierderile de curgere la minimum.<\/p>\n<p>Rezultatul este transferul eficient de energie cu o reproducere controlat\u0103 a impulsurilor \u0219i o dinamic\u0103 excelent\u0103. La pu\u021bin sub 39 kg, B30 este u\u0219or. Raportul dintre greutatea volumului s\u0103u \u0219i sunet face din aceasta boxe clasic ceva special.<\/p>\n<p>ATENTIE : Func\u021bionarea optima este recomandat\u0103 cu preseturi TW AUDIO dedicate pe amplificatoarele Lab Gruppen , Linea Research ,Powersoft sau Dynacord seriile TGX, IPX \u0219i L .<\/p>\n<\/div>\n<\/section>\n<\/div>\n","protected":false},"excerpt":{"rendered":"<p>&nbsp;<\/p>\n<table id=\"descTable\" class=\"descTable no_phone_\" style=\"height: 435px;\" width=\"778\">\n<tbody>\n<tr>\n<td class=\"descMarker\">Difuzoare<\/td>\n<td class=\"descContent\">2 \u00d7 15 &#8220;<\/td>\n<\/tr>\n<tr>\n<td class=\"descMarker\">R\u0103spuns \u00een Frecven\u021b\u0103<\/td>\n<td class=\"descContent\">35-200 Hz<\/td>\n<\/tr>\n<tr>\n<td class=\"descMarker\">Program \/ peak<\/td>\n<td class=\"descContent\">2000\/4000 W.<\/td>\n<\/tr>\n<tr>\n<td class=\"descMarker\">Impedan\u021b\u0103<\/td>\n<td class=\"descContent\">8 ohmi<\/td>\n<\/tr>\n<tr>\n<td class=\"descMarker\">Unghiul fasciculului<\/td>\n<td class=\"descContent\">omni<\/td>\n<\/tr>\n<tr>\n<td class=\"descMarker\">SPLmax \/ 1 m<\/td>\n<td class=\"descContent\">133 dB<\/td>\n<\/tr>\n<tr>\n<td class=\"descMarker\">Conexiune<\/td>\n<td class=\"descContent\">NL4 2 \u00b1<\/td>\n<\/tr>\n<tr>\n<td class=\"descMarker\">Dimensiuni (H \u00d7 L \u00d7 D)<\/td>\n<td class=\"descContent\">706 \u00d7 446 \u00d7 800 mm<\/td>\n<\/tr>\n<tr>\n<td class=\"descMarker\">Greutate<\/td>\n<td class=\"descContent\">38,7 kg<\/td>\n<\/tr>\n<tr>\n<td class=\"descMarker\">Suprafa\u021b\u0103<\/td>\n<td class=\"descContent\">Vopsea cu textur\u0103 Poliuree<\/td>\n<\/tr>\n<tr>\n<td class=\"descMarker\">Accesorii<\/td>\n<td class=\"descContent\">FDB30, QDB30, CoverB30<\/td>\n<\/tr>\n<tr>\n<td class=\"descMarker\">Op\u021biuni<\/td>\n<td class=\"descContent\">Culori RAL<\/td>\n<\/tr>\n<\/tbody>\n<\/table>\n","protected":false},"featured_media":438,"comment_status":"open","ping_status":"closed","template":"","meta":[],"product_brand":[],"product_cat":[19,96],"product_tag":[68,69,1394,55],"class_list":{"0":"post-13479","1":"product","2":"type-product","3":"status-publish","4":"has-post-thumbnail","6":"product_cat-boxe-pasive-si-active","7":"product_cat-toate-produsele-tw-audio","8":"product_tag-b30","9":"product_tag-bas","10":"product_tag-bass-2x15","11":"product_tag-tw-audio","13":"first","14":"instock","15":"sale","16":"purchasable","17":"product-type-simple"},"jetpack_sharing_enabled":true,"_links":{"self":[{"href":"https:\/\/quintett.ro\/index.php?rest_route=\/wp\/v2\/product\/13479","targetHints":{"allow":["GET"]}}],"collection":[{"href":"https:\/\/quintett.ro\/index.php?rest_route=\/wp\/v2\/product"}],"about":[{"href":"https:\/\/quintett.ro\/index.php?rest_route=\/wp\/v2\/types\/product"}],"replies":[{"embeddable":true,"href":"https:\/\/quintett.ro\/index.php?rest_route=%2Fwp%2Fv2%2Fcomments&post=13479"}],"wp:featuredmedia":[{"embeddable":true,"href":"https:\/\/quintett.ro\/index.php?rest_route=\/wp\/v2\/media\/438"}],"wp:attachment":[{"href":"https:\/\/quintett.ro\/index.php?rest_route=%2Fwp%2Fv2%2Fmedia&parent=13479"}],"wp:term":[{"taxonomy":"product_brand","embeddable":true,"href":"https:\/\/quintett.ro\/index.php?rest_route=%2Fwp%2Fv2%2Fproduct_brand&post=13479"},{"taxonomy":"product_cat","embeddable":true,"href":"https:\/\/quintett.ro\/index.php?rest_route=%2Fwp%2Fv2%2Fproduct_cat&post=13479"},{"taxonomy":"product_tag","embeddable":true,"href":"https:\/\/quintett.ro\/index.php?rest_route=%2Fwp%2Fv2%2Fproduct_tag&post=13479"}],"curies":[{"name":"wp","href":"https:\/\/api.w.org\/{rel}","templated":true}]}}