{"id":13477,"date":"2026-02-11T09:57:30","date_gmt":"2026-02-11T07:57:30","guid":{"rendered":"https:\/\/quintett.ro\/?post_type=product&#038;p=13477"},"modified":"2026-02-11T11:48:29","modified_gmt":"2026-02-11T09:48:29","slug":"card-expansiune-behringer-aoip-wsg-pentru-wing","status":"publish","type":"product","link":"https:\/\/quintett.ro\/?product=card-expansiune-behringer-aoip-wsg-pentru-wing","title":{"rendered":"Card Expansiune Behringer AOIP-WSG pentru Wing"},"content":{"rendered":"<div id=\"short_description_content\" class=\"rte align_justify\">\n<ul>\n<li>Modulul WING SoundGrid ofer\u0103 o integrare perfect\u0103 cu re\u021belele Waves SoundGrid, transmi\u021b\u00e2nd p\u00e2n\u0103 la 64 de canale de intrare \u0219i 64 de ie\u0219ire la 44,1 kHz sau 48 kHz \u0219i 24 de bi\u021bi. Acest lucru se realizeaz\u0103 prin oricare dintre porturile Ethernet situate pe panoul din spate \u00een sec\u021biunea CONTROL\/AUDIO NETWORK, asigur\u00e2ndu-se c\u0103 dispozitivele interconectate sunt, de asemenea, sincronizate prin Etherne<\/li>\n<li>Card de extensie intern\u0103<\/li>\n<li>Pentru consolele Behringer Wing<\/li>\n<li>Interfa\u021b\u0103 bidirec\u021bional\u0103 cu 64 de canale (48 kHz)<\/li>\n<li>Pentru re\u021belele Waves SoundGrid<\/li>\n<li>Pentru utilizare prin infrastructura de re\u021bea de 100 MBit sau Gigabit \u00eencorporat\u0103<\/li>\n<\/ul>\n<\/div>\n","protected":false},"excerpt":{"rendered":"<div id=\"moreInfo\" class=\"descriere\">\n<p><strong>Card Expansiune Behringer AOIP-WSG pentru Wing<\/strong><\/p>\n<ul>\n<li>Card de extensie intern\u0103<\/li>\n<li>Pentru consolele Behringer Wing<\/li>\n<li>Interfa\u021b\u0103 bidirec\u021bional\u0103 cu 64 de canale (48 kHz)<\/li>\n<li>Pentru re\u021belele Waves SoundGrid<\/li>\n<li>Pentru utilizare prin infrastructura de re\u021bea de 100 MBit sau Gigabit \u00eencorporat\u0103<\/li>\n<\/ul>\n<p>Modulul WING SoundGrid ofer\u0103 o integrare perfect\u0103 cu re\u021belele Waves SoundGrid, transmi\u021b\u00e2nd p\u00e2n\u0103 la 64 de canale de intrare \u0219i 64 de ie\u0219ire la 44,1 kHz sau 48 kHz \u0219i 24 de bi\u021bi. Acest lucru se realizeaz\u0103 prin oricare dintre porturile Ethernet situate pe panoul din spate \u00een sec\u021biunea CONTROL\/AUDIO NETWORK, asigur\u00e2ndu-se c\u0103 dispozitivele interconectate sunt, de asemenea, sincronizate prin Ethernet.<\/p>\n<\/div>\n","protected":false},"featured_media":13478,"comment_status":"open","ping_status":"closed","template":"","meta":[],"product_brand":[],"product_cat":[447,42],"product_tag":[1267,1269,1573,1574,1575,451,449,448,201,450,1572,1576,1268,1270],"class_list":{"0":"post-13477","1":"product","2":"type-product","3":"status-publish","4":"has-post-thumbnail","6":"product_cat-midas","7":"product_cat-promotii","8":"product_tag-behringer-wing-compact","9":"product_tag-behringer-wing-rack","10":"product_tag-card-expansiune","11":"product_tag-card-expansiune-behringer","12":"product_tag-card-wing","13":"product_tag-m32r","14":"product_tag-midas","15":"product_tag-midas-m32r","16":"product_tag-mixer-digital","17":"product_tag-mixer-digital-midas-m32r","18":"product_tag-waves","19":"product_tag-waves-soundgrid","20":"product_tag-wing-compact","21":"product_tag-wing-rack","23":"first","24":"instock","25":"purchasable","26":"product-type-simple"},"jetpack_sharing_enabled":true,"_links":{"self":[{"href":"https:\/\/quintett.ro\/index.php?rest_route=\/wp\/v2\/product\/13477","targetHints":{"allow":["GET"]}}],"collection":[{"href":"https:\/\/quintett.ro\/index.php?rest_route=\/wp\/v2\/product"}],"about":[{"href":"https:\/\/quintett.ro\/index.php?rest_route=\/wp\/v2\/types\/product"}],"replies":[{"embeddable":true,"href":"https:\/\/quintett.ro\/index.php?rest_route=%2Fwp%2Fv2%2Fcomments&post=13477"}],"wp:featuredmedia":[{"embeddable":true,"href":"https:\/\/quintett.ro\/index.php?rest_route=\/wp\/v2\/media\/13478"}],"wp:attachment":[{"href":"https:\/\/quintett.ro\/index.php?rest_route=%2Fwp%2Fv2%2Fmedia&parent=13477"}],"wp:term":[{"taxonomy":"product_brand","embeddable":true,"href":"https:\/\/quintett.ro\/index.php?rest_route=%2Fwp%2Fv2%2Fproduct_brand&post=13477"},{"taxonomy":"product_cat","embeddable":true,"href":"https:\/\/quintett.ro\/index.php?rest_route=%2Fwp%2Fv2%2Fproduct_cat&post=13477"},{"taxonomy":"product_tag","embeddable":true,"href":"https:\/\/quintett.ro\/index.php?rest_route=%2Fwp%2Fv2%2Fproduct_tag&post=13477"}],"curies":[{"name":"wp","href":"https:\/\/api.w.org\/{rel}","templated":true}]}}