{"id":13461,"date":"2026-01-28T09:39:51","date_gmt":"2026-01-28T07:39:51","guid":{"rendered":"https:\/\/quintett.ro\/?post_type=product&#038;p=13461"},"modified":"2026-01-28T09:41:12","modified_gmt":"2026-01-28T07:41:12","slug":"powersoft-x4-dspeth-amplificator-cu-4-canale-dsp-ethernet","status":"publish","type":"product","link":"https:\/\/quintett.ro\/?product=powersoft-x4-dspeth-amplificator-cu-4-canale-dsp-ethernet","title":{"rendered":"Powersoft X4 DSP+ETH &#8211; Amplificator cu 4 canale DSP + Ethernet"},"content":{"rendered":"<div class=\"product-specs\">\n<div class=\"product-description\">\n<div>\n<div><strong>Caracteristici principale:<\/strong><\/div>\n<div><strong>Sursa alimentare<\/strong><\/div>\n<div>\n<ul>\n<li>Potrivit pentru func\u021bionare monofazat\u0103, bifazat\u0103 sau trifazat\u0103 de la 85 VAC p\u00e2n\u0103 la 440 VAC, cu comutare \u0219i echilibrare automat\u0103.<\/li>\n<li>Limitatoare de putere care elimin\u0103 necesitatea unor secven\u021biatoare de putere costisitoare<\/li>\n<li>Echilibrarea sarcinii trifazice gestionat\u0103 direct de unitate, f\u0103r\u0103 a fi nevoie de atribuiri complexe de sarcin\u0103 \u00een proiectarea sistemului<\/li>\n<li>Corec\u021bie a factorului de putere PFC pentru un consum redus de energie \u0219i compatibilitate cu o gam\u0103 larg\u0103 de tensiuni.<\/li>\n<\/ul>\n<\/div>\n<p><strong>Circuit complet protejat avand:<\/strong><\/p>\n<ul>\n<li>Protectie inovatoare contra defectelor de functionare avand ca scop mentinerea sistemului adaptativ prin intermediul detectarii puterii furnizate in raport cu puterea absorbita din retea<\/li>\n<li>Masurare si procesare in timp real a semnalului de iesire i<span id=\"result_box\" lang=\"ro\"><span title=\"Realtime output signal measurement and processing in order to derive the actual instantaneous delivered power: all the data are collected and compared to the data about the available stored energy and the available power from the mains.\">n scopul de a obtine efectiv puterea instantanee livrata : toate datele sunt colectate si comparate cu datele privind energia disponibila stocata si puterea disponibila de la retea.\u00a0<\/span><span title=\"This make the system is immune from any misalignment such as overvoltage, overcurrent, short circuit and so on. \u00a0\u00a0\u00a0\u00a0\">Acest lucru face ca sistemul sa fie imun la orice aliniere gresita, cum ar fi supratensiunea, suprasarcina, scurt circuit, etc .<\/span><\/span><\/li>\n<li><span id=\"result_box\" lang=\"ro\">Protectii semnal Nociv : DC , VHF si clipping(taiere).<\/span><\/li>\n<\/ul>\n<p><strong>General<\/strong><\/p>\n<ul>\n<li>Rutarea\/mixarea flexibil\u0103 oferit\u0103 de matricea intern\u0103 de intrare\/ie\u0219ire 4\u00d74, permite utilizatorului s\u0103 amestece \u0219i s\u0103 ruteze I\/O analogice \u0219i digitale.<\/li>\n<li>Cele 4 canale de intrare cu conectori fizici analogici \u0219i digitali AES3 \u0219i conexiunea op\u021bional\u0103 redundant\u0103 Dante&#x2122; de 16 intr\u0103ri\/8 ie\u0219iri ofer\u0103 flexibilitate maxim\u0103.<\/li>\n<li>Fiabilitate \u00eembun\u0103t\u0103\u021bit\u0103 datorit\u0103 strategiei de backup de intrare personalizabile care comut\u0103 automat sursa de intrare \u00een cazul unei defec\u021biuni a semnalului.<\/li>\n<li>Interfa\u021b\u0103 de utilizator complet\u0103 integrat\u0103 \u00een Armon\u00edaPlus.<\/li>\n<li>Monitorizare de la distan\u021b\u0103 WiFi prin intermediul unui dispozitiv mobil.<\/li>\n<li>Rutare neboolean\u0103 a canalelor.<\/li>\n<li>Gruparea semnalelor pentru rutarea difuzoarelor<\/li>\n<\/ul>\n<p><strong>Monitorizare<\/strong><\/p>\n<ul>\n<li>Monitor hardware disponibil pentru diagnosticare local\u0103 rapid\u0103<\/li>\n<li>M\u0103surare\/afisare \u00een timp real a impedan\u021bei de sarcin\u0103 pentru fiecare canal<\/li>\n<li>M\u0103sur\u0103tori\/afi\u0219are \u00een timp real a puterii de ie\u0219ire pentru fiecare canal<\/li>\n<li>M\u0103sur\u0103tori\/afi\u0219aj al tensiunii \u0219i curentului de re\u021bea<\/li>\n<\/ul>\n<p><strong>Procesare semnal digital<\/strong><\/p>\n<ul>\n<li>Arhitectura platformei TI C6000 DSP<\/li>\n<li>Convertor AD\/DA : dual 24bit @ 96 kHz Tandem\u00ae, 127 dB gama dinamica pe fiecare canal<\/li>\n<li>Egalizatoare independente de intrare\/iesire pe fiecare canal ce furnizeaza:raised-cosine, FIR personalizata, parametric IIR: peaking, hi\/lo-shelving, all-pass, band-pass, band-stop, hi\/lo-pass<\/li>\n<li>Crossover-e: faza liniara (FIR), hybrid (FIR-IIR), Butterworth, Linkwitz-Riley, Bessel: 6 dB\/oct pana la 48 dB\/oct (IIR)<\/li>\n<li>Delay intrare pana la 4s si iesire pana la 200ms pe fiecare canal pentru sincronizare<\/li>\n<li>Active DampingControl&#x2122; for cable compensation<\/li>\n<li>Limitator de putere (TruePower&#x2122;, RMS voltage, RMS current) + Limitator Peak<\/li>\n<\/ul>\n<p><strong>Managementul controlului la distanta<\/strong><\/p>\n<ul>\n<li>Control si monitorizare prin\u00a0<a href=\"http:\/\/www.powersoft-audio.com\/software\/armonia-pro-audio-suite\">Armon\u00eda Pro Audio Suite&#x2122;<\/a><\/li>\n<li>Managementul controlului la distanta WiFi\u00a0 via smartphone si tableta prin interfata personalizata<\/li>\n<li>Serviciile MyPowersoft sunt disponibile pentru acest produs.<\/li>\n<\/ul>\n<\/div>\n<\/div>\n<p><strong>Specificatii tehnice:<\/strong><\/p>\n<ul>\n<li>Putere de ie\u0219ire pe canal 5200 W @ 2\u03a9\/ 3000 W @ 4\u03a9\/ 1600 W @ 8\u03a9<\/li>\n<li>Mod punte 10400 W @ 4\u03a9\/ 6000 W @ 8\u03a9<\/li>\n<li>Tensiune maxim\u0103 de ie\u0219ire f\u0103r\u0103 decuplare @8\u03a9 175V v\u00e2rf \/Curent 130 A varf<\/li>\n<li>Sursa de alimentare: Mod de comutare universal, reglementat, cu PFC (Power Factor Correction)<\/li>\n<li>Putere nominal\u0103 necesar\u0103 100-240V \u00b110%, 50-60Hz<\/li>\n<li>Tensiune de func\u021bionare 90V &#8211; 264V<\/li>\n<li>Consumul de energie: \u00cen gol &lt;100 W\/ Max &lt;3000 W<\/li>\n<li>Intervalul de temperatur\u0103 de func\u021bionare 0\u00b0 &#8211; 35\u00b0C &#8211; 32\u00b0 &#8211; 95\u00b0F<\/li>\n<li>Disipare termic\u0103*<\/li>\n<li>1\/8 din puterea maxim\u0103 de ie\u0219ire la 8\u03a9 115 V: 1127BTU\/h 230 V: 1058BTU\/h<\/li>\n<li>1\/4 din puterea maxim\u0103 de ie\u0219ire la 8\u03a9 115 V: 2124BTU\/h 230 V: 1639BTU\/h<\/li>\n<li>Dimensiuni 483 mm x 44,5 mm x 495 mm (19,0 in x 1,75 in x 19,5 in)\/ Greutate 15 kg (33,0 lb)<\/li>\n<li><a class=\"download-link\" href=\"https:\/\/www.powersoft.com\/wp-content\/uploads\/2018\/04\/Powersoft_X4_DS_EN_WEB.pdf\" target=\"_blank\" rel=\"noopener\">X4 Datasheet<\/a><\/li>\n<li><a class=\"download-link\" href=\"https:\/\/www.powersoft.com\/wp-content\/uploads\/2014\/09\/powersoft_XSeries_qguide_mul_WEB_compressed.pdf\" target=\"_blank\" rel=\"noopener\">X Series User Guide \u2013 Multilingual<\/a><\/li>\n<\/ul>\n<\/div>\n","protected":false},"excerpt":{"rendered":"<p><span id=\"result_box\" lang=\"ro\"><span class=\"hps\">Proiectat\u0103 at\u00e2t pentru turnee, c\u00e2t \u0219i pentru instala\u021bii de sonorizare,\u00a0<strong>seria X<\/strong>\u00a0ofer\u0103 o calitate audio superb\u0103 \u0219i extinde conceptul de platform\u0103 de amplificare de putere pentru a include gestionarea complet\u0103 a difuzoarelor &#8211; inclusiv toate func\u021biile de procesare a semnalului &#8211; \u00eentr-o singur\u0103 unitate u\u0219oar\u0103.<br \/>\nSeria X este un amplificator care ridic\u0103 \u0219tacheta \u00een ceea ce prive\u0219te designul \u0219i func\u021bionalitatea platformei de amplificare, stabilind un nou standard de calitate \u0219i utilizare. Ambele versiuni ale seriei X &#8211; X8 (cu 8 canale) \u0219i X4 (cu 4 canale) &#8211; sunt dotate standard cu Ethernet pentru un control extins al amplificatorului, func\u021bionalitate DSP complet\u0103, rutare, matrice \u0219i alimentare trifazic\u0103 compatibil\u0103 la nivel mondial.<br \/>\nSeria X suport\u0103 \u00een mod nativ AES3 \u0219i este, de asemenea, disponibil\u0103 cu sistemul Dante&#x2122; redundant bazat pe Brooklyn II de la Audinate\u00ae. Oferind p\u00e2n\u0103 la 4 surse de intrare selectabile diferite pe canal. \u00cen plus, seria X dispune de integrare complet\u0103 Armon\u00eda&#x2122;, conexiune WiFi pentru control de la distan\u021b\u0103 \u0219i monitorizare pe dispozitive mobile prin intermediul aplica\u021biei web dedicate.<\/span><\/span><\/p>\n<p><span id=\"result_box\" lang=\"ro\"><strong><span class=\"hps\">Powersoft<\/span> <span class=\"hps\">X4<\/span> DSP+ETH<\/strong>\u00a0<span class=\"hps\">inoveaz\u0103<\/span> <span class=\"hps\">\u0219i<\/span> <span class=\"hps\">evolueaz\u0103<\/span> <span class=\"hps\">conceptul<\/span> <span class=\"hps\">de<\/span> <span class=\"hps\">platforma de<\/span> <span class=\"hps\">amplificare<\/span> prin <span class=\"hps\">integrarea unui<\/span> <span class=\"hps\">amplificator compatibil<\/span>\u00a0 <span class=\"hps\">la nivel mondial<\/span> <span class=\"hps\">\u0219i<\/span> <span class=\"hps\">o caracteristic\u0103<\/span> <span class=\"hps\">DSP<\/span> <span class=\"hps\">completa<\/span> <span class=\"hps\">a amplificatorului<\/span>.<\/span><\/p>\n<p><span id=\"result_box\" lang=\"ro\"><span class=\"hps\">Sistemul de management al<\/span> <span class=\"hps\">semnalului<\/span> <span class=\"hps\">audio digital<\/span> <span class=\"hps\">complet<\/span> <span class=\"hps\">bazat<\/span> <span class=\"hps\">pe<\/span> <span class=\"hps\">ARM<\/span> <span class=\"hps\">Cortex<\/span> <span class=\"hps atn\">A-<\/span>8 <span class=\"hps\">si<\/span> <span class=\"hps\">procesor<\/span> <span class=\"hps\">platforma<\/span> <span class=\"hps\">TI<\/span> <span class=\"hps\">C6000<\/span> <span class=\"hps\">DSP<\/span> <span class=\"hps\">anunta<\/span> <span class=\"hps\">un nivel<\/span> <span class=\"hps\">nou<\/span> <span class=\"hps\">si<\/span> <span class=\"hps\">inovator<\/span> <span class=\"hps\">de<\/span> <span class=\"hps\">prelucrare a semnalului, furnizand rutare si mixare non-boolean, mai multe etape de egalizare, filtre IIR si FIR, delay\u00a0de pana la 4s in prelucrarea de intrare si de 200ms pentru sincronizare,\u00a0ajustare, polaritate, crossover, limitatoare peak, limitatoare TruePower&#x2122; si Active DampingControl&#x2122;.\u00a0<\/span><\/span>Sursa de alimentare are o acceptanta mondiala putand fi conectata la orice linie de putere regionala fiind potrivita pentru Single Phase, Bi-Phase sau a treia varianta de la 85V la 440V fara a fi necesara selectia manuala.<\/p>\n<p>Powersoft X4 ofer\u0103 4 canale complet procesabile \u0219i intr\u0103ri selectabile din surse analogice, precum \u0219i din surse digitale AES3\u0219i dou\u0103 fluxuri Dante&#x2122;* redundante. Mixarea \u0219i rutarea canalelor pot fi u\u0219or derealizate datorit\u0103 func\u021biei integrate de DSP revolu\u021bionar cu laten\u021b\u0103 redus\u0103 integrat, care ofer\u0103 cel mai \u00eenalt grad de libertate \u00een ceea ce prive\u0219te sunetul de modelare \u0219i gestionare a difuzoarelor. Suportul complet pentru 100 Mbps \u0219i Gigabit Ethernet face ca integrarea s\u0103 fie u\u0219oara \u00een orice infrastructur\u0103 existent\u0103. Complet integrat \u00eenArmon\u00edaPlus&#x2122;, noul Powersoft X4 este disponibil\u0103 \u0219i pentru smartphone \u0219i tablet\u0103, oferind o nou\u0103 experien\u021b\u0103 \u00een gestionare a energiei.<\/p>\n<p>Utilizari: Difuzoare full-range, Subwoofere, Sisteme de turnee la scar\u0103 larg\u0103, Arene \u0219i s\u0103li de concerte, Stadioane \u0219i evenimente \u00een aer liber, Localuri multizonale \u0219i cluburi live<\/p>\n","protected":false},"featured_media":13465,"comment_status":"open","ping_status":"closed","template":"","meta":[],"product_brand":[],"product_cat":[61],"product_tag":[1570,198,71,1569,55],"class_list":{"0":"post-13461","1":"product","2":"type-product","3":"status-publish","4":"has-post-thumbnail","6":"product_cat-amplificatoare","7":"product_tag-amplificator-powersoft","8":"product_tag-pa-sys-one","9":"product_tag-powersoft","10":"product_tag-powersoft-x4","11":"product_tag-tw-audio","13":"first","14":"instock","15":"sale","16":"purchasable","17":"product-type-simple"},"jetpack_sharing_enabled":true,"_links":{"self":[{"href":"https:\/\/quintett.ro\/index.php?rest_route=\/wp\/v2\/product\/13461","targetHints":{"allow":["GET"]}}],"collection":[{"href":"https:\/\/quintett.ro\/index.php?rest_route=\/wp\/v2\/product"}],"about":[{"href":"https:\/\/quintett.ro\/index.php?rest_route=\/wp\/v2\/types\/product"}],"replies":[{"embeddable":true,"href":"https:\/\/quintett.ro\/index.php?rest_route=%2Fwp%2Fv2%2Fcomments&post=13461"}],"wp:featuredmedia":[{"embeddable":true,"href":"https:\/\/quintett.ro\/index.php?rest_route=\/wp\/v2\/media\/13465"}],"wp:attachment":[{"href":"https:\/\/quintett.ro\/index.php?rest_route=%2Fwp%2Fv2%2Fmedia&parent=13461"}],"wp:term":[{"taxonomy":"product_brand","embeddable":true,"href":"https:\/\/quintett.ro\/index.php?rest_route=%2Fwp%2Fv2%2Fproduct_brand&post=13461"},{"taxonomy":"product_cat","embeddable":true,"href":"https:\/\/quintett.ro\/index.php?rest_route=%2Fwp%2Fv2%2Fproduct_cat&post=13461"},{"taxonomy":"product_tag","embeddable":true,"href":"https:\/\/quintett.ro\/index.php?rest_route=%2Fwp%2Fv2%2Fproduct_tag&post=13461"}],"curies":[{"name":"wp","href":"https:\/\/api.w.org\/{rel}","templated":true}]}}