{"id":13421,"date":"2026-01-15T12:16:33","date_gmt":"2026-01-15T10:16:33","guid":{"rendered":"https:\/\/quintett.ro\/?post_type=product&#038;p=13421"},"modified":"2026-02-11T11:00:42","modified_gmt":"2026-02-11T09:00:42","slug":"t-akustik-ds4-5-drum-shield","status":"publish","type":"product","link":"https:\/\/quintett.ro\/?product=t-akustik-ds4-5-drum-shield","title":{"rendered":"t.akustik DS4-5 Drum Shield"},"content":{"rendered":"<div class=\"text-translated js-prod-text-translation\" data-translated=\"true\">\n<p>PANOU SONOR<\/p>\n<ul class=\"fx-list product-text__list\">\n<li class=\"fx-list__item list-item fx-list__item--circle\"><span class=\"fx-text fx-text--plus list-item__text\">Panou transparent cu 5 segmente pentru utilizare live \u0219i \u00een studio<\/span><\/li>\n<li class=\"fx-list__item list-item fx-list__item--circle\"><span class=\"fx-text fx-text--plus list-item__text\">Izolare fonic\u0103 \u0219i anti-zgomot pentru seturi de tobe, amplificatoare sau instrumente<\/span><\/li>\n<li class=\"fx-list__item list-item fx-list__item--circle\"><span class=\"fx-text fx-text--plus list-item__text\">Indispensabil pentru controlul volumului pe scen\u0103 \u0219i \u00een studio \u0219i pentru mixaje curate<\/span><\/li>\n<li class=\"fx-list__item list-item fx-list__item--circle\"><span class=\"fx-text fx-text--plus list-item__text\">U\u0219or de manevrat datorit\u0103 designului pliabil \u00een form\u0103 de acordeon<\/span><\/li>\n<li class=\"fx-list__item list-item fx-list__item--circle\"><span class=\"fx-text fx-text--plus list-item__text\">Material: Acril t\u0103iat cu laser de foarte \u00eenalt\u0103 calitate<\/span><\/li>\n<li class=\"fx-list__item list-item fx-list__item--circle\"><span class=\"fx-text fx-text--plus list-item__text\">Const\u0103 din 5 panouri cu conectori (balamale)<\/span><\/li>\n<li class=\"fx-list__item list-item fx-list__item--circle\"><span class=\"fx-text fx-text--plus list-item__text\">Grosime per panou: 5,5 mm<\/span><\/li>\n<li class=\"fx-list__item list-item fx-list__item--circle\"><span class=\"fx-text fx-text--plus list-item__text\">Dimensiuni per panou (\u00ce x L): 1200 x 600 mm<\/span><\/li>\n<li class=\"fx-list__item list-item fx-list__item--circle\"><span class=\"fx-text fx-text--plus list-item__text\">Greutate: 26,0 kg<\/span><\/li>\n<\/ul>\n<\/div>\n<div class=\"badges\"><\/div>\n","protected":false},"excerpt":{"rendered":"<div class=\"text-translated js-prod-text-translation\" data-translated=\"true\">\n<p>PANOU SONOR<\/p>\n<ul class=\"fx-list product-text__list\">\n<li class=\"fx-list__item list-item fx-list__item--circle\"><span class=\"fx-text fx-text--plus list-item__text\">Panou transparent cu 5 segmente pentru utilizare live \u0219i \u00een studio<\/span><\/li>\n<li class=\"fx-list__item list-item fx-list__item--circle\"><span class=\"fx-text fx-text--plus list-item__text\">Izolare fonic\u0103 \u0219i anti-zgomot pentru seturi de tobe, amplificatoare sau instrumente<\/span><\/li>\n<li class=\"fx-list__item list-item fx-list__item--circle\"><span class=\"fx-text fx-text--plus list-item__text\">Indispensabil pentru controlul volumului pe scen\u0103 \u0219i \u00een studio \u0219i pentru mixaje curate<\/span><\/li>\n<li class=\"fx-list__item list-item fx-list__item--circle\"><span class=\"fx-text fx-text--plus list-item__text\">U\u0219or de manevrat datorit\u0103 designului pliabil \u00een form\u0103 de acordeon<\/span><\/li>\n<li class=\"fx-list__item list-item fx-list__item--circle\"><span class=\"fx-text fx-text--plus list-item__text\">Material: Acril t\u0103iat cu laser de foarte \u00eenalt\u0103 calitate<\/span><\/li>\n<li class=\"fx-list__item list-item fx-list__item--circle\"><span class=\"fx-text fx-text--plus list-item__text\">Const\u0103 din 5 panouri cu conectori (balamale)<\/span><\/li>\n<li class=\"fx-list__item list-item fx-list__item--circle\"><span class=\"fx-text fx-text--plus list-item__text\">Grosime per panou: 5,5 mm<\/span><\/li>\n<li class=\"fx-list__item list-item fx-list__item--circle\"><span class=\"fx-text fx-text--plus list-item__text\">Dimensiuni per panou (\u00ce x L): 1200 x 600 mm<\/span><\/li>\n<li class=\"fx-list__item list-item fx-list__item--circle\"><span class=\"fx-text fx-text--plus list-item__text\">Greutate: 26,0 kg<\/span><\/li>\n<\/ul>\n<\/div>\n<div class=\"badges\"><\/div>\n","protected":false},"featured_media":13422,"comment_status":"open","ping_status":"closed","template":"","meta":[],"product_brand":[],"product_cat":[391],"product_tag":[1561,1562,1560,395],"class_list":{"0":"post-13421","1":"product","2":"type-product","3":"status-publish","4":"has-post-thumbnail","6":"product_cat-thomann","7":"product_tag-panou-acustic","8":"product_tag-panou-tobe","9":"product_tag-paravan-tobe","10":"product_tag-thomann","12":"first","13":"instock","14":"purchasable","15":"product-type-simple"},"jetpack_sharing_enabled":true,"_links":{"self":[{"href":"https:\/\/quintett.ro\/index.php?rest_route=\/wp\/v2\/product\/13421","targetHints":{"allow":["GET"]}}],"collection":[{"href":"https:\/\/quintett.ro\/index.php?rest_route=\/wp\/v2\/product"}],"about":[{"href":"https:\/\/quintett.ro\/index.php?rest_route=\/wp\/v2\/types\/product"}],"replies":[{"embeddable":true,"href":"https:\/\/quintett.ro\/index.php?rest_route=%2Fwp%2Fv2%2Fcomments&post=13421"}],"wp:featuredmedia":[{"embeddable":true,"href":"https:\/\/quintett.ro\/index.php?rest_route=\/wp\/v2\/media\/13422"}],"wp:attachment":[{"href":"https:\/\/quintett.ro\/index.php?rest_route=%2Fwp%2Fv2%2Fmedia&parent=13421"}],"wp:term":[{"taxonomy":"product_brand","embeddable":true,"href":"https:\/\/quintett.ro\/index.php?rest_route=%2Fwp%2Fv2%2Fproduct_brand&post=13421"},{"taxonomy":"product_cat","embeddable":true,"href":"https:\/\/quintett.ro\/index.php?rest_route=%2Fwp%2Fv2%2Fproduct_cat&post=13421"},{"taxonomy":"product_tag","embeddable":true,"href":"https:\/\/quintett.ro\/index.php?rest_route=%2Fwp%2Fv2%2Fproduct_tag&post=13421"}],"curies":[{"name":"wp","href":"https:\/\/api.w.org\/{rel}","templated":true}]}}