{"id":13410,"date":"2025-12-16T18:30:56","date_gmt":"2025-12-16T16:30:56","guid":{"rendered":"https:\/\/quintett.ro\/?post_type=product&#038;p=13410"},"modified":"2025-12-16T18:35:25","modified_gmt":"2025-12-16T16:35:25","slug":"global-truss-5073-3b-sl-hook-easy-light","status":"publish","type":"product","link":"https:\/\/quintett.ro\/?product=global-truss-5073-3b-sl-hook-easy-light","title":{"rendered":"Global Truss 5073-3B SL Hook Easy Light"},"content":{"rendered":"<p>Cupla cu autoblocare Global Truss 5073-3B Selflock Hook Light<\/p>\n<p>Generalit\u0103\u021bi<br \/>\nTestat conform: DIN EN 13814:2004<br \/>\nCompatibilitate: 48-51 mm<br \/>\nCertificat T\u00dcV: Nu<br \/>\nMaterial: Aluminiu 6061 T6<br \/>\nFitinguri<br \/>\n\u00cenchidere: Piuli\u021b\u0103 fluture M8<br \/>\nIe\u0219ire: \u0218urub M10, inel elastic, \u0219aib\u0103<br \/>\nDate tehnice<br \/>\nL\u0103\u021bime: 25 mm<br \/>\nSarcin\u0103 de trac\u021biune: 50,00 kg<br \/>\nDate de expediere<br \/>\nLungime: 140 mm<br \/>\nL\u0103\u021bime: 130 mm<br \/>\n\u00cen\u0103l\u021bime: 30 mm<br \/>\nGreutate: 0,252 kg<br \/>\nUnitate de ambalare: 35<\/p>\n<p>Culoare : Negru<\/p>\n","protected":false},"excerpt":{"rendered":"<p>Cupla cu autoblocare Global Truss 5073-1B Selflock Hook EasyLight<\/p>\n<p>C\u00e2rligul autoblocant Easy Light este u\u0219or, dar robust, cu autoblocare, conceput pentru utilizare versatil\u0103. Datorit\u0103 utiliz\u0103rii materialelor de \u00eenalt\u0103 calitate, c\u00e2rligul ofer\u0103 o durabilitate excep\u021bional\u0103. Designul s\u0103u sub\u021bire permite plasarea u\u0219oar\u0103 \u00een grind\u0103, oferind o flexibilitate mai mare \u00een timpul instal\u0103rii. \u00cen ciuda dimensiunilor sale compacte, c\u00e2rligul are o sarcin\u0103 util\u0103 sigur\u0103 (SWL) de 50 kg. C\u00e2rligul autoblocant Easy Light 48-51\/25\/50 kg este disponibil \u00een finisaje din aluminiu natural \u0219i Stage Black.<\/p>\n","protected":false},"featured_media":13411,"comment_status":"open","ping_status":"closed","template":"","meta":[],"product_brand":[],"product_cat":[183],"product_tag":[1101,546,1050,1051,1102],"class_list":{"0":"post-13410","1":"product","2":"type-product","3":"status-publish","4":"has-post-thumbnail","6":"product_cat-traverse-truss","7":"product_tag-5073-selflock","8":"product_tag-global-truss","9":"product_tag-global-truss-5003","10":"product_tag-global-truss-half-cone","11":"product_tag-globaltruss-5073","13":"first","14":"instock","15":"purchasable","16":"product-type-simple"},"jetpack_sharing_enabled":true,"_links":{"self":[{"href":"https:\/\/quintett.ro\/index.php?rest_route=\/wp\/v2\/product\/13410","targetHints":{"allow":["GET"]}}],"collection":[{"href":"https:\/\/quintett.ro\/index.php?rest_route=\/wp\/v2\/product"}],"about":[{"href":"https:\/\/quintett.ro\/index.php?rest_route=\/wp\/v2\/types\/product"}],"replies":[{"embeddable":true,"href":"https:\/\/quintett.ro\/index.php?rest_route=%2Fwp%2Fv2%2Fcomments&post=13410"}],"wp:featuredmedia":[{"embeddable":true,"href":"https:\/\/quintett.ro\/index.php?rest_route=\/wp\/v2\/media\/13411"}],"wp:attachment":[{"href":"https:\/\/quintett.ro\/index.php?rest_route=%2Fwp%2Fv2%2Fmedia&parent=13410"}],"wp:term":[{"taxonomy":"product_brand","embeddable":true,"href":"https:\/\/quintett.ro\/index.php?rest_route=%2Fwp%2Fv2%2Fproduct_brand&post=13410"},{"taxonomy":"product_cat","embeddable":true,"href":"https:\/\/quintett.ro\/index.php?rest_route=%2Fwp%2Fv2%2Fproduct_cat&post=13410"},{"taxonomy":"product_tag","embeddable":true,"href":"https:\/\/quintett.ro\/index.php?rest_route=%2Fwp%2Fv2%2Fproduct_tag&post=13410"}],"curies":[{"name":"wp","href":"https:\/\/api.w.org\/{rel}","templated":true}]}}