{"id":13390,"date":"2025-12-04T11:47:50","date_gmt":"2025-12-04T09:47:50","guid":{"rendered":"https:\/\/quintett.ro\/?post_type=product&#038;p=13390"},"modified":"2025-12-04T11:52:10","modified_gmt":"2025-12-04T09:52:10","slug":"scara-scena-global-truss-60-100","status":"publish","type":"product","link":"https:\/\/quintett.ro\/?product=scara-scena-global-truss-60-100","title":{"rendered":"Scara scena GLOBAL TRUSS 60-100"},"content":{"rendered":"<p>Scara scena GLOBAL TRUSS 60-100<\/p>\n<p><span class=\"HwtZe\" lang=\"ro\"><span class=\"jCAhz ChMk0b\"><span class=\"ryNqvb\">Lungime: 975 mm <\/span><\/span><\/span><\/p>\n<p><span class=\"HwtZe\" lang=\"ro\"><span class=\"jCAhz ChMk0b\"><span class=\"ryNqvb\">L\u0103\u021bime: 155o mm <\/span><\/span><\/span><\/p>\n<p><span class=\"HwtZe\" lang=\"ro\"><span class=\"jCAhz ChMk0b\"><span class=\"ryNqvb\">\u00cen\u0103l\u021bime:\u00a0 122 mm <\/span><\/span><\/span><\/p>\n<p><span class=\"HwtZe\" lang=\"ro\"><span class=\"jCAhz ChMk0b\"><span class=\"ryNqvb\">Greutate: 37 kg <\/span><\/span><\/span><\/p>\n<p><span class=\"HwtZe\" lang=\"ro\"><span class=\"jCAhz ChMk0b\"><span class=\"ryNqvb\">Pachet: 1 buc<\/span><\/span><\/span><\/p>\n","protected":false},"excerpt":{"rendered":"<p>Global Truss este un produc\u0103tor de frunte din Germania \u0219i este cunoscut \u00een special \u00een industria evenimentelor pentru produse de \u00eenalt\u0103 calitate. Etapele complete sunt indispensabile la evenimentele mari \u0219i sunt potrivite pentru utilizare \u00een interior \u0219i exterior. Datorit\u0103 diferitelor elemente accesorii, etapele pot fi completate cu module suplimentare \u00een orice moment \u0219i adaptate \u00een mod ideal nevoilor individuale.<\/p>\n<p>Aceste sc\u0103ri reglabile permit \u00een\u0103l\u021bimi flexibile ale platformei de la 60 la 100 cm. Sunt disponibile patru versiuni diferite, fiecare cu propria ajustare a \u00een\u0103l\u021bimii. Balustradele pot fi montate pe ambele p\u0103r\u021bi. Sc\u0103rile sunt u\u0219or de asamblat \u0219i se pliaz\u0103 pentru transport. \u00cen plus, sc\u0103rile variabile sunt rezistente la intemperii \u0219i, prin urmare, potrivite pentru utilizare \u00een exterior.<\/p>\n","protected":false},"featured_media":13391,"comment_status":"open","ping_status":"closed","template":"","meta":[],"product_brand":[],"product_cat":[183],"product_tag":[569,1549,1548,546,570,568,1052,1034,1032,1033,429,1035,1557,1556,1054,1551,1552,1555,1554,1553,1550],"class_list":{"0":"post-13390","1":"product","2":"type-product","3":"status-publish","4":"has-post-thumbnail","6":"product_cat-traverse-truss","7":"product_tag-2x1","8":"product_tag-clamp","9":"product_tag-clema-picioare","10":"product_tag-global-truss","11":"product_tag-platforma-scena","12":"product_tag-podeste","13":"product_tag-podina-scena","14":"product_tag-podium-4x3","15":"product_tag-podium-6x4","16":"product_tag-podium-8x6","17":"product_tag-podium-scena","18":"product_tag-podium-scena-5x4","19":"product_tag-scari-reglabile","20":"product_tag-scari-scena","21":"product_tag-scena-mobila","22":"product_tag-set-picioare","23":"product_tag-set-picioare-60-100","24":"product_tag-set-picioare-scena-100-180","25":"product_tag-set-picioare-scena-40-60","26":"product_tag-set-picioare-scena-80-140","27":"product_tag-suport-prindere","29":"first","30":"instock","31":"sale","32":"purchasable","33":"product-type-simple"},"jetpack_sharing_enabled":true,"_links":{"self":[{"href":"https:\/\/quintett.ro\/index.php?rest_route=\/wp\/v2\/product\/13390","targetHints":{"allow":["GET"]}}],"collection":[{"href":"https:\/\/quintett.ro\/index.php?rest_route=\/wp\/v2\/product"}],"about":[{"href":"https:\/\/quintett.ro\/index.php?rest_route=\/wp\/v2\/types\/product"}],"replies":[{"embeddable":true,"href":"https:\/\/quintett.ro\/index.php?rest_route=%2Fwp%2Fv2%2Fcomments&post=13390"}],"wp:featuredmedia":[{"embeddable":true,"href":"https:\/\/quintett.ro\/index.php?rest_route=\/wp\/v2\/media\/13391"}],"wp:attachment":[{"href":"https:\/\/quintett.ro\/index.php?rest_route=%2Fwp%2Fv2%2Fmedia&parent=13390"}],"wp:term":[{"taxonomy":"product_brand","embeddable":true,"href":"https:\/\/quintett.ro\/index.php?rest_route=%2Fwp%2Fv2%2Fproduct_brand&post=13390"},{"taxonomy":"product_cat","embeddable":true,"href":"https:\/\/quintett.ro\/index.php?rest_route=%2Fwp%2Fv2%2Fproduct_cat&post=13390"},{"taxonomy":"product_tag","embeddable":true,"href":"https:\/\/quintett.ro\/index.php?rest_route=%2Fwp%2Fv2%2Fproduct_tag&post=13390"}],"curies":[{"name":"wp","href":"https:\/\/api.w.org\/{rel}","templated":true}]}}