{"id":13389,"date":"2025-12-04T11:41:27","date_gmt":"2025-12-04T09:41:27","guid":{"rendered":"https:\/\/quintett.ro\/?post_type=product&#038;p=13389"},"modified":"2025-12-04T11:42:58","modified_gmt":"2025-12-04T09:42:58","slug":"set-picioare-global-truss-40-60-4bc","status":"publish","type":"product","link":"https:\/\/quintett.ro\/?product=set-picioare-global-truss-40-60-4bc","title":{"rendered":"SET picioare GLOBAL TRUSS 40-60 (4bc)"},"content":{"rendered":"<p>SET picioare GLOBAL TRUSS 100-180 (4bc)<\/p>\n<p><span class=\"HwtZe\" lang=\"ro\"><span class=\"jCAhz ChMk0b\"><span class=\"ryNqvb\">Lungime: 170 mm <\/span><\/span><\/span><\/p>\n<p><span class=\"HwtZe\" lang=\"ro\"><span class=\"jCAhz ChMk0b\"><span class=\"ryNqvb\">L\u0103\u021bime: 155 mm <\/span><\/span><\/span><\/p>\n<p><span class=\"HwtZe\" lang=\"ro\"><span class=\"jCAhz ChMk0b\"><span class=\"ryNqvb\">\u00cen\u0103l\u021bime:\u00a0 390 mm <\/span><\/span><\/span><\/p>\n<p><span class=\"HwtZe\" lang=\"ro\"><span class=\"jCAhz ChMk0b\"><span class=\"ryNqvb\">Greutate: 4,7 kg <\/span><\/span><\/span><\/p>\n<p><span class=\"HwtZe\" lang=\"ro\"><span class=\"jCAhz ChMk0b\"><span class=\"ryNqvb\">Pachet: 1 set<\/span><\/span><\/span><\/p>\n","protected":false},"excerpt":{"rendered":"<p>Global Truss este un produc\u0103tor de frunte din Germania \u0219i este cunoscut \u00een special \u00een industria evenimentelor pentru produse de \u00eenalt\u0103 calitate. Etapele complete sunt indispensabile la evenimentele mari \u0219i sunt potrivite pentru utilizare \u00een interior \u0219i exterior. Datorit\u0103 diferitelor elemente accesorii, etapele pot fi completate cu module suplimentare \u00een orice moment \u0219i adaptate \u00een mod ideal nevoilor individuale.<\/p>\n<p>Seturile de picioare reglabile din aluminiu au un profil de 60 x 60 mm. \u00cen\u0103l\u021bimea total\u0103 a piciorului, inclusiv baza, este reglabil\u0103 variabil. O scal\u0103 de \u00een\u0103l\u021bime integrat\u0103 \u00een picior faciliteaz\u0103 aceast\u0103 ajustare. Pentru a regla \u00een\u0103l\u021bimea, str\u00e2nge\u021bi mai \u00eent\u00e2i \u0219urubul de prindere \u00een stea, apoi, folosind o cheie, str\u00e2nge\u021bi \u0219urubul M8. Capacul mare de cauciuc protejeaz\u0103 eficient podeaua de zg\u00e2rieturi.<\/p>\n","protected":false},"featured_media":13383,"comment_status":"open","ping_status":"closed","template":"","meta":[],"product_brand":[],"product_cat":[183],"product_tag":[569,1549,1548,546,570,568,1052,1034,1032,1033,429,1035,1054,1551,1552,1555,1554,1553,1550],"class_list":{"0":"post-13389","1":"product","2":"type-product","3":"status-publish","4":"has-post-thumbnail","6":"product_cat-traverse-truss","7":"product_tag-2x1","8":"product_tag-clamp","9":"product_tag-clema-picioare","10":"product_tag-global-truss","11":"product_tag-platforma-scena","12":"product_tag-podeste","13":"product_tag-podina-scena","14":"product_tag-podium-4x3","15":"product_tag-podium-6x4","16":"product_tag-podium-8x6","17":"product_tag-podium-scena","18":"product_tag-podium-scena-5x4","19":"product_tag-scena-mobila","20":"product_tag-set-picioare","21":"product_tag-set-picioare-60-100","22":"product_tag-set-picioare-scena-100-180","23":"product_tag-set-picioare-scena-40-60","24":"product_tag-set-picioare-scena-80-140","25":"product_tag-suport-prindere","27":"first","28":"instock","29":"sale","30":"purchasable","31":"product-type-simple"},"jetpack_sharing_enabled":true,"_links":{"self":[{"href":"https:\/\/quintett.ro\/index.php?rest_route=\/wp\/v2\/product\/13389","targetHints":{"allow":["GET"]}}],"collection":[{"href":"https:\/\/quintett.ro\/index.php?rest_route=\/wp\/v2\/product"}],"about":[{"href":"https:\/\/quintett.ro\/index.php?rest_route=\/wp\/v2\/types\/product"}],"replies":[{"embeddable":true,"href":"https:\/\/quintett.ro\/index.php?rest_route=%2Fwp%2Fv2%2Fcomments&post=13389"}],"wp:featuredmedia":[{"embeddable":true,"href":"https:\/\/quintett.ro\/index.php?rest_route=\/wp\/v2\/media\/13383"}],"wp:attachment":[{"href":"https:\/\/quintett.ro\/index.php?rest_route=%2Fwp%2Fv2%2Fmedia&parent=13389"}],"wp:term":[{"taxonomy":"product_brand","embeddable":true,"href":"https:\/\/quintett.ro\/index.php?rest_route=%2Fwp%2Fv2%2Fproduct_brand&post=13389"},{"taxonomy":"product_cat","embeddable":true,"href":"https:\/\/quintett.ro\/index.php?rest_route=%2Fwp%2Fv2%2Fproduct_cat&post=13389"},{"taxonomy":"product_tag","embeddable":true,"href":"https:\/\/quintett.ro\/index.php?rest_route=%2Fwp%2Fv2%2Fproduct_tag&post=13389"}],"curies":[{"name":"wp","href":"https:\/\/api.w.org\/{rel}","templated":true}]}}