{"id":13357,"date":"2025-11-24T14:05:57","date_gmt":"2025-11-24T12:05:57","guid":{"rendered":"https:\/\/quintett.ro\/?post_type=product&#038;p=13357"},"modified":"2025-11-24T14:07:17","modified_gmt":"2025-11-24T12:07:17","slug":"avalon-u5-black","status":"publish","type":"product","link":"https:\/\/quintett.ro\/?product=avalon-u5-black","title":{"rendered":"Avalon U5 Black"},"content":{"rendered":"<p>Caracteristici:<\/p>\n<p>&#8211; Pure Class A<br \/>\n&#8211; Detalii muzicale placute, excelenta sonica<br \/>\n&#8211; Gain preamp variabil pana la +30dB<br \/>\n&#8211; Iesiri duale de microfon si linie<br \/>\n&#8211; Hi-Z impedanta de 3,000,000 ohm<br \/>\n&#8211; Zgomot foarte scazut<br \/>\n&#8211; Headroom mare de +30dB<br \/>\n&#8211; Banca de 6 tonuri<br \/>\n&#8211; Comutator high cut ce elimina zgomotul<br \/>\n&#8211; Monitorizare casti<br \/>\n&#8211; Distorsiune joasa, mai putin de 0,5% THD si IMD<br \/>\n&#8211; 400 watt intrare boxa<br \/>\n&#8211; Comutator de izolare impamantare<br \/>\n&#8211; Carcasa de metal inoxidabil construit sa reziste in timp<\/p>\n<p>Specificatii:<\/p>\n<p>&#8211; Circuit de inalta tensiune 100% discret, balansat si simetric de clasa A<br \/>\ncomutare in pasi de 3dB, gain maximum: +30dB<br \/>\n&#8211; Impedanta: 3, 000, 000 ohm<br \/>\n&#8211; Conectori iesire: XLR<br \/>\n&#8211; Iesire casti: 0.5w in 600 ohms<br \/>\n&#8211; Noise 20kHz: -100dbU la nivelul minim de gain<br \/>\n&#8211; Raspuns frecvente: 5Hz pana la 50kHz<br \/>\n&#8211; Filtru High-Cut: -3dB la 8kHz<br \/>\n&#8211; Comutator ton in 6 pozitii<br \/>\n&#8211; Dimensiuni: 216 x 88 x 305mm<br \/>\n&#8211; Sursa de alimentare interna AC toroidala<br \/>\n&#8211; Greutate: 5.4kg<\/p>\n","protected":false},"excerpt":{"rendered":"<p><strong>Avalon U5<\/strong> Black- DI\/preamplificator de clas\u0103 A pentru instrument, creeat s\u00ee optimizeze integritatea semnalului \u0219i a performan\u021bei muzicale, fiind ideal pentru chitare bass \u0219i instrumente acustice, chitare electrice, clape, sintetizatoare \u0219i doze cu output mic. Acesta combin\u0103 un selector de ton pasiv cu un preamplificator cu gain variabil \u0219i filtru. Impedan\u021ba de ie\u0219ire mare accept\u0103 o mare varietate de nivele de semnal, \u0219i ofer\u0103 6 curbe pasive de tone-EQ. De asemeni beneficiaz\u0103 de un switch high-cut, care elimin\u0103 zgomotele de la dozele acustice sau produse de frecven\u021bele \u00eenalte. Mai ofer\u0103 un amplificator de c\u0103\u0219ti pentru monitorizare personal\u0103. Amplificatoarele de ie\u0219ire de tip Twin DC coupled Class A, sunt utilizate atat pentru intr\u0103rile cu preamplificator de microfon, c\u00e2t \u0219i pentru intr\u0103rile de nivel mare +4dB, pentru \u00eenregistrare direct\u0103 \u0219i procesare. Selectorul &#8220;active-to-thru&#8221; alege fie direct intrarea de instrument sau trimite semnalul egalizat \u0219i crescut (boosted-equalized) c\u0103tre amplificator prin intermediul conectorului de pe panoul frontal. De asemeni, un switch &#8220;ground isolation&#8221; elimin\u0103 orice zgomote nedorite ce pot ap\u0103rea din cauza aliment\u0103rii sau bucle de mas\u0103.<\/p>\n","protected":false},"featured_media":13331,"comment_status":"open","ping_status":"closed","template":"","meta":[],"product_brand":[],"product_cat":[634],"product_tag":[1532,1534,1535,1533,1536,1540,1538,1539,1537,1531,1541],"class_list":{"0":"post-13357","1":"product","2":"type-product","3":"status-publish","4":"has-post-thumbnail","6":"product_cat-preamplificatoare-microfon-avalon","7":"product_tag-avalon","8":"product_tag-avalon-u5","9":"product_tag-avalon-v55","10":"product_tag-avalon-vt-737sp","11":"product_tag-compresor","12":"product_tag-efect","13":"product_tag-egalizator","14":"product_tag-eq","15":"product_tag-equalizer","16":"product_tag-preamplificator-microfon","17":"product_tag-procesor-dinamica","19":"first","20":"instock","21":"sale","22":"purchasable","23":"product-type-simple"},"jetpack_sharing_enabled":true,"_links":{"self":[{"href":"https:\/\/quintett.ro\/index.php?rest_route=\/wp\/v2\/product\/13357","targetHints":{"allow":["GET"]}}],"collection":[{"href":"https:\/\/quintett.ro\/index.php?rest_route=\/wp\/v2\/product"}],"about":[{"href":"https:\/\/quintett.ro\/index.php?rest_route=\/wp\/v2\/types\/product"}],"replies":[{"embeddable":true,"href":"https:\/\/quintett.ro\/index.php?rest_route=%2Fwp%2Fv2%2Fcomments&post=13357"}],"wp:featuredmedia":[{"embeddable":true,"href":"https:\/\/quintett.ro\/index.php?rest_route=\/wp\/v2\/media\/13331"}],"wp:attachment":[{"href":"https:\/\/quintett.ro\/index.php?rest_route=%2Fwp%2Fv2%2Fmedia&parent=13357"}],"wp:term":[{"taxonomy":"product_brand","embeddable":true,"href":"https:\/\/quintett.ro\/index.php?rest_route=%2Fwp%2Fv2%2Fproduct_brand&post=13357"},{"taxonomy":"product_cat","embeddable":true,"href":"https:\/\/quintett.ro\/index.php?rest_route=%2Fwp%2Fv2%2Fproduct_cat&post=13357"},{"taxonomy":"product_tag","embeddable":true,"href":"https:\/\/quintett.ro\/index.php?rest_route=%2Fwp%2Fv2%2Fproduct_tag&post=13357"}],"curies":[{"name":"wp","href":"https:\/\/api.w.org\/{rel}","templated":true}]}}