{"id":13355,"date":"2025-11-24T13:57:24","date_gmt":"2025-11-24T11:57:24","guid":{"rendered":"https:\/\/quintett.ro\/?post_type=product&#038;p=13355"},"modified":"2025-11-24T14:00:23","modified_gmt":"2025-11-24T12:00:23","slug":"avalon-55","status":"publish","type":"product","link":"https:\/\/quintett.ro\/?product=avalon-55","title":{"rendered":"Avalon 55"},"content":{"rendered":"<div class=\"st_read_more_box\">\n<p>Preamplificator Avalon V55<\/p>\n<p><strong>EXCELEN\u021a\u0102 SONIC\u0102<\/strong><br \/>\nAvalon V55 DI-RE-MIC este un preamplificator de \u00eenalt\u0103 performan\u021b\u0103 tip dual channel, DI \u0219i re-amplificator. Creat pentru versatilitate maxim\u0103, amprenta sonic\u0103 a V55 &#8211; Bass p\u0103trunz\u0103tor \u0219i controlat, spectru mediu muzical \u0219i proiec\u021bie vocal\u0103 \u00eembun\u0103t\u0103\u021bit\u0103 &#8211; combinate cu o serie de func\u021bii unice incluz\u00e2nd amplificare 100% discret\u0103 clasa A, tehnologia pasiv\u0103 marca Avalon TONE-BANK, vu metru profesional cu 2 LED-uri, ie\u0219iri multiple care includ \u0219i un reamper izolat. Conceput pentru a optimiza integritatea semnalului \u0219i presta\u021bia muzical\u0103, V55 este ideal pentru microfoane ribbon, dinamice sau condenser, chitar\u0103 bass, instrumente acustice, chitar\u0103 electric\u0103, claviaturi, sintetizatoare \u0219i doze pasive cu un output foarte sc\u0103zut.<\/p>\n<p>DI-ul de top incorporat ofer\u0103 o impedan\u021b\u0103 foarte ridicat\u0103 tip &#8220;zero load&#8221; asupra dozelor \u0219i clapelor sensibile, men\u021bin\u00e2nd un headroom masiv de +36dB \u00eenainte de supra-sarcin\u0103.<\/p>\n<p><strong>DESIGN MINIMAL\u00a0AL SEMNALULUI<\/strong><br \/>\nV55 include \u0219i un transformator de \u00eenalt\u0103 calitate pentru intr\u0103ri (la fel ca \u0219i Avalon VT-737sp) cu impedan\u021b\u0103 pentru dou\u0103 microfoane perfect\u0103 pentru potrivirea microfon\/cablu, \u0219i de asemenea un comutator de high-cut pentru eliminarea zgomotului acustic nedorit din frecven\u021bele \u00eenalte, amplificator pentru c\u0103\u0219ti pentru monitorizare, amplificatoare 100% clasa A pentru controlul unui bass definit.<\/p>\n<p><strong>Func\u021bii:<\/strong><\/p>\n<ul>\n<li>Design Mono Dual, Clasa A Pur, 100% discret<\/li>\n<li>Detaliere muzical\u0103 prezent\u0103 \u0219i excelen\u021b\u0103 sonic\u0103<\/li>\n<li>Cale semnal audio minim\u0103 cu 10 pozi\u021bii de raz\u0103 extins\u0103 TONE-BANK<\/li>\n<li>Transformator de \u00eenalt\u0103 calitate \u0219i izolare ie\u0219ire<\/li>\n<li>Intr\u0103ri microfon \u0219i Hi-Z p\u00e2n\u0103 la +36dB<\/li>\n<li>Zgomot foarte redus de -100dB<\/li>\n<li>Headroom foarte mare de +30dB<\/li>\n<li>2dB comutabili, preamplificator de gain \u00eenalt p\u00e2n\u0103 la +66 dB<\/li>\n<li>Ie\u0219ire cuplat\u0103 DC Clasa A pur<\/li>\n<li>Vu metru mare iluminat \u0219i profesional<\/li>\n<li>Indicatori LED duali pentru v\u00e2rful semnalului<\/li>\n<li>Alimentare +48v phantom power regulat\u0103<\/li>\n<li>Distorsiuen redusp de sub 0.5% THD \u0219i IMD<\/li>\n<li>Filtru high-pass pasiv variabil (t\u0103iere ba\u0219i)<\/li>\n<li>Rutare semnal integral prin releu sigilat cu argint<\/li>\n<\/ul>\n<p><strong>Specifica\u021bii:<\/strong><\/p>\n<ul>\n<li>Topologie Circuit Audio: 100% discret, clasa A, dual channel<\/li>\n<li>Gain: comutabil \u00een 2 pa\u0219i -\/+ 0.2dB<\/li>\n<li>Moduri Intr\u0103ri: Linie, Instrument DI, Microfon Hi-Z, Microfon Lo-Z<\/li>\n<li>Linie (transformator): 9,000 ohmi balansa\u021bi, XLR-TRS, gain -2dB~+38dB, input maxim 47dB<\/li>\n<li>Instrument DI: 10,000,000 ohmi nebalansa\u021bi, TRS, gain +2dB~+42dB, input maxim 36dB<\/li>\n<li>Microfon Hi-Z: 6,600 ohmi balansa\u021bi, XLR, gain +20dB ~ +60dB, input maxim 23dB<\/li>\n<li>Microfon Lo-Z: 1,800 ohmi balansa\u021bi, XLR, gain +26dB ~ +66dB, input maxim 19dB<\/li>\n<li>Pad: Linie -13dB, Instrument -10dB &amp; Microfon -15dB<\/li>\n<li>Phantom Power: 48V regulat @10mA, albastru=putere PORNIT\u0102, ro\u0219u=phantom PORNIT<\/li>\n<li>Ie\u0219ire Thru: Nebalansat, impedan\u021b\u0103 moderat\u0103 TRS<\/li>\n<li>Volum Linie Ie\u0219ire Maxim: +30dB, DC cuplat, 600 ohmi balansa\u021bi, XLR~TRS<\/li>\n<li>Volum Izolat Ie\u0219ire Maxim: +12dB transformator izolat, nebalansat<\/li>\n<li>Ie\u0219ire C\u0103\u0219ti: 0.5W, 600 ohmi, TRS<\/li>\n<li>Zgomot 20kHz, neponderat: -98dBu tipic, gain minim<\/li>\n<li>Zgomot (EIN) 22Hz-22kHz: -128dB @ 40dB gain (ie\u0219ire microfon Lo-Z<\/li>\n<li>Distortion THD, IMD:) 0.05% at +10dB, 0.5% at +30dBu<\/li>\n<li>Raspuns frecventa -\/+0.5dB: 5Hz &#8211; 20kHz<\/li>\n<li>Raspuns frecventa -3dB: 2Hz &#8211; 500kHz (limitare intern\u0103)<\/li>\n<li>Vu metru: Bobin\u0103 dinamic\u0103 profesional\u0103 VU, raz\u0103 larg\u0103 -33dB \u201d +18dB<\/li>\n<li>LED Semnal: captur\u0103 v\u00e2rf LED, albastru =0dB, ro\u0219u =20dB<\/li>\n<li>Filtru High-Cut: -3dB la 3.7kHz, design phase minim<\/li>\n<li>Inversare polaritate (phase): Toate ie\u0219irile (comutat prin releu)<\/li>\n<li>Sculptare ton: 10 selec\u021bii pasive de filtru-ton<\/li>\n<li>Putere AC: Alimentare AC toroidal\u0103 intern\u0103, voltaj dual, 115~230v selectabil 50\/60Hz, 35w max per canal<\/li>\n<li>Dimensiuni: 19 x 3.5 x 12 in (483 x 88 x 305mm)<\/li>\n<li>Format Rack: 19&#8243; \/ 2U<\/li>\n<li>Greutate: 10.9kg<\/li>\n<\/ul>\n<p>Conexiuni:<\/p>\n<ul>\n<li>2 intr\u0103ri Microfon: XLR<\/li>\n<li>2 intr\u0103ri Linie: XLR \u0219i jack 6.3 mm<\/li>\n<li>2 intr\u0103ri Instrument Hi-Z: jack 6.3 mm<\/li>\n<li>2 ie\u0219iri Linie: XLR \u0219i jack 6.3 mm<\/li>\n<li>2 conexiuni AMP \u0219i Thru: jack 6.3 mm<\/li>\n<li>2 ie\u0219iri c\u0103\u0219ti stereo: jack 6.3mm<\/li>\n<\/ul>\n<\/div>\n","protected":false},"excerpt":{"rendered":"<p>Avalon V55 este un preamplificator de microfon sau instrument clasa A tip dual channel care ofer\u0103 ie\u0219iri izolate pentru reamping. Capteaz\u0103 fiecare detaliu muzical \u0219i continu\u0103 dedica\u021bia Avalon pentru excelen\u021b\u0103 sonic\u0103, promi\u021b\u00e2nd un bass p\u0103trunz\u0103tor \u0219i controlat, frecven\u021be medii muzicale pentru proiec\u021bie vocal\u0103 \u00eembun\u0103t\u0103\u021bit\u0103 \u0219i impedan\u021b\u0103 ridicat\u0103 dar transparent\u0103 pentru intr\u0103rile de instrument.<\/p>\n","protected":false},"featured_media":13333,"comment_status":"open","ping_status":"closed","template":"","meta":[],"product_brand":[],"product_cat":[634],"product_tag":[1532,1534,1535,1533,1536,1540,1538,1539,1537,1531,1541],"class_list":{"0":"post-13355","1":"product","2":"type-product","3":"status-publish","4":"has-post-thumbnail","6":"product_cat-preamplificatoare-microfon-avalon","7":"product_tag-avalon","8":"product_tag-avalon-u5","9":"product_tag-avalon-v55","10":"product_tag-avalon-vt-737sp","11":"product_tag-compresor","12":"product_tag-efect","13":"product_tag-egalizator","14":"product_tag-eq","15":"product_tag-equalizer","16":"product_tag-preamplificator-microfon","17":"product_tag-procesor-dinamica","19":"first","20":"instock","21":"sale","22":"purchasable","23":"product-type-simple"},"jetpack_sharing_enabled":true,"_links":{"self":[{"href":"https:\/\/quintett.ro\/index.php?rest_route=\/wp\/v2\/product\/13355","targetHints":{"allow":["GET"]}}],"collection":[{"href":"https:\/\/quintett.ro\/index.php?rest_route=\/wp\/v2\/product"}],"about":[{"href":"https:\/\/quintett.ro\/index.php?rest_route=\/wp\/v2\/types\/product"}],"replies":[{"embeddable":true,"href":"https:\/\/quintett.ro\/index.php?rest_route=%2Fwp%2Fv2%2Fcomments&post=13355"}],"wp:featuredmedia":[{"embeddable":true,"href":"https:\/\/quintett.ro\/index.php?rest_route=\/wp\/v2\/media\/13333"}],"wp:attachment":[{"href":"https:\/\/quintett.ro\/index.php?rest_route=%2Fwp%2Fv2%2Fmedia&parent=13355"}],"wp:term":[{"taxonomy":"product_brand","embeddable":true,"href":"https:\/\/quintett.ro\/index.php?rest_route=%2Fwp%2Fv2%2Fproduct_brand&post=13355"},{"taxonomy":"product_cat","embeddable":true,"href":"https:\/\/quintett.ro\/index.php?rest_route=%2Fwp%2Fv2%2Fproduct_cat&post=13355"},{"taxonomy":"product_tag","embeddable":true,"href":"https:\/\/quintett.ro\/index.php?rest_route=%2Fwp%2Fv2%2Fproduct_tag&post=13355"}],"curies":[{"name":"wp","href":"https:\/\/api.w.org\/{rel}","templated":true}]}}