{"id":13300,"date":"2025-11-20T14:21:22","date_gmt":"2025-11-20T12:21:22","guid":{"rendered":"https:\/\/quintett.ro\/?post_type=product&#038;p=13300"},"modified":"2026-03-18T09:56:16","modified_gmt":"2026-03-18T07:56:16","slug":"mac-mah-mac-beam-200","status":"publish","type":"product","link":"https:\/\/quintett.ro\/?product=mac-mah-mac-beam-200","title":{"rendered":"Mac Mah &#8211; Mac Beam 200"},"content":{"rendered":"<p>Caracteristici:<br \/>\nMac Beam 200<br \/>\nLED alb 200W 9500K<br \/>\n30 LED-uri SMD x 0.2W<br \/>\n14 canale DMX<br \/>\nModuri de func\u021bionare: DMX, activat prin sunet, master\/slave \u0219i automat<br \/>\n1 roat\u0103 cu 13 gobo-uri fixe + gobo deschis<br \/>\n1 roat\u0103 vibrant\u0103 gobo cu 11 culori + alb, semi-culori \u0219i efect curcubeu<br \/>\nPrism\u0103 rotativ\u0103 cu 12+6 fa\u021bete, bidirec\u021bional\u0103, vitez\u0103 variabil\u0103<br \/>\nDimmer motorizat pentru focalizare 0-100%<br \/>\nRota\u021bii strobo: 540\u00b0 x 200\u00b0 PAN\/TILT cu vitez\u0103 reglabil\u0103<br \/>\nUnghi fascicul 2.5\u00b0<br \/>\nAfi\u0219aj LCD<br \/>\nIntrare PowerCON<br \/>\nR\u0103cire cu ventilator for\u021bat, controlat\u0103 la temperatur\u0103<br \/>\nGrad de protec\u021bie: IP20<br \/>\nPozi\u021bionare: Doar pentru utilizare \u00een interior, trebuie fixat pe o suprafa\u021b\u0103 sau structur\u0103<br \/>\nConsum de energie: 250W Alimentare AC: 100-240 VAC \/ 50-60 Hz<br \/>\nDimensiuni: 255 x 185 x 410 mm Greutate: 6 kg<\/p>\n","protected":false},"excerpt":{"rendered":"<p><span class=\"HwtZe\" lang=\"ro\"><span class=\"jCAhz ChMk0b\"><span class=\"ryNqvb\">Mac Beam 200 este un proiector cu cap mobil de 200 W, cu un unghi de fascicul ultra-focalizat de 2,5\u00b0, ideal pentru spectacolele de lumini.<\/span><\/span> <span class=\"jCAhz ChMk0b\"><span class=\"ryNqvb\">Integreaz\u0103 gobo-uri, culori, prisme \u0219i halouri LED pentru efecte spectaculoase.<\/span><\/span> <span class=\"jCAhz ChMk0b\"><span class=\"ryNqvb\">Compact, fiabil \u0219i u\u0219or de controlat prin DMX sau mod automa<\/span><\/span><\/span><\/p>\n","protected":false},"featured_media":13304,"comment_status":"open","ping_status":"closed","template":"","meta":[],"product_brand":[],"product_cat":[1503,496],"product_tag":[1415,1530,1460,501,1417,513,1427,190,1459,505,1426,832,196,1416,515,516],"class_list":{"0":"post-13300","1":"product","2":"type-product","3":"status-publish","4":"has-post-thumbnail","6":"product_cat-black-friday","7":"product_cat-msc-lumini-si-scene","8":"product_tag-1915-aura","9":"product_tag-beam-led-200w","10":"product_tag-beam-spot-wash","11":"product_tag-lumini-inteligente","12":"product_tag-lumini-led","13":"product_tag-mac-mah","14":"product_tag-martin","15":"product_tag-moving-head","16":"product_tag-moving-head-150w","17":"product_tag-moving-head-7r","18":"product_tag-moving-head-led","19":"product_tag-robe","20":"product_tag-wash","21":"product_tag-wash-1915","22":"product_tag-wash-19x15","23":"product_tag-wash1915","25":"first","26":"instock","27":"sale","28":"purchasable","29":"product-type-simple"},"jetpack_sharing_enabled":true,"_links":{"self":[{"href":"https:\/\/quintett.ro\/index.php?rest_route=\/wp\/v2\/product\/13300","targetHints":{"allow":["GET"]}}],"collection":[{"href":"https:\/\/quintett.ro\/index.php?rest_route=\/wp\/v2\/product"}],"about":[{"href":"https:\/\/quintett.ro\/index.php?rest_route=\/wp\/v2\/types\/product"}],"replies":[{"embeddable":true,"href":"https:\/\/quintett.ro\/index.php?rest_route=%2Fwp%2Fv2%2Fcomments&post=13300"}],"wp:featuredmedia":[{"embeddable":true,"href":"https:\/\/quintett.ro\/index.php?rest_route=\/wp\/v2\/media\/13304"}],"wp:attachment":[{"href":"https:\/\/quintett.ro\/index.php?rest_route=%2Fwp%2Fv2%2Fmedia&parent=13300"}],"wp:term":[{"taxonomy":"product_brand","embeddable":true,"href":"https:\/\/quintett.ro\/index.php?rest_route=%2Fwp%2Fv2%2Fproduct_brand&post=13300"},{"taxonomy":"product_cat","embeddable":true,"href":"https:\/\/quintett.ro\/index.php?rest_route=%2Fwp%2Fv2%2Fproduct_cat&post=13300"},{"taxonomy":"product_tag","embeddable":true,"href":"https:\/\/quintett.ro\/index.php?rest_route=%2Fwp%2Fv2%2Fproduct_tag&post=13300"}],"curies":[{"name":"wp","href":"https:\/\/api.w.org\/{rel}","templated":true}]}}