{"id":1329,"date":"2020-12-02T16:38:36","date_gmt":"2020-12-02T14:38:36","guid":{"rendered":"https:\/\/quintett.ro\/?post_type=product&#038;p=1329"},"modified":"2024-07-09T10:04:44","modified_gmt":"2024-07-09T08:04:44","slug":"razzor-cases-nord-stage-3-88-case","status":"publish","type":"product","link":"https:\/\/quintett.ro\/?product=razzor-cases-nord-stage-3-88-case","title":{"rendered":"RAZZOR CASES Nord Stage 4 88 Case"},"content":{"rendered":"<p id=\"tw-target-text\" class=\"tw-data-text tw-text-large XcVN5d tw-ta\" dir=\"ltr\" data-placeholder=\"Traducere\"><span lang=\"ro\">Marca RAZZOR CASES ofer\u0103 case-uri fabricate manual \u00a0\u00een Republica Ceh\u0103 care v\u0103 vor oferi \u00a0securitatea necesar\u0103 pentru echipamentele dumneavoastra . <\/span><\/p>\n<p class=\"tw-data-text tw-text-large XcVN5d tw-ta\" dir=\"ltr\" data-placeholder=\"Traducere\"><span lang=\"ro\">Fiecare carcas\u0103 este realizat\u0103 din placaj de mesteac\u0103n de 7 mm \u0219i ofer\u0103 dou\u0103 m\u00e2nere robuste, \u00eencuietori fluture, col\u021buri mari rotunjite \u0219i c\u0103ptu\u0219eal\u0103 interioar\u0103 de 10 mm grosime.<\/span><\/p>\n","protected":false},"excerpt":{"rendered":"<h5 id=\"tw-target-text\" class=\"tw-data-text tw-text-large XcVN5d tw-ta\" dir=\"ltr\" data-placeholder=\"Traducere\"><span lang=\"ro\"><strong><em>RAZZOR CASES Nord Stage 3 88 Case<\/em><\/strong><\/span><\/h5>\n<ul>\n<li class=\"tw-data-text tw-text-large XcVN5d tw-ta\" dir=\"ltr\" data-placeholder=\"Traducere\"><span lang=\"ro\">\u021aara de fabrica\u021bie: Republica Ceh\u0103 <\/span><\/li>\n<li class=\"tw-data-text tw-text-large XcVN5d tw-ta\" dir=\"ltr\" data-placeholder=\"Traducere\"><span lang=\"ro\">Material: placaj Dimensiuni: 1366 x 183 x 457 mm <\/span><\/li>\n<li class=\"tw-data-text tw-text-large XcVN5d tw-ta\" dir=\"ltr\" data-placeholder=\"Traducere\"><span lang=\"ro\">Greutate: 12,5 kg <\/span><\/li>\n<li class=\"tw-data-text tw-text-large XcVN5d tw-ta\" dir=\"ltr\" data-placeholder=\"Traducere\"><span lang=\"ro\">L\u0103\u021bime interioar\u0103: 128 mm <\/span><\/li>\n<li class=\"tw-data-text tw-text-large XcVN5d tw-ta\" dir=\"ltr\" data-placeholder=\"Traducere\"><span lang=\"ro\">\u00cen\u0103l\u021bime interioar\u0103: 1310 mm <\/span><\/li>\n<li class=\"tw-data-text tw-text-large XcVN5d tw-ta\" dir=\"ltr\" data-placeholder=\"Traducere\"><span lang=\"ro\">Ad\u00e2ncime intern\u0103: 355 mm<\/span><\/li>\n<\/ul>\n","protected":false},"featured_media":1330,"comment_status":"open","ping_status":"closed","template":"","meta":[],"product_brand":[],"product_cat":[24,188],"product_tag":[166,165,162],"class_list":{"0":"post-1329","1":"product","2":"type-product","3":"status-publish","4":"has-post-thumbnail","6":"product_cat-piane-digitale","7":"product_cat-case-cutie","8":"product_tag-case","9":"product_tag-case-nord","10":"product_tag-nord-stage","12":"first","13":"instock","14":"purchasable","15":"product-type-simple"},"jetpack_sharing_enabled":true,"_links":{"self":[{"href":"https:\/\/quintett.ro\/index.php?rest_route=\/wp\/v2\/product\/1329","targetHints":{"allow":["GET"]}}],"collection":[{"href":"https:\/\/quintett.ro\/index.php?rest_route=\/wp\/v2\/product"}],"about":[{"href":"https:\/\/quintett.ro\/index.php?rest_route=\/wp\/v2\/types\/product"}],"replies":[{"embeddable":true,"href":"https:\/\/quintett.ro\/index.php?rest_route=%2Fwp%2Fv2%2Fcomments&post=1329"}],"wp:featuredmedia":[{"embeddable":true,"href":"https:\/\/quintett.ro\/index.php?rest_route=\/wp\/v2\/media\/1330"}],"wp:attachment":[{"href":"https:\/\/quintett.ro\/index.php?rest_route=%2Fwp%2Fv2%2Fmedia&parent=1329"}],"wp:term":[{"taxonomy":"product_brand","embeddable":true,"href":"https:\/\/quintett.ro\/index.php?rest_route=%2Fwp%2Fv2%2Fproduct_brand&post=1329"},{"taxonomy":"product_cat","embeddable":true,"href":"https:\/\/quintett.ro\/index.php?rest_route=%2Fwp%2Fv2%2Fproduct_cat&post=1329"},{"taxonomy":"product_tag","embeddable":true,"href":"https:\/\/quintett.ro\/index.php?rest_route=%2Fwp%2Fv2%2Fproduct_tag&post=1329"}],"curies":[{"name":"wp","href":"https:\/\/api.w.org\/{rel}","templated":true}]}}