{"id":13274,"date":"2025-11-18T10:20:14","date_gmt":"2025-11-18T08:20:14","guid":{"rendered":"https:\/\/quintett.ro\/?post_type=product&#038;p=13274"},"modified":"2025-11-18T10:29:07","modified_gmt":"2025-11-18T08:29:07","slug":"sennheiser-xsw-iem-a-band-ie100pro-set","status":"publish","type":"product","link":"https:\/\/quintett.ro\/?product=sennheiser-xsw-iem-a-band-ie100pro-set","title":{"rendered":"Sennheiser XSW IEM A-Band + IE100Pro Set"},"content":{"rendered":"<h2 class=\"fx-headline fx-headline--3 fx-space-bottom--m\">Set IN-EAR Sennheiser XSW IEM A-Band<\/h2>\n<ul class=\"fx-list product-text__list\">\n<li class=\"fx-list__item list-item fx-list__item--circle\"><span class=\"fx-text fx-text--plus list-item__text\">Compus din emi\u021b\u0103tor (XSW IEM SR) \u0219i receptor de buzunar (XSW IEM EK)<\/span><\/li>\n<li class=\"fx-list__item list-item fx-list__item--circle\"><span class=\"fx-text fx-text--plus list-item__text\">Interval de frecven\u021b\u0103 Banda A: 476 &#8211; 500 MHz<\/span><\/li>\n<li class=\"fx-list__item list-item fx-list__item--circle\"><span class=\"fx-text fx-text--plus list-item__text\">Putere emi\u021b\u0103tor: 30 mW<\/span><\/li>\n<li class=\"fx-list__item list-item fx-list__item--circle\"><span class=\"fx-text fx-text--plus list-item__text\">Gam\u0103 de frecven\u021b\u0103: 45 &#8211; 15.000 Hz<\/span><\/li>\n<li class=\"fx-list__item list-item fx-list__item--circle\"><span class=\"fx-text fx-text--plus list-item__text\">L\u0103\u021bime de band\u0103 comutat\u0103 p\u00e2n\u0103 la 24 MHz<\/span><\/li>\n<li class=\"fx-list__item list-item fx-list__item--circle\"><span class=\"fx-text fx-text--plus list-item__text\">Egalizator<\/span><\/li>\n<li class=\"fx-list__item list-item fx-list__item--circle\"><span class=\"fx-text fx-text--plus list-item__text\">Limitator<\/span><\/li>\n<li class=\"fx-list__item list-item fx-list__item--circle\"><span class=\"fx-text fx-text--plus list-item__text\">Preset\u0103ri de frecven\u021b\u0103<\/span><\/li>\n<li class=\"fx-list__item list-item fx-list__item--circle\"><span class=\"fx-text fx-text--plus list-item__text\">Mod de focalizare<\/span><\/li>\n<li class=\"fx-list__item list-item fx-list__item--circle\"><span class=\"fx-text fx-text--plus list-item__text\">Sincronizare \u00een infraro\u0219u<\/span><\/li>\n<li class=\"fx-list__item list-item fx-list__item--circle\"><span class=\"fx-text fx-text--plus list-item__text\">Timp de func\u021bionare: aprox. 6 ore &#8211; \u00een func\u021bie de setarea volumului<\/span><\/li>\n<li class=\"fx-list__item list-item fx-list__item--circle\"><span class=\"fx-text fx-text--plus list-item__text\">Conexiuni transmi\u021b\u0103tor: ie\u0219ire c\u0103\u0219ti 6,3 mm, 2x mufe de intrare combinate<\/span><\/li>\n<li class=\"fx-list__item list-item fx-list__item--circle\"><span class=\"fx-text fx-text--plus list-item__text\">Conexiuni receptor: ie\u0219ire pentru c\u0103\u0219ti cu mini-jack de 3,5 mm<\/span><\/li>\n<li class=\"fx-list__item list-item fx-list__item--circle\"><span class=\"fx-text fx-text--plus list-item__text\">Dimensiunile emi\u021b\u0103torului (L x A x \u00ce): 200 x 128 x 42 mm<\/span><\/li>\n<li class=\"fx-list__item list-item fx-list__item--circle\"><span class=\"fx-text fx-text--plus list-item__text\">Dimensiunile receptorului (L x A x \u00ce): 95 x 70 x 26 mm<\/span><\/li>\n<li class=\"fx-list__item list-item fx-list__item--circle\"><span class=\"fx-text fx-text--plus list-item__text\">Greutatea emi\u021b\u0103torului: 700 g<\/span><\/li>\n<li class=\"fx-list__item list-item fx-list__item--circle\"><span class=\"fx-text fx-text--plus list-item__text\">Greutatea receptorului: 110 g<\/span><\/li>\n<li class=\"fx-list__item list-item fx-list__item--circle\"><span class=\"fx-text fx-text--plus list-item__text\">Include c\u0103\u0219ti intraauriculare Sennheiser IE 4, kit de montare \u00een rack XSW, surs\u0103 de alimentare (NT 12-5 CW), 1 anten\u0103 omnidirec\u021bional\u0103 BNC, 2 baterii AA<\/span><\/li>\n<\/ul>\n<h2 class=\"fx-headline fx-headline--3 fx-space-bottom--m\">Sennheiser IE 100 Pro Negru<\/h2>\n<p class=\"fx-text fx-text--plus product-text__description\"><span class=\"fx-text fx-text--bold\">C\u0103\u0219ti dinamice intraauriculare<\/span><\/p>\n<ul class=\"fx-list product-text__list\">\n<li class=\"fx-list__item list-item fx-list__item--circle\"><span class=\"fx-text fx-text--plus list-item__text\">Impedan\u021b\u0103: 20 Ohm<\/span><\/li>\n<li class=\"fx-list__item list-item fx-list__item--circle\"><span class=\"fx-text fx-text--plus list-item__text\">Gam\u0103 de frecven\u021b\u0103: 20 &#8211; 18.000 Hz<\/span><\/li>\n<li class=\"fx-list__item list-item fx-list__item--circle\"><span class=\"fx-text fx-text--plus list-item__text\">Nivel de presiune sonor\u0103 (SPL): 115 dB (1 kHz \/ 1 Vrms)<\/span><\/li>\n<li class=\"fx-list__item list-item fx-list__item--circle\"><span class=\"fx-text fx-text--plus list-item__text\">Factor de distorsiune la 1 kHz: &lt; 0,1 % (1 kHz, 94 dB)<\/span><\/li>\n<li class=\"fx-list__item list-item fx-list__item--circle\"><span class=\"fx-text fx-text--plus list-item__text\">Atenuare: &lt; 26 dB<\/span><\/li>\n<li class=\"fx-list__item list-item fx-list__item--circle\"><span class=\"fx-text fx-text--plus list-item__text\">Principiul traductorului: dinamic<\/span><\/li>\n<li class=\"fx-list__item list-item fx-list__item--circle\"><span class=\"fx-text fx-text--plus list-item__text\">Lungimea cablului: 130 cm<\/span><\/li>\n<li class=\"fx-list__item list-item fx-list__item--circle\"><span class=\"fx-text fx-text--plus list-item__text\">Culoare: negru<\/span><\/li>\n<li class=\"fx-list__item list-item fx-list__item--circle\"><span class=\"fx-text fx-text--plus list-item__text\">Include 3 seturi de adaptoare din silicon (S, M, L), 1 set de adaptoare din spum\u0103 (M), 1 geant\u0103 de transport \u0219i 1 instrument de cur\u0103\u021bare<\/span><\/li>\n<\/ul>\n","protected":false},"excerpt":{"rendered":"<h5 class=\"product-summary__heading\">Sennheiser XSW IEM SET A &#8211; Sistem wireless monitorizare in-ear<\/h5>\n","protected":false},"featured_media":13275,"comment_status":"open","ping_status":"closed","template":"","meta":[],"product_brand":[],"product_cat":[1503,129],"product_tag":[855,853,857,142,856,1528,1527,1526,854],"class_list":{"0":"post-13274","1":"product","2":"type-product","3":"status-publish","4":"has-post-thumbnail","6":"product_cat-black-friday","7":"product_cat-casti-in-ear","8":"product_tag-lavaliera","9":"product_tag-microfon-lavaliera","10":"product_tag-microfon-prezentator","11":"product_tag-sennheiser","12":"product_tag-sennheiser-xsw-2","13":"product_tag-sennheiser-xsw-iem-set-a","14":"product_tag-sistem-in-ear","15":"product_tag-sistem-wireless-monitorizare-in-ear","16":"product_tag-xsw-2-me-b","18":"first","19":"instock","20":"sale","21":"purchasable","22":"product-type-simple"},"jetpack_sharing_enabled":true,"_links":{"self":[{"href":"https:\/\/quintett.ro\/index.php?rest_route=\/wp\/v2\/product\/13274","targetHints":{"allow":["GET"]}}],"collection":[{"href":"https:\/\/quintett.ro\/index.php?rest_route=\/wp\/v2\/product"}],"about":[{"href":"https:\/\/quintett.ro\/index.php?rest_route=\/wp\/v2\/types\/product"}],"replies":[{"embeddable":true,"href":"https:\/\/quintett.ro\/index.php?rest_route=%2Fwp%2Fv2%2Fcomments&post=13274"}],"wp:featuredmedia":[{"embeddable":true,"href":"https:\/\/quintett.ro\/index.php?rest_route=\/wp\/v2\/media\/13275"}],"wp:attachment":[{"href":"https:\/\/quintett.ro\/index.php?rest_route=%2Fwp%2Fv2%2Fmedia&parent=13274"}],"wp:term":[{"taxonomy":"product_brand","embeddable":true,"href":"https:\/\/quintett.ro\/index.php?rest_route=%2Fwp%2Fv2%2Fproduct_brand&post=13274"},{"taxonomy":"product_cat","embeddable":true,"href":"https:\/\/quintett.ro\/index.php?rest_route=%2Fwp%2Fv2%2Fproduct_cat&post=13274"},{"taxonomy":"product_tag","embeddable":true,"href":"https:\/\/quintett.ro\/index.php?rest_route=%2Fwp%2Fv2%2Fproduct_tag&post=13274"}],"curies":[{"name":"wp","href":"https:\/\/api.w.org\/{rel}","templated":true}]}}