{"id":13272,"date":"2025-11-17T18:20:17","date_gmt":"2025-11-17T16:20:17","guid":{"rendered":"https:\/\/quintett.ro\/?post_type=product&#038;p=13272"},"modified":"2025-11-17T18:29:16","modified_gmt":"2025-11-17T16:29:16","slug":"cordial-cmk-422-twin","status":"publish","type":"product","link":"https:\/\/quintett.ro\/?product=cordial-cmk-422-twin","title":{"rendered":"Cordial CMK 422 Twin"},"content":{"rendered":"<div class=\"text-translated js-prod-text-translation\" data-translated=\"true\">\n<h2 class=\"fx-headline fx-headline--3 fx-space-bottom--m\">Cablu profesional Zwilling (se vinde la metru)<\/h2>\n<ul class=\"fx-list product-text__list\">\n<li class=\"fx-list__item list-item fx-list__item--circle\"><span class=\"fx-text fx-text--plus list-item__text\">Sec\u021biunea conductorului: 2x 0,22 mm\u00b2<\/span><\/li>\n<li class=\"fx-list__item list-item fx-list__item--circle\"><span class=\"fx-text fx-text--plus list-item__text\">Construc\u021bia conductorului: 28 x 0,10 mm Cupru gol<\/span><\/li>\n<li class=\"fx-list__item list-item fx-list__item--circle\"><span class=\"fx-text fx-text--plus list-item__text\">Izolarea conductorului PE<\/span><\/li>\n<li class=\"fx-list__item list-item fx-list__item--circle\"><span class=\"fx-text fx-text--plus list-item__text\">Ecranare dubl\u0103 \u00eempletit\u0103 din s\u00e2rm\u0103 de cupru<\/span><\/li>\n<li class=\"fx-list__item list-item fx-list__item--circle\"><span class=\"fx-text fx-text--plus list-item__text\">Carcasa totala: PVC<\/span><\/li>\n<li class=\"fx-list__item list-item fx-list__item--circle\"><span class=\"fx-text fx-text--plus list-item__text\">Diametru total: 3,9 x 8,2 \u00b1 0,4 mm<\/span><\/li>\n<li class=\"fx-list__item list-item fx-list__item--circle\"><span class=\"fx-text fx-text--plus list-item__text\">Greutate: 41 g\/m<\/span><\/li>\n<li class=\"fx-list__item list-item fx-list__item--circle\"><span class=\"fx-text fx-text--plus list-item__text\">Interval de temperatur\u0103 de func\u021bionare: &#8211; 5 \u00b0 C p\u00e2n\u0103 la + 70 \u00b0 C, nemi\u0219cat -20 \u00b0 C p\u00e2n\u0103 la + 70 \u00b0 C<\/span><\/li>\n<li class=\"fx-list__item list-item fx-list__item--circle\"><span class=\"fx-text fx-text--plus list-item__text\">Rezisten\u021ba conductorului: 85 ohmi\/km<\/span><\/li>\n<li class=\"fx-list__item list-item fx-list__item--circle\"><span class=\"fx-text fx-text--plus list-item__text\">Capacitate (conductor\/conductor): 85 pF\/m<\/span><\/li>\n<li class=\"fx-list__item list-item fx-list__item--circle\"><span class=\"fx-text fx-text--plus list-item__text\">Capacitate (conductor\/ecran): 150 pF\/m<\/span><\/li>\n<li class=\"fx-list__item list-item fx-list__item--circle\"><span class=\"fx-text fx-text--plus list-item__text\">Tensiune de testare (nucleu \/ fir): 750 V eff<\/span><\/li>\n<li class=\"fx-list__item list-item fx-list__item--circle\"><span class=\"fx-text fx-text--plus list-item__text\">Culoare: negru<\/span><\/li>\n<li class=\"fx-list__item list-item fx-list__item--circle\"><span class=\"fx-text fx-text--plus list-item__text\">Pret pe metru<\/span><\/li>\n<\/ul>\n<\/div>\n","protected":false},"excerpt":{"rendered":"<p>Utilizarea liniilor duble de microfon scurteaz\u0103 adesea timpul de configurare a echipamentelor audio moderne \u0219i ofer\u0103 o imagine de ansamblu asupra structurilor complexe. Intr\u0103rile \u0219i ie\u0219irile stereo ale mixerelor, unit\u0103\u021bilor de efecte \u0219i ma\u0219inilor master pot fi conectate cu o instala\u021bie de cablu. Valorile electrice foarte bune permit, de asemenea, utilizarea ca cablare a microfonului principal stereo.<\/p>\n","protected":false},"featured_media":13273,"comment_status":"open","ping_status":"closed","template":"","meta":[],"product_brand":[],"product_cat":[1503,31,391],"product_tag":[1004,1525,1524,1006,1003,1005],"class_list":{"0":"post-13272","1":"product","2":"type-product","3":"status-publish","4":"has-post-thumbnail","6":"product_cat-black-friday","7":"product_cat-cabluri","8":"product_cat-thomann","9":"product_tag-cable-microfon","10":"product_tag-cablu-stereo","11":"product_tag-cmk-422-twin","12":"product_tag-cordial","13":"product_tag-cordial-cmk222","14":"product_tag-rola-cablu-microfon","16":"first","17":"instock","18":"sale","19":"purchasable","20":"product-type-simple"},"jetpack_sharing_enabled":true,"_links":{"self":[{"href":"https:\/\/quintett.ro\/index.php?rest_route=\/wp\/v2\/product\/13272","targetHints":{"allow":["GET"]}}],"collection":[{"href":"https:\/\/quintett.ro\/index.php?rest_route=\/wp\/v2\/product"}],"about":[{"href":"https:\/\/quintett.ro\/index.php?rest_route=\/wp\/v2\/types\/product"}],"replies":[{"embeddable":true,"href":"https:\/\/quintett.ro\/index.php?rest_route=%2Fwp%2Fv2%2Fcomments&post=13272"}],"wp:featuredmedia":[{"embeddable":true,"href":"https:\/\/quintett.ro\/index.php?rest_route=\/wp\/v2\/media\/13273"}],"wp:attachment":[{"href":"https:\/\/quintett.ro\/index.php?rest_route=%2Fwp%2Fv2%2Fmedia&parent=13272"}],"wp:term":[{"taxonomy":"product_brand","embeddable":true,"href":"https:\/\/quintett.ro\/index.php?rest_route=%2Fwp%2Fv2%2Fproduct_brand&post=13272"},{"taxonomy":"product_cat","embeddable":true,"href":"https:\/\/quintett.ro\/index.php?rest_route=%2Fwp%2Fv2%2Fproduct_cat&post=13272"},{"taxonomy":"product_tag","embeddable":true,"href":"https:\/\/quintett.ro\/index.php?rest_route=%2Fwp%2Fv2%2Fproduct_tag&post=13272"}],"curies":[{"name":"wp","href":"https:\/\/api.w.org\/{rel}","templated":true}]}}