{"id":13266,"date":"2025-11-17T17:51:51","date_gmt":"2025-11-17T15:51:51","guid":{"rendered":"https:\/\/quintett.ro\/?post_type=product&#038;p=13266"},"modified":"2026-01-05T13:45:00","modified_gmt":"2026-01-05T11:45:00","slug":"shure-sm58-quality-bundle","status":"publish","type":"product","link":"https:\/\/quintett.ro\/?product=shure-sm58-quality-bundle","title":{"rendered":"Shure SM58 Quality Bundle"},"content":{"rendered":"<p class=\"fx-text fx-text--plus product-text__description\"><span class=\"fx-text fx-text--bold\">Setul include:<\/span><\/p>\n<p class=\"fx-text fx-text--plus product-text__description\"><span class=\"fx-text fx-text--bold\">Shure SM58-LCE<\/span><\/p>\n<ul class=\"fx-list product-text__list\">\n<li class=\"fx-list__item list-item fx-list__item--circle\"><span class=\"fx-text fx-text--plus list-item__text\">Microfon vocal dinamic<\/span><\/li>\n<li class=\"fx-list__item list-item fx-list__item--circle\"><span class=\"fx-text fx-text--plus list-item__text\">Diagram\u0103 polar\u0103: Cardioid\u0103<\/span><\/li>\n<li class=\"fx-list__item list-item fx-list__item--circle\"><span class=\"fx-text fx-text--plus list-item__text\">R\u0103spuns \u00een frecven\u021b\u0103: 50 Hz &#8211; 15 kHz<\/span><\/li>\n<li class=\"fx-list__item list-item fx-list__item--circle\"><span class=\"fx-text fx-text--plus list-item__text\">SPL maxim: 94 dB<\/span><\/li>\n<li class=\"fx-list__item list-item fx-list__item--circle\"><span class=\"fx-text fx-text--plus list-item__text\">Sensibilitate: -54,5 dBV\/Pa (1,85 mV)<\/span><\/li>\n<\/ul>\n<p class=\"fx-text fx-text--plus product-text__description\"><span class=\"fx-text fx-text--bold\">Stativ de microfon K&amp;M (edi\u021bie special\u0103 Shure)<\/span><\/p>\n<ul class=\"fx-list product-text__list\">\n<li class=\"fx-list__item list-item fx-list__item--circle\"><span class=\"fx-text fx-text--plus list-item__text\">Combina\u021bie de tuburi cu \u00een\u0103l\u021bime reglabil\u0103 de la 900 la 1600 mm<\/span><\/li>\n<li class=\"fx-list__item list-item fx-list__item--circle\"><span class=\"fx-text fx-text--plus list-item__text\">Greutate: 2,35 kg<\/span><\/li>\n<\/ul>\n<p class=\"fx-text fx-text--plus product-text__description\"><span class=\"fx-text fx-text--bold\">Cablu de microfon Sommer Cable<\/span><\/p>\n<ul class=\"fx-list product-text__list\">\n<li class=\"fx-list__item list-item fx-list__item--circle\"><span class=\"fx-text fx-text--plus list-item__text\">Lungime: 6 m<\/span><\/li>\n<\/ul>\n","protected":false},"excerpt":{"rendered":"<h5 id=\"prodtitle\">Pachet Shure SM58 + stativ K&amp;M+ cablu Sommer XLR 6m<\/h5>\n","protected":false},"featured_media":13267,"comment_status":"open","ping_status":"closed","template":"","meta":[],"product_brand":[],"product_cat":[1503,391],"product_tag":[1521,1523,1522,1271],"class_list":{"0":"post-13266","1":"product","2":"type-product","3":"status-publish","4":"has-post-thumbnail","6":"product_cat-black-friday","7":"product_cat-thomann","8":"product_tag-microfon-shure","9":"product_tag-microfon-vocal-cardioid","10":"product_tag-microfon-voce-shure-sm58","11":"product_tag-shure-sm58","13":"first","14":"instock","15":"sale","16":"purchasable","17":"product-type-simple"},"jetpack_sharing_enabled":true,"_links":{"self":[{"href":"https:\/\/quintett.ro\/index.php?rest_route=\/wp\/v2\/product\/13266","targetHints":{"allow":["GET"]}}],"collection":[{"href":"https:\/\/quintett.ro\/index.php?rest_route=\/wp\/v2\/product"}],"about":[{"href":"https:\/\/quintett.ro\/index.php?rest_route=\/wp\/v2\/types\/product"}],"replies":[{"embeddable":true,"href":"https:\/\/quintett.ro\/index.php?rest_route=%2Fwp%2Fv2%2Fcomments&post=13266"}],"wp:featuredmedia":[{"embeddable":true,"href":"https:\/\/quintett.ro\/index.php?rest_route=\/wp\/v2\/media\/13267"}],"wp:attachment":[{"href":"https:\/\/quintett.ro\/index.php?rest_route=%2Fwp%2Fv2%2Fmedia&parent=13266"}],"wp:term":[{"taxonomy":"product_brand","embeddable":true,"href":"https:\/\/quintett.ro\/index.php?rest_route=%2Fwp%2Fv2%2Fproduct_brand&post=13266"},{"taxonomy":"product_cat","embeddable":true,"href":"https:\/\/quintett.ro\/index.php?rest_route=%2Fwp%2Fv2%2Fproduct_cat&post=13266"},{"taxonomy":"product_tag","embeddable":true,"href":"https:\/\/quintett.ro\/index.php?rest_route=%2Fwp%2Fv2%2Fproduct_tag&post=13266"}],"curies":[{"name":"wp","href":"https:\/\/api.w.org\/{rel}","templated":true}]}}