{"id":13251,"date":"2025-11-11T09:29:44","date_gmt":"2025-11-11T07:29:44","guid":{"rendered":"https:\/\/quintett.ro\/?post_type=product&#038;p=13251"},"modified":"2026-01-05T13:45:51","modified_gmt":"2026-01-05T11:45:51","slug":"austrian-audio-hi-x18-gold","status":"publish","type":"product","link":"https:\/\/quintett.ro\/?product=austrian-audio-hi-x18-gold","title":{"rendered":"Austrian Audio Hi-X18 Gold"},"content":{"rendered":"<div class=\"tech-specs-cell\">\n<div class=\"ts-inner-table\">\n<div class=\"ts-inner-cell\">\n<p>Hi-X18 gold: C\u0103\u0219ti over-ear profesionale \u00eenchise, edi\u021bie special\u0103<br \/>\nLa Austrian Audio, ne dedic\u0103m oferirii unei experien\u021be audio de cea mai \u00eenalt\u0103 calitate, iar cel mai recent model al nostru, Hi-X18, este o dovad\u0103 a acestui angajament. Concepute pentru arti\u0219ti de \u00eenregistrare, ingineri de sunet, designeri de sunet, designeri media, creatori de con\u021binut \u0219i iubitori de muzic\u0103 exigen\u021bi, Hi-X18 ofer\u0103 un sunet de calitate profesional\u0103 f\u0103r\u0103 a cheltui o avere.<br \/>\nHi-X18 nu este doar o pereche de c\u0103\u0219ti; este un instrument profesional conceput pentru a satisface nevoile exigente ale profesioni\u0219tilor \u0219i entuzia\u0219tilor din domeniul audio. Indiferent dac\u0103 sunte\u021bi \u00een studio, \u00een fa\u021ba unui microfon sau pur \u0219i simplu v\u0103 bucura\u021bi de piesele preferate, Hi-X18 ofer\u0103 performan\u021be \u0219i confort de neegalat.<br \/>\n\u00cembun\u0103t\u0103\u021bi\u021bi-v\u0103 experien\u021ba audio cu Hi-X18 de la Austrian Audio &#8211; unde precizia \u00eent\u00e2lne\u0219te confortul \u00eentr-un design robust, confortabil \u0219i profesional.<br \/>\nO m\u0103sur\u0103 important\u0103 a clarit\u0103\u021bii \u0219i preciziei audio este Distorsiunea Armonic\u0103 Total\u0103 (THD), care evalueaz\u0103 cantitatea de distorsiune armonic\u0103 nedorit\u0103 pe care un sistem de reproducere a sunetului o creeaz\u0103 \u00eentr-un semnal audio care trece prin el.<br \/>\nTHD-ul este de obicei m\u0103surat la 1 kHz, unde Hi-X18 \u00eenregistreaz\u0103 o valoare senza\u021bional\u0103 de &lt;0,1%. Dar atunci c\u00e2nd sunt m\u0103surate la frecven\u021be mai joase &#8211; de exemplu, \u00een jurul frecven\u021bei de 60 Hz a tobei bas &#8211; c\u0103\u0219tile Hi-X18 sunt \u0219i mai impresionante, \u00eenregistr\u00e2nd valori THD de p\u00e2n\u0103 la 3 ori mai bune dec\u00e2t mai multe produse concurente din game de pre\u021b similare sau chiar considerabil mai scumpe.<\/p>\n<p>Acest lucru are ca rezultat o reproducere a basului curat\u0103 \u0219i detaliat\u0103 de neegalat.<\/p>\n<p>Frequency range:12 Hz \u2013 24 kHZ<\/p>\n<\/div>\n<\/div>\n<\/div>\n<div class=\"tech-specs-cell\">\n<div class=\"ts-inner-table\">\n<div class=\"ts-inner-cell\">Sensitivity:113 dBsl\/V<\/div>\n<\/div>\n<\/div>\n<div class=\"tech-specs-cell\">\n<div class=\"ts-inner-table\">\n<div class=\"ts-inner-cell\">Impedance:25 \u03a9<\/div>\n<\/div>\n<\/div>\n<div class=\"tech-specs-cell\">\n<div class=\"ts-inner-table\">\n<div class=\"ts-inner-cell\">Input Power:150 mW<\/div>\n<\/div>\n<\/div>\n<div class=\"tech-specs-cell\">\n<div class=\"ts-inner-table\">\n<div class=\"ts-inner-cell\">Controls:Touch Control<\/div>\n<\/div>\n<\/div>\n<div class=\"tech-specs-cell\">\n<div class=\"ts-inner-table\">\n<div class=\"ts-inner-cell\">Jack cable:3 m, 3.5mm (1\/8\u201d)<\/div>\n<\/div>\n<\/div>\n<div class=\"tech-specs-cell\">\n<div class=\"ts-inner-table\">\n<div class=\"ts-inner-cell\">Connector:3.5mm (1\/8\u201d)<\/div>\n<\/div>\n<\/div>\n<div class=\"tech-specs-cell\">\n<div class=\"ts-inner-table\">\n<div class=\"ts-inner-cell\">Dimensions:205 x 170 x 80 mm<\/div>\n<\/div>\n<\/div>\n<div class=\"tech-specs-cell\">\n<div class=\"ts-inner-table\">\n<div class=\"ts-inner-cell\">Weight (without cable):255 g<\/div>\n<\/div>\n<\/div>\n","protected":false},"excerpt":{"rendered":"<p>Hi-X18 \u2013 5 ani de la lansarea c\u0103\u0219tilor Austrian Audio<br \/>\nS\u0103rb\u0103torind 5 ani de la lansarea c\u0103\u0219tilor Austrian Audio, v\u0103 prezent\u0103m modelul Hi-X18 cu o subtil\u0103 not\u0103 aurie: O edi\u021bie limitat\u0103 de doar 2025 de unit\u0103\u021bi la nivel mondial.<br \/>\nOferind cea mai \u00eenalt\u0103 calitate audio din segmentul s\u0103u, o reglare perfect echilibrat\u0103 \u00eent\u00e2lne\u0219te un design mecanic robust, dar confortabil. Concepute pentru muzicieni, ingineri de sunet, designeri media, creatori de con\u021binut \u0219i iubitori de muzic\u0103, modelele Hi-X18 ofer\u0103 un sunet de calitate profesional\u0103 f\u0103r\u0103 a cheltui o avere.<br \/>\nExperimenta\u021bi un sunet excelent cu Hi-X18, partenerul dumneavoastr\u0103 audio suprem. Hi-X18 se ridic\u0103 la \u00een\u0103l\u021bimea oric\u0103rei provoc\u0103ri, indiferent dac\u0103 \u00eenregistra\u021bi \u00een studio, urm\u0103ri\u021bi vocile sau vibra\u021bi pe playlistul dumneavoastr\u0103 preferat. Cu claritatea, precizia \u0219i confortul s\u0103u pe tot parcursul zilei, pute\u021bi avea \u00eencredere \u00een el de fiecare dat\u0103.<\/p>\n<p>&nbsp;<\/p>\n","protected":false},"featured_media":13256,"comment_status":"open","ping_status":"closed","template":"","meta":[],"product_brand":[],"product_cat":[306,1503],"product_tag":[1516,307,789,1517,360,1352,361],"class_list":{"0":"post-13251","1":"product","2":"type-product","3":"status-publish","4":"has-post-thumbnail","6":"product_cat-austrian-audio","7":"product_cat-black-friday","8":"product_tag-akg","9":"product_tag-austrian-audio","10":"product_tag-casti-audio","11":"product_tag-casti-austrian-audio-hi-x18","12":"product_tag-casti-bluetooth","13":"product_tag-casti-profesionale","14":"product_tag-hi-25bt","16":"first","17":"instock","18":"sale","19":"sold-individually","20":"purchasable","21":"product-type-simple"},"jetpack_sharing_enabled":true,"_links":{"self":[{"href":"https:\/\/quintett.ro\/index.php?rest_route=\/wp\/v2\/product\/13251","targetHints":{"allow":["GET"]}}],"collection":[{"href":"https:\/\/quintett.ro\/index.php?rest_route=\/wp\/v2\/product"}],"about":[{"href":"https:\/\/quintett.ro\/index.php?rest_route=\/wp\/v2\/types\/product"}],"replies":[{"embeddable":true,"href":"https:\/\/quintett.ro\/index.php?rest_route=%2Fwp%2Fv2%2Fcomments&post=13251"}],"wp:featuredmedia":[{"embeddable":true,"href":"https:\/\/quintett.ro\/index.php?rest_route=\/wp\/v2\/media\/13256"}],"wp:attachment":[{"href":"https:\/\/quintett.ro\/index.php?rest_route=%2Fwp%2Fv2%2Fmedia&parent=13251"}],"wp:term":[{"taxonomy":"product_brand","embeddable":true,"href":"https:\/\/quintett.ro\/index.php?rest_route=%2Fwp%2Fv2%2Fproduct_brand&post=13251"},{"taxonomy":"product_cat","embeddable":true,"href":"https:\/\/quintett.ro\/index.php?rest_route=%2Fwp%2Fv2%2Fproduct_cat&post=13251"},{"taxonomy":"product_tag","embeddable":true,"href":"https:\/\/quintett.ro\/index.php?rest_route=%2Fwp%2Fv2%2Fproduct_tag&post=13251"}],"curies":[{"name":"wp","href":"https:\/\/api.w.org\/{rel}","templated":true}]}}