{"id":13241,"date":"2025-11-10T17:59:54","date_gmt":"2025-11-10T15:59:54","guid":{"rendered":"https:\/\/quintett.ro\/?post_type=product&#038;p=13241"},"modified":"2026-04-23T17:20:41","modified_gmt":"2026-04-23T15:20:41","slug":"austrian-audio-cc8-sc","status":"publish","type":"product","link":"https:\/\/quintett.ro\/?product=austrian-audio-cc8-sc","title":{"rendered":"Austrian Audio CC8-SC"},"content":{"rendered":"<p>Microfon condensator Supercardioid True<\/p>\n<p>Caracteristica direc\u021bional\u0103: Supercardioid<br \/>\nInterval de frecven\u021b\u0103: 20Hz &#8211; 20kHz<br \/>\nSensibilitate: 18 mV\/Pa<br \/>\nNivel de zgomot echivalent: 13 dB SPL (A)<br \/>\nSPL maxim: 155 dB SPL<br \/>\nFiltru HP: 60 Hz (ordinul 2), 120 Hz (ordinul 2)<br \/>\nPad comutabil: -10 dB, -20 dB<br \/>\nImpedan\u021b\u0103: 275 \u03a9 (simetric)<br \/>\nImpedan\u021b\u0103 de sarcin\u0103: &gt; 1 k\u03a9<br \/>\nTensiune de alimentare: 48 V (&lt; 3 mA)<br \/>\nConector principal: XLR 3 pini<br \/>\nDimensiuni: 140 x 23 x 23 mm<br \/>\nGreutate: 160 g<\/p>\n<p>&nbsp;<\/p>\n<p>Caracteristicile cheie ale CC8-SC includ:<br \/>\n\u2022 Tehnologie cu condensator adev\u0103rat<br \/>\n\u2022 Model supercardioid de \u00eenalt\u0103 precizie<br \/>\n\u2022 Design f\u0103r\u0103 transformator &#8211; sunet clasic folosind tehnologie modern\u0103<br \/>\n\u2022 R\u0103spuns off-axe de cea mai bun\u0103 calitate din clasa sa<br \/>\n\u2022 Potrivire direct\u0103 din cutie cu orice alt CC8-SC datorit\u0103 calibr\u0103rii din fabric\u0103 (+\/-0,5dB la 1kHz)<br \/>\n\u2022 Carcas\u0103, capac \u0219i gril\u0103 metalice<br \/>\n\u2022 Filtru high-pass comutabil (60Hz, 120 Hz)<br \/>\n\u2022 Pad comutabil (0, -10 dB, -20 dB) pentru a permite captarea sunetului de p\u00e2n\u0103 la 155dB<br \/>\nCon\u021binutul pachetului<br \/>\n1x Microfon CC8-SC<br \/>\n1x Clem\u0103 microfon OCH8 18mm<br \/>\n1x CCW8 Windscreen<br \/>\n1x Hus\u0103 de transport<\/p>\n","protected":false},"excerpt":{"rendered":"<p>La fel ca microfonul CC8, CC8-SC folose\u0219te \u0219i capsula condensatoare OCC7, inspirat\u0103 de legendara capsul\u0103<br \/>\nCK1. Microfoanele cu diafragm\u0103 mic\u0103 sunt adesea folosite ca microfoane spot \u00een ansambluri sau pentru alte aplica\u021bii \u00een care se dore\u0219te un grad ridicat de focalizare asupra sursei sonore. Am modificat acustica<br \/>\nCC8-SC astfel \u00eenc\u00e2t s\u0103 ob\u021binem un diagram\u0103 polar\u0103 supercardioid\u0103 foarte bine dezvoltat\u0103, cu care putem bloca eficient sunetul provenit din lateral.<\/p>\n<p>Capsula OCC7 cu tehnologie condensatoare adev\u0103rat\u0103, combinat\u0103 cu circuitele f\u0103r\u0103 transformator, ofer\u0103 un<br \/>\nr\u0103spuns \u00een frecven\u021b\u0103 remarcabil de liniar. Microfonul poate gestiona niveluri extrem de ridicate de presiune sonor\u0103, ceea ce<br \/>\n\u00een combina\u021bie cu un zgomot propriu redus de doar 13 dB (A) are ca rezultat o gam\u0103 dinamic\u0103 impresionant\u0103. Tranzien\u021bii rapizi \u0219i<br \/>\ninforma\u021biile spa\u021biale sunt captate \u00een detaliu \u0219i, mai presus de toate, f\u0103r\u0103 distorsiuni. CC8-SC sun\u0103 \u00eentotdeauna natural<br \/>\ndeschis \u0219i nu este nici dur, nici ascu\u021bit, nici m\u0103car la volume extreme. Nu apar rezonan\u021be nedorite, ceea ce \u00eenseamn\u0103 c\u0103 egalizatorul poate fi utilizat pentru modelarea creativ\u0103 a sunetului.<\/p>\n<p>Pe l\u00e2ng\u0103 caracteristicile sale sonore remarcabile, CC8-SC se caracterizeaz\u0103 prin carcasa sa extrem de robust\u0103,cu func\u021bii utile \u00eencorporate, cum ar fi comutarea pad-urilor \u0219i a filtrului high-pass.<\/p>\n<p>&nbsp;<\/p>\n<p>https:\/\/youtu.be\/sQsV6QUjwqo<\/p>\n<p>&nbsp;<\/p>\n","protected":false},"featured_media":13248,"comment_status":"open","ping_status":"closed","template":"","meta":[],"product_brand":[],"product_cat":[768,306],"product_tag":[307,358,357,115,1282,661],"class_list":{"0":"post-13241","1":"product","2":"type-product","3":"status-publish","4":"has-post-thumbnail","6":"product_cat-20-years","7":"product_cat-austrian-audio","8":"product_tag-austrian-audio","9":"product_tag-cc8","10":"product_tag-condensator","11":"product_tag-microfon","12":"product_tag-microfon-condensator","13":"product_tag-supercardioid","15":"first","16":"instock","17":"sale","18":"purchasable","19":"product-type-simple"},"jetpack_sharing_enabled":true,"_links":{"self":[{"href":"https:\/\/quintett.ro\/index.php?rest_route=\/wp\/v2\/product\/13241","targetHints":{"allow":["GET"]}}],"collection":[{"href":"https:\/\/quintett.ro\/index.php?rest_route=\/wp\/v2\/product"}],"about":[{"href":"https:\/\/quintett.ro\/index.php?rest_route=\/wp\/v2\/types\/product"}],"replies":[{"embeddable":true,"href":"https:\/\/quintett.ro\/index.php?rest_route=%2Fwp%2Fv2%2Fcomments&post=13241"}],"wp:featuredmedia":[{"embeddable":true,"href":"https:\/\/quintett.ro\/index.php?rest_route=\/wp\/v2\/media\/13248"}],"wp:attachment":[{"href":"https:\/\/quintett.ro\/index.php?rest_route=%2Fwp%2Fv2%2Fmedia&parent=13241"}],"wp:term":[{"taxonomy":"product_brand","embeddable":true,"href":"https:\/\/quintett.ro\/index.php?rest_route=%2Fwp%2Fv2%2Fproduct_brand&post=13241"},{"taxonomy":"product_cat","embeddable":true,"href":"https:\/\/quintett.ro\/index.php?rest_route=%2Fwp%2Fv2%2Fproduct_cat&post=13241"},{"taxonomy":"product_tag","embeddable":true,"href":"https:\/\/quintett.ro\/index.php?rest_route=%2Fwp%2Fv2%2Fproduct_tag&post=13241"}],"curies":[{"name":"wp","href":"https:\/\/api.w.org\/{rel}","templated":true}]}}