{"id":13231,"date":"2025-11-10T15:39:11","date_gmt":"2025-11-10T13:39:11","guid":{"rendered":"https:\/\/quintett.ro\/?post_type=product&#038;p=13231"},"modified":"2025-12-01T00:32:51","modified_gmt":"2025-11-30T22:32:51","slug":"zildjian-s-extended-cymbal-pack","status":"publish","type":"product","link":"https:\/\/quintett.ro\/?product=zildjian-s-extended-cymbal-pack","title":{"rendered":"Zildjian S Extended Cymbal Pack"},"content":{"rendered":"<p><span class=\"HwtZe\" lang=\"ro\"><span class=\"jCAhz ChMk0b\"><span class=\"ryNqvb\">Set de cinele ZILDJIAN\u00a0<\/span><\/span><\/span><\/p>\n<p><span class=\"HwtZe\" lang=\"ro\"><span class=\"jCAhz ChMk0b\"><span class=\"ryNqvb\">Set de cinele format din: <\/span><\/span><\/span><\/p>\n<div class=\"text-translated js-prod-text-translation\" data-translated=\"true\">\n<h2 class=\"fx-headline fx-headline--3 fx-space-bottom--m\">Set de cinele<\/h2>\n<ul class=\"fx-list product-text__list\">\n<li class=\"fx-list__item list-item fx-list__item--circle\"><span class=\"fx-text fx-text--plus list-item__text\">Sunet exploziv, str\u0103lucitor, expresiv \u0219i echilibrat<\/span><\/li>\n<li class=\"fx-list__item list-item fx-list__item--circle\"><span class=\"fx-text fx-text--plus list-item__text\">Strungit pe ambele p\u0103r\u021bi<\/span><\/li>\n<li class=\"fx-list__item list-item fx-list__item--circle\"><span class=\"fx-text fx-text--plus list-item__text\">Material: aliaj de bronz B12<\/span><\/li>\n<li class=\"fx-list__item list-item fx-list__item--circle\"><span class=\"fx-text fx-text--plus list-item__text\">Finisaj: Briliant<\/span><\/li>\n<\/ul>\n<p class=\"fx-text fx-text--plus product-text__description\"><span class=\"fx-text fx-text--bold\">Set format din:<\/span><\/p>\n<ul class=\"fx-list product-text__list\">\n<li class=\"fx-list__item list-item fx-list__item--circle\"><span class=\"fx-text fx-text--plus list-item__text\">Hi-Hat de 14&#8243; S<\/span><\/li>\n<li class=\"fx-list__item list-item fx-list__item--circle\"><span class=\"fx-text fx-text--plus list-item__text\">Crash mediu sub\u021bire de 16&#8243; S<\/span><\/li>\n<li class=\"fx-list__item list-item fx-list__item--circle\"><span class=\"fx-text fx-text--plus list-item__text\">Crash mediu sub\u021bire de 18&#8243; S<\/span><\/li>\n<li class=\"fx-list__item list-item fx-list__item--circle\"><span class=\"fx-text fx-text--plus list-item__text\">20&#8243; S ride<\/span><\/li>\n<li><span class=\"fx-text fx-text--plus list-item__text\">Splash de 10&#8243;\u00a0<\/span><\/li>\n<li>Trash Crash de <span class=\"fx-text fx-text--plus list-item__text\">16&#8243; <\/span><\/li>\n<\/ul>\n<\/div>\n<p>&nbsp;<\/p>\n<p>Tara de fabricatie :SUA<\/p>\n","protected":false},"excerpt":{"rendered":"<p>Pachetul de cinele S Extended de la Zildjian este cel mai cuprinz\u0103tor \u0219i accesibil pachet de cinele din familia S, satisf\u0103c\u00e2nd nevoile chiar \u0219i celor mai exigen\u021bi bateri\u0219ti. Include tot ce ai nevoie pentru o performan\u021b\u0103 complet\u0103 &#8211; de la cinele de baz\u0103 la elemente de efecte care adaug\u0103 noi straturi de sunet interpret\u0103rii tale.<\/p>\n<p>Include un hi-hat de 14&#8243;, crashes de 16&#8243; \u0219i 18&#8243;, rides de 20&#8243;, plus un splash de 10&#8243; \u0219i un trash crash de 16&#8243; pentru o gam\u0103 larg\u0103 de efecte. Acest set acoper\u0103 \u00eentreaga gam\u0103 de frecven\u021be \u0219i permite o interpretare dinamic\u0103 \u0219i expresiv\u0103 \u00een diverse stiluri. Ideal pentru bateri\u0219tii care caut\u0103 un set complet de cinele f\u0103r\u0103 compromisuri.<\/p>\n<p>Cinelele sunt fabricate din aliaj B12, care, combinat cu tehnici avansate de cioc\u0103nire, strunjire \u0219i tehnici moderne de fabrica\u021bie, ofer\u0103 un sunet str\u0103lucitor, exploziv \u0219i muzical. Cunoscut\u0103 pentru echilibrul s\u0103u \u00eentre expresivitate \u0219i performan\u021b\u0103, seria S Family este echilibrul perfect pentru a str\u0103luci pe scen\u0103, \u00een studio \u0219i \u00een sala de repeti\u021bii.<\/p>\n<p>Un bonus excelent este husa de cinel Zildjian de 22&#8243; inclus\u0103 \u00een pachet. Are o curea reglabil\u0103 \u0219i o c\u0103ptu\u0219eal\u0103 interioar\u0103 moale, astfel \u00eenc\u00e2t cinelele tale vor fi protejate \u00een timpul fiec\u0103rui transport.<\/p>\n<p>Pachetul de cinele S Extended este conceput pentru bateri\u0219tii serio\u0219i care \u00ee\u0219i doresc toate dimensiunile clapelor \u0219i efectele \u00eentr-un singur pachet &#8211; cu echipament profesional, sunet excelent \u0219i accesorii practice incluse.<\/p>\n","protected":false},"featured_media":13239,"comment_status":"open","ping_status":"closed","template":"","meta":[],"product_brand":[],"product_cat":[1503,391],"product_tag":[1212,1211,1210,1215,1213,1217,1214,1216,1514,1513,1515,1234,1512,1511],"class_list":{"0":"post-13231","1":"product","2":"type-product","3":"status-publish","4":"has-post-thumbnail","6":"product_cat-black-friday","7":"product_cat-thomann","8":"product_tag-cinele-paiste","9":"product_tag-cinele-tobe","10":"product_tag-paiste","11":"product_tag-paiste-hi-hat","12":"product_tag-paiste-pst1","13":"product_tag-paiste-set-3-201","14":"product_tag-paiste-set1","15":"product_tag-paiste-set3","16":"product_tag-ride","17":"product_tag-splash","18":"product_tag-trash","19":"product_tag-zildjian","20":"product_tag-zildjian-s-extended-cymbal-pack","21":"product_tag-zildjian-z-custom-standard-cymbal-pack","23":"first","24":"instock","25":"purchasable","26":"product-type-simple"},"jetpack_sharing_enabled":true,"_links":{"self":[{"href":"https:\/\/quintett.ro\/index.php?rest_route=\/wp\/v2\/product\/13231","targetHints":{"allow":["GET"]}}],"collection":[{"href":"https:\/\/quintett.ro\/index.php?rest_route=\/wp\/v2\/product"}],"about":[{"href":"https:\/\/quintett.ro\/index.php?rest_route=\/wp\/v2\/types\/product"}],"replies":[{"embeddable":true,"href":"https:\/\/quintett.ro\/index.php?rest_route=%2Fwp%2Fv2%2Fcomments&post=13231"}],"wp:featuredmedia":[{"embeddable":true,"href":"https:\/\/quintett.ro\/index.php?rest_route=\/wp\/v2\/media\/13239"}],"wp:attachment":[{"href":"https:\/\/quintett.ro\/index.php?rest_route=%2Fwp%2Fv2%2Fmedia&parent=13231"}],"wp:term":[{"taxonomy":"product_brand","embeddable":true,"href":"https:\/\/quintett.ro\/index.php?rest_route=%2Fwp%2Fv2%2Fproduct_brand&post=13231"},{"taxonomy":"product_cat","embeddable":true,"href":"https:\/\/quintett.ro\/index.php?rest_route=%2Fwp%2Fv2%2Fproduct_cat&post=13231"},{"taxonomy":"product_tag","embeddable":true,"href":"https:\/\/quintett.ro\/index.php?rest_route=%2Fwp%2Fv2%2Fproduct_tag&post=13231"}],"curies":[{"name":"wp","href":"https:\/\/api.w.org\/{rel}","templated":true}]}}