{"id":13225,"date":"2025-11-10T14:12:26","date_gmt":"2025-11-10T12:12:26","guid":{"rendered":"https:\/\/quintett.ro\/?post_type=product&#038;p=13225"},"modified":"2025-12-01T00:32:50","modified_gmt":"2025-11-30T22:32:50","slug":"zildjian-z-custom-standard-cymbal-pack","status":"publish","type":"product","link":"https:\/\/quintett.ro\/?product=zildjian-z-custom-standard-cymbal-pack","title":{"rendered":"Zildjian Z Custom Standard Cymbal Pack"},"content":{"rendered":"<p><span class=\"HwtZe\" lang=\"ro\"><span class=\"jCAhz ChMk0b\"><span class=\"ryNqvb\">Set de cinele ZILDJIAN :<\/span><\/span><\/span><\/p>\n<p><span class=\"HwtZe\" lang=\"ro\"><span class=\"jCAhz ChMk0b\"><span class=\"ryNqvb\">Material: Aliaj de bronz B20 <\/span><\/span><\/span><\/p>\n<p><span class=\"HwtZe\" lang=\"ro\"><span class=\"jCAhz ChMk0b\"><span class=\"ryNqvb\">Cel mai zgomotos \u0219i mai puternic pachet de cinele din \u00eentreaga gam\u0103 Zildjian <\/span><\/span><\/span><\/p>\n<p><span class=\"HwtZe\" lang=\"ro\"><span class=\"jCAhz ChMk0b\"><span class=\"ryNqvb\">Dezvoltat pentru bateri\u0219ti Metal, Punk sau Hard Rock <\/span><\/span><\/span><\/p>\n<p><span class=\"HwtZe\" lang=\"ro\"><span class=\"jCAhz ChMk0b\"><span class=\"ryNqvb\">Ofer\u0103 fiec\u0103rei configura\u021bii un sunet mai greu \u0219i mai agresiv <\/span><\/span><\/span><\/p>\n<p><span class=\"HwtZe\" lang=\"ro\"><span class=\"jCAhz ChMk0b\"><span class=\"ryNqvb\">Asigur\u0103 o proiec\u021bie str\u0103lucitoare \u0219i puternic\u0103<\/span><\/span><\/span><\/p>\n<p><span class=\"HwtZe\" lang=\"ro\"><span class=\"jCAhz ChMk0b\"><span class=\"ryNqvb\">Set de cinele format din: <\/span><\/span><\/span><\/p>\n<p><span class=\"HwtZe\" lang=\"ro\"><span class=\"jCAhz ChMk0b\"><span class=\"ryNqvb\">Hi-hat personalizat Z de 14&#8243;<\/span><\/span><\/span><\/p>\n<p><span class=\"HwtZe\" lang=\"ro\"><span class=\"jCAhz ChMk0b\"><span class=\"ryNqvb\"> Crash personalizat Z de 16&#8243; <\/span><\/span><\/span><\/p>\n<p><span class=\"HwtZe\" lang=\"ro\"><span class=\"jCAhz ChMk0b\"><span class=\"ryNqvb\">Crash personalizat Z de 18&#8243; <\/span><\/span><\/span><\/p>\n<p><span class=\"HwtZe\" lang=\"ro\"><span class=\"jCAhz ChMk0b\"><span class=\"ryNqvb\">Ride personalizat Z de 20&#8243;<\/span><\/span><\/span><\/p>\n<p>Tara de fabricatie :SUA<\/p>\n","protected":false},"excerpt":{"rendered":"<p>Setul de cinele Z Custom Standard de la Zildjian este alegerea perfect\u0103 pentru tobo\u0219arii care c\u00e2nt\u0103 metal, hard rock sau punk \u0219i caut\u0103 cinele cu impact \u0219i volum maxim. Acest pachet include un set complet de cinele hi-hat de 14&#8243;, crash de 16&#8243; \u0219i 18&#8243; \u0219i ride de 20&#8243; care definesc puterea \u0219i impactul \u00eentregii linii Z Custom.<\/p>\n<p>Cinelele Z Custom sunt cunoscute pentru sunetul lor str\u0103lucitor, exploziv \u0219i puternic, care va ie\u0219i \u00een eviden\u021b\u0103 chiar \u0219i \u00een cele mai zgomotoase mixaje. Finisajul str\u0103lucitor distinctiv cu modelul iconic \u00een stea nu numai c\u0103 aminte\u0219te de seria original\u0103 Z, dar subliniaz\u0103 \u0219i aspectul profesional al \u00eentregului set. Construc\u021bia lor este conceput\u0103 pentru a rezista la lovituri intense \u0219i a oferi proiec\u021bia \u0219i puterea necesare \u00een fiecare moment al performan\u021bei.<\/p>\n<p>Dac\u0103 sunte\u021bi \u00een c\u0103utarea unei modalit\u0103\u021bi de a v\u0103 duce sunetul la nivelul urm\u0103tor \u0219i de a oferi setului dvs. de tobe un caracter agresiv, metalic, acest set este pentru dvs. Cu dimensiunea sa versatil\u0103, este un plus excelent pentru orice set de tobe, ad\u0103ug\u00e2nd un ton energic \u0219i inconfundabil. Setul de cinele Custom Standard se concentreaz\u0103 pe volum, durabilitate \u0219i sunet sigur, f\u0103r\u0103 compromisuri.<\/p>\n","protected":false},"featured_media":13230,"comment_status":"open","ping_status":"closed","template":"","meta":[],"product_brand":[],"product_cat":[1503,391],"product_tag":[1212,1211,1210,1215,1213,1217,1214,1216,1234,1511],"class_list":{"0":"post-13225","1":"product","2":"type-product","3":"status-publish","4":"has-post-thumbnail","6":"product_cat-black-friday","7":"product_cat-thomann","8":"product_tag-cinele-paiste","9":"product_tag-cinele-tobe","10":"product_tag-paiste","11":"product_tag-paiste-hi-hat","12":"product_tag-paiste-pst1","13":"product_tag-paiste-set-3-201","14":"product_tag-paiste-set1","15":"product_tag-paiste-set3","16":"product_tag-zildjian","17":"product_tag-zildjian-z-custom-standard-cymbal-pack","19":"first","20":"instock","21":"purchasable","22":"product-type-simple"},"jetpack_sharing_enabled":true,"_links":{"self":[{"href":"https:\/\/quintett.ro\/index.php?rest_route=\/wp\/v2\/product\/13225","targetHints":{"allow":["GET"]}}],"collection":[{"href":"https:\/\/quintett.ro\/index.php?rest_route=\/wp\/v2\/product"}],"about":[{"href":"https:\/\/quintett.ro\/index.php?rest_route=\/wp\/v2\/types\/product"}],"replies":[{"embeddable":true,"href":"https:\/\/quintett.ro\/index.php?rest_route=%2Fwp%2Fv2%2Fcomments&post=13225"}],"wp:featuredmedia":[{"embeddable":true,"href":"https:\/\/quintett.ro\/index.php?rest_route=\/wp\/v2\/media\/13230"}],"wp:attachment":[{"href":"https:\/\/quintett.ro\/index.php?rest_route=%2Fwp%2Fv2%2Fmedia&parent=13225"}],"wp:term":[{"taxonomy":"product_brand","embeddable":true,"href":"https:\/\/quintett.ro\/index.php?rest_route=%2Fwp%2Fv2%2Fproduct_brand&post=13225"},{"taxonomy":"product_cat","embeddable":true,"href":"https:\/\/quintett.ro\/index.php?rest_route=%2Fwp%2Fv2%2Fproduct_cat&post=13225"},{"taxonomy":"product_tag","embeddable":true,"href":"https:\/\/quintett.ro\/index.php?rest_route=%2Fwp%2Fv2%2Fproduct_tag&post=13225"}],"curies":[{"name":"wp","href":"https:\/\/api.w.org\/{rel}","templated":true}]}}