{"id":13185,"date":"2025-10-21T10:48:50","date_gmt":"2025-10-21T08:48:50","guid":{"rendered":"https:\/\/quintett.ro\/?post_type=product&#038;p=13185"},"modified":"2025-11-11T10:06:56","modified_gmt":"2025-11-11T08:06:56","slug":"klotz-omnitrans-2x-0-22mm%c2%b2-digital-110ohm-aes-ebu-2-x-0-22-mm%c2%b2-pvc","status":"publish","type":"product","link":"https:\/\/quintett.ro\/?product=klotz-omnitrans-2x-0-22mm%c2%b2-digital-110ohm-aes-ebu-2-x-0-22-mm%c2%b2-pvc","title":{"rendered":"KLotz OmniTRANS 2x 0.22mm\u00b2, DIGITAL 110ohm AES\/EBU 2 x 0.22 mm\u00b2 &#8211; PVC"},"content":{"rendered":"<p>Informa\u021bii despre\u00a0 \u201eKLotz OmniTRANS 2x 0.22mm\u00b2, DIGITAL 110ohm AES\/EBU 2 x 0.22 mm\u00b2 &#8211; PVC\u201d<\/p>\n<p>Sec\u021biune transversal\u0103 a conductorului de 0.22 mm\u00b2 (AWG 24)<\/p>\n<p>Impedan\u021b\u0103 caracteristic\u0103 de 110 Ohm<\/p>\n<p>Ecran spiralat din cupru foarte dens<\/p>\n<p>Manta exterioar\u0103 flexibil\u0103 \u0219i robust\u0103, \u00d8 6.5 mm<\/p>\n<p>Design<\/p>\n<p>Conduc\u021bie: cupru cositorit torsadat, 7 x 0.20 mm (AWG 24\/7)<\/p>\n<p>Conduc\u021bie sec\u021biune transversal\u0103: 0,22 mm\u00b2<\/p>\n<p>izola\u021bie: Foam-Skin PE<\/p>\n<p>aranjament conductor: 2 conductori r\u0103suci\u021bi \u00een pereche<\/p>\n<p>ecranare: ecran spiralat din cupru cositorit, acoperire 95%<\/p>\n<p>manta exterioar\u0103: PVC, mat\u0103<\/p>\n<p>diametru total: 6,5 mm<\/p>\n<p>Mecanic\u0103<\/p>\n<p>raz\u0103 minim\u0103 de \u00eendoire: 35 mm<\/p>\n<p>temperatura de func\u021bionare: -20\u00b0C \/ +70\u00b0C<\/p>\n<p>Electric<br \/>\nrezisten\u021b\u0103 conductor: 80 O\/km<\/p>\n<p>rezisten\u021b\u0103 ecran: 30 O\/km<\/p>\n<p>Capacitate:<\/p>\n<p>cond.\/cond.: 52 pF\/m<\/p>\n<p>impedan\u021b\u0103 caracteristic\u0103: 110 O<\/p>\n<p>nom. atenuare [dB\/100m]: 1 MHz: 2,1, 3 MHz: 5,2, 10 MHz: 12,5<\/p>\n<p>rezisten\u021b\u0103 de izola\u021bie: &gt; 10 GO x km<\/p>\n<p>tensiune de testare: cond.\/cond.: 1200 V, cond.\/ecranare: 500 V<\/p>\n<p>manta exterioar\u0103: PVC<\/p>\n<p>\u00d8 exterior: 6,5 mm<\/p>\n<p>culoare cablu: negru<\/p>\n<p>greutate: 5,4 kg\/m<\/p>\n","protected":false},"excerpt":{"rendered":"<p><span class=\"HwtZe\" lang=\"ro\"><span class=\"jCAhz ChMk0b\"><span class=\"ryNqvb\">Utilizarea cablurilor \u00een teatre \u0219i pe scene necesit\u0103 adesea specifica\u021bii contradictorii fa\u021b\u0103 de liniile utilizate.<\/span><\/span> Este <span class=\"jCAhz ChMk0b\"><span class=\"ryNqvb\">necesara flexibilitatea \u0219i, \u00een acela\u0219i timp, robuste\u021bea \u00een raport cu solicit\u0103rile mecanice extrem de mari.<\/span><\/span> <span class=\"jCAhz ChMk0b\"><span class=\"ryNqvb\">Acestea sunt realizate cu OT2000 prin fire de umplutur\u0103 de bumbac \u00een intersti\u021bii, care asigur\u0103 o r\u0103sucire stabil\u0103 a perechilor, necesar\u0103 pentru \u00eenf\u0103\u0219urarea \u0219i derularea repetat\u0103, o ecran spiralat foarte str\u00e2ns \u0219i o manta exterioar\u0103 foarte groas\u0103 din PVC moale completeaz\u0103 caracteristicile cablurilor.<\/span><\/span><\/span><\/p>\n<p>Sec\u021biune transversal\u0103 a conductorului de 0.22 mm\u00b2 (AWG 24)<\/p>\n<p>Impedan\u021b\u0103 caracteristic\u0103 de 110 Ohm<\/p>\n<p>Ecran spiralat din cupru foarte dens<\/p>\n<p>Manta exterioar\u0103 flexibil\u0103 \u0219i robust\u0103, \u00d8 6.5 mm<\/p>\n<table style=\"height: 493px;\" border=\"0\" width=\"459\">\n<tbody>\n<tr>\n<td><\/td>\n<td><\/td>\n<\/tr>\n<tr>\n<td><\/td>\n<td><\/td>\n<\/tr>\n<tr>\n<td><\/td>\n<td><\/td>\n<\/tr>\n<tr>\n<td><\/td>\n<td><\/td>\n<\/tr>\n<tr>\n<td><\/td>\n<td><\/td>\n<\/tr>\n<tr>\n<td><\/td>\n<td><\/td>\n<\/tr>\n<tr>\n<td><\/td>\n<td><\/td>\n<\/tr>\n<tr>\n<td><\/td>\n<td><\/td>\n<\/tr>\n<tr>\n<td><\/td>\n<td><\/td>\n<\/tr>\n<tr>\n<td><\/td>\n<td><\/td>\n<\/tr>\n<tr>\n<td><\/td>\n<td><\/td>\n<\/tr>\n<tr>\n<td><\/td>\n<td><\/td>\n<\/tr>\n<tr>\n<td><\/td>\n<td><\/td>\n<\/tr>\n<tr>\n<td><\/td>\n<td><\/td>\n<\/tr>\n<tr>\n<td><\/td>\n<td><\/td>\n<\/tr>\n<tr>\n<td><\/td>\n<td><\/td>\n<\/tr>\n<tr>\n<td><\/td>\n<td><\/td>\n<\/tr>\n<\/tbody>\n<\/table>\n","protected":false},"featured_media":13186,"comment_status":"open","ping_status":"closed","template":"","meta":[],"product_brand":[],"product_cat":[768,30,1503,31,37],"product_tag":[57,1508,1507,58,1506,59],"class_list":{"0":"post-13185","1":"product","2":"type-product","3":"status-publish","4":"has-post-thumbnail","6":"product_cat-20-years","7":"product_cat-accesorii","8":"product_cat-black-friday","9":"product_cat-cabluri","10":"product_cat-cabluri-la-metru","11":"product_tag-cablu","12":"product_tag-cablu-100ohm","13":"product_tag-cablu-dmx","14":"product_tag-klotz","15":"product_tag-klotz-ot2000","16":"product_tag-my206","18":"first","19":"instock","20":"sale","21":"purchasable","22":"product-type-simple"},"jetpack_sharing_enabled":true,"_links":{"self":[{"href":"https:\/\/quintett.ro\/index.php?rest_route=\/wp\/v2\/product\/13185","targetHints":{"allow":["GET"]}}],"collection":[{"href":"https:\/\/quintett.ro\/index.php?rest_route=\/wp\/v2\/product"}],"about":[{"href":"https:\/\/quintett.ro\/index.php?rest_route=\/wp\/v2\/types\/product"}],"replies":[{"embeddable":true,"href":"https:\/\/quintett.ro\/index.php?rest_route=%2Fwp%2Fv2%2Fcomments&post=13185"}],"wp:featuredmedia":[{"embeddable":true,"href":"https:\/\/quintett.ro\/index.php?rest_route=\/wp\/v2\/media\/13186"}],"wp:attachment":[{"href":"https:\/\/quintett.ro\/index.php?rest_route=%2Fwp%2Fv2%2Fmedia&parent=13185"}],"wp:term":[{"taxonomy":"product_brand","embeddable":true,"href":"https:\/\/quintett.ro\/index.php?rest_route=%2Fwp%2Fv2%2Fproduct_brand&post=13185"},{"taxonomy":"product_cat","embeddable":true,"href":"https:\/\/quintett.ro\/index.php?rest_route=%2Fwp%2Fv2%2Fproduct_cat&post=13185"},{"taxonomy":"product_tag","embeddable":true,"href":"https:\/\/quintett.ro\/index.php?rest_route=%2Fwp%2Fv2%2Fproduct_tag&post=13185"}],"curies":[{"name":"wp","href":"https:\/\/api.w.org\/{rel}","templated":true}]}}