{"id":13151,"date":"2025-10-03T11:26:26","date_gmt":"2025-10-03T09:26:26","guid":{"rendered":"https:\/\/quintett.ro\/?post_type=product&#038;p=13151"},"modified":"2025-10-03T11:28:09","modified_gmt":"2025-10-03T09:28:09","slug":"hk-audio-linear-3-high-performance-pack","status":"publish","type":"product","link":"https:\/\/quintett.ro\/?product=hk-audio-linear-3-high-performance-pack","title":{"rendered":"HK Audio LINEAR 3 High Performance Pack"},"content":{"rendered":"<div class=\"st_read_more_box\">\n<div class=\"st_read_more_box\">\n<p>HK Audio LINEAR 3 High Performance Pack<\/p>\n<p>Sistem complet de sunet compus din:<\/p>\n<ul>\n<li>2 x boxa activa HK Audio LINEAR 3 112 FA<\/li>\n<li>4 x subwoofer activ HK Audio LINEAR Sub 1500 A<\/li>\n<li>2 x distantiere\u00a0<span class=\"media-product-pack-title\">K&amp;M 21337<\/span> (sau echivalentul)<\/li>\n<li>2 x\u00a0 huse top <span class=\"media-product-pack-title\">HK Audio Cover L3 112 FA<\/span><\/li>\n<li>4 x husa subwoofer <span class=\"media-product-pack-title\">HK Audio Cover L SUB 1500A<\/span><\/li>\n<\/ul>\n<\/div>\n<\/div>\n","protected":false},"excerpt":{"rendered":"<p class=\"product_name \">Sistem HK Audio LINEAR 3 High Performance Pack. Noile sisteme LINEAR 3 ofer\u0103 performan\u021be premium, spre deosebire de orice alt sistem de sunet. Aceast\u0103 tehnologie PA de tip plug-and-play vine \u00een trei versiuni, fiecare compus\u0103 \u00een \u00eentregime din componentele LINEAR 3. Versatilitate, calitate audio de \u00eenalt\u0103 defini\u021bie si presiune acustic\u0103 impresionant\u0103. Sistemul are in componenta sa distantiere, huse.<\/p>\n","protected":false},"featured_media":13152,"comment_status":"open","ping_status":"closed","template":"","meta":[],"product_brand":[],"product_cat":[175],"product_tag":[772,1489,1493,1492,1494,1488,1486,1490,1491,1487,407],"class_list":{"0":"post-13151","1":"product","2":"type-product","3":"status-publish","4":"has-post-thumbnail","6":"product_cat-hk-audio","7":"product_tag-hk-audio","8":"product_tag-hk-audio-high-performance-pack","9":"product_tag-hk-audio-l3-bass-power-pack","10":"product_tag-hk-audio-l3-compact-venue-pack","11":"product_tag-hk-audio-l3-high-performance-pack","12":"product_tag-hk-audio-l5-mkii-big-venue-pack","13":"product_tag-hk-audio-linear","14":"product_tag-hk-audio-linear-5-mkii-lounge-pack","15":"product_tag-hk-audio-linear-5-mkii-rock-pack","16":"product_tag-sistem-profesional-de-sunet","17":"product_tag-sistem-sunet","19":"first","20":"instock","21":"purchasable","22":"product-type-simple"},"jetpack_sharing_enabled":true,"_links":{"self":[{"href":"https:\/\/quintett.ro\/index.php?rest_route=\/wp\/v2\/product\/13151","targetHints":{"allow":["GET"]}}],"collection":[{"href":"https:\/\/quintett.ro\/index.php?rest_route=\/wp\/v2\/product"}],"about":[{"href":"https:\/\/quintett.ro\/index.php?rest_route=\/wp\/v2\/types\/product"}],"replies":[{"embeddable":true,"href":"https:\/\/quintett.ro\/index.php?rest_route=%2Fwp%2Fv2%2Fcomments&post=13151"}],"wp:featuredmedia":[{"embeddable":true,"href":"https:\/\/quintett.ro\/index.php?rest_route=\/wp\/v2\/media\/13152"}],"wp:attachment":[{"href":"https:\/\/quintett.ro\/index.php?rest_route=%2Fwp%2Fv2%2Fmedia&parent=13151"}],"wp:term":[{"taxonomy":"product_brand","embeddable":true,"href":"https:\/\/quintett.ro\/index.php?rest_route=%2Fwp%2Fv2%2Fproduct_brand&post=13151"},{"taxonomy":"product_cat","embeddable":true,"href":"https:\/\/quintett.ro\/index.php?rest_route=%2Fwp%2Fv2%2Fproduct_cat&post=13151"},{"taxonomy":"product_tag","embeddable":true,"href":"https:\/\/quintett.ro\/index.php?rest_route=%2Fwp%2Fv2%2Fproduct_tag&post=13151"}],"curies":[{"name":"wp","href":"https:\/\/api.w.org\/{rel}","templated":true}]}}