{"id":13144,"date":"2025-10-03T11:08:55","date_gmt":"2025-10-03T09:08:55","guid":{"rendered":"https:\/\/quintett.ro\/?post_type=product&#038;p=13144"},"modified":"2025-10-03T11:14:09","modified_gmt":"2025-10-03T09:14:09","slug":"hk-audio-l5-mkii-lounge-pack","status":"publish","type":"product","link":"https:\/\/quintett.ro\/?product=hk-audio-l5-mkii-lounge-pack","title":{"rendered":"HK Audio L5 MKII Lounge Pack"},"content":{"rendered":"<div class=\"st_read_more_box\">\n<p>Sistem activ PA HK Audio L5 MKII Lounge Pack<\/p>\n<p>Sistem PA profesional format din:<\/p>\n<p><strong>1x Subwoofer HK Audio Linear 5 MKII 115 Sub A<\/strong><\/p>\n<ul>\n<li>Subwoofer activ Bass Reflex<\/li>\n<li>Este echipat cu un woofer de 15&#8243; cu bobin\u0103 de 3&#8243;<\/li>\n<li>Amplificator clasa D de 1200 W<\/li>\n<li>SPL maxim: 130 dB<\/li>\n<li>Gama de frecven\u021b\u0103: 40 &#8211; 120 Hz (+\/- 10 dB)<\/li>\n<li>Func\u021bii DSP: EQ complet parametric cu 10 benzi cu caracteristici variabile de filtru, filtru low-pass, polarity, level, delay, limiter, mute<\/li>\n<li>Preset\u0103ri filtru: frontal, cardioid 1:1 vertical, cardioid 1:1 orizontal, remote<\/li>\n<li>Panou de conectare cu: 2x intr\u0103ri combo XLR\/jack de 6.3 mm, 1x Ethernet In, 1x Ethernet Thru, 2x XLR Thru \u0219i 1x ie\u0219ire XLR DSP<\/li>\n<li>Cabinet realizat din placaj de mesteac\u0103n\/MDF prev\u0103zut cu flan\u0219\u0103 M20 \u0219i\u00a02 m\u00e2nere confortabile<\/li>\n<li>Dimensiuni: 480 x 535 x 675 mm<\/li>\n<li>Greutate: 32.9 kg<\/li>\n<li>Culoare neagr\u0103<\/li>\n<\/ul>\n<p><strong>2x Boxe HK Audio Linear 5 MKII 110 XA<\/strong><\/p>\n<ul>\n<li>Box\u0103 activ\u0103 multifunc\u021bional\u0103<\/li>\n<li>Amplificator de putere clasa D de 1200 W \u00eencorporat<\/li>\n<li>Configura\u021bie difuzoare: 1x 10&#8243; LF + 1&#8243; HF cu bobin\u0103 de 1.75&#8243;<\/li>\n<li>Gama de frecven\u021b\u0103: 68 &#8211; 19.000 Hz (+\/- 10 dB)<\/li>\n<li>SPL maxim: 135 dB<\/li>\n<li>Crossover cu tehnologie FIR cu 72 db\/oct<\/li>\n<li>Control de la distan\u021b\u0103 prin DSP intern \u0219i capacitate de re\u021bea<\/li>\n<li>Func\u021bii DSP: EQ complet parametric cu 10 benzi cu caracteristici variabile de filtru, filtru high-pass, filtru low-pass, polarity, level, delay, limiter, mute<\/li>\n<li>Panou conector cu: 1x intrare combo XLR\/jack de 6.3 mm, 1x Ethernet In, 1x XLR Thru, 1x ie\u0219ire XLR DSP<\/li>\n<li>EQ comutabil (Flat, Monitor, Low Cut, Remote)<\/li>\n<li>Unghi de dispersie: 80\u00b0 x 60\u00b0 (rotativ)<\/li>\n<li>Incint\u0103 realizat\u0103 din placaj de mesteac\u0103n\/MDF cu flan\u0219\u0103 suport DuoTilt \u0219i un m\u00e2ner ergonomic<\/li>\n<li>Puncte de montare: 3x M8<\/li>\n<li>Dimensiuni: 360 x 525 x 300 mm<\/li>\n<li>Greutate: 14.9 kg<\/li>\n<li>Culoare neagr\u0103<\/li>\n<\/ul>\n<p><strong>1x Hus\u0103 subwoofer HK Audio Cover L5 MKII 115 Sub A<\/strong><\/p>\n<ul>\n<li>Hus\u0103 de protec\u021bie subwoofer \u00eempotriva intemperiilor<\/li>\n<li>Compatibil\u0103 cu: Linear 5 MKII 115 Sub A<\/li>\n<li>Confec\u021bionat\u0103 dintr-un material de \u00eenalt\u0103 calitate, impermeabil<\/li>\n<li>Ofer\u0103 lizibilitate bun\u0103 \u0219i acces la comenzi \u00een orice moment prin ferestrele transparente de vizualizare<\/li>\n<li>M\u00e2nerele \u0219i loca\u0219ul pentru stativ r\u0103m\u00e2n utilizabile datorit\u0103 decupajelor cu posibilitate de \u00eenchidere<\/li>\n<\/ul>\n<p><strong>2x Huse pentru boxe HK Audio Cover L5 110 XA<\/strong><\/p>\n<ul>\n<li>Hus\u0103 de protec\u021bie box\u0103<\/li>\n<li>Compatibil\u0103 cu: Linear 5 MKII 110 XA<\/li>\n<li>Ofer\u0103 lizibilitate \u0219i acces la comenzi \u00een orice moment datorit\u0103 ferestrelor transparente de vizualizare<\/li>\n<li>Un tifon acustic impermeabil protejeaz\u0103 partea frontal\u0103 a boxei f\u0103r\u0103 a afecta calitatea sunetului<\/li>\n<li>M\u00e2ner utilizabil datorit\u0103 decupajelor cu posibilitate de \u00eenchidere<\/li>\n<li>Culoare neagr\u0103<\/li>\n<\/ul>\n<\/div>\n","protected":false},"excerpt":{"rendered":"<p>Sistem activ PA HK Audio L5 MKII Lounge Pack compus din: 1x subwooofer HK Audio Linear 5 MKII 115 Sub A, 2x boxe satelit HK Audio Linear 5 MKII 110 XA, 1x hus\u0103 protec\u021bie subwoofer HK Audio Cover L5 MKII 115 Sub A, 2x huse protec\u021bie boxe HK Audio Cover L5 110 XA<\/p>\n","protected":false},"featured_media":13146,"comment_status":"open","ping_status":"closed","template":"","meta":[],"product_brand":[],"product_cat":[175],"product_tag":[772,1489,1493,1492,1494,1488,1486,1490,1491,1487,407],"class_list":{"0":"post-13144","1":"product","2":"type-product","3":"status-publish","4":"has-post-thumbnail","6":"product_cat-hk-audio","7":"product_tag-hk-audio","8":"product_tag-hk-audio-high-performance-pack","9":"product_tag-hk-audio-l3-bass-power-pack","10":"product_tag-hk-audio-l3-compact-venue-pack","11":"product_tag-hk-audio-l3-high-performance-pack","12":"product_tag-hk-audio-l5-mkii-big-venue-pack","13":"product_tag-hk-audio-linear","14":"product_tag-hk-audio-linear-5-mkii-lounge-pack","15":"product_tag-hk-audio-linear-5-mkii-rock-pack","16":"product_tag-sistem-profesional-de-sunet","17":"product_tag-sistem-sunet","19":"first","20":"instock","21":"sale","22":"purchasable","23":"product-type-simple"},"jetpack_sharing_enabled":true,"_links":{"self":[{"href":"https:\/\/quintett.ro\/index.php?rest_route=\/wp\/v2\/product\/13144","targetHints":{"allow":["GET"]}}],"collection":[{"href":"https:\/\/quintett.ro\/index.php?rest_route=\/wp\/v2\/product"}],"about":[{"href":"https:\/\/quintett.ro\/index.php?rest_route=\/wp\/v2\/types\/product"}],"replies":[{"embeddable":true,"href":"https:\/\/quintett.ro\/index.php?rest_route=%2Fwp%2Fv2%2Fcomments&post=13144"}],"wp:featuredmedia":[{"embeddable":true,"href":"https:\/\/quintett.ro\/index.php?rest_route=\/wp\/v2\/media\/13146"}],"wp:attachment":[{"href":"https:\/\/quintett.ro\/index.php?rest_route=%2Fwp%2Fv2%2Fmedia&parent=13144"}],"wp:term":[{"taxonomy":"product_brand","embeddable":true,"href":"https:\/\/quintett.ro\/index.php?rest_route=%2Fwp%2Fv2%2Fproduct_brand&post=13144"},{"taxonomy":"product_cat","embeddable":true,"href":"https:\/\/quintett.ro\/index.php?rest_route=%2Fwp%2Fv2%2Fproduct_cat&post=13144"},{"taxonomy":"product_tag","embeddable":true,"href":"https:\/\/quintett.ro\/index.php?rest_route=%2Fwp%2Fv2%2Fproduct_tag&post=13144"}],"curies":[{"name":"wp","href":"https:\/\/api.w.org\/{rel}","templated":true}]}}