{"id":13134,"date":"2025-10-02T18:05:14","date_gmt":"2025-10-02T16:05:14","guid":{"rendered":"https:\/\/quintett.ro\/?post_type=product&#038;p=13134"},"modified":"2025-10-02T18:22:01","modified_gmt":"2025-10-02T16:22:01","slug":"klotz-minilink-pro-y-cable-trs-3-5-mm-2x-xlr-m","status":"publish","type":"product","link":"https:\/\/quintett.ro\/?product=klotz-minilink-pro-y-cable-trs-3-5-mm-2x-xlr-m","title":{"rendered":"KLOTZ MiniLink PRO Y cable TRS 3.5 mm &#8211; 2x XLR M"},"content":{"rendered":"<p>Cablu MiniLink PRO KY9<br \/>\nTRS 3,5 mm &#8211; 2x XLR M<\/p>\n<p>KY9 &#8211; lungime 1,8 m<\/p>\n<p>mantaua exterioar\u0103 este durabil\u0103, dar flexibil\u0103<br \/>\nsec\u021biune transversal\u0103 a conductorului de 0,22 mm\u00b2<br \/>\ncablu patch echilibrat<br \/>\nelement de \u00eembinare turnat pentru cea mai mare fiabilitate<br \/>\ncontacte placate cu aur, conectori din alam\u0103 masiv\u0103<br \/>\nlipit manual<br \/>\nideal pentru dispozitive mobile &#8211; tija extins\u0103 permite inserarea complet\u0103 \u00een smartphone-uri, iPad-uri \u0219i iPod-uri cu man\u0219oane de protec\u021bie ata\u0219ate<br \/>\nfabrica KLOTZ AIS utilizeaz\u0103 un sistem de asigurare a calit\u0103\u021bii de 6 ori pentru fiecare cablu KLOTZ, \u00een conformitate cu ISO 9001:2015<\/p>\n","protected":false},"excerpt":{"rendered":"<p><span class=\"HwtZe\" lang=\"ro\"><span class=\"jCAhz ChMk0b\"><span class=\"ryNqvb\">Cablu KLOTZ MiniLink PRO Y TRS 3,5 mm &#8211; 2x XLR M &#8211; lungime 1,8 m<\/span><\/span><\/span><\/p>\n<p>Oferind performan\u021be audio excep\u021bionale, cablul KY9-180 are o sec\u021biune de 0,22 \u0219i contacte placate cu aur, garant\u00e2nd o transmisie f\u0103r\u0103 pierderi de semnal \u0219i o calitate superioar\u0103 a sunetului.<\/p>\n<p>Indiferent c\u0103 e\u0219ti muzician profesionist sau pur \u0219i simplu un pasionat de muzic\u0103, cablul Y Klotz KY9-180 este alegerea ideal\u0103 pentru a-\u021bi \u00eembun\u0103t\u0103\u021bi sistemul audio.<\/p>\n","protected":false},"featured_media":13137,"comment_status":"open","ping_status":"closed","template":"","meta":[],"product_brand":[],"product_cat":[37],"product_tag":[1174,1169,1177,929,1485,943,941,942,1172,1484,939,940,1170,1173],"class_list":{"0":"post-13134","1":"product","2":"type-product","3":"status-publish","4":"has-post-thumbnail","6":"product_cat-cabluri-la-metru","7":"product_tag-3-x-2-5mm","8":"product_tag-cablu-curent-2-5","9":"product_tag-cablu-curent-5m","10":"product_tag-cablu-klotz","11":"product_tag-cablu-laptop","12":"product_tag-cablu-microfon-10m","13":"product_tag-cablu-microfon-3m","14":"product_tag-cablu-microfon-5m","15":"product_tag-cablu-titanex-curent","16":"product_tag-cablu-y-dj","17":"product_tag-klotz-cablu-microfon","18":"product_tag-my206-cablu-microfon","19":"product_tag-prelungitor-curent","20":"product_tag-prelungitor-titanex","22":"first","23":"instock","24":"sale","25":"purchasable","26":"product-type-simple"},"jetpack_sharing_enabled":true,"_links":{"self":[{"href":"https:\/\/quintett.ro\/index.php?rest_route=\/wp\/v2\/product\/13134","targetHints":{"allow":["GET"]}}],"collection":[{"href":"https:\/\/quintett.ro\/index.php?rest_route=\/wp\/v2\/product"}],"about":[{"href":"https:\/\/quintett.ro\/index.php?rest_route=\/wp\/v2\/types\/product"}],"replies":[{"embeddable":true,"href":"https:\/\/quintett.ro\/index.php?rest_route=%2Fwp%2Fv2%2Fcomments&post=13134"}],"wp:featuredmedia":[{"embeddable":true,"href":"https:\/\/quintett.ro\/index.php?rest_route=\/wp\/v2\/media\/13137"}],"wp:attachment":[{"href":"https:\/\/quintett.ro\/index.php?rest_route=%2Fwp%2Fv2%2Fmedia&parent=13134"}],"wp:term":[{"taxonomy":"product_brand","embeddable":true,"href":"https:\/\/quintett.ro\/index.php?rest_route=%2Fwp%2Fv2%2Fproduct_brand&post=13134"},{"taxonomy":"product_cat","embeddable":true,"href":"https:\/\/quintett.ro\/index.php?rest_route=%2Fwp%2Fv2%2Fproduct_cat&post=13134"},{"taxonomy":"product_tag","embeddable":true,"href":"https:\/\/quintett.ro\/index.php?rest_route=%2Fwp%2Fv2%2Fproduct_tag&post=13134"}],"curies":[{"name":"wp","href":"https:\/\/api.w.org\/{rel}","templated":true}]}}