{"id":13115,"date":"2025-10-02T15:16:03","date_gmt":"2025-10-02T13:16:03","guid":{"rendered":"https:\/\/quintett.ro\/?post_type=product&#038;p=13115"},"modified":"2025-10-02T15:22:26","modified_gmt":"2025-10-02T13:22:26","slug":"rode-nt1-signature-ai-1-studio-kit-mk2","status":"publish","type":"product","link":"https:\/\/quintett.ro\/?product=rode-nt1-signature-ai-1-studio-kit-mk2","title":{"rendered":"Rode NT1 Signature + AI-1 Studio Kit MK2"},"content":{"rendered":"<p><strong>Caracteristici<\/strong><\/p>\n<div class=\"specs-container content section\">\n<div class=\"sku-description\">\n<div class=\"simple-description js-description-html\">\n<ul>\n<li><strong>Tip produs:<\/strong> Set<\/li>\n<li><strong>Con\u021binut pachet:<\/strong> Interfa\u021b\u0103 x 1, cablu XLR, shockmount \u0219i filtru pop R\u00d8DE SM6, cablu USB Type-A la Type-C<\/li>\n<li><strong>Microfon:<\/strong><\/li>\n<li><strong>Impedan\u021ba de ie\u0219ire linie:<\/strong> 100 \u03a9<\/li>\n<li><strong>\u00cen\u0103l\u021bime:<\/strong> 189 mm<\/li>\n<li><strong>Ad\u00e2ncime:<\/strong> 52 mm<\/li>\n<li><strong>Tehnologie de conectivitate:<\/strong> Cu fir<\/li>\n<li><strong>Tip:<\/strong> Microfon de studio<\/li>\n<li><strong>Frecven\u021ba microfonului:<\/strong> 20 &#8211; 20000 Hz<\/li>\n<li><strong>Direc\u021bia microfonului:<\/strong> Cardioid<\/li>\n<li><strong>Interfa\u021ba dispozitivului:<\/strong> XLR-3<\/li>\n<li><strong>Greutate:<\/strong> 313 g<\/li>\n<li><strong>L\u0103\u021bime:<\/strong> 52 mm<\/li>\n<li><strong>Culoarea produsului:<\/strong> Negru<\/li>\n<li><strong>SPL maxim:<\/strong> 142 dB<\/li>\n<li><strong>Sensibilitatea microfonului:<\/strong> -32 dB<\/li>\n<\/ul>\n<\/div>\n<\/div>\n<div class=\"manufacturer\">\n<h3>Produc\u0103tor<\/h3>\n<div><a title=\"Toate produsele Rode\" href=\"https:\/\/www.skroutz.ro\/m.Rode.12281.html\">Rode<\/a> &#8211; <a title=\"Toate produsele Rode din Microfoane\" href=\"https:\/\/www.skroutz.ro\/c\/354\/microfoane\/m\/12281\/Rode.html\">Microfoane Rode<\/a><\/div>\n<\/div>\n<\/div>\n","protected":false},"excerpt":{"rendered":"<h1 class=\"page-title\">Rode NT1 Signature + AI-1 Studio Kit MK2<\/h1>\n<p>Ideal pentru \u00eenregistrarea vocii \u0219i a instrumentelor<\/p>\n<p>RODE NT1 Signature + AI-1 Studio Kit MK2 este perfect pentru \u00eenregistrarea vocii \u0219i a instrumentelor precum chitara acustic\u0103 sau pianul. NT1 ofer\u0103 o gam\u0103 larg\u0103 de frecven\u021be, de la 20Hz la 20kHz, permi\u021b\u00e2ndu-v\u0103 s\u0103 captura\u021bi \u00eentreaga gam\u0103 de sunete. AI-1 permite monitorizarea live u\u0219oar\u0103 prin ie\u0219irea pentru c\u0103\u0219ti cu control al volumului, ceea ce este crucial \u00een munca \u00een studio \u0219i \u00een streamingul live.<br \/>\nSpecifica\u021bii tehnice<\/p>\n<p>Gam\u0103 de frecven\u021b\u0103: 20Hz &#8211; 20kHz<br \/>\nNivel de zgomot: 4,5 dBA<br \/>\nInterfa\u021b\u0103 AI-1: USB-C, suport\u0103 24-bit\/192kHz<br \/>\nTip microfon: Condensator cu diafragm\u0103 mare (1&#8243;)<br \/>\nPutere de ie\u0219ire c\u0103\u0219ti: P\u00e2n\u0103 la 1,2W<br \/>\nGreutate: Microfon \u2013 440g, Interfa\u021b\u0103 \u2013 560g<\/p>\n<p>Materiale \u0219i construc\u021bie<\/p>\n<p>At\u00e2t microfonul NT1, c\u00e2t \u0219i interfa\u021ba AI-1 sunt concepute pentru durabilitate \u0219i confortul utilizatorului. NT1 dispune de o capsul\u0103 avansat\u0103 ad\u0103postit\u0103 \u00eentr-un corp durabil din aluminiu, cu un strat ceramic care protejeaz\u0103 \u00eempotriva zg\u00e2rieturilor \u0219i deterior\u0103rii. AI-1 are o construc\u021bie solid\u0103, combin\u00e2nd func\u021bionalitatea cu un design modern, fiind potrivit pentru utilizare at\u00e2t acas\u0103, c\u00e2t \u0219i \u00een medii de studio profesionale.<br \/>\nInclus \u00een kit<\/p>\n<p>Microfon RODE NT1 Signature<br \/>\nInterfa\u021b\u0103 audio AI-1 cu conexiune USB-C<br \/>\nSuport anti-\u0219oc<br \/>\nFiltru anti-pop<br \/>\nCablu USB-C<\/p>\n<p>De ce s\u0103 alege\u021bi kitul de studio RODE NT1 Signature + AI-1 MK2?<\/p>\n<p>Kitul de studio RODE NT1 Signature + AI-1 MK2 este alegerea ideal\u0103 pentru oricine apreciaz\u0103 sunetul cristalin \u0219i u\u0219urin\u021ba \u00een utilizare. Cu nivelul s\u0103u de zgomot ultra-sc\u0103zut, designul precis \u0219i conexiunea USB simpl\u0103, acest kit este perfect pentru toate tipurile de \u00eenregistr\u0103ri, de la vocale la instrumentale. Alegerea acestui set v\u0103 ofer\u0103 o calitate profesional\u0103 a sunetului \u0219i confort pe care fiecare creator audio le va aprecia.<\/p>\n","protected":false},"featured_media":13116,"comment_status":"open","ping_status":"closed","template":"","meta":[],"product_brand":[],"product_cat":[391],"product_tag":[1479,1480,1478],"class_list":{"0":"post-13115","1":"product","2":"type-product","3":"status-publish","4":"has-post-thumbnail","6":"product_cat-thomann","7":"product_tag-rode-microfoane","8":"product_tag-rode-nt1","9":"product_tag-rode-nt1-signature-ai-1-studio-kit-mk2","11":"first","12":"instock","13":"sale","14":"purchasable","15":"product-type-simple"},"jetpack_sharing_enabled":true,"_links":{"self":[{"href":"https:\/\/quintett.ro\/index.php?rest_route=\/wp\/v2\/product\/13115","targetHints":{"allow":["GET"]}}],"collection":[{"href":"https:\/\/quintett.ro\/index.php?rest_route=\/wp\/v2\/product"}],"about":[{"href":"https:\/\/quintett.ro\/index.php?rest_route=\/wp\/v2\/types\/product"}],"replies":[{"embeddable":true,"href":"https:\/\/quintett.ro\/index.php?rest_route=%2Fwp%2Fv2%2Fcomments&post=13115"}],"wp:featuredmedia":[{"embeddable":true,"href":"https:\/\/quintett.ro\/index.php?rest_route=\/wp\/v2\/media\/13116"}],"wp:attachment":[{"href":"https:\/\/quintett.ro\/index.php?rest_route=%2Fwp%2Fv2%2Fmedia&parent=13115"}],"wp:term":[{"taxonomy":"product_brand","embeddable":true,"href":"https:\/\/quintett.ro\/index.php?rest_route=%2Fwp%2Fv2%2Fproduct_brand&post=13115"},{"taxonomy":"product_cat","embeddable":true,"href":"https:\/\/quintett.ro\/index.php?rest_route=%2Fwp%2Fv2%2Fproduct_cat&post=13115"},{"taxonomy":"product_tag","embeddable":true,"href":"https:\/\/quintett.ro\/index.php?rest_route=%2Fwp%2Fv2%2Fproduct_tag&post=13115"}],"curies":[{"name":"wp","href":"https:\/\/api.w.org\/{rel}","templated":true}]}}