{"id":13105,"date":"2025-10-02T14:53:47","date_gmt":"2025-10-02T12:53:47","guid":{"rendered":"https:\/\/quintett.ro\/?post_type=product&#038;p=13105"},"modified":"2025-10-11T10:54:11","modified_gmt":"2025-10-11T08:54:11","slug":"yamaha-modx6-workstation","status":"publish","type":"product","link":"https:\/\/quintett.ro\/?product=yamaha-modx6-workstation","title":{"rendered":"Yamaha MODX6+ Workstation"},"content":{"rendered":"<div class=\"st_read_more_box\">\n<p>Sintetizator compact cu 61 de taste\u00a0Yamaha MODX6+<\/p>\n<ul>\n<li>Sintetizator compact cu 61 de taste<\/li>\n<li>Tastatur\u0103 semi-grea (sensibil\u0103 la vitez\u0103)<\/li>\n<li>Sinteza controlului mi\u0219c\u0103rii<\/li>\n<li>Sinteza AWM2\u00a0 128 de voci<\/li>\n<li>ROM waveform 5,67 GB + ROM flash de 1,75 GB pentru user<\/li>\n<li>Sintez\u0103 FM-X cu 128 de voci<\/li>\n<li>8 operatori \u0219i 88 de algoritmi<\/li>\n<li>Efecte integrate, Part-EQ, Master-EQ, 2.227\u00a0preset performances \u00a0(p\u00e2n\u0103 la 16 p\u0103r\u021bi per performan\u021b\u0103 pentru split-uri, straturi, MIDI multimode)<\/li>\n<li>Super buton controleaz\u0103 p\u00e2n\u0103 la 128 de parametri simultan<\/li>\n<li>Ecran tactil VGA color de 7 inchi<\/li>\n<li>4 butoane rotative<\/li>\n<li>4 fadere<\/li>\n<li>Interfa\u021b\u0103 audio USB 4\/10 integrat\u0103 pentru PC\/Mac\/iOS<\/li>\n<li>Conexiuni: 2x intrare linie jack 6,3 mm, 2x ie\u0219ire linie jack 6,3 mm, ie\u0219ire c\u0103\u0219ti stereo 6,3 mm muf\u0103, conexiuni USB pentru gazd\u0103 \u0219i dispozitiv, MIDI I\/O, 2x intrare pedal\u0103<\/li>\n<li>2x intrare comutator de picior<\/li>\n<li>Alimentare extern\u0103 12V DC<\/li>\n<li>Include Software Steinberg Cubase AI DAW pentru PC\/Mac<\/li>\n<li>Dimensiuni: 937 \u00d7 331 \u00d7 134 mm<\/li>\n<li>Greutate: 6,6 kg<\/li>\n<li>Vine fara cutie sau husa<\/li>\n<\/ul>\n<\/div>\n","protected":false},"excerpt":{"rendered":"<p>Yamaha MODX6 +<\/p>\n<h2 class=\"h2\">Sintetizator Yamaha MODX6 +<\/h2>\n<p>Yamaha MODX6+ &#8211;\u00a0Este un sintetizator compact, u\u0219or, cu 61 de taste, conceput pentru clavi\u0219ti pentru a crea sunete profunde care ies \u00een eviden\u021b\u0103 pe fiecare scen\u0103, studio sau flux.<\/p>\n<p>SUNET<\/p>\n<p>Cel mai important element al oric\u0103rui instrument este sunetul. MODX+ face ca toate elementele muzicii tale s\u0103 sune uimitor.<\/p>\n<p>MODX+ folose\u0219te aceea\u0219i tehnologie care alimenteaz\u0103 modelul emblematic MONTAGE: 128 de note de AWM2 (Advanced Wave Memory 2) polifonie de e\u0219antionare \u0219i sintez\u0103 pentru instrumente acustice emulative uimitoare, sunete de sintez\u0103 \u0219i tobe.<\/p>\n<p>MODX+ include, de asemenea, 128 de note de polifonie FM-X (modula\u021bie de frecven\u021b\u0103) &#8211; o tehnologie de sintez\u0103 unic\u0103, expresiv\u0103, foarte programabil\u0103 pentru crearea muzicii dinamice, electro-moderne.<\/p>\n<p>AWM2<\/p>\n<p>Motorul AWM2 este exclusiv pentru sintetizatoarele Yamaha \u0219i ofer\u0103 mult mai mult dec\u00e2t o simpl\u0103 redare a probelor. Fiecare dintre cele 16 piese AWM2 dispune de opt sintetizatoare programabile cu 18 tipuri diferite de filtre, generatoare de amplitudine, pitch \u0219i anvelope de filtru, nou\u0103 LFO-uri, EQ cu 3 benzi \u0219i un efect de inser\u021bie dual dedicat cu modelarea circuitelor virtuale.<\/p>\n<p>FM-X<\/p>\n<p>Tot ceea ce iube\u0219ti la emblematicul DX7 \u00eendepline\u0219te cele mai recente inova\u021bii Yamaha. FM-X produce sunet clasic de sintetizator EDM din anii &#8217;80 sau de ultim\u0103 or\u0103, cu o gam\u0103 dinamic\u0103, putere \u0219i fidelitate incredibile. MODX+ dep\u0103\u0219e\u0219te cu mult capacit\u0103\u021bile originalului DX7 cu o arhitectur\u0103 FM cu 8 operatori, polifonie de 128 de note, multe tipuri de filtre \u0219i multe altele. Toate cu Motion Control pentru texturi \u00een continu\u0103 evolu\u021bie \u0219i schimbare pentru a crea sunete pe care nimeni nu le-a mai auzit p\u00e2n\u0103 acum.<\/p>\n<p>SMART MORPH<\/p>\n<p>Smart Morph permite transformarea \u00eentre sunete FM-X. Sistemul s\u0103u sofisticat de I.A. algoritmul creeaz\u0103 o hart\u0103 interactiv\u0103 de transformare din p\u00e2n\u0103 la opt sunete FM-X. Pute\u021bi \u201ereda\u201d aceast\u0103 hart\u0103 de pe ecranul tactil sau pute\u021bi utiliza Super Knob pentru a v\u0103 deplasa \u00eentre dou\u0103 puncte. Rezultatul este un num\u0103r uluitor de sunete noi interesante \u0219i interactive.<\/p>\n<p>256-NOTE POLIFONIE TOTAL\u0102<\/p>\n<p>MODX+ are polifonie stereo AWM2 de 128 de note \u0219i polifonie FM-X de 128 de note. Datorit\u0103 arhitecturii unice a MODX+ \u0219i MONTAGE, aceast\u0103 polifonie este \u00eentotdeauna disponibil\u0103 f\u0103r\u0103 laten\u021b\u0103 sau s\u0103 compromit\u0103 alte caracteristici.<\/p>\n<p>FLASH INTEGRAT<\/p>\n<p>Salva\u021bi muzica \u00eentr-o clipit\u0103. MODX+ include 1.75 GB de memorie flash de utilizator non-volatil\u0103, cu laten\u021b\u0103 sc\u0103zut\u0103, cu citire\/scriere de mare vitez\u0103 pentru propriile mostre personalizate sau biblioteci de sintez\u0103 de aici.<\/p>\n<p>EFECTE<\/p>\n<p>MODX+ este plin de inova\u021bii DSP, putere \u0219i calitate a sunetului pentru a v\u0103 oferi totul, de la reverbere de \u00eenalt\u0103 defini\u021bie la efecte detaliate de modelare a circuitelor virtuale (VCM). Ob\u021bine\u021bi sunet EDM cu efecte precum Beat Repeat, Vinyl Break sau Bit Crusher. Utiliza\u021bi efectul Spiralizer pentru a crea iluzia auditiv\u0103 a tonului \u00een cre\u0219tere sau sc\u0103dere continu\u0103 a \u00een\u0103l\u021bimii.<\/p>\n<p>Ad\u0103uga\u021bi un compresor cu sidechain pentru un efect modern de \u201educking\u201d. Sau trece\u021bi retro cu efecte vintage, cum ar fi\u00a0Analog Delay, VCM Phaser sau o varietate de simulatoare de amplificatoare.<\/p>\n<p>Piani\u0219tii se vor sim\u021bi ca \u00een rai sau \u00een alt spa\u021biu de performan\u021b\u0103 incredibil, cu efecte axate pe pian, cum ar fi Damper Resonance \u0219i reverbere HD pentru o experien\u021b\u0103 de pian super realist\u0103.<\/p>\n<p>INTRARE A\/D<\/p>\n<p>O intrare stereo A\/D v\u0103 permite s\u0103 aduce\u021bi surse externe precum sintetizatoare analogice, voce \u0219i alte instrumente \u00een sistemul de control al mi\u0219c\u0103rii MODX+. Astfel, controlul MODX+ merge dincolo de simpla procesare a efectelor la bord. Controla\u021bi parametrii individuali cu comenzile fizice sau l\u0103sa\u021bi MODX+ s\u0103 ofere \u201em\u00e2ini invizibile\u201d folosind Motion Control. Ad\u0103uga\u021bi Vocoder, Envelope Follower \u0219i Auto Beat Sync, este ca \u0219i cum intrarea A\/D de pe MODX+ devine un instrument \u00een sine.<\/p>\n<p>SIDECHAIN<\/p>\n<p>Sidechain este un efect popular \u00een muzica dance modern\u0103, \u00een care un pad sau o alt\u0103 parte sustain este \u201econectat\u0103\u201d la tob\u0103. C\u00e2nd sun\u0103 toba, se reduce partea sus\u021binut\u0103, cre\u00e2nd un efect ritmic de \u201epompare\u201d.<\/p>\n<p>SOUNDMONDO<\/p>\n<p>Soundmondo este o re\u021bea social\u0103 de partajare a sunetului care v\u0103 permite s\u0103 stoca\u021bi \u0219i s\u0103 aminti\u021bi performan\u021be MODX+ \u0219i MONTAGE \u0219i s\u0103 le partaja\u021bi cu al\u021bi utilizatori. Fiecare Performan\u021b\u0103 stocat\u0103 poate fi evaluat\u0103, denumit\u0103 \u0219i i se poate oferi o imagine personalizat\u0103 din biblioteca dvs. de fotografii. Aplica\u021bia Soundmondo pentru iOS v\u0103 permite s\u0103 \u00eenc\u0103rca\u021bi \u0219i s\u0103 desc\u0103rca\u021bi noi spectacole direct \u00een MODX+ cu un dispozitiv iOS.<\/p>\n<p>COMPATIBILITATE<\/p>\n<p>Ie\u0219it din cutie, MODX+ v\u0103 ofer\u0103 acces la toate sunetele realizate de designerii \u0219i arti\u0219tii de sunet de talie mondial\u0103, de c\u00e2nd echipa Yamaha a \u00eenceput s\u0103 fac\u0103 sintetizatoare \u00een 1974. Ve\u021bi avea una dintre cele mai mari biblioteci de sunet de pe P\u0103m\u00e2nt la \u00eendem\u00e2n\u0103.<\/p>\n<p>B\u00f6sendorfer<\/p>\n<p>Ca parte a introducerii MODX+, Yamaha are pl\u0103cerea de a oferi o desc\u0103rcare incredibil\u0103 B\u00f6sendorfer Imperial Premium Grand Piano GRATUIT pentru to\u021bi proprietarii \u00eenregistra\u021bi de MODX+.<\/p>\n<p>INTEGRARE DAW<\/p>\n<p>MODX+ Connect este un instrument convenabil care v\u0103 permite s\u0103 transfera\u021bi date \u00eentre computer \u0219i MODX+. Datele melodiilor create pe MODX+ pot fi transferate pe computer, iar datele de performan\u021b\u0103 editate pe MODX+ pot fi salvate ca fi\u0219ier (.X7B) pe computer.<\/p>\n<p>MODX+ Connect, bazat pe tehnologia Steinberg VST3, func\u021bioneaz\u0103 ca un plug-in VST3 cu seria Cubase. MODX+ Connect func\u021bioneaz\u0103, de asemenea, la fel ca \u0219i alte instrumente software VST, permi\u021b\u00e2ndu-v\u0103 s\u0103 salva\u021bi set\u0103rile editate ale MODX+ sau s\u0103 le utiliza\u021bi pentru un alt proiect.<\/p>\n<p>MODX+ Connect func\u021bioneaz\u0103 \u0219i ca un plug-in AU. Pentru software-ul DAW compatibil AU, consulta\u021bi Notele de lansare separate.<\/p>\n<p>Poate fi folosit \u0219i ca software independent.<\/p>\n<p>Pute\u021bi desc\u0103rca software-ul de pe site-ul oficial Yamaha<\/p>\n<p>INTERFA\u021aA AUDIO USB MULTICANAL<\/p>\n<p>A\u0219a cum era de a\u0219teptat pentru produc\u021bia muzical\u0103 modern\u0103 bazat\u0103 pe computer, MODX+ dispune de o interfa\u021b\u0103 audio USB profesional\u0103 cu 4 intr\u0103ri\/10 ie\u0219iri, multicanal. Cuplat cu dou\u0103 intr\u0103ri A\/D, MODX+ este o pies\u0103 central\u0103 perfect\u0103 pentru orice studio de \u00eenregistrare profesional\u0103 sau platform\u0103 de computer live.<\/p>\n<p>O conexiune cu un singur cablu \u00eenlocuie\u0219te necesitatea unei interfe\u021be audio externe.<\/p>\n<p>Compatibil cu iOS.<\/p>\n<p>MODEL DE RITM<\/p>\n<p>Tobo\u0219arul a \u00eent\u00e2rziat din nou? MODX+ Rhythm Pattern este ca o ma\u0219in\u0103 de tobe \u00eencorporat\u0103, cu acces u\u0219or la mii de modele de pe un buton pe panoul frontal. Ad\u0103uga\u021bi rapid un ritm atunci c\u00e2nd scrie\u021bi melodii, exersa\u021bi sau live.<\/p>\n<p>CONTROL<\/p>\n<p>Fiecare artist vrea s\u0103 sune unic. \u00cembun\u0103t\u0103\u021be\u0219te-\u021bi creativitatea, preia controlul \u0219i ie\u0219i \u00een eviden\u021b\u0103 din mul\u021bime. Aduce\u021bi sofisticarea automatiz\u0103rii produc\u021biei muzicale la spectacolul live \u00een timp real cu Motion Control.<\/p>\n<p>SUPER BUTON<\/p>\n<p>Super Knob are rolul de a modela sunetul a\u0219a cum este un dirijor pentru o orchestr\u0103. Direc\u0163ioneaz\u0103 elementele dinamice individuale \u00eentr-o singur\u0103 expresie muzical\u0103. La fel ca un dirijor, Super Knob poate spune unui juc\u0103tor s\u0103 vin\u0103 \u00een sus, \u00een timp ce altul se \u00eentoarce \u00een jos. Pute\u021bi schimba forma notelor de la lung la scurt, luminos la \u00eentunecat sau pute\u021bi muta un interpret\u00a0de la a fi chiar l\u00e2ng\u0103 dvs. \u00een spatele s\u0103lii de concert.<\/p>\n<p>Super Knob permite controlul simultan a p\u00e2n\u0103 la 128 de parametri \u00eentr-o singur\u0103 performan\u021b\u0103. Aceasta \u00eenseamn\u0103 c\u0103 pute\u021bi controla func\u021bii de mixare precum volumul, panoul \u0219i trimiterile de efecte sau parametrii detalia\u021bi a sintetizatorului, cum ar fi filtrele, LFO-urile \u0219i operatorii.<\/p>\n<p>Adic\u0103 128 de parametri&#8230; SIMULTAN!<\/p>\n<p>Pute\u021bi chiar s\u0103 controla\u021bi Super Knob cu un pedalier\u00a0FC7, ceea ce face u\u0219oar\u0103 manipularea sunetului c\u00e2nd c\u00e2nta\u021bi cu ambele m\u00e2ini.<\/p>\n<p>SECVEN\u021aE DE MI\u0218CARE<\/p>\n<p>Secven\u021bele de mi\u0219care sunt secven\u021be de control sincronizate cu tempo, complet personalizabile, care pot fi atribuite practic oric\u0103rui parametru al sintetizatorului \u0219i ofer\u0103 noi moduri incredibile de a crea sunet.<\/p>\n<p>Secven\u021bele de mi\u0219care au, de asemenea, comenzi dedicate pe panoul frontal, ceea ce face u\u0219or de manipulat \u0219i schimbat \u00een timp real, oferind interactivitate \u0219i expresie incredibile.<\/p>\n<p>ENVELOPE FOLLOWER<\/p>\n<p>Envelope Follower converte\u0219te sunetul \u00eentr-o surs\u0103 de control pentru controlul practic al oric\u0103rui parametru al sintetizatorului. De exemplu, un loop de tobe ar putea conduce parametrii de efecte pentru un ritm rece sau o \u00eenregistrare vocal\u0103 ar putea controla mai mul\u021bi parametri pentru un sintetizator \u201evorbitor\u201d. Audio poate fi chiar o surs\u0103 \u201e\u00een direct\u201d prin intrarea A\/D.<\/p>\n","protected":false},"featured_media":13114,"comment_status":"open","ping_status":"closed","template":"","meta":[],"product_brand":[],"product_cat":[391],"product_tag":[715,1475,1476,1477],"class_list":{"0":"post-13105","1":"product","2":"type-product","3":"status-publish","4":"has-post-thumbnail","6":"product_cat-thomann","7":"product_tag-sintetizator","8":"product_tag-workstation","9":"product_tag-yamah-modx6","10":"product_tag-yamaha","12":"first","13":"outofstock","14":"sale","15":"purchasable","16":"product-type-simple"},"jetpack_sharing_enabled":true,"_links":{"self":[{"href":"https:\/\/quintett.ro\/index.php?rest_route=\/wp\/v2\/product\/13105","targetHints":{"allow":["GET"]}}],"collection":[{"href":"https:\/\/quintett.ro\/index.php?rest_route=\/wp\/v2\/product"}],"about":[{"href":"https:\/\/quintett.ro\/index.php?rest_route=\/wp\/v2\/types\/product"}],"replies":[{"embeddable":true,"href":"https:\/\/quintett.ro\/index.php?rest_route=%2Fwp%2Fv2%2Fcomments&post=13105"}],"wp:featuredmedia":[{"embeddable":true,"href":"https:\/\/quintett.ro\/index.php?rest_route=\/wp\/v2\/media\/13114"}],"wp:attachment":[{"href":"https:\/\/quintett.ro\/index.php?rest_route=%2Fwp%2Fv2%2Fmedia&parent=13105"}],"wp:term":[{"taxonomy":"product_brand","embeddable":true,"href":"https:\/\/quintett.ro\/index.php?rest_route=%2Fwp%2Fv2%2Fproduct_brand&post=13105"},{"taxonomy":"product_cat","embeddable":true,"href":"https:\/\/quintett.ro\/index.php?rest_route=%2Fwp%2Fv2%2Fproduct_cat&post=13105"},{"taxonomy":"product_tag","embeddable":true,"href":"https:\/\/quintett.ro\/index.php?rest_route=%2Fwp%2Fv2%2Fproduct_tag&post=13105"}],"curies":[{"name":"wp","href":"https:\/\/api.w.org\/{rel}","templated":true}]}}