{"id":13064,"date":"2025-07-09T20:51:58","date_gmt":"2025-07-09T18:51:58","guid":{"rendered":"https:\/\/quintett.ro\/?post_type=product&#038;p=13064"},"modified":"2025-07-09T20:56:03","modified_gmt":"2025-07-09T18:56:03","slug":"powercon-mains-cable","status":"publish","type":"product","link":"https:\/\/quintett.ro\/?product=powercon-mains-cable","title":{"rendered":"Powercon Mains Cable"},"content":{"rendered":"<p>Cablu POWERCON curent :<\/p>\n<ul class=\"fx-list product-text__list\">\n<li><span class=\"fx-text fx-text--plus list-item__text\">Lungime: 1,5 m<\/span><\/li>\n<li class=\"fx-list__item list-item fx-list__item--circle\"><span class=\"fx-text fx-text--plus list-item__text\">Fi\u0219\u0103 de siguran\u021b\u0103 dreapt\u0103 &lt; -&gt; Neutrik powerCON NAC3FC-HC<\/span><\/li>\n<li class=\"fx-list__item list-item fx-list__item--circle\"><span class=\"fx-text fx-text--plus list-item__text\">Dou\u0103 sisteme de \u00eemp\u0103m\u00e2ntare<\/span><\/li>\n<li class=\"fx-list__item list-item fx-list__item--circle\"><span class=\"fx-text fx-text--plus list-item__text\">Sec\u021biunea cablului: 2,5 mm\u00b2<\/span><\/li>\n<li class=\"fx-list__item list-item fx-list__item--circle\"><span class=\"fx-text fx-text--plus list-item__text\">Incl. tub termocontractabil pe cablu<\/span><\/li>\n<li>Powercon 32A<\/li>\n<\/ul>\n","protected":false},"excerpt":{"rendered":"<p>Cablu POWERCON cu conductor din cupru TITANEX &#8211; 3 x 2.5, 2M, Stecher \u0219i <span class=\"fx-text fx-text--plus list-item__text\">Neutrik powerCON NAC3FC-HC<\/span><\/p>\n","protected":false},"featured_media":11058,"comment_status":"open","ping_status":"closed","template":"","meta":[],"product_brand":[],"product_cat":[391],"product_tag":[1174,1464,1169,1463,1177,929,943,941,942,1172,939,940,1462,1461,1170,1173],"class_list":{"0":"post-13064","1":"product","2":"type-product","3":"status-publish","4":"has-post-thumbnail","6":"product_cat-thomann","7":"product_tag-3-x-2-5mm","8":"product_tag-1464","9":"product_tag-cablu-curent-2-5","10":"product_tag-cablu-curent-3x2","11":"product_tag-cablu-curent-5m","12":"product_tag-cablu-klotz","13":"product_tag-cablu-microfon-10m","14":"product_tag-cablu-microfon-3m","15":"product_tag-cablu-microfon-5m","16":"product_tag-cablu-titanex-curent","17":"product_tag-klotz-cablu-microfon","18":"product_tag-my206-cablu-microfon","19":"product_tag-neutrik-nac3fc-hc","20":"product_tag-nexans","21":"product_tag-prelungitor-curent","22":"product_tag-prelungitor-titanex","24":"first","25":"instock","26":"purchasable","27":"product-type-simple"},"jetpack_sharing_enabled":true,"_links":{"self":[{"href":"https:\/\/quintett.ro\/index.php?rest_route=\/wp\/v2\/product\/13064","targetHints":{"allow":["GET"]}}],"collection":[{"href":"https:\/\/quintett.ro\/index.php?rest_route=\/wp\/v2\/product"}],"about":[{"href":"https:\/\/quintett.ro\/index.php?rest_route=\/wp\/v2\/types\/product"}],"replies":[{"embeddable":true,"href":"https:\/\/quintett.ro\/index.php?rest_route=%2Fwp%2Fv2%2Fcomments&post=13064"}],"wp:featuredmedia":[{"embeddable":true,"href":"https:\/\/quintett.ro\/index.php?rest_route=\/wp\/v2\/media\/11058"}],"wp:attachment":[{"href":"https:\/\/quintett.ro\/index.php?rest_route=%2Fwp%2Fv2%2Fmedia&parent=13064"}],"wp:term":[{"taxonomy":"product_brand","embeddable":true,"href":"https:\/\/quintett.ro\/index.php?rest_route=%2Fwp%2Fv2%2Fproduct_brand&post=13064"},{"taxonomy":"product_cat","embeddable":true,"href":"https:\/\/quintett.ro\/index.php?rest_route=%2Fwp%2Fv2%2Fproduct_cat&post=13064"},{"taxonomy":"product_tag","embeddable":true,"href":"https:\/\/quintett.ro\/index.php?rest_route=%2Fwp%2Fv2%2Fproduct_tag&post=13064"}],"curies":[{"name":"wp","href":"https:\/\/api.w.org\/{rel}","templated":true}]}}