{"id":12626,"date":"2025-03-31T13:01:21","date_gmt":"2025-03-31T11:01:21","guid":{"rendered":"https:\/\/quintett.ro\/?post_type=product&#038;p=12626"},"modified":"2026-02-11T11:45:15","modified_gmt":"2026-02-11T09:45:15","slug":"klotz-cat5-rcbeew075","status":"publish","type":"product","link":"https:\/\/quintett.ro\/?product=klotz-cat5-rcbeew075","title":{"rendered":"KLOTZ CAT5 RCBEEW075"},"content":{"rendered":"<p>Tambur cu cablu de re\u021bea RamCAT 75 metri flexibil, dublu ecranat, cu conductor solid AWG24<br \/>\nCAT5e (SF\/UTP) \/ etherCON &#8211; etherCON<\/p>\n<p>SF\/UTP (folie general\u0103 + scut \u00eempletitur\u0103)<br \/>\njachet\u0103 robust\u0103 din PUR<br \/>\nEtherSound&#x2122; testat de Digigram p\u00e2n\u0103 la 120 m<br \/>\nTestat MADI de Soundcraft \/ Studer p\u00e2n\u0103 la 120 m, inclusiv dou\u0103 panouri de separare \u0219i marj\u0103 de siguran\u021b\u0103<br \/>\nGLD \u0219i iLive ACE\/dSnake testate de Allen&amp;Heath p\u00e2n\u0103 la 120 m<br \/>\nDante&#x2122; testat de YAMAHA UK p\u00e2n\u0103 la 120 m, recomandat p\u00e2n\u0103 la 100 m &#8211; incl. marja de siguran\u021b\u0103 extins\u0103 la eroare la 1 Gbit\/s<br \/>\ncu termocontractabil transparent pentru etichetare gratuit\u0103<\/p>\n","protected":false},"excerpt":{"rendered":"<p>KLOTZ Tambur cu cablu de re\u021bea RamCAT flexibil, dublu ecranat, cu conductor solid AWG24<br \/>\nCAT5e (SF\/UTP) \/ etherCON &#8211; etherCON &#8211; 75m<\/p>\n","protected":false},"featured_media":10540,"comment_status":"open","ping_status":"closed","template":"","meta":[],"product_brand":[],"product_cat":[37],"product_tag":[1008,58,1465,1043,1040,1405,1038,1406],"class_list":{"0":"post-12626","1":"product","2":"type-product","3":"status-publish","4":"has-post-thumbnail","6":"product_cat-cabluri-la-metru","7":"product_tag-cablu-cat5","8":"product_tag-klotz","9":"product_tag-klotz-cat5","10":"product_tag-klotz-cat7","11":"product_tag-rcbeew050","12":"product_tag-rcbeew075","13":"product_tag-tambur-50m-cat5","14":"product_tag-tambur-75m","16":"first","17":"instock","18":"sale","19":"purchasable","20":"product-type-simple"},"jetpack_sharing_enabled":true,"_links":{"self":[{"href":"https:\/\/quintett.ro\/index.php?rest_route=\/wp\/v2\/product\/12626","targetHints":{"allow":["GET"]}}],"collection":[{"href":"https:\/\/quintett.ro\/index.php?rest_route=\/wp\/v2\/product"}],"about":[{"href":"https:\/\/quintett.ro\/index.php?rest_route=\/wp\/v2\/types\/product"}],"replies":[{"embeddable":true,"href":"https:\/\/quintett.ro\/index.php?rest_route=%2Fwp%2Fv2%2Fcomments&post=12626"}],"wp:featuredmedia":[{"embeddable":true,"href":"https:\/\/quintett.ro\/index.php?rest_route=\/wp\/v2\/media\/10540"}],"wp:attachment":[{"href":"https:\/\/quintett.ro\/index.php?rest_route=%2Fwp%2Fv2%2Fmedia&parent=12626"}],"wp:term":[{"taxonomy":"product_brand","embeddable":true,"href":"https:\/\/quintett.ro\/index.php?rest_route=%2Fwp%2Fv2%2Fproduct_brand&post=12626"},{"taxonomy":"product_cat","embeddable":true,"href":"https:\/\/quintett.ro\/index.php?rest_route=%2Fwp%2Fv2%2Fproduct_cat&post=12626"},{"taxonomy":"product_tag","embeddable":true,"href":"https:\/\/quintett.ro\/index.php?rest_route=%2Fwp%2Fv2%2Fproduct_tag&post=12626"}],"curies":[{"name":"wp","href":"https:\/\/api.w.org\/{rel}","templated":true}]}}