{"id":12059,"date":"2025-03-11T18:23:38","date_gmt":"2025-03-11T16:23:38","guid":{"rendered":"https:\/\/quintett.ro\/?post_type=product&#038;p=12059"},"modified":"2025-03-14T17:11:46","modified_gmt":"2025-03-14T15:11:46","slug":"cameo-light-18-x-3-w-tri-colour-led-studio-par-can-64-rgb","status":"publish","type":"product","link":"https:\/\/quintett.ro\/?product=cameo-light-18-x-3-w-tri-colour-led-studio-par-can-64-rgb","title":{"rendered":"Cameo Light 18 x 3 W TRI Colour LED Studio PAR Can 64 RGB"},"content":{"rendered":"<p>Specificatii :<br \/>\nTip produs Iluminare &#8211; LED PAR<br \/>\nTip &#8211; Interior<br \/>\nSpectrul de culori &#8211; RGB<br \/>\nNum\u0103r de LED-uri &#8211; 18<br \/>\nLED &#8211; tip 3 W TRI Culori<br \/>\nDispersie &#8211; 25 \u00b0<br \/>\nIntrare DMX &#8211; XLR cu 3 pini tat\u0103<br \/>\nIe\u0219ire DMX &#8211; XLR 3 pini mam\u0103<br \/>\nMod DMX &#8211; 6 canale<br \/>\nFunc\u021bii DMX: estomparea culorii, saltul de culoare, dimmerul principal, RGB, stroboscopul<br \/>\nModuri independente schimbarea culorii, estomparea culorii, modul slave, controlul sunetului, culoare static\u0103<br \/>\nControale Enter, Mode, Value Down, Value Up<br \/>\nIndicatoare Display &#8211; LED<br \/>\nTensiune de lucru &#8211; 100 V AC \u2013 250 V AC<br \/>\nConsum de energie &#8211; 60 W<br \/>\nConector de alimentare Cablu de alimentare cu \u0219techer de siguran\u021b\u0103 (Tip E \/ CEE 7\/7)<br \/>\nMaterial carcasa &#8211; metal<br \/>\nCuloare &#8211; Negru<br \/>\nVentilator de racire<br \/>\nDimensiuni fara suport de montare<br \/>\nLatime 230 mm<br \/>\nInaltime 220 mm<br \/>\nLungime 260 mm<br \/>\nGreutate 4,9 kg<\/p>\n<p><iframe title=\"Cameo Light 18 x 3 W TRI Colour LED Studio PAR Can 64 RGB\" width=\"640\" height=\"360\" src=\"https:\/\/www.youtube.com\/embed\/r4HO6_Gbfdw?feature=oembed\" frameborder=\"0\" allow=\"accelerometer; autoplay; clipboard-write; encrypted-media; gyroscope; picture-in-picture; web-share\" referrerpolicy=\"strict-origin-when-cross-origin\" allowfullscreen><\/iframe><\/p>\n","protected":false},"excerpt":{"rendered":"<p>Studio PAR profesional cu 18 LED-uri TRI ultra-luminoase de 3 wa\u021bi \u00eentr-o carcas\u0103 robust\u0103, neagr\u0103, din aluminiu, cu un unghi al fasciculului de 25 de grade.<\/p>\n<p>Este actionat fie prin protocolul DMX (XLR cu 3 poli) cu sase canale de control, in modul master\/slave sau modul standalone (control sunet, schimbare de culoare, culori solide). CLPST 64 TRI 3 W este ac\u021bionat prin intermediul a patru butoane \u0219i un afi\u0219aj LED.<\/p>\n<p>Consumul s\u0103u de energie este de doar 60 de wa\u021bi.<\/p>\n<p>https:\/\/www.youtube.com\/watch?v=r4HO6_Gbfdw<\/p>\n","protected":false},"featured_media":12060,"comment_status":"open","ping_status":"closed","template":"","meta":[],"product_brand":[],"product_cat":[391],"product_tag":[1381,1382,1384,1383],"class_list":{"0":"post-12059","1":"product","2":"type-product","3":"status-publish","4":"has-post-thumbnail","6":"product_cat-thomann","7":"product_tag-cameo-18x3-led-par-64","8":"product_tag-cameo-studio-led-par","9":"product_tag-par-64","10":"product_tag-pari-led","12":"first","13":"instock","14":"purchasable","15":"product-type-simple"},"jetpack_sharing_enabled":true,"_links":{"self":[{"href":"https:\/\/quintett.ro\/index.php?rest_route=\/wp\/v2\/product\/12059","targetHints":{"allow":["GET"]}}],"collection":[{"href":"https:\/\/quintett.ro\/index.php?rest_route=\/wp\/v2\/product"}],"about":[{"href":"https:\/\/quintett.ro\/index.php?rest_route=\/wp\/v2\/types\/product"}],"replies":[{"embeddable":true,"href":"https:\/\/quintett.ro\/index.php?rest_route=%2Fwp%2Fv2%2Fcomments&post=12059"}],"wp:featuredmedia":[{"embeddable":true,"href":"https:\/\/quintett.ro\/index.php?rest_route=\/wp\/v2\/media\/12060"}],"wp:attachment":[{"href":"https:\/\/quintett.ro\/index.php?rest_route=%2Fwp%2Fv2%2Fmedia&parent=12059"}],"wp:term":[{"taxonomy":"product_brand","embeddable":true,"href":"https:\/\/quintett.ro\/index.php?rest_route=%2Fwp%2Fv2%2Fproduct_brand&post=12059"},{"taxonomy":"product_cat","embeddable":true,"href":"https:\/\/quintett.ro\/index.php?rest_route=%2Fwp%2Fv2%2Fproduct_cat&post=12059"},{"taxonomy":"product_tag","embeddable":true,"href":"https:\/\/quintett.ro\/index.php?rest_route=%2Fwp%2Fv2%2Fproduct_tag&post=12059"}],"curies":[{"name":"wp","href":"https:\/\/api.w.org\/{rel}","templated":true}]}}