{"id":11442,"date":"2024-10-31T11:30:26","date_gmt":"2024-10-31T09:30:26","guid":{"rendered":"https:\/\/quintett.ro\/?post_type=product&#038;p=11442"},"modified":"2026-04-09T11:26:25","modified_gmt":"2026-04-09T09:26:25","slug":"behringer-wing-rack","status":"publish","type":"product","link":"https:\/\/quintett.ro\/?product=behringer-wing-rack","title":{"rendered":"Behringer WING Rack"},"content":{"rendered":"<p>Mixer digital stereo complet &#8211; 48 canale cu montare \u00een rack<\/p>\n<p>Complet compatibil cu consolele Behringer X32\/Midas M32 si stagebox<br \/>\n28 de magistrale: 16 auxiliare stereo, 8 matrici stereo, 4 re\u021bele stereo<br \/>\n8 butoane \u0219i 4 codificatoare pentru mixare standard<br \/>\nEcran multi-touch de 10,1&#8243; cu unghi reglabil<br \/>\n24 preamplificatoare de microfon Midas PRO<br \/>\n3 porturi AES50: 144 de intr\u0103ri \u0219i ie\u0219iri<br \/>\nInterfa\u021b\u0103 audio\/MIDI USB \u00eencorporat\u0103 pentru 48 de canale audio<br \/>\nRecorder\/player cu dou\u0103 carduri SD cu p\u00e2n\u0103 la 64 de piese<br \/>\nModulul AoIP intern poate extinde porturile Ethernet cu intr\u0103ri \u0219i ie\u0219iri op\u021bionale cu 64 de canale c\u0103tre re\u021belele Dante \u0219i Waves SoundGrid<br \/>\n16 procesoare de efecte stereo adev\u0103rate<br \/>\n3 sloturi de plug-in pentru poarta, dinamica si EQ pe canal<br \/>\n40 de canale de intrare stereo cu 5 sloturi de plug-in variabile fiecare<br \/>\nCanale de intrare auxiliare stereo cu un slot de inser\u021bie FX \u0219i EQ parametric pe 4 benzi<br \/>\n8 grupuri de mute \u0219i 8 DCA<br \/>\n2 porturi Ethernet cu comutator \u00eencorporat pentru telecomand\u0103 \u00een re\u021bea \u0219i op\u021bional AoIP prin Waves SoundGrid \u0219i Dante<br \/>\nSlot de expansiune din spate pentru interfa\u021b\u0103 audio op\u021bional\u0103 cu 64 de canale \u0219i pl\u0103ci de extensie de re\u021bea<br \/>\nInterfa\u021b\u0103 gazd\u0103 StageConnect pentru partajarea a p\u00e2n\u0103 la 32 de canale \u00een ambele direc\u021bii<br \/>\n4 GPIO programabile<br \/>\nIntrare \u0219i ie\u0219ire MIDI cu 5 pini<br \/>\n4 ie\u0219iri pentru c\u0103\u0219ti<br \/>\nTelecomand\u0103 DAW compatibil\u0103 cu Mackie Control Universal (MCU) \u0219i preset\u0103ri pentru Cubase, Ableton Live, Logic X, Nuendo, ProTools, Reaper, Studio One<br \/>\nEditare offline \u0219i control de la distan\u021b\u0103 prin WING-CoPilot<br \/>\nSoftware-ul WING-Q \u0219i WING-Edit pentru desktop \u0219i mobil<br \/>\nInstalare rack de 19&#8243; cu 4 U<br \/>\nDimensiuni (L x A x A): 486 x 183 x 326 mm<br \/>\nGreutate: 9,4 kg<\/p>\n","protected":false},"excerpt":{"rendered":"<p>MIXER DIGITAL Behringer WING Compact<br \/>\nMixer digital stereo complet cu 48 de canale<\/p>\n","protected":false},"featured_media":11445,"comment_status":"open","ping_status":"closed","template":"","meta":[],"product_brand":[],"product_cat":[447,42],"product_tag":[1267,1269,451,449,448,201,450,1268,1270],"class_list":{"0":"post-11442","1":"product","2":"type-product","3":"status-publish","4":"has-post-thumbnail","6":"product_cat-midas","7":"product_cat-promotii","8":"product_tag-behringer-wing-compact","9":"product_tag-behringer-wing-rack","10":"product_tag-m32r","11":"product_tag-midas","12":"product_tag-midas-m32r","13":"product_tag-mixer-digital","14":"product_tag-mixer-digital-midas-m32r","15":"product_tag-wing-compact","16":"product_tag-wing-rack","18":"first","19":"instock","20":"sale","21":"purchasable","22":"product-type-simple"},"jetpack_sharing_enabled":true,"_links":{"self":[{"href":"https:\/\/quintett.ro\/index.php?rest_route=\/wp\/v2\/product\/11442","targetHints":{"allow":["GET"]}}],"collection":[{"href":"https:\/\/quintett.ro\/index.php?rest_route=\/wp\/v2\/product"}],"about":[{"href":"https:\/\/quintett.ro\/index.php?rest_route=\/wp\/v2\/types\/product"}],"replies":[{"embeddable":true,"href":"https:\/\/quintett.ro\/index.php?rest_route=%2Fwp%2Fv2%2Fcomments&post=11442"}],"wp:featuredmedia":[{"embeddable":true,"href":"https:\/\/quintett.ro\/index.php?rest_route=\/wp\/v2\/media\/11445"}],"wp:attachment":[{"href":"https:\/\/quintett.ro\/index.php?rest_route=%2Fwp%2Fv2%2Fmedia&parent=11442"}],"wp:term":[{"taxonomy":"product_brand","embeddable":true,"href":"https:\/\/quintett.ro\/index.php?rest_route=%2Fwp%2Fv2%2Fproduct_brand&post=11442"},{"taxonomy":"product_cat","embeddable":true,"href":"https:\/\/quintett.ro\/index.php?rest_route=%2Fwp%2Fv2%2Fproduct_cat&post=11442"},{"taxonomy":"product_tag","embeddable":true,"href":"https:\/\/quintett.ro\/index.php?rest_route=%2Fwp%2Fv2%2Fproduct_tag&post=11442"}],"curies":[{"name":"wp","href":"https:\/\/api.w.org\/{rel}","templated":true}]}}