{"id":11262,"date":"2024-10-10T09:44:18","date_gmt":"2024-10-10T07:44:18","guid":{"rendered":"https:\/\/quintett.ro\/?post_type=product&#038;p=11262"},"modified":"2026-03-04T16:49:23","modified_gmt":"2026-03-04T14:49:23","slug":"clavia-nord-piano-5-88-bundle-a","status":"publish","type":"product","link":"https:\/\/quintett.ro\/?product=clavia-nord-piano-5-88-bundle-a","title":{"rendered":"Clavia NORD Piano 6 88 Bundle A"},"content":{"rendered":"<div id=\"properties\" class=\"line\">\n<ul>\n<li>\n<div class=\"text-translated js-prod-text-translation\" data-translated=\"true\">\n<h2 class=\"fx-headline fx-headline--3 fx-space-bottom--m\">Pian de scen\u0103 Nord Piano 6 88<\/h2>\n<ul class=\"fx-list product-text__list\">\n<li class=\"fx-list__item list-item fx-list__item--circle\"><span class=\"fx-text fx-text--plus list-item__text\">88 de taste<\/span><\/li>\n<li class=\"fx-list__item list-item fx-list__item--circle\"><span class=\"fx-text fx-text--plus list-item__text\">Tastatur\u0103 premium cu ac\u021biune ciocan, senzori tripli \u0219i taste ponderate<\/span><\/li>\n<li class=\"fx-list__item list-item fx-list__item--circle\"><span class=\"fx-text fx-text--plus list-item__text\">2 straturi de pian \u0219i 2 straturi de sintetizator sample, reglabile prin fader LED<\/span><\/li>\n<li class=\"fx-list__item list-item fx-list__item--circle\"><span class=\"fx-text fx-text--plus list-item__text\">Categorii: Piane cu coad\u0103, Piane verticale, Piane electrice, Clavinet, Piane digitale, Marimba, Vibrafon \u0219i altele<\/span><\/li>\n<li class=\"fx-list__item list-item fx-list__item--circle\"><span class=\"fx-text fx-text--plus list-item__text\">2 GB memorie pentru Nord Piano Library \u0219i 1 GB pentru Nord Sample Library<\/span><\/li>\n<li class=\"fx-list__item list-item fx-list__item--circle\"><span class=\"fx-text fx-text--plus list-item__text\">Afi\u0219aj OLED<\/span><\/li>\n<li class=\"fx-list__item list-item fx-list__item--circle\"><span class=\"fx-text fx-text--plus list-item__text\">Tranzi\u021bii f\u0103r\u0103 \u00eentreruperi (comutare ne\u00eentrerupt\u0103 \u00eentre sunete)<\/span><\/li>\n<li class=\"fx-list__item list-item fx-list__item--circle\"><span class=\"fx-text fx-text--plus list-item__text\">Sec\u021biune pian: polifonie cu 120 de voci, 3 curbe dinamice pentru adaptarea la stilul de interpretare, zgomot de pedal\u0103 comutabil, 5 set\u0103ri de timbru selectabile<\/span><\/li>\n<li class=\"fx-list__item list-item fx-list__item--circle\"><span class=\"fx-text fx-text--plus list-item__text\">Sec\u021biune de sintetizator sample: 2 straturi independente de sintetizator sample, controale pentru atac, dec\u0103dere \u0219i eliberare, moduri mono, legato \u0219i glide, mod unison pentru sunete de ansamblu, 3 niveluri dinamice \u0219i vibrato<\/span><\/li>\n<li class=\"fx-list__item list-item fx-list__item--circle\"><span class=\"fx-text fx-text--plus list-item__text\">Sec\u021biune de efecte per strat cu efecte de modula\u021bie (tremolo, wah, phaser, chorus, flanger \u0219i altele), delay cu tap tempo, compresor, egalizator pe 3 benzi \u0219i 3 simul\u0103ri de amplificator<\/span><\/li>\n<li class=\"fx-list__item list-item fx-list__item--circle\"><span class=\"fx-text fx-text--plus list-item__text\">Reverb cu 6 algoritmi (Room, Booth, Spring, Stage, Hall, Cathedral)<\/span><\/li>\n<li class=\"fx-list__item list-item fx-list__item--circle\"><span class=\"fx-text fx-text--plus list-item__text\">Dimensiuni (L x \u00ce x A): 1282 x 121 x 349 mm<\/span><\/li>\n<li class=\"fx-list__item list-item fx-list__item--circle\"><span class=\"fx-text fx-text--plus list-item__text\">Greutate: 19,2 kg<\/span><\/li>\n<li class=\"fx-list__item list-item fx-list__item--circle\"><span class=\"fx-text fx-text--plus list-item__text\">Include Nord Triple Pedal 2 \u0219i cablu de alimentare<\/span><\/li>\n<\/ul>\n<p class=\"fx-text fx-text--plus product-text__description\"><span class=\"fx-text fx-text--bold\">Conexiuni:<\/span><\/p>\n<ul class=\"fx-list product-text__list\">\n<li class=\"fx-list__item list-item fx-list__item--circle\"><span class=\"fx-text fx-text--plus list-item__text\">Ie\u0219iri stereo: 2 x muf\u0103 de 6,3 mm<\/span><\/li>\n<li class=\"fx-list__item list-item fx-list__item--circle\"><span class=\"fx-text fx-text--plus list-item__text\">Ie\u0219ire stereo pentru c\u0103\u0219ti: muf\u0103 de 6,3 mm<\/span><\/li>\n<li class=\"fx-list__item list-item fx-list__item--circle\"><span class=\"fx-text fx-text--plus list-item__text\">Intrare monitor stereo: mini-jack de 3,5 mm<\/span><\/li>\n<li class=\"fx-list__item list-item fx-list__item--circle\"><span class=\"fx-text fx-text--plus list-item__text\">Intr\u0103ri pedal\u0103 pentru sustain \u0219i volum\/expresie, precum \u0219i comutator de picior: 3 x mufe de 6,3 mm<\/span><\/li>\n<li class=\"fx-list__item list-item fx-list__item--circle\"><span class=\"fx-text fx-text--plus list-item__text\">Conexiune pentru pedala Nord Triple: DIN cu 5 pini<\/span><\/li>\n<li class=\"fx-list__item list-item fx-list__item--circle\"><span class=\"fx-text fx-text--plus list-item__text\">Intrare\/Ie\u0219ire MIDI: DIN cu 5 pini<\/span><\/li>\n<li class=\"fx-list__item list-item fx-list__item--circle\"><span class=\"fx-text fx-text--plus list-item__text\">Port USB-B<\/span><\/li>\n<li>Adaptor inclus: Da<\/li>\n<li>\u0162ara de fabrica\u0163ie: Suedia<\/li>\n<\/ul>\n<\/div>\n<\/li>\n<\/ul>\n<\/div>\n","protected":false},"excerpt":{"rendered":"<p>Setul contine :<br \/>\n1 x Clavia Nord Piano 6 88<\/p>\n<p>1 x Millenium KS-2000<\/p>\n<p>1 x Clavia Nord Dust Cover 88 V2<\/p>\n<p><strong>Clavia Nord Piano 6<\/strong>, cea mai recent\u0103 edi\u021bie a seriei acest pian digital portabil este echipat cu engine-uru duale de pian, sintetizatoare dual sample \u0219i de dou\u0103 ori mai mult\u0103 memorie dec\u00e2t Piano 4. Cu claviatura premium cu senzor triplu \u0219i tehnologia \u0103 exclusiv\u0103 Virtual Hammer Action, pianul Nord Piano 6 ofer\u0103 o experien\u021b\u0103 excep\u021bional\u0103.<\/p>\n<ul>\n<li>claviatura cu 88 clape grele cu senzor triplu<\/li>\n<li>tehnologie Virtual Hammer Action ce simuleaza miscarea ciocanelelor unui Grand Piano, capturand caracteristicile acestuia cu o dinamica exceptionala<\/li>\n<li>layering avansat (2 piane + 2 synth-uri de sample)<\/li>\n<li>memorie de <strong>2 GB<\/strong> pentru Nord Piano Library<\/li>\n<li>memorie de <strong>1 GB<\/strong> pentru Nord Sample Library<\/li>\n<li>functionalitati layer si split<\/li>\n<li>include pedala tripla Nord Triple Pedal<\/li>\n<li>USB-MIDI<\/li>\n<li>dimensiuni: 1282 x 342 x 120 mm<\/li>\n<li>greutate: 18.5 kg<\/li>\n<\/ul>\n<p><strong>Sectiunea de pian:<\/strong><\/p>\n<ul>\n<li>6 tipuri de pian modele: Grand, Upright, Electric Piano 1, Electric Piano 2, Clavinet si Harpsichord<\/li>\n<li>fiecare tip poate contine pana la 20 modele diferite<\/li>\n<li>polifonie voci pian: 120<\/li>\n<li>Advanced String Resonance (Generatia 2) &#8211; ajustabil<\/li>\n<li>Long Release selectabil pentru Grand, Upright, Electric Pianos si Harpsichord<\/li>\n<li>zgomot de pedala selectabila pentru Grand, Upright si Electric Pianos 1 &#8211; ajustabil<\/li>\n<li>transpunere octava: -1\/+1<\/li>\n<\/ul>\n<p><strong>Sectiune de sintetizator:<\/strong><\/p>\n<ul>\n<li>libr\u0103rie de sample-uri: 1GB<\/li>\n<li>polifonie: 40+ voci<\/li>\n<li>control de atac si release<\/li>\n<li>transpunere octava: -1\/+3<\/li>\n<li>unison<\/li>\n<li>vibrato, ajustabil de utilizator, cu 3 op\u021biuni de delay<\/li>\n<\/ul>\n<p><strong>Sectiunea de efecte:<\/strong><\/p>\n<ul>\n<li>Efect 1 &#8211; Pan, Tremolo, Stereo Wah\/Auto-wah &#8211; controlabile prin pedale<\/li>\n<li>Efect 2 &#8211; Stereo Phaser, Flanger si Chorus &#8211; 2 adancimi selectabile<\/li>\n<li>Delay &#8211; 4 nivele de feedback, ajustare Dry\/Wet. Tempo-ul se poate regla manual cu butonul Tap Tempo button. Plaja 20 ms ~ 750 ms<\/li>\n<li>EQ pe 3 benzi, cu medii sweepable +\/- 15 dB gain\/atenuare (100 Hz, 4 kHz si 200 Hz ~ 8 kHz)<\/li>\n<li>Comp\/Amp &#8211; Twin, JC, Small (mono), Tube distortion (stereo) si compressor (stereo)<\/li>\n<li>Efect master: Reverb 5 moduri + moduri Dark\/Bright Mode \u0219i op\u021biune coral\u0103<\/li>\n<li>fiecare efect se poate atribui la sectiunea de Pian sau Synth<\/li>\n<\/ul>\n<div id=\"properties\" class=\"line\"><\/div>\n","protected":false},"featured_media":11266,"comment_status":"open","ping_status":"closed","template":"","meta":[],"product_brand":[],"product_cat":[768,24,42],"product_tag":[1241,1240,147,1045,339,162,338],"class_list":{"0":"post-11262","1":"product","2":"type-product","3":"status-publish","4":"has-post-thumbnail","6":"product_cat-20-years","7":"product_cat-piane-digitale","8":"product_cat-promotii","9":"product_tag-clavia-nord-piano","10":"product_tag-clavia-nord-stage","11":"product_tag-nord-piano","12":"product_tag-nord-piano-5-73","13":"product_tag-nord-piano-5-88","14":"product_tag-nord-stage","15":"product_tag-piano-5","17":"first","18":"instock","19":"purchasable","20":"product-type-simple"},"jetpack_sharing_enabled":true,"_links":{"self":[{"href":"https:\/\/quintett.ro\/index.php?rest_route=\/wp\/v2\/product\/11262","targetHints":{"allow":["GET"]}}],"collection":[{"href":"https:\/\/quintett.ro\/index.php?rest_route=\/wp\/v2\/product"}],"about":[{"href":"https:\/\/quintett.ro\/index.php?rest_route=\/wp\/v2\/types\/product"}],"replies":[{"embeddable":true,"href":"https:\/\/quintett.ro\/index.php?rest_route=%2Fwp%2Fv2%2Fcomments&post=11262"}],"wp:featuredmedia":[{"embeddable":true,"href":"https:\/\/quintett.ro\/index.php?rest_route=\/wp\/v2\/media\/11266"}],"wp:attachment":[{"href":"https:\/\/quintett.ro\/index.php?rest_route=%2Fwp%2Fv2%2Fmedia&parent=11262"}],"wp:term":[{"taxonomy":"product_brand","embeddable":true,"href":"https:\/\/quintett.ro\/index.php?rest_route=%2Fwp%2Fv2%2Fproduct_brand&post=11262"},{"taxonomy":"product_cat","embeddable":true,"href":"https:\/\/quintett.ro\/index.php?rest_route=%2Fwp%2Fv2%2Fproduct_cat&post=11262"},{"taxonomy":"product_tag","embeddable":true,"href":"https:\/\/quintett.ro\/index.php?rest_route=%2Fwp%2Fv2%2Fproduct_tag&post=11262"}],"curies":[{"name":"wp","href":"https:\/\/api.w.org\/{rel}","templated":true}]}}