{"id":10460,"date":"2024-04-16T08:58:22","date_gmt":"2024-04-16T06:58:22","guid":{"rendered":"https:\/\/quintett.ro\/?post_type=product&#038;p=10460"},"modified":"2024-06-10T09:49:35","modified_gmt":"2024-06-10T07:49:35","slug":"podium-scena-global-truss-stage-6x4","status":"publish","type":"product","link":"https:\/\/quintett.ro\/?product=podium-scena-global-truss-stage-6x4","title":{"rendered":"Podium scena Global Truss Stage  6X4"},"content":{"rendered":"<p>Platforma GT Stage Deck Outdoor este un sistem de scen\u0103 mobil pentru toate aplica\u021biile \u00een exterior \u0219i, desigur, \u0219i \u00een interior. Domeniile de aplica\u021bie sunt versatile: concerte, teatru, s\u0103li de \u0219coal\u0103 ,case de cultura, expozi\u021bii, evenimente de mod\u0103 \u0219i orice alt eveniment.<\/p>\n<p>Profilul din aluminiu ofer\u0103 o flexibilitate enorm\u0103 \u0219i compatibilitate cu mul\u021bi produc\u0103tori.<\/p>\n<p>Datorit\u0103 canalului exterior, poate fi montat\u0103 protec\u021bia \u00eempotriva c\u0103derii care este op\u021bional\u0103. Cu \u201eDeck Leveller\u201d care este inclus, pute\u021bi conecta platformele \u00eentre ele \u0219i aduce\u021bi platformele la acela\u0219i nivel.<\/p>\n<p>Nu include picioare !<br \/>\nPicioare optionale :<br \/>\n20cm , 30 cm, 40cm ,50cm, 60cm, 40-60cm, 60-100cm<\/p>\n<p>Sistemul permite montarea de picioare rotunde sau patrate cu dimensiuni maxime de 60 x 60 mm.<\/p>\n<p>Pentru o conexiune fix\u0103 \u00eentre ele, exist\u0103 un suport de platform\u0103 op\u021bional disponibil (Cod: 115147).<\/p>\n","protected":false},"excerpt":{"rendered":"<p>Global Truss este un produc\u0103tor de frunte din Germania \u0219i este cunoscut \u00een special \u00een industria evenimentelor pentru produse de \u00eenalt\u0103 calitate. Etapele complete sunt indispensabile la evenimentele mari \u0219i sunt potrivite pentru utilizare \u00een interior \u0219i exterior. Datorit\u0103 diferitelor elemente accesorii, etapele pot fi completate cu module suplimentare \u00een orice moment \u0219i adaptate \u00een mod ideal nevoilor individuale.<br \/>\n12 bucati placi GT 200X100<\/p>\n<li>Dimensiuni placa(L\/B\/H): 2000 x 1000 x 100 cm<\/li>\n<li>Greutate: 32,00 kg<\/li>\n<li>Fabricat in Europa<\/li>\n<li>Sarcina maxima contorm\u00a0DIN 15921: q=750kg\/m\u00b2<\/li>\n<li>Aprobat T\u00dcV<\/li>\n<\/ul>\n","protected":false},"featured_media":10473,"comment_status":"open","ping_status":"closed","template":"","meta":[],"product_brand":[],"product_cat":[183],"product_tag":[569,546,570,568,1052,1034,1032,1033,429,1035,1054],"class_list":{"0":"post-10460","1":"product","2":"type-product","3":"status-publish","4":"has-post-thumbnail","6":"product_cat-traverse-truss","7":"product_tag-2x1","8":"product_tag-global-truss","9":"product_tag-platforma-scena","10":"product_tag-podeste","11":"product_tag-podina-scena","12":"product_tag-podium-4x3","13":"product_tag-podium-6x4","14":"product_tag-podium-8x6","15":"product_tag-podium-scena","16":"product_tag-podium-scena-5x4","17":"product_tag-scena-mobila","19":"first","20":"instock","21":"sale","22":"purchasable","23":"product-type-simple"},"jetpack_sharing_enabled":true,"_links":{"self":[{"href":"https:\/\/quintett.ro\/index.php?rest_route=\/wp\/v2\/product\/10460","targetHints":{"allow":["GET"]}}],"collection":[{"href":"https:\/\/quintett.ro\/index.php?rest_route=\/wp\/v2\/product"}],"about":[{"href":"https:\/\/quintett.ro\/index.php?rest_route=\/wp\/v2\/types\/product"}],"replies":[{"embeddable":true,"href":"https:\/\/quintett.ro\/index.php?rest_route=%2Fwp%2Fv2%2Fcomments&post=10460"}],"wp:featuredmedia":[{"embeddable":true,"href":"https:\/\/quintett.ro\/index.php?rest_route=\/wp\/v2\/media\/10473"}],"wp:attachment":[{"href":"https:\/\/quintett.ro\/index.php?rest_route=%2Fwp%2Fv2%2Fmedia&parent=10460"}],"wp:term":[{"taxonomy":"product_brand","embeddable":true,"href":"https:\/\/quintett.ro\/index.php?rest_route=%2Fwp%2Fv2%2Fproduct_brand&post=10460"},{"taxonomy":"product_cat","embeddable":true,"href":"https:\/\/quintett.ro\/index.php?rest_route=%2Fwp%2Fv2%2Fproduct_cat&post=10460"},{"taxonomy":"product_tag","embeddable":true,"href":"https:\/\/quintett.ro\/index.php?rest_route=%2Fwp%2Fv2%2Fproduct_tag&post=10460"}],"curies":[{"name":"wp","href":"https:\/\/api.w.org\/{rel}","templated":true}]}}