{"id":41,"date":"2020-04-04T08:16:38","date_gmt":"2020-04-04T08:16:38","guid":{"rendered":"https:\/\/quintett.ro\/?page_id=41"},"modified":"2020-04-04T08:21:30","modified_gmt":"2020-04-04T08:21:30","slug":"utilizare-cookie","status":"publish","type":"page","link":"https:\/\/quintett.ro\/?page_id=41","title":{"rendered":"Utilizare cookie"},"content":{"rendered":"\n<h4 class=\"wp-block-heading\"><strong>Confidentialitatea datelor si Politica de utilizare Cookie-uri<\/strong><\/h4>\n\n\n\n<p>La QUINTETT-GROUP SRL ne angajam sa protejam confidentialitatea si securitatea clientilor nostri si vizitatorilor site-ului, inclusiv tie. Membrii echipei FashionUP! sunt chiar ei clienti, atat ai FashionUP! cat si ai altor magazine online. Prin urmare, apreciem si respectam importanta confidentialitatii si securitatii datelor de pe internet.<\/p>\n\n\n\n<p>FashionUP.ro stocheaza si prelucreaza datele cu caracter personal, in conformitate cu Legea privind protectia datelor cu caracter personal Nr. 677\/2001, cu modificarile si completarile ulterioare.<\/p>\n\n\n\n<h4 class=\"wp-block-heading\"><strong>Ce este politica de utilizare Cookie-uri?<\/strong><\/h4>\n\n\n\n<p>Aceasta politica serefera la cookie-urile si paginile web operate de FashionUP, cu sediul social in Bucure\u0219ti.<\/p>\n\n\n\n<h4 class=\"wp-block-heading\"><strong>Ce sunt Cookie-urile?<\/strong><\/h4>\n\n\n\n<p>Cookie-urile sunt fisierede mici dimensiuni, formate din litere si numere, care vor fi stocate pe computerul, terminalul mobil sau alte echipamente ale unui utilizator de pe care se acceseaza internetul. Cookie-urile sunt instalate prin solicitarea emisa de catre un web-server unui browser (ex: Internet Explorer, Chrome) si sunt complet \u201epasive\u201d (nu contin programe software, virusi sau spyware si nu pot accesa informatiile de pe hard driverul utilizatorului).<\/p>\n\n\n\n<h4 class=\"wp-block-heading\"><strong>La ce sunt folosite Cookie-urile?<\/strong><\/h4>\n\n\n\n<p>Cookie-urile pot asigura o interactiune mai rapida si mai usoara intre utilizatori si site-urile web. Spre exemplu, in momentul autentificarii unui utilizator pe un anumit site web, datele de autentificare sunt stocate intr-un cookie; ulterior, utilizatorul poate accesa respectivul site fara sa fie nevoie sa se autentifice din nou.<\/p>\n\n\n\n<p>In &nbsp;alte cazuri, cookie-urile pot fi utilizate pentru stocarea de informatii referitoare la activitatile desfasurate de utilizator pe o anumita pagina web, astfel incat acesta sa isi poata relua usor respectivele activitati la o accesare ulterioara a site-ului. Cookie-urile spun serverului ce pagini trebuie sa arate utilizatorului, astfel incat acesta sa nu fie nevoit sa isi aminteasca acest lucru sau sa navigheze intregul site de la inceput. Astfel, cookie-urile pot fi asimilate unor \u201esemne de carte\u201d care ii spun utilizatorului exact unde a ramas in cadrul unui site web.<\/p>\n\n\n\n<p>In mod similar, cookie-urile pot stoca informatii referitoare la produsele comandate de catre utilizator pe un site de comert electronic, facand astfel posibil conceptul de \u201ecos de cumparaturi\u201d.<\/p>\n\n\n\n<h4 class=\"wp-block-heading\"><strong>Ce Cookie-uri folosim?<\/strong><\/h4>\n\n\n\n<p>Folosim doua tipuri de Cookie-uri: per sesiune si fixe. Cookie-urile fixe sunt fisiere temporare ce raman in terminalul utilizatorului pana la terminarea sesiunii sau inchiderea aplicatiei (browser-ului web). Fisierele fixe raman pe terminalul utilizatorului pe o perioada in parametrii Cookie-ului sau pana sunt sterse manual de utilizator.<\/p>\n\n\n\n<ul class=\"wp-block-list\"><li>Fi\u0219iere de tip cookie absolut necesare&nbsp;v\u0103 permit s\u0103 naviga\u021bi pe Website \u0219i s\u0103 \u00eei utiliza\u021bi func\u021biile de baz\u0103. De obicei, acestea sunt instalate doar ca r\u0103spuns la ac\u021biunile efectuate de dvs. care echivaleaz\u0103 cu o cerere de servicii. Aceste fi\u0219iere de tip cookie sunt indispensabile pentru utilizarea Website-urilor.<\/li><li>Fi\u0219iere de tip cookie privind func\u021bionalitatea&nbsp;sunt utilizate pentru a v\u0103 recunoa\u0219te atunci c\u00e2nd reveni\u021bi pe Website-ul nostru \u0219i ne permit s\u0103 v\u0103 oferim func\u021bii \u00eembun\u0103t\u0103\u021bite \u0219i mai personalizate, cum ar fi reamintirea preferin\u021belor dvs.&nbsp; Aceste fi\u0219iere de tip cookie colecteaz\u0103 informa\u021bii anonime \u0219i nu pot urm\u0103ri navig\u0103rile dvs. pe alte site-uri web.<\/li><li>Fi\u0219iere de tip cookie analitice \u0219i privind performan\u021ba&nbsp;ne permit s\u0103 recunoa\u0219tem \u0219i s\u0103 num\u0103r\u0103m utilizatorii \u0219i s\u0103 colect\u0103m informa\u021bii despre modul \u00een care este utilizat Website-ul (de exemplu, paginile pe care un utilizator le deschide cel mai des). Aceasta ne ajut\u0103 s\u0103 \u00eembun\u0103t\u0103\u021bim modul \u00een care func\u021bioneaz\u0103 Website-ul nostru, de exemplu, asigur\u00e2nd c\u0103 pute\u021bi g\u0103si u\u0219or ceea ce c\u0103uta\u021bi. Perioada de expirare a acestor fi\u0219iere de tip cookie este de maximum 1 ani.&nbsp;\u00cen ceea ce prive\u015fte third-party cookies, perioada de expirare poate s\u0103 varieze \u015fi \u00een unele cazuri poate dep\u0103\u015fi 2 ani.<\/li><li>Website-ul FashionUP utilizeaz\u0103 Google Analytics, un serviciu pentru analiza web, furnizat de Google. Google Analytics utilizeaz\u0103 fi\u0219iere de tip cookie pentru a ajuta un anumit Website s\u0103 analizeze modul \u00een care utiliza\u021bi respectivul Website. Informa\u021biile generate de fi\u0219ierele de tip cookie cu privire la utilizarea de c\u0103tre dvs. a Website-ului (inclusiv adresa dvs. IP)&nbsp; vor fi transmise \u0219i stocate de Google pe servere care pot fi localizate \u00een UE, SEE \u015fi\/sau Statele Unite. Google va utiliza aceste informa\u021bii \u00een scopul evalu\u0103rii utiliz\u0103rii de c\u0103tre dvs. a Website-ului, elabor\u00e2nd rapoarte cu privire la activitatea Website-ului pentru operatorii Website-ului \u0219i furniz\u00e2nd alte servicii referitoare la activitatea Website-ului \u0219i la utilizarea internetului.<\/li><\/ul>\n\n\n\n<ul class=\"wp-block-list\"><li>Fi\u0219iere de tip cookie privind marketing \u0219i identificarea publicului \u021bint\u0103&nbsp;\u00eenregistreaz\u0103 vizita dvs. pe Website-ul nostru, paginile pe care le-a\u021bi vizitat \u0219i link-urile pe care le-a\u021bi accesat. Vom utiliza aceste informa\u021bii pentru a oferi reclame mai relevante pentru dvs. \u0219i interesele dvs. De asemenea, acestea sunt utilizate pentru a limita frecven\u021ba cu care pute\u021bi vedea o reclam\u0103 \u0219i pentru a ajuta la m\u0103surarea eficien\u021bei campaniilor publicitare. De asemenea, putem \u00eemp\u0103rt\u0103\u0219i aceste informa\u021bii cu ter\u021be-p\u0103r\u021bi (cum ar fi agen\u021bii de publicitate) \u00een acest scop. Perioada de expirare a acestor fi\u0219iere de tip cookie este de maximum 2 ani.&nbsp;\u00cen ceea ce prive\u015fte third-party cookies, perioada de expirare poate s\u0103 varieze \u015fi \u00een unele cazuri poate dep\u0103\u015fi 2 ani.<\/li><li>Fi\u0219iere de tip cookie privind re\u021belele sociale&nbsp;v\u0103 permit s\u0103 \u00eemp\u0103rt\u0103\u0219i\u021bi pe site-ul web activitatea dvs. pe re\u021bele sociale, cum ar fi Facebook.<\/li><\/ul>\n\n\n\n<h4 class=\"wp-block-heading\"><strong>Contin Cookie-urile date personale?<\/strong><\/h4>\n\n\n\n<p>Cookie-urile in sine nu solicita informatii cu caracter personal pentru a putea fi utilizate si, in cele mai multe cazuri, nu identifica personal utilizatorii de internet. Datele personale colectate prin utilizarea Cookie-urilor pot fi colectate doar pentrua facilita anumite functionalitati pentru utilizator. Aceste date sunt criptate intr-un mod care face imposibil accesul persoanelor neautorizate la ele.<\/p>\n\n\n\n<h4 class=\"wp-block-heading\"><strong>Stergerea Cookie-urilor<\/strong><\/h4>\n\n\n\n<p>Limitarea folosirii Cookie-urilor sau \u0219tergerea lor poate afecta anumite functionalitati ale paginii web. Daca totusi doresti sa le stergi, sectiunea \u201eHelp\u201d din browser-ul pe care il folosesti, ar trebui s\u0103 ofere instructiuni cu privire la modul de a localiza fisierul sau directorul care stocheaza cookie-uri.<\/p>\n\n\n\n<p>V\u0103 pute\u021bi retrage consim\u021b\u0103m\u00e2ntul privind fi\u0219ierele de tip cookie \u00een orice moment.<\/p>\n\n\n\n<p>\u00cen cazul \u00een care dori\u021bi s\u0103 elimina\u021bi fi\u0219ierele de tip cookie stocate pe dispozitivele dvs. \u0219i s\u0103 configura\u021bi browserul dvs. web astfel \u00eenc\u00e2t s\u0103 refuze fi\u0219iere de tip cookie, pute\u021bi s\u0103 utiliza\u021bi set\u0103rile privind preferin\u021bele din browser-ul dvs. web. De&nbsp; obicei, pute\u021bi g\u0103si set\u0103rile de navigare referitoare la fi\u0219iere de tip cookie \u00een meniurile \u201eOp\u021biuni\u201d, \u201eInstrumente\u201d sau \u201ePreferin\u021be\u201d din browserul web pe&nbsp; care \u00eel utiliza\u021bi pentru a accesa Website-urile noastre. \u00cen func\u021bie de browserele web existente, pot fi utilizate mijloace diverse pentru a dezactiva fi\u0219ierele de tip cookie. Pentru a ob\u021bine mai multe informa\u021bii, v\u0103 rug\u0103m s\u0103 vizita\u021bi website-ul browserelor dvs.:<\/p>\n\n\n\n<ul class=\"wp-block-list\"><li>Set\u0103ri cookie \u00een Internet Explorer \u2013&nbsp;<a href=\"https:\/\/support.microsoft.com\/en-us\/help\/17442\/windows-internet-explorer-delete-manage-cookies#ie=ie-11\">Internet Explorer<\/a>;<\/li><li>Set\u0103ri cookie \u00een Firefox \u2013&nbsp;<a href=\"https:\/\/support.mozilla.org\/en-US\/kb\/enable-and-disable-cookies-website-preferences\">Firefox<\/a>;<\/li><li>Set\u0103ri cookie \u00een Chrome \u2013&nbsp;<a href=\"https:\/\/support.google.com\/chrome\/answer\/95647?hl=en&amp;hlrm=en\">Chrome<\/a>;<\/li><li>Set\u0103ri cookie \u00een Safari \u2013&nbsp;<a href=\"https:\/\/support.apple.com\/guide\/safari\/manage-cookies-and-website-data-sfri11471\/mac\">Safari<\/a>;<\/li><li>Set\u0103ri cookie \u00een Edge \u2013&nbsp;<a href=\"https:\/\/privacy.microsoft.com\/en-us\/windows-10-microsoft-edge-and-privacy\">Edge<\/a>;<\/li><li>Set\u0103ri cookie \u00een Opera \u2013&nbsp;<a href=\"https:\/\/www.opera.com\/help\/tutorials\/security\/privacy\/\">Opera<\/a>.<\/li><\/ul>\n\n\n\n<p>Te rugam sa retii ca prin stergerea sau dezactivarea cookie-urile viitoare, experienta ta de utilizator poate fi afectata si s-ar putea sa nu fii in masura sa profiti de anumite functii ale site-ului nostru.<\/p>\n\n\n\n<p>Mai multe detalii desprecookies po\u021bi afla de aici: http:\/\/www.allaboutcookies.org\/.<\/p>\n","protected":false},"excerpt":{"rendered":"<p>Confidentialitatea datelor si Politica de utilizare Cookie-uri La QUINTETT-GROUP SRL ne angajam sa protejam confidentialitatea si securitatea clientilor nostri si vizitatorilor site-ului, inclusiv tie. Membrii echipei FashionUP! sunt chiar ei clienti, atat ai FashionUP! cat si ai altor magazine online. Prin urmare, apreciem si respectam importanta confidentialitatii si securitatii datelor de pe internet. FashionUP.ro stocheaza<\/p>\n<div class=\"more-link\">\n             <a href=\"https:\/\/quintett.ro\/?page_id=41\" class=\"btn btn-theme\">Citi\u021bi mai multe text cu buton<i class=\"fa fa-fw fa-long-arrow-right\"><\/i><\/a>\n        <\/div>\n","protected":false},"author":1,"featured_media":0,"parent":0,"menu_order":0,"comment_status":"closed","ping_status":"closed","template":"","meta":{"footnotes":""},"class_list":["post-41","page","type-page","status-publish","hentry"],"wps_subtitle":"","jetpack_sharing_enabled":true,"_links":{"self":[{"href":"https:\/\/quintett.ro\/index.php?rest_route=\/wp\/v2\/pages\/41","targetHints":{"allow":["GET"]}}],"collection":[{"href":"https:\/\/quintett.ro\/index.php?rest_route=\/wp\/v2\/pages"}],"about":[{"href":"https:\/\/quintett.ro\/index.php?rest_route=\/wp\/v2\/types\/page"}],"author":[{"embeddable":true,"href":"https:\/\/quintett.ro\/index.php?rest_route=\/wp\/v2\/users\/1"}],"replies":[{"embeddable":true,"href":"https:\/\/quintett.ro\/index.php?rest_route=%2Fwp%2Fv2%2Fcomments&post=41"}],"version-history":[{"count":3,"href":"https:\/\/quintett.ro\/index.php?rest_route=\/wp\/v2\/pages\/41\/revisions"}],"predecessor-version":[{"id":45,"href":"https:\/\/quintett.ro\/index.php?rest_route=\/wp\/v2\/pages\/41\/revisions\/45"}],"wp:attachment":[{"href":"https:\/\/quintett.ro\/index.php?rest_route=%2Fwp%2Fv2%2Fmedia&parent=41"}],"curies":[{"name":"wp","href":"https:\/\/api.w.org\/{rel}","templated":true}]}}